{"id":7001,"date":"2023-08-08T10:11:20","date_gmt":"2023-08-08T08:11:20","guid":{"rendered":"https:\/\/sfe-trade.com\/sk\/?page_id=7001"},"modified":"2023-08-14T00:25:37","modified_gmt":"2023-08-13T22:25:37","slug":"materialy-zamerane-na-kvalitu-a-starostlivost","status":"publish","type":"page","link":"https:\/\/sfe-trade.com\/sk\/materialy-zamerane-na-kvalitu-a-starostlivost\/","title":{"rendered":"Materi\u00e1ly zameran\u00e9 na kvalitu a starostlivos\u0165"},"content":{"rendered":"<div class=\"wpb-content-wrapper\"><p>[vc_row][vc_column][vc_column_text el_id=&#8220;online-store&#8220;]<strong>MATERI\u00c1LY ZAMERAN\u00c9 NA KVALITU A STAROSTLIVOS\u0164<\/strong><\/p>\n<p>Tieto ikony a plag\u00e1ty s tematikou starostlivosti boli navrhnut\u00e9 do priestorov kvetinov\u00fdch \u0161k\u00f4lok, skladov kvet\u00edn, do baliacich miestnost\u00ed, na voz\u00edky, obaly, ako aj v r\u00e1mci digit\u00e1lnej komunik\u00e1cie. Tak\u00e9to pomocn\u00e9 upozornenia ukazuj\u00fa zamestnancom a dod\u00e1vate\u013eom, ako sa spr\u00e1vne stara\u0165 o viano\u010dn\u00e9 ru\u017ee po\u010das predaja a prepravy na zabezpe\u010denie dlhodobej kvality rastl\u00edn.[\/vc_column_text][vc_tta_tabs][vc_tta_section title=&#8220;V\u0160ETKO&#8220; tab_id=&#8220;1671444204398-d0530bc7-78c9&#8243;][vc_row_inner disable_element=&#8220;yes&#8220;][vc_column_inner width=&#8220;1\/3&#8243;][vc_single_image image=&#8220;7016&#8243; img_size=&#8220;pfe_medium&#8220; alignment=&#8220;center&#8220;][vc_column_text]<strong>Plag\u00e1ty pre transport<\/strong><\/p>\n<p><a href=\"https:\/\/www.dropbox.com\/s\/do13f6n69itwhv3\/Poster%201.%20de_2018_qu_poster_3_print.pdf?dl=0\">Stiahnu\u0165<\/a> &gt;&gt;[\/vc_column_text][\/vc_column_inner][vc_column_inner width=&#8220;1\/3&#8243;][vc_single_image image=&#8220;7017&#8243; img_size=&#8220;pfe_medium&#8220; alignment=&#8220;center&#8220;][vc_column_text]<strong>Plag\u00e1ty do skladu<\/strong><\/p>\n<p><a href=\"https:\/\/www.dropbox.com\/s\/606xvy7d5q8qw7h\/Poster%202.%20de_2018_qu_poster_2_print.pdf?dl=0\">Stiahnu\u0165<\/a> &gt;&gt;[\/vc_column_text][\/vc_column_inner][vc_column_inner width=&#8220;1\/3&#8243;][vc_single_image image=&#8220;7018&#8243; img_size=&#8220;pfe_medium&#8220; alignment=&#8220;center&#8220;][vc_column_text]<strong>Plag\u00e1ty pre transport<br \/>\na sklad<br \/>\n<\/strong><\/p>\n<p><a href=\"https:\/\/www.dropbox.com\/s\/pkfw7uxg0pkta53\/Poster%203.%20de_2018_qu_poster_1_print-1.pdf?dl=0\">Stiahnu\u0165<\/a> &gt;&gt;[\/vc_column_text][\/vc_column_inner][\/vc_row_inner][vc_row_inner][vc_column_inner width=&#8220;1\/4&#8243;][vc_single_image image=&#8220;7005&#8243; img_size=&#8220;pfe_medium&#8220; alignment=&#8220;center&#8220;][vc_column_text]<strong>\u0160tastn\u00e1 viano\u010dn\u00e1 ru\u017ea<\/strong><\/p>\n<p><a href=\"https:\/\/www.dropbox.com\/s\/7votr3jw333p6jv\/1.%20stern_optimal.png?dl=0\">Stiahnu\u0165 PNG &gt;&gt;<\/a><br \/>\n<a href=\"https:\/\/www.dropbox.com\/s\/blfgbsga8nic6g6\/1.%20sfe_icons_bunt_optimal.pdf?dl=0\">Stiahnu\u0165 PDF &gt;&gt;<\/a><br \/>\n<a href=\"https:\/\/www.dropbox.com\/s\/tbwv08ebznf9ncl\/1.%20sfe_icons_sw_optimal.pdf?dl=0\">Stiahnu\u0165 PDF &gt;&gt;<\/a><br \/>\n<a href=\"https:\/\/www.dropbox.com\/s\/ky3hfpkbhenc14c\/1.%20sfe_icons_sw_optimal.tif?dl=0\">Stiahnu\u0165 TIFF &gt;&gt;<\/a>[\/vc_column_text][\/vc_column_inner][vc_column_inner width=&#8220;1\/4&#8243;][vc_single_image image=&#8220;7006&#8243; img_size=&#8220;pfe_medium&#8220; alignment=&#8220;center&#8220;][vc_column_text]<strong>Starostlivo zaba\u013ete pri prenose domov<\/strong><\/p>\n<p><a href=\"https:\/\/www.dropbox.com\/s\/r6rw8rt0vb67e04\/2.%20stern_einpacken.png?dl=0\">Stiahnu\u0165 PNG &gt;&gt;<\/a><br \/>\n<a href=\"https:\/\/www.dropbox.com\/s\/urwqj4sg5nnax8x\/2.%20sfe_icons_bunt_einpacken1.pdf?dl=0\">Stiahnu\u0165 PDF &gt;&gt;<\/a><br \/>\n<a href=\"https:\/\/www.dropbox.com\/s\/gv0u30kxqgnrk31\/2.%20sfe_icons_sw_einpacken.pdf?dl=0\">Stiahnu\u0165 PDF &gt;&gt;<\/a><br \/>\n<a href=\"https:\/\/www.dropbox.com\/s\/32gps8scnjgq570\/1.%20sfe_icons_sw_optimal.tif?dl=0\">Stiahnu\u0165 TIFF &gt;&gt;<\/a>[\/vc_column_text][\/vc_column_inner][vc_column_inner width=&#8220;1\/4&#8243;][vc_single_image image=&#8220;7009&#8243; img_size=&#8220;pfe_medium&#8220; alignment=&#8220;center&#8220;][vc_column_text]<strong>Udr\u017eujte pri teplote nad 12 \u00b0C<\/strong><\/p>\n<p><a href=\"https:\/\/www.dropbox.com\/s\/3uc2c9vu5r3cz7l\/3.%20sfe_icons_bunt_temperatur-ohne.png?dl=0\">Stiahnu\u0165 PNG &gt;&gt;<\/a><br \/>\n<a href=\"https:\/\/www.dropbox.com\/s\/v7gyeyjy2r66b5m\/3.%20sfe_icons_bunt_temperatur-ohne.pdf?dl=0\">Stiahnu\u0165 PDF &gt;&gt;<\/a><br \/>\n<a href=\"https:\/\/www.dropbox.com\/s\/x1l8knrvxwp16e5\/3.%20sfe_icons_sw_temperatur-ohne.pdf?dl=0\">Stiahnu\u0165 PDF &gt;&gt;<\/a><br \/>\n<a href=\"https:\/\/www.dropbox.com\/s\/ke7j2du0kfh8c5h\/3.%20sfe_icons_sw_temperatur-ohne.tif?dl=0\">Stiahnu\u0165 TIFF &gt;&gt;<\/a>[\/vc_column_text][\/vc_column_inner][vc_column_inner width=&#8220;1\/4&#8243;][vc_single_image image=&#8220;7008&#8243; img_size=&#8220;pfe_medium&#8220; alignment=&#8220;center&#8220;][vc_column_text]<strong>Izbov\u00e1 teplota<br \/>\nod 15 do 22 \u00b0C<br \/>\n<\/strong><\/p>\n<p><a href=\"https:\/\/www.dropbox.com\/s\/1dbud8odwkbdorf\/4.%20stern_temperatur.png?dl=0\">Stiahnu\u0165 PNG &gt;&gt;<\/a><br \/>\n<a href=\"https:\/\/www.dropbox.com\/s\/dn6mv5sm2syvh3o\/4.%20sfe_icons_bunt_temperatur.pdf?dl=0\">Stiahnu\u0165 PDF &gt;&gt;<\/a><br \/>\n<a href=\"https:\/\/www.dropbox.com\/s\/rm1jj7msh9rqmax\/4.%20sfe_icons_sw_temperatur.pdf?dl=0\">Stiahnu\u0165 PDF &gt;&gt;<\/a><br \/>\n<a href=\"https:\/\/www.dropbox.com\/s\/eq5st311fae8c8l\/4.%20sfe_icons_sw_temperatur.tif?dl=0\">Stiahnu\u0165 TIFF &gt;&gt;<\/a>[\/vc_column_text][\/vc_column_inner][\/vc_row_inner][vc_row_inner][vc_column_inner width=&#8220;1\/4&#8243;][vc_single_image image=&#8220;7010&#8243; img_size=&#8220;pfe_medium&#8220; alignment=&#8220;center&#8220;][vc_column_text]<strong>Chr\u00e1\u0148te pred prievanom<\/strong><\/p>\n<p><a href=\"https:\/\/www.dropbox.com\/s\/zf90646xek6fuoi\/5.%20stern_zugluft.png?dl=0\">Stiahnu\u0165 PNG &gt;&gt;<\/a><br \/>\n<a href=\"https:\/\/www.dropbox.com\/s\/9jwkagzlz5l4twu\/5.%20sfe_icons_bunt_zugluft.pdf?dl=0\">Stiahnu\u0165 PDF &gt;&gt;<\/a><br \/>\n<a href=\"https:\/\/www.dropbox.com\/s\/52l1v5426hum3z9\/5.%20sfe_icons_sw_zugluft.pdf?dl=0\">Stiahnu\u0165 PDF &gt;&gt;<\/a><br \/>\n<a href=\"https:\/\/www.dropbox.com\/s\/b7cbc6efe4fd4qb\/5.%20sfe_icons_sw_zugluft.tif?dl=0\">Stiahnu\u0165 TIFF &gt;&gt;<\/a>[\/vc_column_text][\/vc_column_inner][vc_column_inner width=&#8220;1\/4&#8243;][vc_single_image image=&#8220;7011&#8243; img_size=&#8220;pfe_medium&#8220; alignment=&#8220;center&#8220;][vc_column_text]<strong>Nevystavujte vysokej vlhkosti<\/strong><\/p>\n<p><a href=\"https:\/\/www.dropbox.com\/s\/a796plen0m5l2q5\/6.%20stern_feuchtigkeit.png?dl=0\">Stiahnu\u0165 PNG &gt;&gt;<\/a><br \/>\n<a href=\"https:\/\/www.dropbox.com\/s\/9yy3l742seezbg8\/6.%20sfe_icons_bunt_feuchtigkeit.pdf?dl=0\">Stiahnu\u0165 PDF &gt;&gt;<\/a><br \/>\n<a href=\"https:\/\/www.dropbox.com\/s\/8degnkdypgrowi6\/6.%20sfe_icons_sw_feuchtigkeit.pdf?dl=0\">Stiahnu\u0165 PDF &gt;&gt;<\/a><br \/>\n<a href=\"https:\/\/www.dropbox.com\/s\/03xdl1dkgz4vf49\/6.%20sfe_icons_sw_feuchtigkeit.tif?dl=0\">Stiahnu\u0165 TIFF &gt;&gt;<\/a>[\/vc_column_text][\/vc_column_inner][vc_column_inner width=&#8220;1\/4&#8243;][vc_single_image image=&#8220;7012&#8243; img_size=&#8220;pfe_medium&#8220; alignment=&#8220;center&#8220;][vc_column_text]<strong>Maxim\u00e1lna doba prepravy 48 hod\u00edn<\/strong><\/p>\n<p><a href=\"https:\/\/www.dropbox.com\/s\/vfrxh1a1plzrzh6\/7.%20stern_transport.png?dl=0\">Stiahnu\u0165 PNG &gt;&gt;<\/a><br \/>\n<a href=\"https:\/\/www.dropbox.com\/s\/wrgyfyac0olk5sa\/7.%20sfe_icons_bunt_transport.pdf?dl=0\">Stiahnu\u0165 PDF &gt;&gt;<\/a><br \/>\n<a href=\"https:\/\/www.dropbox.com\/s\/hdpognxkxtomiyn\/7.%20sfe_icons_sw_transport.pdf?dl=0\">Stiahnu\u0165 PDF &gt;&gt;<\/a><br \/>\n<a href=\"https:\/\/www.dropbox.com\/s\/704dasvlapljc2d\/7.%20sfe_icons_sw_transport.tif?dl=0\">Stiahnu\u0165 TIFF &gt;&gt;<\/a>[\/vc_column_text][\/vc_column_inner][vc_column_inner width=&#8220;1\/4&#8243;][vc_single_image image=&#8220;7013&#8243; img_size=&#8220;pfe_medium&#8220; alignment=&#8220;center&#8220;][vc_column_text]<strong>Zalievajte striedmo<\/strong><\/p>\n<p><a href=\"https:\/\/www.dropbox.com\/s\/7vl36t0tab8mpym\/8.%20stern_giessen.png?dl=0\">Stiahnu\u0165 PNG &gt;&gt;<\/a><br \/>\n<a href=\"https:\/\/www.dropbox.com\/s\/489oi8hjcw5gruk\/8.%20sfe_icons_bunt_giessen.pdf?dl=0\">Stiahnu\u0165 PDF &gt;&gt;<\/a><br \/>\n<a href=\"https:\/\/www.dropbox.com\/s\/u2y57e4rzvaffib\/8.%20sfe_icons_sw_giessen.pdf?dl=0\">Stiahnu\u0165 PDF &gt;&gt;<\/a><br \/>\n<a href=\"https:\/\/www.dropbox.com\/s\/79jo6gq0tf75enr\/8.%20sfe_icons_sw_giessen.tif?dl=0\">Stiahnu\u0165 TIFF &gt;&gt;<\/a>[\/vc_column_text][\/vc_column_inner][\/vc_row_inner][vc_row_inner][vc_column_inner width=&#8220;1\/4&#8243;][vc_single_image image=&#8220;7014&#8243; img_size=&#8220;pfe_medium&#8220; alignment=&#8220;center&#8220;][vc_column_text]<strong>Vyhnite sa podmo\u010deniu<\/strong><\/p>\n<p><a href=\"https:\/\/www.dropbox.com\/s\/02qpe646rj32fyb\/9.%20stern_staunaesse.png?dl=0\">Stiahnu\u0165 PNG &gt;&gt;<\/a><br \/>\n<a href=\"https:\/\/www.dropbox.com\/s\/kny5fxja039o0tk\/9.%20sfe_icons_bunt_staunaesse.pdf?dl=0\">Stiahnu\u0165 PDF &gt;&gt;<\/a><br \/>\n<a href=\"https:\/\/www.dropbox.com\/s\/17tc77u8itys3s6\/9.%20sfe_icons_sw_staunaesse.pdf?dl=0\">Stiahnu\u0165 PDF &gt;&gt;<\/a><br \/>\n<a href=\"https:\/\/www.dropbox.com\/s\/72xv1wjwgxw0h2g\/9.%20sfe_icons_sw_staunaesse.tif?dl=0\">Stiahnu\u0165 TIFF &gt;&gt;<\/a>[\/vc_column_text][\/vc_column_inner][vc_column_inner width=&#8220;1\/4&#8243;][vc_single_image image=&#8220;7015&#8243; img_size=&#8220;pfe_medium&#8220; alignment=&#8220;center&#8220;][vc_column_text]<strong>Ihne\u010f odstr\u00e1\u0148te obal<\/strong><\/p>\n<p><a href=\"https:\/\/www.dropbox.com\/s\/0nvgvtrpdsz3kee\/10.%20stern_auspacken.png?dl=0\">Stiahnu\u0165 PNG &gt;&gt;<\/a><br \/>\n<a href=\"https:\/\/www.dropbox.com\/s\/lewn3l88bbfi9hy\/10.%20sfe_icons_bunt_auspacken1.pdf?dl=0\">Stiahnu\u0165 PDF &gt;&gt;<\/a><br \/>\n<a href=\"https:\/\/www.dropbox.com\/s\/75emdfzo4p8yirx\/10.%20sfe_icons_sw_auspacken.pdf?dl=0\">Stiahnu\u0165 PDF &gt;&gt;<\/a><br \/>\n<a href=\"https:\/\/www.dropbox.com\/s\/q7qwcxicl5121v4\/10.%20sfe_icons_sw_auspacken.tif?dl=0\">Stiahnu\u0165 TIFF &gt;&gt;<\/a>[\/vc_column_text][\/vc_column_inner][vc_column_inner width=&#8220;1\/4&#8243;][\/vc_column_inner][vc_column_inner width=&#8220;1\/4&#8243;][\/vc_column_inner][\/vc_row_inner][vc_row_inner disable_element=&#8220;yes&#8220;][vc_column_inner width=&#8220;1\/4&#8243;][vc_single_image image=&#8220;7021&#8243; img_size=&#8220;pfe_medium&#8220; alignment=&#8220;center&#8220;][vc_column_text]<strong>Plag\u00e1t 46 x 50 cm<br \/>\nPo\u013e\u0161tina, \u010ce\u0161tina, Ru\u0161tina<\/strong><\/p>\n<p><a href=\"https:\/\/www.dropbox.com\/s\/cv3w5uo181nryfc\/3.%20cc-poster.oosteuropa.2e.pdf?dl=0\">Stiahnu\u0165 PDF &gt;&gt;<\/a>[\/vc_column_text][\/vc_column_inner][vc_column_inner width=&#8220;1\/4&#8243;][vc_single_image image=&#8220;7022&#8243; img_size=&#8220;pfe_medium&#8220; alignment=&#8220;center&#8220;][vc_column_text]<strong>Let\u00e1k s tipmy na starostlivos\u0165 A5<\/strong><\/p>\n<p><a href=\"https:\/\/www.dropbox.com\/s\/1gd7ag7jyanb0zn\/4.%20quality-consumer_eng.jpeg?dl=0\">Stiahnu\u0165 JPG &gt;&gt;<\/a>[\/vc_column_text][\/vc_column_inner][vc_column_inner width=&#8220;1\/4&#8243;][vc_single_image image=&#8220;7019&#8243; img_size=&#8220;pfe_medium&#8220; alignment=&#8220;center&#8220;][vc_column_text]<strong>Plag\u00e1t 46 x 50 cm<br \/>\nNem\u010dina, Angli\u010dtina, Franc\u00faz\u0161tina<\/strong><\/p>\n<p><a href=\"https:\/\/www.dropbox.com\/s\/awhq473da02s3g3\/1.%20cc-poster-dt-eng-fr.pdf?dl=0\">Stiahnu\u0165 PDF &gt;&gt;<\/a>[\/vc_column_text][\/vc_column_inner][vc_column_inner width=&#8220;1\/4&#8243;][vc_single_image image=&#8220;7020&#8243; img_size=&#8220;pfe_medium&#8220; alignment=&#8220;center&#8220;][vc_column_text]<strong>Plag\u00e1t 46 x 50 cm<br \/>\nNem\u010dina, Angli\u010dtina,<br \/>\nFranc\u00faz\u0161tina, Holand\u010dina<\/strong><\/p>\n<p><a href=\"https:\/\/www.dropbox.com\/s\/7llmin8op39l78a\/2.%20cc-poster.dt-eng-fr-nl.pdf?dl=0\">Stiahnu\u0165 PDF &gt;&gt;<\/a>[\/vc_column_text][\/vc_column_inner][\/vc_row_inner][\/vc_tta_section][vc_tta_section title=&#8220;PLAG\u00c1TY&#8220; tab_id=&#8220;1671450701432-2fb79d7e-4c64&#8243;][vc_row_inner disable_element=&#8220;yes&#8220;][vc_column_inner width=&#8220;1\/3&#8243;][vc_single_image image=&#8220;7016&#8243; img_size=&#8220;pfe_medium&#8220; alignment=&#8220;center&#8220;][vc_column_text]<strong>Plag\u00e1ty pre transport<\/strong><\/p>\n<p><a href=\"https:\/\/www.dropbox.com\/s\/do13f6n69itwhv3\/Poster%201.%20de_2018_qu_poster_3_print.pdf?dl=0\">Stiahnu\u0165<\/a> &gt;&gt;[\/vc_column_text][\/vc_column_inner][vc_column_inner width=&#8220;1\/3&#8243;][vc_single_image image=&#8220;7017&#8243; img_size=&#8220;pfe_medium&#8220; alignment=&#8220;center&#8220;][vc_column_text]<strong>Plag\u00e1ty do skladu<\/strong><\/p>\n<p><a href=\"https:\/\/www.dropbox.com\/s\/606xvy7d5q8qw7h\/Poster%202.%20de_2018_qu_poster_2_print.pdf?dl=0\">Stiahnu\u0165<\/a> &gt;&gt;[\/vc_column_text][\/vc_column_inner][vc_column_inner width=&#8220;1\/3&#8243;][vc_single_image image=&#8220;7018&#8243; img_size=&#8220;pfe_medium&#8220; alignment=&#8220;center&#8220;][vc_column_text]<strong>Plag\u00e1ty pre transport<br \/>\na sklad<br \/>\n<\/strong><\/p>\n<p><a href=\"https:\/\/www.dropbox.com\/s\/pkfw7uxg0pkta53\/Poster%203.%20de_2018_qu_poster_1_print-1.pdf?dl=0\">Stiahnu\u0165<\/a> &gt;&gt;[\/vc_column_text][\/vc_column_inner][\/vc_row_inner][vc_row_inner disable_element=&#8220;yes&#8220;][vc_column_inner width=&#8220;1\/4&#8243;][vc_single_image image=&#8220;7019&#8243; img_size=&#8220;pfe_medium&#8220; alignment=&#8220;center&#8220;][vc_column_text]<strong>Plag\u00e1t 46 x 50 cm<br \/>\nNem\u010dina, Angli\u010dtina, Franc\u00faz\u0161tina<\/strong><\/p>\n<p><a href=\"https:\/\/www.dropbox.com\/s\/awhq473da02s3g3\/1.%20cc-poster-dt-eng-fr.pdf?dl=0\">Stiahnu\u0165 PDF &gt;&gt;<\/a>[\/vc_column_text][\/vc_column_inner][vc_column_inner width=&#8220;1\/4&#8243;][vc_single_image image=&#8220;7020&#8243; img_size=&#8220;pfe_medium&#8220; alignment=&#8220;center&#8220;][vc_column_text]<strong>Plag\u00e1t 46 x 50 cm<br \/>\nNem\u010dina, Angli\u010dtina,<br \/>\nFranc\u00faz\u0161tina, Holand\u010dina<\/strong><\/p>\n<p><a href=\"https:\/\/www.dropbox.com\/s\/7llmin8op39l78a\/2.%20cc-poster.dt-eng-fr-nl.pdf?dl=0\">Stiahnu\u0165 PDF &gt;&gt;<\/a>[\/vc_column_text][\/vc_column_inner][vc_column_inner width=&#8220;1\/4&#8243;][vc_single_image image=&#8220;7021&#8243; img_size=&#8220;pfe_medium&#8220; alignment=&#8220;center&#8220;][vc_column_text]<strong>Plag\u00e1t 46 x 50 cm<br \/>\nPo\u013e\u0161tina, \u010ce\u0161tina, Ru\u0161tina<\/strong><\/p>\n<p><a href=\"https:\/\/www.dropbox.com\/s\/cv3w5uo181nryfc\/3.%20cc-poster.oosteuropa.2e.pdf?dl=0\">Stiahnu\u0165 PDF &gt;&gt;<\/a>[\/vc_column_text][\/vc_column_inner][vc_column_inner width=&#8220;1\/4&#8243;][\/vc_column_inner][\/vc_row_inner][\/vc_tta_section][vc_tta_section title=&#8220;IKONY&#8220; tab_id=&#8220;1671450685467-9961636c-e7c3&#8243;][vc_row_inner][vc_column_inner width=&#8220;1\/4&#8243;][vc_single_image image=&#8220;7005&#8243; img_size=&#8220;pfe_medium&#8220; alignment=&#8220;center&#8220;][vc_column_text]<strong>\u0160tastn\u00e1 viano\u010dn\u00e1 ru\u017ea<\/strong><\/p>\n<p><a href=\"https:\/\/www.dropbox.com\/s\/7votr3jw333p6jv\/1.%20stern_optimal.png?dl=0\">Stiahnu\u0165 PNG &gt;&gt;<\/a><br \/>\n<a href=\"https:\/\/www.dropbox.com\/s\/blfgbsga8nic6g6\/1.%20sfe_icons_bunt_optimal.pdf?dl=0\">Stiahnu\u0165 PDF &gt;&gt;<\/a><br \/>\n<a href=\"https:\/\/www.dropbox.com\/s\/tbwv08ebznf9ncl\/1.%20sfe_icons_sw_optimal.pdf?dl=0\">Stiahnu\u0165 PDF &gt;&gt;<\/a><br \/>\n<a href=\"https:\/\/www.dropbox.com\/s\/ky3hfpkbhenc14c\/1.%20sfe_icons_sw_optimal.tif?dl=0\">Stiahnu\u0165 TIFF &gt;&gt;<\/a>[\/vc_column_text][\/vc_column_inner][vc_column_inner width=&#8220;1\/4&#8243;][vc_single_image image=&#8220;7006&#8243; img_size=&#8220;pfe_medium&#8220; alignment=&#8220;center&#8220;][vc_column_text]<strong>Starostlivo zaba\u013ete pri prenose domov<\/strong><\/p>\n<p><a href=\"https:\/\/www.dropbox.com\/s\/r6rw8rt0vb67e04\/2.%20stern_einpacken.png?dl=0\">Stiahnu\u0165 PNG &gt;&gt;<\/a><br \/>\n<a href=\"https:\/\/www.dropbox.com\/s\/urwqj4sg5nnax8x\/2.%20sfe_icons_bunt_einpacken1.pdf?dl=0\">Stiahnu\u0165 PDF &gt;&gt;<\/a><br \/>\n<a href=\"https:\/\/www.dropbox.com\/s\/gv0u30kxqgnrk31\/2.%20sfe_icons_sw_einpacken.pdf?dl=0\">Stiahnu\u0165 PDF &gt;&gt;<\/a><br \/>\n<a href=\"https:\/\/www.dropbox.com\/s\/32gps8scnjgq570\/1.%20sfe_icons_sw_optimal.tif?dl=0\">Stiahnu\u0165 TIFF &gt;&gt;<\/a>[\/vc_column_text][\/vc_column_inner][vc_column_inner width=&#8220;1\/4&#8243;][vc_single_image image=&#8220;7009&#8243; img_size=&#8220;pfe_medium&#8220; alignment=&#8220;center&#8220;][vc_column_text]<strong>Udr\u017eujte pri teplote nad 12 \u00b0C<\/strong><\/p>\n<p><a href=\"https:\/\/www.dropbox.com\/s\/3uc2c9vu5r3cz7l\/3.%20sfe_icons_bunt_temperatur-ohne.png?dl=0\">Stiahnu\u0165 PNG &gt;&gt;<\/a><br \/>\n<a href=\"https:\/\/www.dropbox.com\/s\/v7gyeyjy2r66b5m\/3.%20sfe_icons_bunt_temperatur-ohne.pdf?dl=0\">Stiahnu\u0165 PDF &gt;&gt;<\/a><br \/>\n<a href=\"https:\/\/www.dropbox.com\/s\/x1l8knrvxwp16e5\/3.%20sfe_icons_sw_temperatur-ohne.pdf?dl=0\">Stiahnu\u0165 PDF &gt;&gt;<\/a><br \/>\n<a href=\"https:\/\/www.dropbox.com\/s\/ke7j2du0kfh8c5h\/3.%20sfe_icons_sw_temperatur-ohne.tif?dl=0\">Stiahnu\u0165 TIFF &gt;&gt;<\/a>[\/vc_column_text][\/vc_column_inner][vc_column_inner width=&#8220;1\/4&#8243;][vc_single_image image=&#8220;7008&#8243; img_size=&#8220;pfe_medium&#8220; alignment=&#8220;center&#8220;][vc_column_text]<strong>Izbov\u00e1 teplota<br \/>\nod 15 do 22 \u00b0C<br \/>\n<\/strong><\/p>\n<p><a href=\"https:\/\/www.dropbox.com\/s\/1dbud8odwkbdorf\/4.%20stern_temperatur.png?dl=0\">Stiahnu\u0165 PNG &gt;&gt;<\/a><br \/>\n<a href=\"https:\/\/www.dropbox.com\/s\/dn6mv5sm2syvh3o\/4.%20sfe_icons_bunt_temperatur.pdf?dl=0\">Stiahnu\u0165 PDF &gt;&gt;<\/a><br \/>\n<a href=\"https:\/\/www.dropbox.com\/s\/rm1jj7msh9rqmax\/4.%20sfe_icons_sw_temperatur.pdf?dl=0\">Stiahnu\u0165 PDF &gt;&gt;<\/a><br \/>\n<a href=\"https:\/\/www.dropbox.com\/s\/eq5st311fae8c8l\/4.%20sfe_icons_sw_temperatur.tif?dl=0\">Stiahnu\u0165 TIFF &gt;&gt;<\/a>[\/vc_column_text][\/vc_column_inner][\/vc_row_inner][vc_row_inner][vc_column_inner width=&#8220;1\/4&#8243;][vc_single_image image=&#8220;7010&#8243; img_size=&#8220;pfe_medium&#8220; alignment=&#8220;center&#8220;][vc_column_text]<strong>Chr\u00e1\u0148te pred prievanom<\/strong><\/p>\n<p><a href=\"https:\/\/www.dropbox.com\/s\/zf90646xek6fuoi\/5.%20stern_zugluft.png?dl=0\">Stiahnu\u0165 PNG &gt;&gt;<\/a><br \/>\n<a href=\"https:\/\/www.dropbox.com\/s\/9jwkagzlz5l4twu\/5.%20sfe_icons_bunt_zugluft.pdf?dl=0\">Stiahnu\u0165 PDF &gt;&gt;<\/a><br \/>\n<a href=\"https:\/\/www.dropbox.com\/s\/52l1v5426hum3z9\/5.%20sfe_icons_sw_zugluft.pdf?dl=0\">Stiahnu\u0165 PDF &gt;&gt;<\/a><br \/>\n<a href=\"https:\/\/www.dropbox.com\/s\/b7cbc6efe4fd4qb\/5.%20sfe_icons_sw_zugluft.tif?dl=0\">Stiahnu\u0165 TIFF &gt;&gt;<\/a>[\/vc_column_text][\/vc_column_inner][vc_column_inner width=&#8220;1\/4&#8243;][vc_single_image image=&#8220;7011&#8243; img_size=&#8220;pfe_medium&#8220; alignment=&#8220;center&#8220;][vc_column_text]<strong>Nevystavujte vysokej vlhkosti<\/strong><\/p>\n<p><a href=\"https:\/\/www.dropbox.com\/s\/a796plen0m5l2q5\/6.%20stern_feuchtigkeit.png?dl=0\">Stiahnu\u0165d PNG &gt;&gt;<\/a><br \/>\n<a href=\"https:\/\/www.dropbox.com\/s\/9yy3l742seezbg8\/6.%20sfe_icons_bunt_feuchtigkeit.pdf?dl=0\">Stiahnu\u0165 PDF &gt;&gt;<\/a><br \/>\n<a href=\"https:\/\/www.dropbox.com\/s\/8degnkdypgrowi6\/6.%20sfe_icons_sw_feuchtigkeit.pdf?dl=0\">Stiahnu\u0165 PDF &gt;&gt;<\/a><br \/>\n<a href=\"https:\/\/www.dropbox.com\/s\/03xdl1dkgz4vf49\/6.%20sfe_icons_sw_feuchtigkeit.tif?dl=0\">Stiahnu\u0165 TIFF &gt;&gt;<\/a>[\/vc_column_text][\/vc_column_inner][vc_column_inner width=&#8220;1\/4&#8243;][vc_single_image image=&#8220;7012&#8243; img_size=&#8220;pfe_medium&#8220; alignment=&#8220;center&#8220;][vc_column_text]<strong>Maxim\u00e1lna doba prepravy 48 hod\u00edn<\/strong><\/p>\n<p><a href=\"https:\/\/www.dropbox.com\/s\/vfrxh1a1plzrzh6\/7.%20stern_transport.png?dl=0\">Stiahnu\u0165 PNG &gt;&gt;<\/a><br \/>\n<a href=\"https:\/\/www.dropbox.com\/s\/wrgyfyac0olk5sa\/7.%20sfe_icons_bunt_transport.pdf?dl=0\">Stiahnu\u0165 PDF &gt;&gt;<\/a><br \/>\n<a href=\"https:\/\/www.dropbox.com\/s\/hdpognxkxtomiyn\/7.%20sfe_icons_sw_transport.pdf?dl=0\">Stiahnu\u0165 PDF &gt;&gt;<\/a><br \/>\n<a href=\"https:\/\/www.dropbox.com\/s\/704dasvlapljc2d\/7.%20sfe_icons_sw_transport.tif?dl=0\">Stiahnu\u0165 TIFF &gt;&gt;<\/a>[\/vc_column_text][\/vc_column_inner][vc_column_inner width=&#8220;1\/4&#8243;][vc_single_image image=&#8220;7013&#8243; img_size=&#8220;pfe_medium&#8220; alignment=&#8220;center&#8220;][vc_column_text]<strong>Zalievajte striedmo<\/strong><\/p>\n<p><a href=\"https:\/\/www.dropbox.com\/s\/7vl36t0tab8mpym\/8.%20stern_giessen.png?dl=0\">Stiahnu\u0165 PNG &gt;&gt;<\/a><br \/>\n<a href=\"https:\/\/www.dropbox.com\/s\/489oi8hjcw5gruk\/8.%20sfe_icons_bunt_giessen.pdf?dl=0\">Stiahnu\u0165 PDF &gt;&gt;<\/a><br \/>\n<a href=\"https:\/\/www.dropbox.com\/s\/u2y57e4rzvaffib\/8.%20sfe_icons_sw_giessen.pdf?dl=0\">Stiahnu\u0165 PDF &gt;&gt;<\/a><br \/>\n<a href=\"https:\/\/www.dropbox.com\/s\/79jo6gq0tf75enr\/8.%20sfe_icons_sw_giessen.tif?dl=0\">Stiahnu\u0165 TIFF &gt;&gt;<\/a>[\/vc_column_text][\/vc_column_inner][\/vc_row_inner][vc_row_inner][vc_column_inner width=&#8220;1\/4&#8243;][vc_single_image image=&#8220;7014&#8243; img_size=&#8220;pfe_medium&#8220; alignment=&#8220;center&#8220;][vc_column_text]<strong>Vyhnite sa podmo\u010deniu<\/strong><\/p>\n<p><a href=\"https:\/\/www.dropbox.com\/s\/02qpe646rj32fyb\/9.%20stern_staunaesse.png?dl=0\">Stiahnu\u0165 PNG &gt;&gt;<\/a><br \/>\n<a href=\"https:\/\/www.dropbox.com\/s\/kny5fxja039o0tk\/9.%20sfe_icons_bunt_staunaesse.pdf?dl=0\">Stiahnu\u0165 PDF &gt;&gt;<\/a><br \/>\n<a href=\"https:\/\/www.dropbox.com\/s\/17tc77u8itys3s6\/9.%20sfe_icons_sw_staunaesse.pdf?dl=0\">Stiahnu\u0165 PDF &gt;&gt;<\/a><br \/>\n<a href=\"https:\/\/www.dropbox.com\/s\/72xv1wjwgxw0h2g\/9.%20sfe_icons_sw_staunaesse.tif?dl=0\">Stiahnu\u0165 TIFF &gt;&gt;<\/a>[\/vc_column_text][\/vc_column_inner][vc_column_inner width=&#8220;1\/4&#8243;][vc_single_image image=&#8220;7015&#8243; img_size=&#8220;pfe_medium&#8220; alignment=&#8220;center&#8220;][vc_column_text]<strong>Ihne\u010f odstr\u00e1\u0148te obal<\/strong><\/p>\n<p><a href=\"https:\/\/www.dropbox.com\/s\/0nvgvtrpdsz3kee\/10.%20stern_auspacken.png?dl=0\">Stiahnu\u0165 PNG &gt;&gt;<\/a><br \/>\n<a href=\"https:\/\/www.dropbox.com\/s\/lewn3l88bbfi9hy\/10.%20sfe_icons_bunt_auspacken1.pdf?dl=0\">Stiahnu\u0165 PDF &gt;&gt;<\/a><br \/>\n<a href=\"https:\/\/www.dropbox.com\/s\/75emdfzo4p8yirx\/10.%20sfe_icons_sw_auspacken.pdf?dl=0\">Stiahnu\u0165 PDF &gt;&gt;<\/a><br \/>\n<a href=\"https:\/\/www.dropbox.com\/s\/q7qwcxicl5121v4\/10.%20sfe_icons_sw_auspacken.tif?dl=0\">Stiahnu\u0165 TIFF &gt;&gt;<\/a>[\/vc_column_text][\/vc_column_inner][vc_column_inner width=&#8220;1\/4&#8243;][\/vc_column_inner][vc_column_inner width=&#8220;1\/4&#8243;][\/vc_column_inner][\/vc_row_inner][\/vc_tta_section][vc_tta_section title=&#8220;LET\u00c1KY&#8220; tab_id=&#8220;1671450666279-9c0dd7b3-bc70&#8243;][vc_row_inner disable_element=&#8220;yes&#8220;][vc_column_inner width=&#8220;1\/4&#8243;][vc_single_image image=&#8220;7022&#8243; img_size=&#8220;pfe_medium&#8220; alignment=&#8220;center&#8220;][vc_column_text]<strong>Let\u00e1k s tipmy na starostlivos\u0165 A5<\/strong><\/p>\n<p><a href=\"https:\/\/www.dropbox.com\/s\/1gd7ag7jyanb0zn\/4.%20quality-consumer_eng.jpeg?dl=0\">Stiahnu\u0165 JPG &gt;&gt;<\/a>[\/vc_column_text][\/vc_column_inner][vc_column_inner width=&#8220;1\/4&#8243;][\/vc_column_inner][vc_column_inner width=&#8220;1\/4&#8243;][\/vc_column_inner][vc_column_inner width=&#8220;1\/4&#8243;][\/vc_column_inner][\/vc_row_inner][\/vc_tta_section][\/vc_tta_tabs][\/vc_column][\/vc_row][vc_row disable_element=&#8220;yes&#8220; el_class=&#8220;pfe-pos-question-box&#8220;][vc_column width=&#8220;2\/3&#8243;][vc_single_image image=&#8220;5118&#8243; img_size=&#8220;full&#8220;][\/vc_column][vc_column width=&#8220;1\/3&#8243;][vc_custom_heading text=&#8220;Any questions about trade materials?&#8220; use_theme_fonts=&#8220;yes&#8220; el_class=&#8220;pfe-small pfe-posbox-headline&#8220;][vc_column_text]Kontakt in Deutschland:<br \/>\n(Handel) Lara Strengbier<br \/>\nBLOOMs GmbH<br \/>\nE-Mail: <a tabindex=\"-1\" title=\"mailto:lara.strengbier@blooms.de\" href=\"mailto:Lara.Strengbier@blooms.de\" target=\"_blank\" rel=\"noopener noreferrer\" aria-label=\"Link Lara.Strengbier@blooms.de\">Lara.Strengbier@blooms.de<\/a><br \/>\nTel.: 0049 2102 96440[\/vc_column_text][\/vc_column][\/vc_row]<\/p><\/div><div class=\"acf-fields-container\" data-post-id=\"7001\" data-canto-acf=\"true\"><\/div><style>\r\n        .acf-fields-container {\r\n            margin: 2em 0;\r\n            width: 100%;\r\n            clear: both;\r\n        }\r\n        .acf-field-image {\r\n            margin: 1.5em 0;\r\n            position: relative;\r\n        }\r\n        .acf-field-label {\r\n            margin-bottom: 1em;\r\n        }\r\n        .acf-image {\r\n            max-width: 100%;\r\n            height: auto;\r\n            display: block;\r\n            margin: 1em 0;\r\n        }\r\n    <\/style>","protected":false},"excerpt":{"rendered":"<p>[vc_row][vc_column][vc_column_text el_id=&#8220;online-store&#8220;]MATERI\u00c1LY ZAMERAN\u00c9 NA KVALITU A STAROSTLIVOS\u0164 Tieto ikony a plag\u00e1ty s tematikou starostlivosti boli navrhnut\u00e9 do priestorov kvetinov\u00fdch \u0161k\u00f4lok, skladov kvet\u00edn, do baliacich miestnost\u00ed, na voz\u00edky, obaly, ako aj v r\u00e1mci digit\u00e1lnej komunik\u00e1cie. Tak\u00e9to pomocn\u00e9 upozornenia ukazuj\u00fa zamestnancom a dod\u00e1vate\u013eom, ako sa spr\u00e1vne stara\u0165 o viano\u010dn\u00e9 ru\u017ee po\u010das predaja a prepravy na zabezpe\u010denie dlhodobej [&hellip;]<\/p>\n","protected":false},"author":24,"featured_media":6968,"parent":0,"menu_order":0,"comment_status":"closed","ping_status":"closed","template":"template-parts\/pfe-trade.php","meta":{"_acf_changed":false,"footnotes":""},"class_list":["post-7001","page","type-page","status-publish","has-post-thumbnail","hentry"],"acf":[],"_links":{"self":[{"href":"https:\/\/sfe-trade.com\/sk\/wp-json\/wp\/v2\/pages\/7001","targetHints":{"allow":["GET"]}}],"collection":[{"href":"https:\/\/sfe-trade.com\/sk\/wp-json\/wp\/v2\/pages"}],"about":[{"href":"https:\/\/sfe-trade.com\/sk\/wp-json\/wp\/v2\/types\/page"}],"author":[{"embeddable":true,"href":"https:\/\/sfe-trade.com\/sk\/wp-json\/wp\/v2\/users\/24"}],"replies":[{"embeddable":true,"href":"https:\/\/sfe-trade.com\/sk\/wp-json\/wp\/v2\/comments?post=7001"}],"version-history":[{"count":19,"href":"https:\/\/sfe-trade.com\/sk\/wp-json\/wp\/v2\/pages\/7001\/revisions"}],"predecessor-version":[{"id":7058,"href":"https:\/\/sfe-trade.com\/sk\/wp-json\/wp\/v2\/pages\/7001\/revisions\/7058"}],"wp:featuredmedia":[{"embeddable":true,"href":"https:\/\/sfe-trade.com\/sk\/wp-json\/wp\/v2\/media\/6968"}],"wp:attachment":[{"href":"https:\/\/sfe-trade.com\/sk\/wp-json\/wp\/v2\/media?parent=7001"}],"curies":[{"name":"wp","href":"https:\/\/api.w.org\/{rel}","templated":true}]}}