{"id":655,"date":"2021-12-27T18:24:59","date_gmt":"2021-12-27T17:24:59","guid":{"rendered":"https:\/\/weihnachtsstern.kinsta.cloud\/sk\/?page_id=655"},"modified":"2025-12-22T07:51:53","modified_gmt":"2025-12-22T06:51:53","slug":"pestovatelia","status":"publish","type":"page","link":"https:\/\/sfe-trade.com\/sk\/pestovatelia\/","title":{"rendered":"Pestovatelia"},"content":{"rendered":"<div class=\"wpb-content-wrapper\"><p>[vc_row][vc_column][vc_custom_heading text=&#8220;S na\u0161ou podporou m\u00f4\u017eete preda\u0165 viac viano\u010dn\u00fdch ru\u017e\u00ed&#8220; font_container=&#8220;tag:h2|text_align:center&#8220; use_theme_fonts=&#8220;yes&#8220; el_class=&#8220;pfe-small2&#8243; el_id=&#8220;s-nasou-podporou&#8220;][vc_column_text]<\/p>\n<p style=\"text-align: center;\">Ka\u017edoro\u010dne oslovujeme mili\u00f3ny spotrebite\u013eov prostredn\u00edctvom na\u0161ich rozsiahlych PR a marketingov\u00fdch kampan\u00ed, ktor\u00e9 propaguj\u00fa v\u00e1\u0161 produkt priamo koncov\u00fdm spotrebite\u013eom. Tu sa dozviete viac o na\u0161ich aktivit\u00e1ch a o tom, ako m\u00f4\u017eete vy osobne profitova\u0165 z na\u0161ej pr\u00e1ce. Sta\u0148te sa odborn\u00edkom poskytuj\u00facim rozhovory pre m\u00e9di\u00e1 alebo vyu\u017eite na\u0161e fotografie, texty a vide\u00e1.<\/p>\n<p>[\/vc_column_text][\/vc_column][\/vc_row][vc_row el_class=&#8220;pfe-flexibel-abstand&#8220;][vc_column][vc_empty_space height=&#8220;50px&#8220;][\/vc_column][\/vc_row][vc_row][vc_column width=&#8220;1\/2&#8243;][vc_single_image image=&#8220;5164&#8243; img_size=&#8220;full&#8220;][\/vc_column][vc_column width=&#8220;1\/2&#8243;][vc_custom_heading text=&#8220;In\u0161pirujeme spotrebite\u013eov&#8220; use_theme_fonts=&#8220;yes&#8220; el_class=&#8220;pfe-small2&#8243;][vc_column_text]Na\u0161a rozsiahla spotrebite\u013esk\u00e1 kampa\u0148 sa zameriava na propag\u00e1ciu v\u00fdhod viano\u010dn\u00fdch ru\u017e\u00ed. Cie\u013eom kampane je aj zvy\u0161ovanie povedomia a motivovanie spotrebite\u013eov ku k\u00fape tejto rastliny. Viano\u010dn\u00e9 ru\u017ee prin\u00e1\u0161ame do telev\u00edzie a r\u00e1dia, nadv\u00e4zujeme partnerstv\u00e1 s v\u00fdznamn\u00fdmi influencermi, viano\u010dn\u00e9 ru\u017ee sa objavuj\u00fa v r\u00f4znych novin\u00e1ch a \u010dasopisoch a s\u00fa d\u00f4le\u017eit\u00fdm propaga\u010dn\u00fdm materi\u00e1lom na festivaloch a podujatiach.<\/p>\n<p>Inform\u00e1cie o aktivit\u00e1ch v jednotliv\u00fdch krajin\u00e1ch n\u00e1jdete v aktu\u00e1lnej v\u00fdro\u010dnej spr\u00e1ve alebo sa m\u00f4\u017eete prihl\u00e1si\u0165 na odber n\u00e1\u0161ho newslettra.[\/vc_column_text][vc_column_text]<a href=\"https:\/\/mailchi.mp\/7c03187f3781\/starsforeurope\">Prihl\u00e1ste sa na odber newslettra &gt;&gt;<\/a>[\/vc_column_text][\/vc_column][\/vc_row][vc_row el_class=&#8220;pfe-flexibel-abstand&#8220;][vc_column][vc_empty_space height=&#8220;50px&#8220;][\/vc_column][\/vc_row][vc_row][vc_column width=&#8220;1\/2&#8243;][vc_custom_heading text=&#8220;Mo\u017enosti spolupr\u00e1ce&#8220; use_theme_fonts=&#8220;yes&#8220; el_class=&#8220;pfe-small2&#8243;][vc_column_text]Vyh\u013ead\u00e1vame pr\u00edle\u017eitosti pre akt\u00edvne zap\u00e1janie pestovate\u013eov v r\u00e1mci iniciat\u00edvy Stars for Europe (SfE). Chceli by ste, aby sa va\u0161a \u0161k\u00f4lka viano\u010dn\u00fdch ru\u017e\u00ed objavila v telev\u00edzii, aby s vami robili rozhovory v region\u00e1lnom r\u00e1diu, aby boli va\u0161e rastliny vystavovan\u00e9 na popredn\u00fdch svetov\u00fdch z\u00e1hradn\u00edckych v\u00fdstav\u00e1ch a aby ste nadviazali kontakty s \u010fal\u0161\u00edmi k\u013e\u00fa\u010dov\u00fdmi hr\u00e1\u010dmi v odvetv\u00ed?<\/p>\n<p>Ozvite sa n\u00e1m, radi v\u00e1m pom\u00f4\u017eeme.[\/vc_column_text][vc_column_text]<a href=\"\/kontakt\/\">Kontaktova\u0165 iniciat\u00edvu Stars for Europe v mojej krajine &gt;&gt;<\/a>[\/vc_column_text][\/vc_column][vc_column width=&#8220;1\/2&#8243;][vc_single_image image=&#8220;5119&#8243; img_size=&#8220;full&#8220;][\/vc_column][\/vc_row][vc_row el_class=&#8220;pfe-flexibel-abstand&#8220;][vc_column][vc_empty_space height=&#8220;50px&#8220;][\/vc_column][\/vc_row][vc_row][vc_column width=&#8220;1\/2&#8243;][vc_single_image image=&#8220;5123&#8243; img_size=&#8220;full&#8220;][\/vc_column][vc_column width=&#8220;1\/2&#8243;][vc_custom_heading text=&#8220;Materi\u00e1ly pre va\u0161ich z\u00e1kazn\u00edkov&#8220; use_theme_fonts=&#8220;yes&#8220; el_class=&#8220;pfe-small2&#8243;][vc_column_text]Prostredn\u00edctvom na\u0161ej kampane m\u00f4\u017eete svojim vlastn\u00fdm z\u00e1kazn\u00edkom a partnerom z odvetvia poskytn\u00fa\u0165 \u010fal\u0161iu podporu. Va\u0161im z\u00e1kazn\u00edkom pon\u00fakame mno\u017estvo n\u00e1strojov, ktor\u00e9 m\u00f4\u017eu vyu\u017ei\u0165, vr\u00e1tane marketingov\u00e9ho poradenstva, vide\u00ed, propaga\u010dn\u00fdch materi\u00e1lov a rozsiahlej fotogal\u00e9rie. Na\u0161e materi\u00e1ly m\u00f4\u017eete zdie\u013ea\u0165 so svojimi klientmi a partnermi a sami ich vyu\u017e\u00edva\u0165.[\/vc_column_text][vc_column_text]<a href=\"https:\/\/weihnachtsstern.kinsta.cloud\/sk\/predajcovia\/\">Pozrite si materi\u00e1ly pre predajcov &gt;&gt;<\/a>[\/vc_column_text][\/vc_column][\/vc_row][vc_row disable_element=&#8220;yes&#8220; el_class=&#8220;pfe-flexibel-abstand&#8220;][vc_column][vc_empty_space height=&#8220;50px&#8220;][\/vc_column][\/vc_row][vc_row disable_element=&#8220;yes&#8220;][vc_column width=&#8220;1\/2&#8243;][vc_custom_heading text=&#8220;Are you a producer?&#8220; use_theme_fonts=&#8220;yes&#8220; el_class=&#8220;pfe-small2&#8243;][vc_column_text]If you grow poinsettias and would like to get involved in the campaign, get in touch.<\/p>\n<p><strong>Stars for Europe Communications Manager,<\/strong><br \/>\nHannah Dunne,<br \/>\n<strong>Tel:<\/strong> +44 7533 076185<br \/>\n<strong>Email:<\/strong> <a href=\"mailto:communication@org-intern.info\">communication@org-intern.info<\/a><\/p>\n<p><a href=\"https:\/\/weihnachtsstern.kinsta.cloud\/sk\/pos-material\/\">Find contact person in my country &gt;&gt;<\/a>[\/vc_column_text][\/vc_column][vc_column width=&#8220;1\/2&#8243;][vc_single_image image=&#8220;5161&#8243; img_size=&#8220;full&#8220;][\/vc_column][\/vc_row][vc_row el_class=&#8220;pfe-flexibel-abstand&#8220;][vc_column][vc_empty_space height=&#8220;50px&#8220;][\/vc_column][\/vc_row][vc_row][vc_column width=&#8220;1\/2&#8243;][vc_custom_heading text=&#8220;Zdie\u013eanie poznatkov&#8220; use_theme_fonts=&#8220;yes&#8220; el_class=&#8220;pfe-small2&#8243;][vc_column_text]M\u00e1te z\u00e1ujem dozvedie\u0165 sa aktu\u00e1lne inform\u00e1cie z odvetvia? Marketingov\u00e1 iniciat\u00edva Stars for Europe (SfE) realizuje r\u00f4zne formy v\u00fdskumov, od anal\u00fdzy spotrebite\u013esk\u00e9ho trhu a\u017e po \u0161t\u00fadie v oblasti produk\u010dn\u00fdch met\u00f3d a udr\u017eate\u013enosti. V bud\u00facnosti pl\u00e1nujeme roz\u0161\u00edri\u0165 t\u00fato oblas\u0165 a podpori\u0165 zdie\u013eanie poznatkov medzi pestovate\u013emi. Kontaktujte n\u00e1s, ak sa chcete sta\u0165 s\u00fa\u010das\u0165ou na\u0161ej siete. Prihl\u00e1ste sa na odber n\u00e1\u0161ho newslettra pre aktu\u00e1lne inform\u00e1cie.<\/p>\n<p><a href=\"\/kontakt\/\">N\u00e1js\u0165 kontaktn\u00fa osobu v mojej krajine &gt;&gt;<\/a><\/p>\n<p><a href=\"https:\/\/mailchi.mp\/7c03187f3781\/starsforeurope\">Prihl\u00e1ste sa na odber newslettra! &gt;&gt;<\/a>[\/vc_column_text][\/vc_column][vc_column width=&#8220;1\/2&#8243;][vc_single_image image=&#8220;6979&#8243; img_size=&#8220;full&#8220;][\/vc_column][\/vc_row][vc_row el_class=&#8220;pfe-flexibel-abstand&#8220;][vc_column][vc_empty_space height=&#8220;50px&#8220;][\/vc_column][\/vc_row][vc_row][vc_column][vc_custom_heading text=&#8220;Referencie z odvetvia&#8220; use_theme_fonts=&#8220;yes&#8220; el_class=&#8220;pfe-small&#8220;][vc_row_inner][vc_column_inner el_class=&#8220;ho&#8220; width=&#8220;1\/3&#8243;][vc_column_text]<strong>Pani Esslin,<\/strong><br \/>\n<strong>1a Garten Ensslin, Nemecko<\/strong><br \/>\n\u201eVe\u013emi rada vyu\u017e\u00edvam marketingov\u00e9 materi\u00e1ly iniciat\u00edvy Stars for Europe, preto\u017ee s\u00fa dostupn\u00e9 za naozaj dobr\u00fa cenu a zobrazuj\u00fa kr\u00e1sne mot\u00edvy. Na\u0161i z\u00e1kazn\u00edci radi od n\u00e1s odch\u00e1dzaj\u00fa aj s malou pozornos\u0165ou a tipy na starostlivos\u0165 s\u00fa ve\u013emi cenn\u00e9.\u201d[\/vc_column_text][\/vc_column_inner][vc_column_inner width=&#8220;1\/3&#8243;][vc_column_text]<strong>Anna Kaszewiak,<\/strong><br \/>\n<strong>marketingov\u00e1 expertka,<br \/>\nve\u013ekoobchod Bronisze, Po\u013esko<\/strong><br \/>\n\u201eV\u010faka kampani Stars for Europe sa m\u00f4\u017eeme in\u0161pirova\u0165 zauj\u00edmav\u00fdmi a\u017e v\u00fdnimo\u010dn\u00fdmi kompoz\u00edciami a vyu\u017eit\u00edm tejto rastliny. Kvalita, ktor\u00fa je mo\u017en\u00e9 sledova\u0165 naprie\u010d v\u0161etk\u00fdmi jej kan\u00e1lmi, je ve\u013emi vysok\u00e1.\u201d[\/vc_column_text][\/vc_column_inner][vc_column_inner width=&#8220;1\/3&#8243;][vc_column_text]<strong>Reiner H\u00f6pken,<br \/>\npredseda Zv\u00e4zu maloobchodn\u00fdch z\u00e1hradk\u00e1rov, Nemecko <\/strong><br \/>\n\u201eStars for Europe poskytuje vynikaj\u00facu podporu pre pestovate\u013eov a predajne. Pomocou kampane, \u010di u\u017e v r\u00e1mci PR alebo prostredn\u00edctvom marketingov\u00e9 materi\u00e1ly pre predajcov, je viano\u010dn\u00e1 ru\u017ea prezentovan\u00e1 ako vysokokvalitn\u00fd produkt, \u010di u\u017e ako dar\u010dek, alebo ako dekor\u00e1cia do dom\u00e1cnosti.\u201d[\/vc_column_text][\/vc_column_inner][\/vc_row_inner][\/vc_column][\/vc_row][vc_row el_class=&#8220;pfe-flexibel-abstand&#8220;][vc_column][vc_empty_space height=&#8220;50px&#8220;][\/vc_column][\/vc_row][vc_row el_class=&#8220;pfe-greenborderbox&#8220;][vc_column width=&#8220;2\/3&#8243;][vc_single_image image=&#8220;6980&#8243; img_size=&#8220;full&#8220;][\/vc_column][vc_column width=&#8220;1\/3&#8243;][vc_custom_heading text=&#8220;Ste pestovate\u013eom?&#8220; use_theme_fonts=&#8220;yes&#8220; el_class=&#8220;pfe-small&#8220;][vc_column_text css=&#8220;&#8220;]Ak pestujete viano\u010dn\u00e9 ru\u017ee a chcete sa zapoji\u0165 do na\u0161ej kampane, kontaktujte n\u00e1s.<\/p>\n<p><strong>Stars for Europe Komunika\u010dn\u00e1 mana\u017e\u00e9rka,<\/strong><br \/>\nHelena Ebrahimi<br \/>\nEmail: <a href=\"mailto:Helena@greenmarketingeurope.eu\">Helena@greenmarketingeurope.eu<\/a>[\/vc_column_text][vc_column_text]<a href=\"\/kontakt\/\">N\u00e1js\u0165 kontaktn\u00fa osobu v mojej krajine &gt;&gt;<\/a>[\/vc_column_text][\/vc_column][\/vc_row]<\/p><\/div><div class=\"acf-fields-container\" data-post-id=\"655\" data-canto-acf=\"true\"><\/div><style>\r\n        .acf-fields-container {\r\n            margin: 2em 0;\r\n            width: 100%;\r\n            clear: both;\r\n        }\r\n        .acf-field-image {\r\n            margin: 1.5em 0;\r\n            position: relative;\r\n        }\r\n        .acf-field-label {\r\n            margin-bottom: 1em;\r\n        }\r\n        .acf-image {\r\n            max-width: 100%;\r\n            height: auto;\r\n            display: block;\r\n            margin: 1em 0;\r\n        }\r\n    <\/style>","protected":false},"excerpt":{"rendered":"<p>[vc_row][vc_column][vc_custom_heading text=&#8220;S na\u0161ou podporou m\u00f4\u017eete preda\u0165 viac viano\u010dn\u00fdch ru\u017e\u00ed&#8220; font_container=&#8220;tag:h2|text_align:center&#8220; use_theme_fonts=&#8220;yes&#8220; el_class=&#8220;pfe-small2&#8243; el_id=&#8220;s-nasou-podporou&#8220;][vc_column_text] Ka\u017edoro\u010dne oslovujeme mili\u00f3ny spotrebite\u013eov prostredn\u00edctvom na\u0161ich rozsiahlych PR a marketingov\u00fdch kampan\u00ed, ktor\u00e9 propaguj\u00fa v\u00e1\u0161 produkt priamo koncov\u00fdm spotrebite\u013eom. Tu sa dozviete viac o na\u0161ich aktivit\u00e1ch a o tom, ako m\u00f4\u017eete vy osobne profitova\u0165 z na\u0161ej pr\u00e1ce. Sta\u0148te sa odborn\u00edkom poskytuj\u00facim rozhovory pre [&hellip;]<\/p>\n","protected":false},"author":1,"featured_media":6976,"parent":0,"menu_order":0,"comment_status":"closed","ping_status":"closed","template":"template-parts\/pfe-trade.php","meta":{"_acf_changed":false,"footnotes":""},"class_list":["post-655","page","type-page","status-publish","has-post-thumbnail","hentry"],"acf":[],"_links":{"self":[{"href":"https:\/\/sfe-trade.com\/sk\/wp-json\/wp\/v2\/pages\/655","targetHints":{"allow":["GET"]}}],"collection":[{"href":"https:\/\/sfe-trade.com\/sk\/wp-json\/wp\/v2\/pages"}],"about":[{"href":"https:\/\/sfe-trade.com\/sk\/wp-json\/wp\/v2\/types\/page"}],"author":[{"embeddable":true,"href":"https:\/\/sfe-trade.com\/sk\/wp-json\/wp\/v2\/users\/1"}],"replies":[{"embeddable":true,"href":"https:\/\/sfe-trade.com\/sk\/wp-json\/wp\/v2\/comments?post=655"}],"version-history":[{"count":158,"href":"https:\/\/sfe-trade.com\/sk\/wp-json\/wp\/v2\/pages\/655\/revisions"}],"predecessor-version":[{"id":7327,"href":"https:\/\/sfe-trade.com\/sk\/wp-json\/wp\/v2\/pages\/655\/revisions\/7327"}],"wp:featuredmedia":[{"embeddable":true,"href":"https:\/\/sfe-trade.com\/sk\/wp-json\/wp\/v2\/media\/6976"}],"wp:attachment":[{"href":"https:\/\/sfe-trade.com\/sk\/wp-json\/wp\/v2\/media?parent=655"}],"curies":[{"name":"wp","href":"https:\/\/api.w.org\/{rel}","templated":true}]}}