{"id":653,"date":"2021-12-27T18:24:39","date_gmt":"2021-12-27T17:24:39","guid":{"rendered":"https:\/\/weihnachtsstern.kinsta.cloud\/sk\/?page_id=653"},"modified":"2026-02-23T12:26:05","modified_gmt":"2026-02-23T11:26:05","slug":"predajcovia","status":"publish","type":"page","link":"https:\/\/sfe-trade.com\/sk\/predajcovia\/","title":{"rendered":"Predajcovia"},"content":{"rendered":"<div class=\"wpb-content-wrapper\"><p>[vc_row][vc_column][vc_custom_heading text=&#8220;Pred\u00e1vate viano\u010dn\u00e9 ru\u017ee? M\u00f4\u017eeme v\u00e1m pom\u00f4c\u0165 zv\u00fd\u0161i\u0165 obrat&#8220; font_container=&#8220;tag:h2|text_align:center&#8220; use_theme_fonts=&#8220;yes&#8220; el_class=&#8220;pfe-small2&#8243; el_id=&#8220;predavate&#8220;][vc_column_text]<\/p>\n<p style=\"text-align: center;\">Pon\u00fakame v\u00e1m odborn\u00e9 poradenstvo v oblasti predaja a marketingu, vr\u00e1tane propaga\u010dn\u00fdch materi\u00e1lov ur\u010den\u00fdch pre predajn\u00e9 miesta, bezplatn\u00fdch profesion\u00e1lnych fotografi\u00ed, textov a vide\u00ed \u2013 to v\u0161etko za \u00fa\u010delom zv\u00fd\u0161enia v\u00e1\u0161ho predaja. Nev\u00e1hajte pou\u017ei\u0165 n\u00e1\u0161 obsah na vlastn\u00fd marketing, aby ste posilnili lojalitu svojich z\u00e1kazn\u00edkov a preuk\u00e1zali svoje z\u00e1hradn\u00edcke znalosti.<\/p>\n<p>[\/vc_column_text][\/vc_column][\/vc_row][vc_row disable_element=&#8220;yes&#8220; el_class=&#8220;pfe-flexibel-abstand&#8220;][vc_column][vc_empty_space height=&#8220;50px&#8220;][\/vc_column][\/vc_row][vc_row disable_element=&#8220;yes&#8220;][vc_column width=&#8220;1\/2&#8243;][vc_custom_heading text=&#8220;Add impulse at point-of-sale&#8220; use_theme_fonts=&#8220;yes&#8220; el_class=&#8220;pfe-small&#8220;][vc_column_text]Capture the attention of your customers and encourage impulse purchasing right at the point-of-sale in store or online. We offer a wide range of materials from posters, banners, and care cards through to digital resources like social media posts and website headers. It\u2019s available to order, print, share, and display in store.[\/vc_column_text][vc_column_text]<a href=\"\/pos-material\">Discover POS material &gt;&gt;<\/a>[\/vc_column_text][\/vc_column][vc_column width=&#8220;1\/2&#8243;][vc_single_image image=&#8220;5122&#8243; img_size=&#8220;full&#8220;][\/vc_column][\/vc_row][vc_row el_class=&#8220;pfe-flexibel-abstand&#8220;][vc_column][vc_empty_space height=&#8220;50px&#8220;][\/vc_column][\/vc_row][vc_row][vc_column width=&#8220;1\/2&#8243;][vc_single_image image=&#8220;7037&#8243; img_size=&#8220;full&#8220;][\/vc_column][vc_column width=&#8220;1\/2&#8243;][vc_custom_heading text=&#8220;Vide\u00e1 s t\u00e9mou viano\u010dn\u00fdch ru\u017e\u00ed pre va\u0161ich z\u00e1kazn\u00edkov&#8220; use_theme_fonts=&#8220;yes&#8220; el_class=&#8220;pfe-small2&#8243;][vc_column_text]Na na\u0161om kan\u00e1li YouTube n\u00e1jdete mno\u017estvo vide\u00ed o viano\u010dn\u00fdch ru\u017eiach, v ktor\u00fdch n\u00e1jdete rady t\u00fdkaj\u00face sa starostlivosti o ne, n\u00e1pady na dekor\u00e1cie aj urob-si-s\u00e1m projekty pre dom\u00e1cich kutilov. M\u00f4\u017eete ich pou\u017ei\u0165 na oslovenie z\u00e1kazn\u00edkov a zv\u00fd\u0161enie online n\u00e1v\u0161tevnosti t\u00fdm, \u017ee ich budete zdie\u013ea\u0165 na va\u0161ich soci\u00e1lnych sie\u0165ach, a dokonca ich m\u00f4\u017eete vlo\u017ei\u0165 aj na svoje webov\u00e9 str\u00e1nky alebo ich uk\u00e1za\u0165 v predajni \u2013 vytvor\u00edte tak impulz k okam\u017eit\u00e9mu n\u00e1kupu.[\/vc_column_text][vc_column_text]<a href=\"https:\/\/www.youtube.com\/MyPoinsettia\">Pozrite si vide\u00e1 &gt;&gt;<\/a>[\/vc_column_text][\/vc_column][\/vc_row][vc_row el_class=&#8220;pfe-flexibel-abstand&#8220;][vc_column][vc_empty_space height=&#8220;50px&#8220;][\/vc_column][\/vc_row][vc_row][vc_column width=&#8220;1\/2&#8243;][vc_custom_heading text=&#8220;Najnov\u0161ie odvetvov\u00e9 tla\u010dov\u00e9 spr\u00e1vy&#8220; use_theme_fonts=&#8220;yes&#8220; el_class=&#8220;pfe-small2&#8243;][vc_column_text]Odborn\u00fdm m\u00e9di\u00e1m pravidelne zasielame tla\u010dov\u00e9 spr\u00e1vy, v ktor\u00fdch informujeme o novink\u00e1ch z kampan\u00ed, ako aj o poznatkoch v oblasti marketingu, predaja a starostlivosti o viano\u010dn\u00e9 ru\u017ee. Na\u0161e odvetvov\u00e9 tla\u010dov\u00e9 spr\u00e1vy n\u00e1jdete tu.[\/vc_column_text][vc_column_text]<a href=\"\/kontakt\/\">Kontaktujte n\u00e1s &gt;&gt;<\/a><\/p>\n<p><a href=\"\/tlacove-spravy\/\">Odvetvov\u00e9 tla\u010dov\u00e9 spr\u00e1vy &gt;&gt;<\/a>[\/vc_column_text][\/vc_column][vc_column width=&#8220;1\/2&#8243;][vc_single_image image=&#8220;6985&#8243; img_size=&#8220;full&#8220;][\/vc_column][\/vc_row][vc_row el_class=&#8220;pfe-flexibel-abstand&#8220;][vc_column][vc_empty_space height=&#8220;50px&#8220;][\/vc_column][\/vc_row][vc_row][vc_column width=&#8220;1\/2&#8243;][vc_single_image image=&#8220;6984&#8243; img_size=&#8220;full&#8220;][\/vc_column][vc_column width=&#8220;1\/2&#8243;][vc_custom_heading text=&#8220;Bezplatn\u00e9 fotografie pre v\u00e1\u0161 marketing&#8220; use_theme_fonts=&#8220;yes&#8220; el_class=&#8220;pfe-small2&#8243;][vc_column_text]Ka\u017edoro\u010dne pripravujeme ve\u013ek\u00e9 mno\u017estvo vysokokvalitn\u00fdch fotografi\u00ed s \u00fastredn\u00fdm mot\u00edvom viano\u010dn\u00fdch ru\u017e\u00ed, trendmi po\u010das Vianoc a adventu, urob-si-s\u00e1m projektmi pre dom\u00e1cich kutilov, n\u00e1padmi na dar\u010deky, dekor\u00e1ciami na st\u00f4l, detailn\u00fdmi z\u00e1bermi rastl\u00edn, at\u010f. Na\u0161e fotografie m\u00f4\u017eete bezplatne pou\u017e\u00edva\u0165 na podporu v\u00e1\u0161ho predaja. Zdie\u013eajte ich na svojich soci\u00e1lnych sie\u0165ach a webov\u00fdch str\u00e1nkach, pou\u017eite ich na vlastn\u00e9 PR a medi\u00e1lnu komunik\u00e1ciu alebo si vytvorte vlastn\u00e9 materi\u00e1ly na mieste predaja, ako s\u00fa plag\u00e1ty a let\u00e1ky. Objavte na\u0161u rozsiahlu fotogal\u00e9riu, ktor\u00e1 obsahuje stovky fotografi\u00ed v najr\u00f4znej\u0161\u00edch \u0161t\u00fdloch a pon\u00faka nie\u010do pre ka\u017ed\u00e9ho.[\/vc_column_text][vc_column_text css=&#8220;&#8220;]<a href=\"https:\/\/pelargonium-poinsettia.canto.global\/v\/sfeEN\/allfiles?viewIndex=2\" target=\"_blank\" rel=\"noopener\">Objavte fotogal\u00e9riu &gt;&gt;<\/a>[\/vc_column_text][\/vc_column][\/vc_row][vc_row disable_element=&#8220;yes&#8220; el_class=&#8220;pfe-flexibel-abstand&#8220;][vc_column][vc_empty_space height=&#8220;50px&#8220;][\/vc_column][\/vc_row][vc_row disable_element=&#8220;yes&#8220;][vc_column width=&#8220;1\/2&#8243;][vc_custom_heading text=&#8220;Qualit\u00e4ts- und Pflegematerialien&#8220; use_theme_fonts=&#8220;yes&#8220; el_class=&#8220;pfe-small2&#8243;][vc_column_text]Unsere kostenlosen Pflege-Grafiken und -poster sind eine gute M\u00f6glichkeit, Ihr Personal \u00fcber den richtigen Umgang mit Weihnachtssternen im Lagerhaus, beim Transport und im Gesch\u00e4ft zu informieren, damit die Pflanzen l\u00e4nger in Top-Form bleiben. H\u00e4ngen Sie z. B. das Warnposter in Ihrem Lagerraum auf, um Ihre Mitarbeiter immer wieder aufs Neue daran zu erinnern, dass Weihnachtssterne niemals Zugluft ausgesetzt sein sollten.<\/p>\n<p><a href=\"https:\/\/weihnachtsstern.kinsta.cloud\/sk\/pos-material\/\">Qualit\u00e4ts und Pflegematerialen &gt;&gt;<\/a>[\/vc_column_text][\/vc_column][vc_column width=&#8220;1\/2&#8243;][vc_single_image image=&#8220;5161&#8243; img_size=&#8220;full&#8220;][\/vc_column][\/vc_row][vc_row el_class=&#8220;pfe-flexibel-abstand&#8220;][vc_column][vc_empty_space height=&#8220;50px&#8220;][\/vc_column][\/vc_row][vc_row][vc_column width=&#8220;1\/2&#8243;][vc_custom_heading text=&#8220;Marketingov\u00e1 in\u0161pir\u00e1cia&#8220; use_theme_fonts=&#8220;yes&#8220; el_class=&#8220;pfe-small2&#8243;][vc_column_text]Ak h\u013ead\u00e1te nov\u00e9 n\u00e1pady pre svoju marketingov\u00fa komunik\u00e1ciu \u2013 \u010di u\u017e ide o obsah na soci\u00e1lne siete, blogy, vlastn\u00e9 PR a in\u00e9, sme tu pre v\u00e1s. Realizujeme rozsiahlu propaga\u010dn\u00fa kampa\u0148 so zameran\u00edm na spotrebite\u013eov pod veden\u00edm odborn\u00edkov na PR v celej Eur\u00f3pe, tak pre\u010do nevyu\u017ei\u0165 n\u00e1\u0161 obsah aj pre va\u0161e podnikanie? Pozrite si na\u0161e blogy, tla\u010dov\u00e9 spr\u00e1vy \u010di fotogal\u00e9riu a nav\u0161t\u00edvte na\u0161e str\u00e1nky na Instagrame a Facebooku.<br \/>\nN\u00e1\u0161 obsah m\u00f4\u017eete bez obmedzen\u00ed kop\u00edrova\u0165, upravova\u0165 a vyu\u017e\u00edva\u0165![\/vc_column_text][vc_column_text]<a href=\"https:\/\/weihnachtsstern.kinsta.cloud\/sk\/\">Nav\u0161t\u00edvte sekciu pre spotrebite\u013eov &gt;&gt;<\/a>[\/vc_column_text][\/vc_column][vc_column width=&#8220;1\/2&#8243;][vc_single_image image=&#8220;6986&#8243; img_size=&#8220;full&#8220;][\/vc_column][\/vc_row][vc_row el_class=&#8220;pfe-flexibel-abstand&#8220;][vc_column][vc_empty_space height=&#8220;50px&#8220;][\/vc_column][\/vc_row][vc_row][vc_column width=&#8220;1\/2&#8243;][vc_single_image image=&#8220;5121&#8243; img_size=&#8220;full&#8220;][\/vc_column][vc_column width=&#8220;1\/2&#8243;][vc_custom_heading text=&#8220;Kontaktujte n\u00e1s a zistite viac&#8220; use_theme_fonts=&#8220;yes&#8220; el_class=&#8220;pfe-small2&#8243;][vc_column_text]Pred\u00e1vate viano\u010dn\u00e9 ru\u017ee v z\u00e1hradnom centre, kvetin\u00e1rstve alebo inou formou predaja? Radi v\u00e1s podpor\u00edme. Kontaktujte n\u00e1s. Te\u0161\u00edme sa, a\u017e sa n\u00e1m ozvete![\/vc_column_text][vc_column_text]<a href=\"\/kontakt\/\">Kontakt &gt;&gt;<\/a>[\/vc_column_text][\/vc_column][\/vc_row]<\/p><\/div><div class=\"acf-fields-container\" data-post-id=\"653\" data-canto-acf=\"true\"><\/div><style>\r\n        .acf-fields-container {\r\n            margin: 2em 0;\r\n            width: 100%;\r\n            clear: both;\r\n        }\r\n        .acf-field-image {\r\n            margin: 1.5em 0;\r\n            position: relative;\r\n        }\r\n        .acf-field-label {\r\n            margin-bottom: 1em;\r\n        }\r\n        .acf-image {\r\n            max-width: 100%;\r\n            height: auto;\r\n            display: block;\r\n            margin: 1em 0;\r\n        }\r\n    <\/style>","protected":false},"excerpt":{"rendered":"<p>[vc_row][vc_column][vc_custom_heading text=&#8220;Pred\u00e1vate viano\u010dn\u00e9 ru\u017ee? M\u00f4\u017eeme v\u00e1m pom\u00f4c\u0165 zv\u00fd\u0161i\u0165 obrat&#8220; font_container=&#8220;tag:h2|text_align:center&#8220; use_theme_fonts=&#8220;yes&#8220; el_class=&#8220;pfe-small2&#8243; el_id=&#8220;predavate&#8220;][vc_column_text] Pon\u00fakame v\u00e1m odborn\u00e9 poradenstvo v oblasti predaja a marketingu, vr\u00e1tane propaga\u010dn\u00fdch materi\u00e1lov ur\u010den\u00fdch pre predajn\u00e9 miesta, bezplatn\u00fdch profesion\u00e1lnych fotografi\u00ed, textov a vide\u00ed \u2013 to v\u0161etko za \u00fa\u010delom zv\u00fd\u0161enia v\u00e1\u0161ho predaja. Nev\u00e1hajte pou\u017ei\u0165 n\u00e1\u0161 obsah na vlastn\u00fd marketing, aby ste posilnili lojalitu svojich [&hellip;]<\/p>\n","protected":false},"author":1,"featured_media":6990,"parent":0,"menu_order":0,"comment_status":"closed","ping_status":"closed","template":"template-parts\/pfe-trade.php","meta":{"_acf_changed":false,"footnotes":""},"class_list":["post-653","page","type-page","status-publish","has-post-thumbnail","hentry"],"acf":[],"_links":{"self":[{"href":"https:\/\/sfe-trade.com\/sk\/wp-json\/wp\/v2\/pages\/653","targetHints":{"allow":["GET"]}}],"collection":[{"href":"https:\/\/sfe-trade.com\/sk\/wp-json\/wp\/v2\/pages"}],"about":[{"href":"https:\/\/sfe-trade.com\/sk\/wp-json\/wp\/v2\/types\/page"}],"author":[{"embeddable":true,"href":"https:\/\/sfe-trade.com\/sk\/wp-json\/wp\/v2\/users\/1"}],"replies":[{"embeddable":true,"href":"https:\/\/sfe-trade.com\/sk\/wp-json\/wp\/v2\/comments?post=653"}],"version-history":[{"count":120,"href":"https:\/\/sfe-trade.com\/sk\/wp-json\/wp\/v2\/pages\/653\/revisions"}],"predecessor-version":[{"id":7331,"href":"https:\/\/sfe-trade.com\/sk\/wp-json\/wp\/v2\/pages\/653\/revisions\/7331"}],"wp:featuredmedia":[{"embeddable":true,"href":"https:\/\/sfe-trade.com\/sk\/wp-json\/wp\/v2\/media\/6990"}],"wp:attachment":[{"href":"https:\/\/sfe-trade.com\/sk\/wp-json\/wp\/v2\/media?parent=653"}],"curies":[{"name":"wp","href":"https:\/\/api.w.org\/{rel}","templated":true}]}}