{"id":648,"date":"2023-08-01T18:17:47","date_gmt":"2023-08-01T16:17:47","guid":{"rendered":"https:\/\/weihnachtsstern.kinsta.cloud\/sk\/?page_id=648"},"modified":"2023-08-08T19:39:20","modified_gmt":"2023-08-08T17:39:20","slug":"obchod","status":"publish","type":"page","link":"https:\/\/sfe-trade.com\/sk\/obchod\/","title":{"rendered":"Obchod"},"content":{"rendered":"<div class=\"wpb-content-wrapper\"><p>[vc_row][vc_column][vc_custom_heading text=&#8220;Pr\u00edle\u017eitosti pre v\u0161etky relevantn\u00e9 odvetvia&#8220; font_container=&#8220;tag:h2|text_align:center&#8220; use_theme_fonts=&#8220;yes&#8220; el_class=&#8220;pfe-small2&#8243; el_id=&#8220;prilezitosti&#8220;][\/vc_column][\/vc_row][vc_row][vc_column][vc_column_text]<\/p>\n<p style=\"text-align: center\">V r\u00e1mci iniciat\u00edvy Stars for Europe sa zameriavame priamo na va\u0161ich koncov\u00fdch z\u00e1kazn\u00edkov a propagujeme mnoh\u00e9 v\u00fdhody viano\u010dn\u00fdch ru\u017e\u00ed prostredn\u00edctvom na\u0161ej rozsiahlej spotrebite\u013eskej propaga\u010dnej kampane.<\/p>\n<p style=\"text-align: center\">T\u00fdmto sp\u00f4sobom neust\u00e1le in\u0161pirujeme nov\u00e9 publikum, \u010d\u00edm zabezpe\u010dujeme dlhodob\u00fd predaj viano\u010dn\u00fdch ru\u017e\u00ed aj do bud\u00facna.<\/p>\n<p style=\"text-align: center\">N\u00e1jdete tu v\u0161ak aj mno\u017estvo inform\u00e1ci\u00ed na priamu podporu v\u00e1\u0161ho podnikania, od zlep\u0161enia produktov a\u017e po tipy na ich prezent\u00e1ciu v predajni, rady t\u00fdkaj\u00face sa odbornej starostlivosti, ako aj propaga\u010dn\u00e9 materi\u00e1ly, digit\u00e1lne n\u00e1stroje a zdroje na podporu v\u00e1\u0161ho marketingu.<\/p>\n<p style=\"text-align: center\">Zistite, ako v\u00e1s m\u00f4\u017eeme podpori\u0165 a roz\u0161\u00edri\u0165 va\u0161e mo\u017enosti propag\u00e1cie viano\u010dn\u00fdch ru\u017e\u00ed. Nev\u00e1hajte sa zapoji\u0165 do n\u00e1\u0161ho projektu a presk\u00fama\u0165 ho.<\/p>\n<p>[\/vc_column_text][\/vc_column][\/vc_row][vc_row][vc_column][vc_column_text][\/vc_column_text][\/vc_column][\/vc_row][vc_row gap=&#8220;30&#8243;][vc_column width=&#8220;1\/3&#8243;][vc_single_image image=&#8220;6970&#8243; img_size=&#8220;full&#8220;][vc_custom_heading text=&#8220;Pestujete viano\u010dn\u00e9 ru\u017ee?&#8220; font_container=&#8220;tag:h3|text_align:left&#8220; use_theme_fonts=&#8220;yes&#8220; el_class=&#8220;pfe-small&#8220;][vc_column_text]Ako pestovate\u013e ste jadrom kampane Stars for Europe (SfE): v\u0161etko, \u010do rob\u00edme, je zameran\u00e9 na zv\u00fd\u0161enie v\u00e1\u0161ho predaja prostredn\u00edctvom B2C aj B2B marketingu. Tu n\u00e1jdete aj niektor\u00e9 z \u010fal\u0161\u00edch sp\u00f4sobov, ktor\u00e9 m\u00f4\u017eete vyu\u017ei\u0165.[\/vc_column_text][vc_column_text]<a href=\"https:\/\/weihnachtsstern.kinsta.cloud\/sk\/pestovatelia\/\">Objavte pr\u00edle\u017eitosti pre pestovate\u013eov &gt;&gt;<\/a>[\/vc_column_text][\/vc_column][vc_column width=&#8220;1\/3&#8243;][vc_single_image image=&#8220;6971&#8243; img_size=&#8220;full&#8220;][vc_custom_heading text=&#8220;Pred\u00e1vate viano\u010dn\u00e9 ru\u017ee?&#8220; font_container=&#8220;tag:h3|text_align:left&#8220; use_theme_fonts=&#8220;yes&#8220; el_class=&#8220;pfe-small&#8220;][vc_column_text]Na\u0161\u00edm cie\u013eom je povzbudi\u0165 viac a viac spotrebite\u013eov, aby si zamilovali viano\u010dn\u00e9 ru\u017ee a aby ich ka\u017ed\u00fdm rokom kupovali \u010do najviac. Pon\u00fakame mno\u017estvo bezplatn\u00fdch marketingov\u00fdch materi\u00e1lov a informa\u010dn\u00fdch zdrojov, ktor\u00e9 v\u00e1m pom\u00f4\u017eu zv\u00fd\u0161i\u0165 predaj.[\/vc_column_text][vc_column_text]<a href=\"https:\/\/weihnachtsstern.kinsta.cloud\/sk\/predajcovia\/\">Objavte pr\u00edle\u017eitosti pre predajcov &gt;&gt;<\/a>[\/vc_column_text][\/vc_column][vc_column width=&#8220;1\/3&#8243;][vc_single_image image=&#8220;6972&#8243; img_size=&#8220;full&#8220;][vc_custom_heading text=&#8220;H\u013ead\u00e1te inform\u00e1cie pre m\u00e9di\u00e1?&#8220; font_container=&#8220;tag:h3|text_align:left&#8220; use_theme_fonts=&#8220;yes&#8220; el_class=&#8220;pfe-small&#8220;][vc_column_text]Ak ste odborn\u00fd novin\u00e1r a h\u013ead\u00e1te aktu\u00e1lne novinky, tla\u010dov\u00e9 spr\u00e1vy a fotografie bez licen\u010dn\u00fdch poplatkov, ste na spr\u00e1vnom mieste. V\u017edy v\u00e1m radi poskytneme obsah, fotografie a \u010fal\u0161ie materi\u00e1ly. Zistite, \u010do v\u00e1m m\u00f4\u017eeme pon\u00faknu\u0165.[\/vc_column_text][vc_column_text]<a href=\"\/tlacove-spravy \/\">Inform\u00e1cie pre m\u00e9di\u00e1 &gt;&gt;<\/a>[\/vc_column_text][\/vc_column][\/vc_row][vc_row][vc_column][vc_column_text][\/vc_column_text][\/vc_column][\/vc_row][vc_row el_class=&#8220;pfe-greenborderbox&#8220;][vc_column width=&#8220;2\/3&#8243;][vc_single_image image=&#8220;6973&#8243; img_size=&#8220;full&#8220;][\/vc_column][vc_column width=&#8220;1\/3&#8243;][vc_custom_heading text=&#8220;Ste pestovate\u013e?&#8220; use_theme_fonts=&#8220;yes&#8220; el_class=&#8220;pfe-small&#8220;][vc_column_text]Ak zastupujete pestovate\u013esk\u00fa spolo\u010dnos\u0165 a chcete sa dozvedie\u0165, ako by na\u0161a podpora mohla prospie\u0165 v\u00e1\u0161mu biznisu aj cel\u00e9mu odvetviu, kontaktujte n\u00e1s.<\/p>\n<p><strong>Projektov\u00fd mana\u017ement<\/strong><br \/>\nStars for Europe GbR,<br \/>\n<strong>Dr. Susanne Lux,<\/strong><br \/>\n<strong>Telephone:<\/strong> + 49 2644 981333,<br \/>\n<strong>E-mail:<\/strong> <a href=\"mailto:susanne.lux@meclux.de\">susanne.lux@meclux.de<\/a>[\/vc_column_text][\/vc_column][\/vc_row][vc_row][vc_column][vc_empty_space height=&#8220;75px&#8220;][\/vc_column][\/vc_row]<\/p><\/div><div class=\"acf-fields-container\" data-post-id=\"648\" data-canto-acf=\"true\"><\/div><style>\r\n        .acf-fields-container {\r\n            margin: 2em 0;\r\n            width: 100%;\r\n            clear: both;\r\n        }\r\n        .acf-field-image {\r\n            margin: 1.5em 0;\r\n            position: relative;\r\n        }\r\n        .acf-field-label {\r\n            margin-bottom: 1em;\r\n        }\r\n        .acf-image {\r\n            max-width: 100%;\r\n            height: auto;\r\n            display: block;\r\n            margin: 1em 0;\r\n        }\r\n    <\/style>","protected":false},"excerpt":{"rendered":"<p>[vc_row][vc_column][vc_custom_heading text=&#8220;Pr\u00edle\u017eitosti pre v\u0161etky relevantn\u00e9 odvetvia&#8220; font_container=&#8220;tag:h2|text_align:center&#8220; use_theme_fonts=&#8220;yes&#8220; el_class=&#8220;pfe-small2&#8243; el_id=&#8220;prilezitosti&#8220;][\/vc_column][\/vc_row][vc_row][vc_column][vc_column_text] V r\u00e1mci iniciat\u00edvy Stars for Europe sa zameriavame priamo na va\u0161ich koncov\u00fdch z\u00e1kazn\u00edkov a propagujeme mnoh\u00e9 v\u00fdhody viano\u010dn\u00fdch ru\u017e\u00ed prostredn\u00edctvom na\u0161ej rozsiahlej spotrebite\u013eskej propaga\u010dnej kampane. T\u00fdmto sp\u00f4sobom neust\u00e1le in\u0161pirujeme nov\u00e9 publikum, \u010d\u00edm zabezpe\u010dujeme dlhodob\u00fd predaj viano\u010dn\u00fdch ru\u017e\u00ed aj do bud\u00facna. N\u00e1jdete tu v\u0161ak aj mno\u017estvo [&hellip;]<\/p>\n","protected":false},"author":1,"featured_media":6975,"parent":0,"menu_order":0,"comment_status":"closed","ping_status":"closed","template":"template-parts\/pfe-trade.php","meta":{"_acf_changed":false,"footnotes":""},"class_list":["post-648","page","type-page","status-publish","has-post-thumbnail","hentry"],"acf":[],"_links":{"self":[{"href":"https:\/\/sfe-trade.com\/sk\/wp-json\/wp\/v2\/pages\/648","targetHints":{"allow":["GET"]}}],"collection":[{"href":"https:\/\/sfe-trade.com\/sk\/wp-json\/wp\/v2\/pages"}],"about":[{"href":"https:\/\/sfe-trade.com\/sk\/wp-json\/wp\/v2\/types\/page"}],"author":[{"embeddable":true,"href":"https:\/\/sfe-trade.com\/sk\/wp-json\/wp\/v2\/users\/1"}],"replies":[{"embeddable":true,"href":"https:\/\/sfe-trade.com\/sk\/wp-json\/wp\/v2\/comments?post=648"}],"version-history":[{"count":205,"href":"https:\/\/sfe-trade.com\/sk\/wp-json\/wp\/v2\/pages\/648\/revisions"}],"predecessor-version":[{"id":7044,"href":"https:\/\/sfe-trade.com\/sk\/wp-json\/wp\/v2\/pages\/648\/revisions\/7044"}],"wp:featuredmedia":[{"embeddable":true,"href":"https:\/\/sfe-trade.com\/sk\/wp-json\/wp\/v2\/media\/6975"}],"wp:attachment":[{"href":"https:\/\/sfe-trade.com\/sk\/wp-json\/wp\/v2\/media?parent=648"}],"curies":[{"name":"wp","href":"https:\/\/api.w.org\/{rel}","templated":true}]}}