{"id":655,"date":"2021-12-27T18:24:59","date_gmt":"2021-12-27T17:24:59","guid":{"rendered":"https:\/\/weihnachtsstern.kinsta.cloud\/se\/?page_id=655"},"modified":"2025-12-22T07:52:18","modified_gmt":"2025-12-22T06:52:18","slug":"odlare","status":"publish","type":"page","link":"https:\/\/sfe-trade.com\/se\/odlare\/","title":{"rendered":"Odlare"},"content":{"rendered":"<div class=\"wpb-content-wrapper\"><p>[vc_row][vc_column][vc_custom_heading text=&#8221;Med v\u00e5r hj\u00e4lp kan du s\u00e4lja fler julstj\u00e4rnor&#8221; font_container=&#8221;tag:h2|text_align:center&#8221; use_theme_fonts=&#8221;yes&#8221; el_class=&#8221;pfe-small2&#8243; el_id=&#8221;med-var-hjalp&#8221;][vc_column_text]<\/p>\n<p style=\"text-align: center;\">Varje \u00e5r n\u00e5r vi miljontals konsumenter med v\u00e5ra storskaliga PR- och marknadsf\u00f6ringskampanjer, som marknadsf\u00f6r produkt direkt till slutkonsumenter. H\u00e4r kan du ta reda p\u00e5 mer om vad vi g\u00f6r f\u00f6r dig och hur du personligen kan dra nytta av v\u00e5rt arbete, vare sig det \u00e4r som expert som kallas till pressintervjuer eller genom att anv\u00e4nda v\u00e5ra bilder, artiklar eller videor.<\/p>\n<p>[\/vc_column_text][\/vc_column][\/vc_row][vc_row el_class=&#8221;pfe-flexibel-abstand&#8221;][vc_column][vc_empty_space height=&#8221;50px&#8221;][\/vc_column][\/vc_row][vc_row][vc_column width=&#8221;1\/2&#8243;][vc_single_image image=&#8221;5164&#8243; img_size=&#8221;full&#8221;][\/vc_column][vc_column width=&#8221;1\/2&#8243;][vc_custom_heading text=&#8221;Inspirera konsumenter&#8221; use_theme_fonts=&#8221;yes&#8221; el_class=&#8221;pfe-small2&#8243;][vc_column_text]V\u00e5ra omfattande konsumentkampanjer fokuserar p\u00e5 att fr\u00e4mja f\u00f6rdelarna med julstj\u00e4rnan, \u00f6ka medvetenheten och motivera fler m\u00e4nniskor att k\u00f6pa dina v\u00e4xter. Vi tar med julstj\u00e4rnor i TV och radio, vi bygger partnerskap med h\u00f6gprofilerade influencers, julstj\u00e4rnor visas i dagstidningar och magasin, och de skapar blickf\u00e5nget p\u00e5 festivaler och evenemang. F\u00f6r att se vad som har uppn\u00e5tts i ditt land, l\u00e4s v\u00e5r senaste \u00e5rliga recension eller registrera dig f\u00f6r v\u00e5ra nyhetsbrev.[\/vc_column_text][vc_column_text]<a href=\"https:\/\/mailchi.mp\/7c03187f3781\/starsforeurope\">Prenumerera p\u00e5 nyhetsbrevet &gt;&gt;<\/a>[\/vc_column_text][\/vc_column][\/vc_row][vc_row el_class=&#8221;pfe-flexibel-abstand&#8221;][vc_column][vc_empty_space height=&#8221;50px&#8221;][\/vc_column][\/vc_row][vc_row][vc_column width=&#8221;1\/2&#8243;][vc_custom_heading text=&#8221;M\u00f6jligheter till samarbete&#8221; use_theme_fonts=&#8221;yes&#8221; el_class=&#8221;pfe-small2&#8243;][vc_column_text]Vi ger m\u00f6jligheter f\u00f6r producenter att aktivt delta i SfE och uppt\u00e4cka nya m\u00f6jligheter. Vill du att din plantskola visas p\u00e5 b\u00e4sta s\u00e4ndningstid, intervjuas i regional radio, visa dina v\u00e4xter p\u00e5 v\u00e4rldens fr\u00e4msta tr\u00e4dg\u00e5rdsm\u00e4ssor och utveckla n\u00e4tverk med andra nyckelakt\u00f6rer i branschen? H\u00f6r av dig, vi vill g\u00e4rna bygga nya relationer med odlare.[\/vc_column_text][vc_column_text]<a href=\"\/se\/kontakt\/\">Kontakta SfE-kontoret i mitt land &gt;&gt;<\/a>[\/vc_column_text][\/vc_column][vc_column width=&#8221;1\/2&#8243;][vc_single_image image=&#8221;5119&#8243; img_size=&#8221;full&#8221;][\/vc_column][\/vc_row][vc_row el_class=&#8221;pfe-flexibel-abstand&#8221;][vc_column][vc_empty_space height=&#8221;50px&#8221;][\/vc_column][\/vc_row][vc_row][vc_column width=&#8221;1\/2&#8243;][vc_single_image image=&#8221;5123&#8243; img_size=&#8221;full&#8221;][\/vc_column][vc_column width=&#8221;1\/2&#8243;][vc_custom_heading text=&#8221;Resurser f\u00f6r dina kunder&#8221; use_theme_fonts=&#8221;yes&#8221; el_class=&#8221;pfe-small2&#8243;][vc_column_text]Genom v\u00e5r kampanj kan du ge ytterligare st\u00f6d till dina egna kunder och branschkontakter. Vi erbjuder en rad verktyg f\u00f6r dina detaljhandelskunder att dra nytta av. Detta inkluderar marknadsf\u00f6ringsr\u00e5dgivning, videor, Marknadsf\u00f6ringsmaterial och ett omfattande fotobibliotek. Du \u00e4r v\u00e4lkommen att dela v\u00e5ra resurser med dina kunder och kontakter och anv\u00e4nda dem sj\u00e4lv.[\/vc_column_text][vc_column_text]<a href=\"\/se\/aterforsaljare\/\">Se resurser f\u00f6r \u00e5terf\u00f6rs\u00e4ljare &gt;&gt;<\/a>[\/vc_column_text][\/vc_column][\/vc_row][vc_row disable_element=&#8221;yes&#8221; el_class=&#8221;pfe-flexibel-abstand&#8221;][vc_column][vc_empty_space height=&#8221;50px&#8221;][\/vc_column][\/vc_row][vc_row disable_element=&#8221;yes&#8221;][vc_column width=&#8221;1\/2&#8243;][vc_custom_heading text=&#8221;Are you a producer?&#8221; use_theme_fonts=&#8221;yes&#8221; el_class=&#8221;pfe-small2&#8243;][vc_column_text]If you grow poinsettias and would like to get involved in the campaign, get in touch.<\/p>\n<p><strong>Stars for Europe Communications Manager,<\/strong><br \/>\nHannah Dunne,<br \/>\n<strong>Tel:<\/strong> +44 7533 076185<br \/>\n<strong>Email:<\/strong> <a href=\"mailto:communication@org-intern.info\">communication@org-intern.info<\/a><\/p>\n<p><a href=\"https:\/\/weihnachtsstern.kinsta.cloud\/se\/pos-material\/\">Find contact person in my country &gt;&gt;<\/a>[\/vc_column_text][\/vc_column][vc_column width=&#8221;1\/2&#8243;][vc_single_image image=&#8221;5161&#8243; img_size=&#8221;full&#8221;][\/vc_column][\/vc_row][vc_row el_class=&#8221;pfe-flexibel-abstand&#8221;][vc_column][vc_empty_space height=&#8221;50px&#8221;][\/vc_column][\/vc_row][vc_row][vc_column width=&#8221;1\/2&#8243;][vc_custom_heading text=&#8221;Kunskapsutbyte&#8221; use_theme_fonts=&#8221;yes&#8221; el_class=&#8221;pfe-small2&#8243;][vc_column_text]\u00c4r du intresserad av att l\u00e4ra dig v\u00e4rdefulla insikter om din bransch? SfE bedriver olika former av forskning fr\u00e5n konsumentmarknadsanalyser till unders\u00f6kningar om produktionsmetoder och h\u00e5llbarhet. Vi planerar att ut\u00f6ka denna v\u00e4g i framtiden och fr\u00e4mja kunskapsutbyte mellan producenter. Kontakta oss f\u00f6r att bli en del av v\u00e5rt n\u00e4tverk och prenumerera p\u00e5 v\u00e5ra nyhetsbrev f\u00f6r att h\u00e5lla dig uppdaterad.<\/p>\n<p><a href=\"\/se\/kontakt\/\">Hitta kontaktperson i mitt land &gt;&gt;<\/a><\/p>\n<p><a href=\"https:\/\/mailchi.mp\/7c03187f3781\/starsforeurope\">Prenumerera p\u00e5 nyhetsbrevet nu! &gt;&gt;<\/a>[\/vc_column_text][\/vc_column][vc_column width=&#8221;1\/2&#8243;][vc_single_image image=&#8221;5167&#8243; img_size=&#8221;full&#8221;][\/vc_column][\/vc_row][vc_row el_class=&#8221;pfe-flexibel-abstand&#8221;][vc_column][vc_empty_space height=&#8221;50px&#8221;][\/vc_column][\/vc_row][vc_row][vc_column][vc_custom_heading text=&#8221;Omd\u00f6men fr\u00e5n branschen&#8221; use_theme_fonts=&#8221;yes&#8221; el_class=&#8221;pfe-small&#8221;][vc_row_inner][vc_column_inner el_class=&#8221;ho&#8221; width=&#8221;1\/3&#8243;][vc_column_text]<strong>Mrs. Esslin,<\/strong><br \/>\n<strong>1a Garten Ensslin, Tyskland<\/strong><br \/>\n&#8221;Jag gillar verkligen att anv\u00e4nda Stars for Europe Marknadsf\u00f6ringsmaterial eftersom det erbjuds till ett riktigt bra pris och visar vackra motiv. V\u00e5ra kunder tycker om att ta med sig presenterna och sk\u00f6tselr\u00e5den \u00e4r mycket v\u00e4rdefulla.\u201d[\/vc_column_text][\/vc_column_inner][vc_column_inner width=&#8221;1\/3&#8221;][vc_column_text]<strong>Anna Kaszewiak,<\/strong><br \/>\n<strong>Marketing expert, wholesale market Bronisze, Poland<\/strong><br \/>\n&#8221;Tack vare kampanjen Stars for Europe kan vi inspireras av intressanta, extraordin\u00e4ra kompositioner och anv\u00e4ndningen av denna v\u00e4xt. Kvaliteten som visas \u00f6ver dess kanaler \u00e4r mycket h\u00f6g.\u201d[\/vc_column_text][\/vc_column_inner][vc_column_inner width=&#8221;1\/3&#8221;][vc_column_text]<strong>Reiner H\u00f6pken, Chair, Association <\/strong><br \/>\n<strong>of Retail Gardeners, Germany<\/strong><br \/>\n\u201dSfE erbjuder utm\u00e4rkt st\u00f6d till producenter och handlare. Med hj\u00e4lp av kampanjen, oavsett om det \u00e4r i PR- eller Marknadsf\u00f6ringsmaterial f\u00f6r \u00e5terf\u00f6rs\u00e4ljare, positioneras julstj\u00e4rnan som en h\u00f6gkvalitativ produkt, b\u00e5de som present och f\u00f6r hemmet.\u201d[\/vc_column_text][\/vc_column_inner][\/vc_row_inner][\/vc_column][\/vc_row][vc_row el_class=&#8221;pfe-flexibel-abstand&#8221;][vc_column][vc_empty_space height=&#8221;50px&#8221;][\/vc_column][\/vc_row][vc_row el_class=&#8221;pfe-greenborderbox&#8221;][vc_column width=&#8221;2\/3&#8243;][vc_single_image image=&#8221;5169&#8243; img_size=&#8221;full&#8221;][\/vc_column][vc_column width=&#8221;1\/3&#8243;][vc_custom_heading text=&#8221;\u00c4r du en odlare?&#8221; use_theme_fonts=&#8221;yes&#8221; el_class=&#8221;pfe-small&#8221;][vc_column_text css=&#8221;&#8221;]Odlar du julstj\u00e4rnor och vill veta vad du kan g\u00f6ra? Vad ditt st\u00f6d kan ge gruppen? Kontakta oss.<\/p>\n<p><strong>Stars for Europe Communications Manager,<\/strong><br \/>\nHelena Ebrahimi<br \/>\nEmail: <a href=\"mailto:Helena@greenmarketingeurope.eu\">Helena@greenmarketingeurope.eu<\/a>[\/vc_column_text][vc_column_text]<a href=\"\/se\/kontakt\/\">Hitta kontaktperson i mitt land &gt;&gt;<\/a>[\/vc_column_text][\/vc_column][\/vc_row]<\/p><\/div><div class=\"acf-fields-container\" data-post-id=\"655\" data-canto-acf=\"true\"><\/div><style>\r\n        .acf-fields-container {\r\n            margin: 2em 0;\r\n            width: 100%;\r\n            clear: both;\r\n        }\r\n        .acf-field-image {\r\n            margin: 1.5em 0;\r\n            position: relative;\r\n        }\r\n        .acf-field-label {\r\n            margin-bottom: 1em;\r\n        }\r\n        .acf-image {\r\n            max-width: 100%;\r\n            height: auto;\r\n            display: block;\r\n            margin: 1em 0;\r\n        }\r\n    <\/style>","protected":false},"excerpt":{"rendered":"<p>[vc_row][vc_column][vc_custom_heading text=&#8221;Med v\u00e5r hj\u00e4lp kan du s\u00e4lja fler julstj\u00e4rnor&#8221; font_container=&#8221;tag:h2|text_align:center&#8221; use_theme_fonts=&#8221;yes&#8221; el_class=&#8221;pfe-small2&#8243; el_id=&#8221;med-var-hjalp&#8221;][vc_column_text] Varje \u00e5r n\u00e5r vi miljontals konsumenter med v\u00e5ra storskaliga PR- och marknadsf\u00f6ringskampanjer, som marknadsf\u00f6r produkt direkt till slutkonsumenter. H\u00e4r kan du ta reda p\u00e5 mer om vad vi g\u00f6r f\u00f6r dig och hur du personligen kan dra nytta av v\u00e5rt arbete, vare [&hellip;]<\/p>\n","protected":false},"author":1,"featured_media":5157,"parent":0,"menu_order":0,"comment_status":"closed","ping_status":"closed","template":"template-parts\/pfe-trade.php","meta":{"_acf_changed":false,"footnotes":""},"class_list":["post-655","page","type-page","status-publish","has-post-thumbnail","hentry"],"acf":[],"_links":{"self":[{"href":"https:\/\/sfe-trade.com\/se\/wp-json\/wp\/v2\/pages\/655","targetHints":{"allow":["GET"]}}],"collection":[{"href":"https:\/\/sfe-trade.com\/se\/wp-json\/wp\/v2\/pages"}],"about":[{"href":"https:\/\/sfe-trade.com\/se\/wp-json\/wp\/v2\/types\/page"}],"author":[{"embeddable":true,"href":"https:\/\/sfe-trade.com\/se\/wp-json\/wp\/v2\/users\/1"}],"replies":[{"embeddable":true,"href":"https:\/\/sfe-trade.com\/se\/wp-json\/wp\/v2\/comments?post=655"}],"version-history":[{"count":156,"href":"https:\/\/sfe-trade.com\/se\/wp-json\/wp\/v2\/pages\/655\/revisions"}],"predecessor-version":[{"id":7320,"href":"https:\/\/sfe-trade.com\/se\/wp-json\/wp\/v2\/pages\/655\/revisions\/7320"}],"wp:featuredmedia":[{"embeddable":true,"href":"https:\/\/sfe-trade.com\/se\/wp-json\/wp\/v2\/media\/5157"}],"wp:attachment":[{"href":"https:\/\/sfe-trade.com\/se\/wp-json\/wp\/v2\/media?parent=655"}],"curies":[{"name":"wp","href":"https:\/\/api.w.org\/{rel}","templated":true}]}}