{"id":653,"date":"2021-12-27T18:24:39","date_gmt":"2021-12-27T17:24:39","guid":{"rendered":"https:\/\/weihnachtsstern.kinsta.cloud\/se\/?page_id=653"},"modified":"2026-02-23T12:28:04","modified_gmt":"2026-02-23T11:28:04","slug":"aterforsaljare","status":"publish","type":"page","link":"https:\/\/sfe-trade.com\/se\/aterforsaljare\/","title":{"rendered":"\u00c5terf\u00f6rs\u00e4ljare"},"content":{"rendered":"<div class=\"wpb-content-wrapper\"><p>[vc_row][vc_column][vc_custom_heading text=&#8221;S\u00e4ljer du julstj\u00e4rnor? Vi kan hj\u00e4lpa dig \u00f6ka f\u00f6rs\u00e4ljningen.&#8221; font_container=&#8221;tag:h2|text_align:center&#8221; use_theme_fonts=&#8221;yes&#8221; el_class=&#8221;pfe-small2&#8243; el_id=&#8221;saljer&#8221;][vc_column_text]<\/p>\n<p style=\"text-align: center;\">Vi erbjuder expertr\u00e5dgivning inom marknadsf\u00f6ring och f\u00f6rs\u00e4ljning. Vi kan \u00e4ven bist\u00e5 med resurser som material f\u00f6r f\u00f6rs\u00e4ljningsst\u00e4llen, gratis professionell fotografering, skriftligt inneh\u00e5ll och videor \u2013 allt f\u00f6r att \u00f6ka din f\u00f6rs\u00e4ljning. Anv\u00e4nd g\u00e4rna v\u00e5rt inneh\u00e5ll f\u00f6r din egen marknadsf\u00f6ring, f\u00f6r att st\u00e4rka kundlojaliteten och visa upp din tr\u00e4dg\u00e5rdskompetens.<\/p>\n<p>[\/vc_column_text][\/vc_column][\/vc_row][vc_row disable_element=&#8221;yes&#8221; el_class=&#8221;pfe-flexibel-abstand&#8221;][vc_column][vc_empty_space height=&#8221;50px&#8221;][\/vc_column][\/vc_row][vc_row disable_element=&#8221;yes&#8221;][vc_column width=&#8221;1\/2&#8243;][vc_custom_heading text=&#8221;L\u00e4gg till impulser vid f\u00f6rs\u00e4ljningsst\u00e4llet&#8221; use_theme_fonts=&#8221;yes&#8221; el_class=&#8221;pfe-small&#8221;][vc_column_text]F\u00e5nga kundernas uppm\u00e4rksamhet och uppmuntra till impulsk\u00f6p direkt vid f\u00f6rs\u00e4ljningsst\u00e4llet i butik eller online. Vi erbjuder ett brett utbud av material allt fr\u00e5n affischer, banderoller och v\u00e5rdkort till digitala content som inl\u00e4gg i sociala medier och webbsidor. Detta finns att best\u00e4lla, skriva ut, dela och visa i butik.[\/vc_column_text][vc_column_text]<a href=\"\/pos-material\">Uppt\u00e4ck POS material &gt;&gt;<\/a>[\/vc_column_text][\/vc_column][vc_column width=&#8221;1\/2&#8243;][vc_single_image image=&#8221;5122&#8243; img_size=&#8221;full&#8221;][\/vc_column][\/vc_row][vc_row el_class=&#8221;pfe-flexibel-abstand&#8221;][vc_column][vc_empty_space height=&#8221;50px&#8221;][\/vc_column][\/vc_row][vc_row][vc_column width=&#8221;1\/2&#8243;][vc_single_image image=&#8221;5176&#8243; img_size=&#8221;full&#8221;][\/vc_column][vc_column width=&#8221;1\/2&#8243;][vc_custom_heading text=&#8221;Julstj\u00e4rna-videor f\u00f6r dina kunder&#8221; use_theme_fonts=&#8221;yes&#8221; el_class=&#8221;pfe-small2&#8243;][vc_column_text]P\u00e5 v\u00e5r YouTube-kanal hittar du en rad julstj\u00e4rnevideor som visar upp sk\u00f6tselr\u00e5d, designid\u00e9er och g\u00f6r-det-sj\u00e4lv-projekt. Du kan anv\u00e4nda dem f\u00f6r att attrahera kunder och \u00f6ka engagemanget online genom att dela dem p\u00e5 dina egna sociala kanaler, och till och med b\u00e4dda in dem p\u00e5 din webbplats eller visa dem i butik \u2013 vilket skapar en omedelbar f\u00f6rs\u00e4ljningsimpuls.[\/vc_column_text][vc_column_text]<a href=\"https:\/\/www.youtube.com\/MyPoinsettia\">Uppt\u00e4ck filmer &gt;&gt;<\/a>[\/vc_column_text][\/vc_column][\/vc_row][vc_row el_class=&#8221;pfe-flexibel-abstand&#8221;][vc_column][vc_empty_space height=&#8221;50px&#8221;][\/vc_column][\/vc_row][vc_row][vc_column width=&#8221;1\/2&#8243;][vc_custom_heading text=&#8221;Senaste fackpressmeddelanden&#8221; use_theme_fonts=&#8221;yes&#8221; el_class=&#8221;pfe-small2&#8243;][vc_column_text]Vi skickar regelbundna pressmeddelanden till branschmedia, delar kampanjnyheter och erbjudanden samt branschr\u00e5dgivning inom marknadsf\u00f6ring, f\u00f6rs\u00e4ljning och julstj\u00e4rnav\u00e5rd. Hitta v\u00e5ra fackpressmeddelanden h\u00e4r.[\/vc_column_text][vc_column_text]<a href=\"\/se\/kontakt\/\">Kontakt oss &gt;&gt;<\/a><\/p>\n<p><a href=\"\/se\/handelsnyheter\/\">Fackpressmeddelanden &gt;&gt;<\/a>[\/vc_column_text][\/vc_column][vc_column width=&#8221;1\/2&#8243;][vc_single_image image=&#8221;5182&#8243; img_size=&#8221;full&#8221;][\/vc_column][\/vc_row][vc_row el_class=&#8221;pfe-flexibel-abstand&#8221;][vc_column][vc_empty_space height=&#8221;50px&#8221;][\/vc_column][\/vc_row][vc_row][vc_column width=&#8221;1\/2&#8243;][vc_single_image image=&#8221;5179&#8243; img_size=&#8221;full&#8221;][\/vc_column][vc_column width=&#8221;1\/2&#8243;][vc_custom_heading text=&#8221;Tillg\u00e4ngliga bilder f\u00f6r marknadsf\u00f6ring&#8221; use_theme_fonts=&#8221;yes&#8221; el_class=&#8221;pfe-small2&#8243;][vc_column_text]Varje \u00e5r producerar vi ett brett utbud av fotografier med julstj\u00e4rnor med jul- och adventstrender, g\u00f6r-det-sj\u00e4lv-projekt, presentid\u00e9er, bordsdekorationer och mycket mer. V\u00e5ra bilder \u00e4r gratis f\u00f6r dig att anv\u00e4nda f\u00f6r att marknadsf\u00f6ra din egen f\u00f6rs\u00e4ljning. Dela dem p\u00e5 dina sociala kanaler och webbplatser, anv\u00e4nd dem f\u00f6r din egen PR- och mediakommunikation, eller skapa ditt eget material f\u00f6r f\u00f6rs\u00e4ljningsst\u00e4llen som affischer och flygblad. Uppt\u00e4ck v\u00e5rt omfattande bildbibliotek med hundratals foton i en m\u00e4ngd olika stilar, som erbjuder n\u00e5got f\u00f6r alla smaker.[\/vc_column_text][vc_column_text css=&#8221;&#8221;]<a href=\"https:\/\/pelargonium-poinsettia.canto.global\/v\/sfeEN\/allfiles?viewIndex=2\" target=\"_blank\" rel=\"noopener\">Uppt\u00e4ck v\u00e5r bildbank &gt;&gt;<\/a>[\/vc_column_text][\/vc_column][\/vc_row][vc_row disable_element=&#8221;yes&#8221; el_class=&#8221;pfe-flexibel-abstand&#8221;][vc_column][vc_empty_space height=&#8221;50px&#8221;][\/vc_column][\/vc_row][vc_row disable_element=&#8221;yes&#8221;][vc_column width=&#8221;1\/2&#8243;][vc_custom_heading text=&#8221;Qualit\u00e4ts- und Pflegematerialien&#8221; use_theme_fonts=&#8221;yes&#8221; el_class=&#8221;pfe-small2&#8243;][vc_column_text]Unsere kostenlosen Pflege-Grafiken und -poster sind eine gute M\u00f6glichkeit, Ihr Personal \u00fcber den richtigen Umgang mit Weihnachtssternen im Lagerhaus, beim Transport und im Gesch\u00e4ft zu informieren, damit die Pflanzen l\u00e4nger in Top-Form bleiben. H\u00e4ngen Sie z. B. das Warnposter in Ihrem Lagerraum auf, um Ihre Mitarbeiter immer wieder aufs Neue daran zu erinnern, dass Weihnachtssterne niemals Zugluft ausgesetzt sein sollten.<\/p>\n<p><a href=\"https:\/\/weihnachtsstern.kinsta.cloud\/se\/pos-material\/\">Qualit\u00e4ts und Pflegematerialen &gt;&gt;<\/a>[\/vc_column_text][\/vc_column][vc_column width=&#8221;1\/2&#8243;][vc_single_image image=&#8221;5161&#8243; img_size=&#8221;full&#8221;][\/vc_column][\/vc_row][vc_row el_class=&#8221;pfe-flexibel-abstand&#8221;][vc_column][vc_empty_space height=&#8221;50px&#8221;][\/vc_column][\/vc_row][vc_row][vc_column width=&#8221;1\/2&#8243;][vc_custom_heading text=&#8221;Inspiration f\u00f6r konsumentmarknadsf\u00f6ring&#8221; use_theme_fonts=&#8221;yes&#8221; el_class=&#8221;pfe-small2&#8243;][vc_column_text]Letar du ofta efter nya id\u00e9er n\u00e4r du marknadsf\u00f6r ditt f\u00f6retag? Oavsett om det \u00e4r inneh\u00e5ll i sociala medier, bloggar, din egen PR och mer, s\u00e5 \u00e4r vi h\u00e4r f\u00f6r att hj\u00e4lpa dig. Vi genomf\u00f6r en storskalig konsumentkampanj som leds av PR-experter \u00f6ver hela Europa, s\u00e5 varf\u00f6r inte anv\u00e4nda v\u00e5rt inneh\u00e5ll som en startplatta f\u00f6r ditt eget? Kolla in v\u00e5ra bloggar och pressmeddelanden, bl\u00e4ddra i v\u00e5r bildbank och bes\u00f6k oss p\u00e5 Instagram, Pinterest och Facebook. Du \u00e4r v\u00e4lkommen att kopiera, anpassa och njuta av v\u00e5rt inneh\u00e5ll![\/vc_column_text][vc_column_text]<a href=\"https:\/\/se.weihnachtsstern.de\/\">Bes\u00f6k omr\u00e5det f\u00f6r konsumenter &gt;&gt;<\/a>[\/vc_column_text][\/vc_column][vc_column width=&#8221;1\/2&#8243;][vc_single_image image=&#8221;5183&#8243; img_size=&#8221;full&#8221;][\/vc_column][\/vc_row][vc_row el_class=&#8221;pfe-flexibel-abstand&#8221;][vc_column][vc_empty_space height=&#8221;50px&#8221;][\/vc_column][\/vc_row][vc_row][vc_column width=&#8221;1\/2&#8243;][vc_single_image image=&#8221;5121&#8243; img_size=&#8221;full&#8221;][\/vc_column][vc_column width=&#8221;1\/2&#8243;][vc_custom_heading text=&#8221;Kontakta oss f\u00f6r att veta mer&#8221; use_theme_fonts=&#8221;yes&#8221; el_class=&#8221;pfe-small2&#8243;][vc_column_text]S\u00e4ljer du julstj\u00e4rnor fr\u00e5n ett tr\u00e4dg\u00e5rdscenter, blomsteraff\u00e4r eller n\u00e5gon form av butik? Vi kan st\u00f6tta dig. Komma i kontakt. Vi ser fram emot att h\u00f6ra av dig![\/vc_column_text][vc_column_text]<a href=\"\/se\/kontakt\/\">Kontakt &gt;&gt;<\/a>[\/vc_column_text][\/vc_column][\/vc_row]<\/p><\/div><div class=\"acf-fields-container\" data-post-id=\"653\" data-canto-acf=\"true\"><\/div><style>\r\n        .acf-fields-container {\r\n            margin: 2em 0;\r\n            width: 100%;\r\n            clear: both;\r\n        }\r\n        .acf-field-image {\r\n            margin: 1.5em 0;\r\n            position: relative;\r\n        }\r\n        .acf-field-label {\r\n            margin-bottom: 1em;\r\n        }\r\n        .acf-image {\r\n            max-width: 100%;\r\n            height: auto;\r\n            display: block;\r\n            margin: 1em 0;\r\n        }\r\n    <\/style>","protected":false},"excerpt":{"rendered":"<p>[vc_row][vc_column][vc_custom_heading text=&#8221;S\u00e4ljer du julstj\u00e4rnor? Vi kan hj\u00e4lpa dig \u00f6ka f\u00f6rs\u00e4ljningen.&#8221; font_container=&#8221;tag:h2|text_align:center&#8221; use_theme_fonts=&#8221;yes&#8221; el_class=&#8221;pfe-small2&#8243; el_id=&#8221;saljer&#8221;][vc_column_text] Vi erbjuder expertr\u00e5dgivning inom marknadsf\u00f6ring och f\u00f6rs\u00e4ljning. Vi kan \u00e4ven bist\u00e5 med resurser som material f\u00f6r f\u00f6rs\u00e4ljningsst\u00e4llen, gratis professionell fotografering, skriftligt inneh\u00e5ll och videor \u2013 allt f\u00f6r att \u00f6ka din f\u00f6rs\u00e4ljning. Anv\u00e4nd g\u00e4rna v\u00e5rt inneh\u00e5ll f\u00f6r din egen marknadsf\u00f6ring, f\u00f6r att [&hellip;]<\/p>\n","protected":false},"author":1,"featured_media":4377,"parent":0,"menu_order":0,"comment_status":"closed","ping_status":"closed","template":"template-parts\/pfe-trade.php","meta":{"_acf_changed":false,"footnotes":""},"class_list":["post-653","page","type-page","status-publish","has-post-thumbnail","hentry"],"acf":[],"_links":{"self":[{"href":"https:\/\/sfe-trade.com\/se\/wp-json\/wp\/v2\/pages\/653","targetHints":{"allow":["GET"]}}],"collection":[{"href":"https:\/\/sfe-trade.com\/se\/wp-json\/wp\/v2\/pages"}],"about":[{"href":"https:\/\/sfe-trade.com\/se\/wp-json\/wp\/v2\/types\/page"}],"author":[{"embeddable":true,"href":"https:\/\/sfe-trade.com\/se\/wp-json\/wp\/v2\/users\/1"}],"replies":[{"embeddable":true,"href":"https:\/\/sfe-trade.com\/se\/wp-json\/wp\/v2\/comments?post=653"}],"version-history":[{"count":115,"href":"https:\/\/sfe-trade.com\/se\/wp-json\/wp\/v2\/pages\/653\/revisions"}],"predecessor-version":[{"id":7322,"href":"https:\/\/sfe-trade.com\/se\/wp-json\/wp\/v2\/pages\/653\/revisions\/7322"}],"wp:featuredmedia":[{"embeddable":true,"href":"https:\/\/sfe-trade.com\/se\/wp-json\/wp\/v2\/media\/4377"}],"wp:attachment":[{"href":"https:\/\/sfe-trade.com\/se\/wp-json\/wp\/v2\/media?parent=653"}],"curies":[{"name":"wp","href":"https:\/\/api.w.org\/{rel}","templated":true}]}}