{"id":648,"date":"2021-12-27T18:17:47","date_gmt":"2021-12-27T18:17:47","guid":{"rendered":"https:\/\/weihnachtsstern.kinsta.cloud\/se\/?page_id=648"},"modified":"2024-07-19T12:57:16","modified_gmt":"2024-07-19T10:57:16","slug":"bransch","status":"publish","type":"page","link":"https:\/\/sfe-trade.com\/se\/","title":{"rendered":"Bransch"},"content":{"rendered":"<div class=\"wpb-content-wrapper\"><p>[vc_row][vc_column][vc_custom_heading text=&#8221;M\u00f6jligheter f\u00f6r alla industrisektorer&#8221; font_container=&#8221;tag:h2|text_align:center&#8221; use_theme_fonts=&#8221;yes&#8221; el_class=&#8221;pfe-small2&#8243; el_id=&#8221;mojligheter&#8221;][\/vc_column][\/vc_row][vc_row][vc_column][vc_column_text]<\/p>\n<p style=\"text-align: center\">P\u00e5 Stars for Europe riktar vi oss direkt till dina slutkunder genom att marknadsf\u00f6ra julstj\u00e4rnornas m\u00e5nga f\u00f6rdelar genom v\u00e5r omfattande kampanj f\u00f6r konsumentfr\u00e4mjande \u00e5tg\u00e4rder. P\u00e5 s\u00e5 s\u00e4tt inspirerar vi st\u00e4ndigt nya m\u00e5lgrupper och s\u00e4kerst\u00e4ller l\u00e5ngsiktig f\u00f6rs\u00e4ljning av julstj\u00e4rnor i framtiden.<\/p>\n<p style=\"text-align: center\">Men h\u00e4r hittar du ocks\u00e5 en m\u00e4ngd information f\u00f6r att st\u00f6dja din verksamhet direkt, fr\u00e5n produktuppgraderingar till tips f\u00f6r f\u00f6rs\u00e4ljningspresentationer, r\u00e5d om handelsk\u00f6tsel samt material f\u00f6r f\u00f6rs\u00e4ljningsst\u00e4llen, digitala verktyg och resurser f\u00f6r din marknadsf\u00f6ring. Ta reda p\u00e5 hur vi kan st\u00f6dja dig och ut\u00f6ka dina m\u00f6jligheter att marknadsf\u00f6ra julstj\u00e4rnor. Bli involverad och utforska v\u00e5rt projekt.<\/p>\n<p>[\/vc_column_text][\/vc_column][\/vc_row][vc_row][vc_column][vc_column_text][\/vc_column_text][\/vc_column][\/vc_row][vc_row gap=&#8221;30&#8243;][vc_column width=&#8221;1\/3&#8243;][vc_single_image image=&#8221;5144&#8243; img_size=&#8221;full&#8221;][vc_custom_heading text=&#8221;Odlar du julstj\u00e4rnor?&#8221; font_container=&#8221;tag:h3|text_align:left&#8221; use_theme_fonts=&#8221;yes&#8221; el_class=&#8221;pfe-small&#8221;][vc_column_text]Som producent \u00e4r du viktig i SfE:s kampanjer: allt vi g\u00f6r syftar till att \u00f6ka din f\u00f6rs\u00e4ljning b\u00e5de via B2C och B2B. marknadsf\u00f6ring. H\u00e4r \u00e4r n\u00e5gra av de ytterligare s\u00e4tt som du kan dra nytta av.[\/vc_column_text][vc_column_text]<a href=\"\/se\/odlare\/\">Uppt\u00e4ck m\u00f6jligheter f\u00f6r producenter &gt;&gt;<\/a>[\/vc_column_text][\/vc_column][vc_column width=&#8221;1\/3&#8243;][vc_single_image image=&#8221;5145&#8243; img_size=&#8221;full&#8221;][vc_custom_heading text=&#8221;S\u00e4ljer du julstj\u00e4rnor?&#8221; font_container=&#8221;tag:h3|text_align:left&#8221; use_theme_fonts=&#8221;yes&#8221; el_class=&#8221;pfe-small&#8221;][vc_column_text]V\u00e5rt m\u00e5l \u00e4r att uppmuntra fler konsumenter att bli f\u00f6r\u00e4lskade i julstj\u00e4rnor och k\u00f6pa s\u00e5 m\u00e5nga som m\u00f6jligt varje \u00e5r. Vi erbjuder en rad gratis marknadsf\u00f6ringsmaterial och verktyg som hj\u00e4lper dig att \u00f6ka din f\u00f6rs\u00e4ljning.[\/vc_column_text][vc_column_text]<a href=\"\/se\/aterforsaljare\/\">Uppt\u00e4ck m\u00f6jligheter f\u00f6r \u00e5terf\u00f6rs\u00e4ljare &gt;&gt;<\/a>[\/vc_column_text][\/vc_column][vc_column width=&#8221;1\/3&#8243;][vc_single_image image=&#8221;5146&#8243; img_size=&#8221;full&#8221;][vc_custom_heading text=&#8221;Letar du efter pressinformation?&#8221; font_container=&#8221;tag:h3|text_align:left&#8221; use_theme_fonts=&#8221;yes&#8221; el_class=&#8221;pfe-small&#8221;][vc_column_text]Letar du efter pressinformation och professionella fotografier med julstj\u00e4rnor? D\u00e5 har du har kommit till r\u00e4tt st\u00e4lle..[\/vc_column_text][vc_column_text]<a href=\"\/se\/handelsnyheter\/\">Pressinformation &gt;&gt;<\/a>[\/vc_column_text][\/vc_column][\/vc_row][vc_row][vc_column][\/vc_column][\/vc_row][vc_row el_class=&#8221;pfe-greenborderbox&#8221;][vc_column width=&#8221;2\/3&#8243;][vc_single_image image=&#8221;5154&#8243; img_size=&#8221;full&#8221;][\/vc_column][vc_column width=&#8221;1\/3&#8243;][vc_custom_heading text=&#8221;\u00c4r du odlare?&#8221; use_theme_fonts=&#8221;yes&#8221; el_class=&#8221;pfe-small&#8221;][vc_column_text]Om du representerar ett odlingsf\u00f6retag och vill veta vad ditt st\u00f6d kan tillf\u00f6ra gruppen, ta g\u00e4rna kontakt med oss.<\/p>\n<p><strong>Projektledning<br \/>\n<\/strong>Stars for Europe,<br \/>\n<strong>Dr. Susanne Lux,<\/strong><br \/>\n<strong>Phone:<\/strong> + 49 2644 981333,<br \/>\n<strong>Email:<\/strong> <a href=\"mailto:susanne.lux@meclux.de\">susanne.lux@meclux.de<\/a>[\/vc_column_text][\/vc_column][\/vc_row][vc_row][vc_column][vc_empty_space height=&#8221;75px&#8221;][\/vc_column][\/vc_row][vc_row disable_element=&#8221;yes&#8221;][vc_column width=&#8221;1\/2&#8243;][vc_custom_heading text=&#8221;Wer steckt hinter Stars for Europe?&#8221; use_theme_fonts=&#8221;yes&#8221; el_class=&#8221;pfe-small&#8221;][vc_column_text]Stars for Europe (SfE) ist die Marketinginitiative der europ\u00e4ischen Weihnachtssternz\u00fcchter Beekenkamp Plants, D\u00fcmmen Orange, Selecta One, und Syngenta Flowers. Die Initiative wurde im Jahr 2000 mit dem Ziel gegr\u00fcndet, den Weihnachtsstern-Absatz in Europa zu f\u00f6rdern und langfristig zu sichern. Unter dem Dach von Green Marketing Europe (GME) leitet Dr. Susanne Lux die Stars for Europe-Kampagne mit einem Team von engagierten Mitarbeitern und Freiberuflern. Mit einem Netzwerk von Agenturen und Freiberuflern produziert SfE Materialien und f\u00fchrt Kampagnen in 22 europ\u00e4ischen L\u00e4ndern durch.[\/vc_column_text][\/vc_column][vc_column width=&#8221;1\/2&#8243;][vc_single_image image=&#8221;3754&#8243; img_size=&#8221;full&#8221;][\/vc_column][\/vc_row][vc_row][vc_column][vc_empty_space height=&#8221;75px&#8221;][\/vc_column][\/vc_row][vc_row][vc_column][vc_single_image image=&#8221;7285&#8243; img_size=&#8221;full&#8221; alignment=&#8221;center&#8221;][\/vc_column][\/vc_row]<\/p><\/div><div class=\"acf-fields-container\" data-post-id=\"648\" data-canto-acf=\"true\"><\/div><style>\r\n        .acf-fields-container {\r\n            margin: 2em 0;\r\n            width: 100%;\r\n            clear: both;\r\n        }\r\n        .acf-field-image {\r\n            margin: 1.5em 0;\r\n            position: relative;\r\n        }\r\n        .acf-field-label {\r\n            margin-bottom: 1em;\r\n        }\r\n        .acf-image {\r\n            max-width: 100%;\r\n            height: auto;\r\n            display: block;\r\n            margin: 1em 0;\r\n        }\r\n    <\/style>","protected":false},"excerpt":{"rendered":"<p>[vc_row][vc_column][vc_custom_heading text=&#8221;M\u00f6jligheter f\u00f6r alla industrisektorer&#8221; font_container=&#8221;tag:h2|text_align:center&#8221; use_theme_fonts=&#8221;yes&#8221; el_class=&#8221;pfe-small2&#8243; el_id=&#8221;mojligheter&#8221;][\/vc_column][\/vc_row][vc_row][vc_column][vc_column_text] P\u00e5 Stars for Europe riktar vi oss direkt till dina slutkunder genom att marknadsf\u00f6ra julstj\u00e4rnornas m\u00e5nga f\u00f6rdelar genom v\u00e5r omfattande kampanj f\u00f6r konsumentfr\u00e4mjande \u00e5tg\u00e4rder. P\u00e5 s\u00e5 s\u00e4tt inspirerar vi st\u00e4ndigt nya m\u00e5lgrupper och s\u00e4kerst\u00e4ller l\u00e5ngsiktig f\u00f6rs\u00e4ljning av julstj\u00e4rnor i framtiden. Men h\u00e4r hittar du ocks\u00e5 en [&hellip;]<\/p>\n","protected":false},"author":1,"featured_media":5142,"parent":0,"menu_order":0,"comment_status":"closed","ping_status":"closed","template":"template-parts\/pfe-trade.php","meta":{"_acf_changed":false,"footnotes":""},"class_list":["post-648","page","type-page","status-publish","has-post-thumbnail","hentry"],"acf":[],"_links":{"self":[{"href":"https:\/\/sfe-trade.com\/se\/wp-json\/wp\/v2\/pages\/648","targetHints":{"allow":["GET"]}}],"collection":[{"href":"https:\/\/sfe-trade.com\/se\/wp-json\/wp\/v2\/pages"}],"about":[{"href":"https:\/\/sfe-trade.com\/se\/wp-json\/wp\/v2\/types\/page"}],"author":[{"embeddable":true,"href":"https:\/\/sfe-trade.com\/se\/wp-json\/wp\/v2\/users\/1"}],"replies":[{"embeddable":true,"href":"https:\/\/sfe-trade.com\/se\/wp-json\/wp\/v2\/comments?post=648"}],"version-history":[{"count":210,"href":"https:\/\/sfe-trade.com\/se\/wp-json\/wp\/v2\/pages\/648\/revisions"}],"predecessor-version":[{"id":7286,"href":"https:\/\/sfe-trade.com\/se\/wp-json\/wp\/v2\/pages\/648\/revisions\/7286"}],"wp:featuredmedia":[{"embeddable":true,"href":"https:\/\/sfe-trade.com\/se\/wp-json\/wp\/v2\/media\/5142"}],"wp:attachment":[{"href":"https:\/\/sfe-trade.com\/se\/wp-json\/wp\/v2\/media?parent=648"}],"curies":[{"name":"wp","href":"https:\/\/api.w.org\/{rel}","templated":true}]}}