{"id":487,"date":"2021-12-17T12:27:34","date_gmt":"2021-12-17T12:27:34","guid":{"rendered":"https:\/\/weihnachtsstern.kinsta.cloud\/se\/?page_id=487"},"modified":"2024-09-23T15:26:51","modified_gmt":"2024-09-23T13:26:51","slug":"tryck","status":"publish","type":"page","link":"https:\/\/sfe-trade.com\/se\/tryck\/","title":{"rendered":"Tryck"},"content":{"rendered":"<div class=\"wpb-content-wrapper\"><p>[vc_row][vc_column][vc_custom_heading text=&#8221;Sekretesspolicy&#8221; use_theme_fonts=&#8221;yes&#8221;][vc_column_text]Ansvarig i betydelsen \u00a7 6 Teledienstgesetz eller Mediendienste StaatsVertrag \u00e4r:[\/vc_column_text][vc_column_text css=&#8221;&#8221;]Stars for Europe GBR,<br \/>\nC\/O Central Horticultural Association,<br \/>\nBornheimerstra\u00dfe 37<br \/>\n53111 Bonn<br \/>\nTyskland<br \/>\nVD: Leendert Hoogendoorn \/ European Project Management: Dr. Susanne Lux[\/vc_column_text][vc_column_text]Telefon: + 49 2644 981333<br \/>\nE-post: susanne.lux(at)meclux.de[\/vc_column_text][vc_column_text]Moms ID: DE815617238<br \/>\nSkattenummer: 206\/5802\/0875[\/vc_column_text][vc_custom_heading text=&#8221;Varning&#8221; use_theme_fonts=&#8221;yes&#8221;][vc_column_text]Inneh\u00e5llet i denna reklamkampanj \u00e5terspeglar bara f\u00f6rfattarens \u00e5sikter och \u00e4r hens<br \/>\nenda ansvar. Europeiska kommissionen och den europeiska<br \/>\nExecutive Agency for Research (REA) accepterar inget ansvar f\u00f6r varje \u00e5teranv\u00e4ndning av information som finns h\u00e4r.[\/vc_column_text][\/vc_column][\/vc_row]<\/p><\/div><div class=\"acf-fields-container\" data-post-id=\"487\" data-canto-acf=\"true\"><\/div><style>\r\n        .acf-fields-container {\r\n            margin: 2em 0;\r\n            width: 100%;\r\n            clear: both;\r\n        }\r\n        .acf-field-image {\r\n            margin: 1.5em 0;\r\n            position: relative;\r\n        }\r\n        .acf-field-label {\r\n            margin-bottom: 1em;\r\n        }\r\n        .acf-image {\r\n            max-width: 100%;\r\n            height: auto;\r\n            display: block;\r\n            margin: 1em 0;\r\n        }\r\n    <\/style>","protected":false},"excerpt":{"rendered":"<p>[vc_row][vc_column][vc_custom_heading text=&#8221;Sekretesspolicy&#8221; use_theme_fonts=&#8221;yes&#8221;][vc_column_text]Ansvarig i betydelsen \u00a7 6 Teledienstgesetz eller Mediendienste StaatsVertrag \u00e4r:[\/vc_column_text][vc_column_text css=&#8221;&#8221;]Stars for Europe GBR, C\/O Central Horticultural Association, Bornheimerstra\u00dfe 37 53111 Bonn Tyskland VD: Leendert Hoogendoorn \/ European Project Management: Dr. Susanne Lux[\/vc_column_text][vc_column_text]Telefon: + 49 2644 981333 E-post: susanne.lux(at)meclux.de[\/vc_column_text][vc_column_text]Moms ID: DE815617238 Skattenummer: 206\/5802\/0875[\/vc_column_text][vc_custom_heading text=&#8221;Varning&#8221; use_theme_fonts=&#8221;yes&#8221;][vc_column_text]Inneh\u00e5llet i denna reklamkampanj \u00e5terspeglar bara f\u00f6rfattarens \u00e5sikter och [&hellip;]<\/p>\n","protected":false},"author":1,"featured_media":0,"parent":0,"menu_order":0,"comment_status":"closed","ping_status":"closed","template":"","meta":{"_acf_changed":false,"footnotes":""},"class_list":["post-487","page","type-page","status-publish","hentry"],"acf":[],"_links":{"self":[{"href":"https:\/\/sfe-trade.com\/se\/wp-json\/wp\/v2\/pages\/487","targetHints":{"allow":["GET"]}}],"collection":[{"href":"https:\/\/sfe-trade.com\/se\/wp-json\/wp\/v2\/pages"}],"about":[{"href":"https:\/\/sfe-trade.com\/se\/wp-json\/wp\/v2\/types\/page"}],"author":[{"embeddable":true,"href":"https:\/\/sfe-trade.com\/se\/wp-json\/wp\/v2\/users\/1"}],"replies":[{"embeddable":true,"href":"https:\/\/sfe-trade.com\/se\/wp-json\/wp\/v2\/comments?post=487"}],"version-history":[{"count":17,"href":"https:\/\/sfe-trade.com\/se\/wp-json\/wp\/v2\/pages\/487\/revisions"}],"predecessor-version":[{"id":7298,"href":"https:\/\/sfe-trade.com\/se\/wp-json\/wp\/v2\/pages\/487\/revisions\/7298"}],"wp:attachment":[{"href":"https:\/\/sfe-trade.com\/se\/wp-json\/wp\/v2\/media?parent=487"}],"curies":[{"name":"wp","href":"https:\/\/api.w.org\/{rel}","templated":true}]}}