{"id":7073,"date":"2023-12-04T13:43:52","date_gmt":"2023-12-04T12:43:52","guid":{"rendered":"https:\/\/sfe-trade.com\/ro\/?page_id=7073"},"modified":"2023-12-13T14:47:50","modified_gmt":"2023-12-13T13:47:50","slug":"despre-proiect","status":"publish","type":"page","link":"https:\/\/sfe-trade.com\/ro\/despre-proiect\/","title":{"rendered":"Despre proiect"},"content":{"rendered":"<div class=\"wpb-content-wrapper\"><p>[vc_row][vc_column width=&#8221;1\/2&#8243;][vc_column_text]<\/p>\n<p>[\/vc_column_text][vc_column_text]<\/p>\n<p>[\/vc_column_text][vc_column_text]Mu\u0219cate pentru Europa \u0219i Cr\u0103ciuni\u021be pentru Europa sunt campanii surori, una promoveaz\u0103 mu\u0219catele prim\u0103vara \u0219i vara, iar cealalt\u0103 promoveaz\u0103 cr\u0103ciuni\u021bele toamna \u0219i iarna. Pe aceast\u0103 pagin\u0103 pute\u021bi vedea detaliile campaniilor noastre de promovare finan\u021bate de UE, active \u00een prezent, pentru ambele produse.[\/vc_column_text][\/vc_column][vc_column width=&#8221;1\/2&#8243;][vc_single_image image=&#8221;7079&#8243; img_size=&#8221;1050&#215;433&#8243;][\/vc_column][\/vc_row][vc_row][vc_column][vc_row_inner][vc_column_inner width=&#8221;1\/2&#8243;][vc_custom_heading text=&#8221;Campania UE 101094149&#8243; font_container=&#8221;tag:h3|text_align:left&#8221; use_theme_fonts=&#8221;yes&#8221;][vc_column_text]<strong>Ani activi:<\/strong> 2023 &#8211; 2026<br \/>\n<strong>\u021a\u0103ri:<\/strong> Bulgaria, Croa\u021bia, Republica Ceh\u0103, Ungaria, Rom\u00e2nia, Slovacia[\/vc_column_text][\/vc_column_inner][vc_column_inner width=&#8221;1\/2&#8243;][vc_single_image image=&#8221;7077&#8243; img_size=&#8221;full&#8221; alignment=&#8221;right&#8221;][\/vc_column_inner][\/vc_row_inner][\/vc_column][\/vc_row][vc_row][vc_column width=&#8221;1\/3&#8243;][vc_column_text]<strong>Beneficiari:<\/strong><br \/>\nMu\u0219cate pentru Europa<br \/>\nCr\u0103ciuni\u021be pentru Europa[\/vc_column_text][\/vc_column][vc_column width=&#8221;1\/3&#8243;][vc_column_text]<strong>Organismele de punere \u00een aplicare:<\/strong><br \/>\nBulgaria: Grayling<br \/>\nCroa\u021bia: Val Group \/ Produkt<br \/>\nRepublica Ceh\u0103: Grayling<br \/>\nRom\u00e2nia: Grayling \/ Deci Se Poate<br \/>\nUngaria: L\u0103m\u00e2ie ro\u0219ie<br \/>\nSlovacia: Grayling[\/vc_column_text][\/vc_column][vc_column width=&#8221;1\/3&#8243;][vc_column_text]<strong>Detalii de contact ale coordonatorului:<\/strong><br \/>\nDr. Susanne Lux<br \/>\n<a href=\"mailto:susanne.lux@meclux.de\">E-mail: susanne.lux@meclux.de<\/a>[\/vc_column_text][\/vc_column][\/vc_row][vc_row][vc_column][vc_custom_heading text=&#8221;Rezumatul proiectului:&#8221; font_container=&#8221;tag:h3|text_align:left&#8221; use_theme_fonts=&#8221;yes&#8221;][vc_column_text]Stars Unite (a) Europe in Bloom este o campanie comun\u0103 sus\u021binut\u0103 de cresc\u0103torii europeni de poinsettia (SfE) \u0219i pelargonium (PfE), care reprezint\u0103 o mare parte din produc\u021bia ornamental\u0103 a UE. Ea presupune fuziunea celor dou\u0103 proiecte, mesajele lor rezon\u00e2nd puternic \u00eempreun\u0103, cu oportunit\u0103\u021bi pe tot parcursul anului. Acesta va fi lansat \u00een BG, HR, CZ, HU, RO \u0219i SK, \u00een urma unor proiecte de succes finan\u021bate de industrie. Acesta are un impact prin cre\u0219terea gradului de con\u0219tientizare a meritelor poinsettiei \u0219i pelargoniilor produse \u00een UE, prin sporirea competitivit\u0103\u021bii \u0219i a consumului acestora, prin cre\u0219terea profilului lor \u0219i prin cre\u0219terea cotei de pia\u021b\u0103. Ra\u021bionamentul s\u0103u pune \u00een eviden\u021b\u0103 eficien\u021ba, utiliz\u00e2nd ofertele campaniilor UE \u00een curs de desf\u0103\u0219urare \u00een alte \u021b\u0103ri.[\/vc_column_text][vc_single_image image=&#8221;7075&#8243; img_size=&#8221;full&#8221;][\/vc_column][\/vc_row][vc_row][vc_column][vc_column_text]La nivelul B2C, mesajele cheie eviden\u021biaz\u0103 calitatea, diversitatea, versatilitatea \u0219i frumuse\u021bea plantelor cultivate \u00een UE, precum \u0219i tradi\u021biile aferente &#8211; un aspect important, deoarece, \u00een cultura european\u0103, poinsettia este str\u00e2ns legat\u0103 de Cr\u0103ciun, iar pelargoniile sunt renumite pentru c\u0103 \u00eempodobesc ora\u0219ele \u0219i satele din \u00eentreaga Europ\u0103 \u0219i joac\u0103 un rol cultural \u00een timpul prim\u0103verii. Mesajele cheie includ, de asemenea, caracteristicile de durabilitate ale longevit\u0103\u021bii \u0219i localit\u0103\u021bii, deoarece, cu o \u00eengrijire adecvat\u0103, aceste plante dureaz\u0103 mai mult dec\u00e2t se crede, \u00een timp ce v\u00e2nz\u0103rile sprijin\u0103 dezvoltarea horticulturii locale. Mesajele prezint\u0103 gr\u0103din\u0103ritul \u0219i aranjamentul floral ca fiind aduc\u0103toare de bun\u0103stare &#8211; legate de beneficii tangibile pentru s\u0103n\u0103tate. La nivelul B2B, proiectul sensibilizeaz\u0103 publicul cu privire la produc\u021bia durabil\u0103.[\/vc_column_text][vc_single_image image=&#8221;7076&#8243; img_size=&#8221;full&#8221;][\/vc_column][\/vc_row][vc_row el_class=&#8221;pfe-flexibel-abstand&#8221;][vc_column][vc_column_text]Mesajele cheie sunt transmise prin canalele media diferite &#8211; print, online, TV, radio, social media \u0219i evenimente memorabile. Sunt vizate audien\u021be diferite, \u00een func\u021bie de produs \u0219i subiect, iar mesajele sunt subliniate cu ajutorul emo\u021biilor prin stilizarea fotografiilor, videoclipurilor, graficii \u0219i editorialului. Pentru a stimula v\u00e2nz\u0103rile, resursele PoS \u0219i sfaturile privind \u00eengrijirea \u0219i promovarea vin \u00een sprijinul comercian\u021bilor cu am\u0103nuntul. \u00centregul lan\u021b de aprovizionare va avea acces la resurse \u0219i \u0219tiri prin intermediul comunic\u0103rii comerciale \u0219i al colabor\u0103rii cu industria.[\/vc_column_text][\/vc_column][\/vc_row][vc_row el_class=&#8221;pfe-flexibel-abstand&#8221;][vc_column][vc_custom_heading text=&#8221;EU campaign SfE-101015360&#8243; font_container=&#8221;tag:h3|text_align:left&#8221; use_theme_fonts=&#8221;yes&#8221;][vc_row_inner][vc_column_inner width=&#8221;1\/3&#8243;][vc_column_text]<strong>Ani:<\/strong> 2021 &#8211; 2024<br \/>\n<strong>\u021a\u0103ri:<\/strong> Germania, Fran\u021ba, Italia, Spania, Olanda, Polonia, Suedia[\/vc_column_text][\/vc_column_inner][vc_column_inner width=&#8221;1\/3&#8243;][vc_column_text]<strong>Beneficiari: <\/strong>Cr\u0103ciuni\u021be pentru Europa[\/vc_column_text][\/vc_column_inner][vc_column_inner width=&#8221;1\/3&#8243;][vc_column_text]<strong>Detalii de contact ale coordonatorului:<\/strong><br \/>\nDr. Susanne Lux<br \/>\n<a href=\"mailto:susanne.lux@meclux.de\">E-mail: susanne.lux@meclux.de<\/a>[\/vc_column_text][\/vc_column_inner][\/vc_row_inner][\/vc_column][\/vc_row][vc_row el_class=&#8221;pfe-flexibel-abstand&#8221;][vc_column width=&#8221;1\/2&#8243;][vc_custom_heading text=&#8221;Rezumatul proiectului:&#8221; font_container=&#8221;tag:h3|text_align:left&#8221; use_theme_fonts=&#8221;yes&#8221;][vc_column_text]Sub sloganul &#8222;Cr\u0103ciuni\u021be unesc Europa&#8221;, aceast\u0103 campanie UE 2021-24 are ca scop promovarea \u0219i asigurarea viitorului pe termen lung al v\u00e2nz\u0103rilor de cr\u0103ciuni\u021be \u00een Europa. Cr\u0103ciuni\u021bele, cunoscute uneori sub numele de Stele de Cr\u0103ciun, sunt un exemplu str\u0103lucitor al progresului horticol european. Campania cuprinde PR clasic, marketing digital \u0219i diverse activit\u0103\u021bi promo\u021bionale, precum \u0219i comunicarea cu industria, activarea \u0219i asigurarea calit\u0103\u021bii.[\/vc_column_text][\/vc_column][vc_column width=&#8221;1\/2&#8243;][vc_column_text][\/vc_column_text][vc_single_image image=&#8221;7074&#8243; img_size=&#8221;full&#8221; alignment=&#8221;center&#8221;][\/vc_column][\/vc_row][vc_row][vc_column][vc_column_text]Campania se desf\u0103\u0219oar\u0103 \u00een \u0219apte \u021b\u0103ri ale UE, cu obiective \u0219i mesaje-cheie definite cu aten\u021bie pentru a se potrivi grupurilor \u021bint\u0103 relevante: jurnali\u0219ti, influenceri, industria ecologic\u0103 \u0219i comercian\u021bi cu am\u0103nuntul, ating\u00e2nd \u00een cele din urm\u0103 dou\u0103 grupuri de baz\u0103 de consumatori finali. Primul este reprezentat de persoanele cu v\u00e2rste cuprinse \u00eentre 50 \u0219i 65 de ani (&#8222;New Life Builders&#8221;), care au ajuns \u00eentr-o etap\u0103 de restructurare a vie\u021bii, deoarece copiii lor au plecat de acas\u0103 sau au ajuns la finalul carierei profesionale. Acest grup este important, deoarece trebuie s\u0103 devin\u0103 viitorii cump\u0103r\u0103tori frecven\u021bi. Al doilea grup \u021bint\u0103 este reprezentat de persoanele cu v\u00e2rste cuprinse \u00eentre 25 \u0219i 35 de ani (&#8222;Family or Career Builders&#8221;), care au ajuns, de asemenea, \u00eentr-o etap\u0103 de reorientare a vie\u021bii, dup\u0103 ce fie au \u00eenceput o carier\u0103 profesional\u0103, fie \u0219i-au \u00eentemeiat o familie sau ambele.[\/vc_column_text][\/vc_column][\/vc_row][vc_row][vc_column][vc_column_text]Pentru a asigura v\u00e2nz\u0103rile pe termen lung, activit\u0103\u021bile vizeaz\u0103 \u00eembun\u0103t\u0103\u021birea percep\u021biei publice asupra cr\u0103ciuni\u021belor &#8211; concentr\u00e2ndu-se pe durabilitatea \u0219i imaginea acesteia, precum \u0219i pe consolidarea leg\u0103turii tradi\u021bionale cu Cr\u0103ciunul, cea mai important\u0103 s\u0103rb\u0103toare european\u0103. Aceast\u0103 strategie implic\u0103 promovarea calit\u0103\u021bii, durabilit\u0103\u021bii \u0219i versatilit\u0103\u021bii cr\u0103ciuni\u021bei europene moderne. Campania este construit\u0103 \u00een jurul unor subiecte specifice, imagini, texte, videoclipuri, site-uri web, machete, prezen\u021b\u0103 \u00een re\u021belele sociale \u0219i materiale pentru punctele de v\u00e2nzare. Aceste resurse sunt r\u0103sp\u00e2ndite prin intermediul comunic\u0103rii la nivel de \u021bar\u0103 cu industria, comer\u021bul, mass-media \u0219i canalele directe c\u0103tre consumatori, cu diverse m\u0103suri suplimentare pentru fiecare \u021bar\u0103 \u00een parte, cum ar fi colaborarea cu mass-media, evenimente \u0219i activ\u0103ri promo\u021bionale.[\/vc_column_text][\/vc_column][\/vc_row]<\/p><\/div><div class=\"acf-fields-container\" data-post-id=\"7073\" data-canto-acf=\"true\"><\/div><style>\r\n        .acf-fields-container {\r\n            margin: 2em 0;\r\n            width: 100%;\r\n            clear: both;\r\n        }\r\n        .acf-field-image {\r\n            margin: 1.5em 0;\r\n            position: relative;\r\n        }\r\n        .acf-field-label {\r\n            margin-bottom: 1em;\r\n        }\r\n        .acf-image {\r\n            max-width: 100%;\r\n            height: auto;\r\n            display: block;\r\n            margin: 1em 0;\r\n        }\r\n    <\/style>","protected":false},"excerpt":{"rendered":"<p>[vc_row][vc_column width=&#8221;1\/2&#8243;][vc_column_text] [\/vc_column_text][vc_column_text] [\/vc_column_text][vc_column_text]Mu\u0219cate pentru Europa \u0219i Cr\u0103ciuni\u021be pentru Europa sunt campanii surori, una promoveaz\u0103 mu\u0219catele prim\u0103vara \u0219i vara, iar cealalt\u0103 promoveaz\u0103 cr\u0103ciuni\u021bele toamna \u0219i iarna. Pe aceast\u0103 pagin\u0103 pute\u021bi vedea detaliile campaniilor noastre de promovare finan\u021bate de UE, active \u00een prezent, pentru ambele produse.[\/vc_column_text][\/vc_column][vc_column width=&#8221;1\/2&#8243;][vc_single_image image=&#8221;7079&#8243; img_size=&#8221;1050&#215;433&#8243;][\/vc_column][\/vc_row][vc_row][vc_column][vc_row_inner][vc_column_inner width=&#8221;1\/2&#8243;][vc_custom_heading text=&#8221;Campania UE 101094149&#8243; font_container=&#8221;tag:h3|text_align:left&#8221; use_theme_fonts=&#8221;yes&#8221;][vc_column_text]Ani activi: [&hellip;]<\/p>\n","protected":false},"author":26,"featured_media":7071,"parent":0,"menu_order":0,"comment_status":"closed","ping_status":"closed","template":"template-parts\/sfe-trade.php","meta":{"_acf_changed":false,"footnotes":""},"class_list":["post-7073","page","type-page","status-publish","has-post-thumbnail","hentry"],"acf":[],"_links":{"self":[{"href":"https:\/\/sfe-trade.com\/ro\/wp-json\/wp\/v2\/pages\/7073","targetHints":{"allow":["GET"]}}],"collection":[{"href":"https:\/\/sfe-trade.com\/ro\/wp-json\/wp\/v2\/pages"}],"about":[{"href":"https:\/\/sfe-trade.com\/ro\/wp-json\/wp\/v2\/types\/page"}],"author":[{"embeddable":true,"href":"https:\/\/sfe-trade.com\/ro\/wp-json\/wp\/v2\/users\/26"}],"replies":[{"embeddable":true,"href":"https:\/\/sfe-trade.com\/ro\/wp-json\/wp\/v2\/comments?post=7073"}],"version-history":[{"count":1,"href":"https:\/\/sfe-trade.com\/ro\/wp-json\/wp\/v2\/pages\/7073\/revisions"}],"predecessor-version":[{"id":7080,"href":"https:\/\/sfe-trade.com\/ro\/wp-json\/wp\/v2\/pages\/7073\/revisions\/7080"}],"wp:featuredmedia":[{"embeddable":true,"href":"https:\/\/sfe-trade.com\/ro\/wp-json\/wp\/v2\/media\/7071"}],"wp:attachment":[{"href":"https:\/\/sfe-trade.com\/ro\/wp-json\/wp\/v2\/media?parent=7073"}],"curies":[{"name":"wp","href":"https:\/\/api.w.org\/{rel}","templated":true}]}}