{"id":6883,"date":"2023-08-07T14:41:06","date_gmt":"2023-08-07T12:41:06","guid":{"rendered":"https:\/\/sfe-trade.com\/ro\/?page_id=6883"},"modified":"2023-08-14T00:08:39","modified_gmt":"2023-08-13T22:08:39","slug":"materiale-despre-calitate-si-ingrijire","status":"publish","type":"page","link":"https:\/\/sfe-trade.com\/ro\/materiale-despre-calitate-si-ingrijire\/","title":{"rendered":"Materiale despre calitate \u0219i \u00eengrijire"},"content":{"rendered":"<div class=\"wpb-content-wrapper\"><p>[vc_row][vc_column][vc_column_text el_id=&#8221;online-shop&#8221;]<strong>MATERIALE DESPRE CALITATE \u0218I \u00ceNGRIJIRE<\/strong><\/p>\n<p>Aceste pictograme \u0219i flyere despre \u00eengrijirea cr\u0103ciuni\u021belor sunt concepute pentru a fi afi\u0219ate \u00een pepiniere sau depozite, pot fi puse pe ambalaje \u0219i c\u0103rucioare sau pot fi folosite \u00een comunicarea digital\u0103. Alertele lor utile arat\u0103 personalului \u0219i furnizorilor cum s\u0103 aib\u0103 grij\u0103 de cr\u0103ciuni\u021be \u00een mod corespunz\u0103tor \u00een timpul v\u00e2nz\u0103rii \u0219i tranzitului, pentru a asigura plante de calitate mai lung\u0103.[\/vc_column_text][vc_tta_tabs][vc_tta_section title=&#8221;TOATE&#8221; tab_id=&#8221;1671444204398-d0530bc7-78c9&#8243;][vc_row_inner disable_element=&#8221;yes&#8221;][vc_column_inner width=&#8221;1\/3&#8243;][vc_single_image image=&#8221;6904&#8243; img_size=&#8221;pfe_medium&#8221; alignment=&#8221;center&#8221;][vc_column_text]<strong>Afi\u0219 pentru transport<\/strong><\/p>\n<p><a href=\"https:\/\/www.dropbox.com\/s\/do13f6n69itwhv3\/Poster%201.%20de_2018_qu_poster_3_print.pdf?dl=0\">Descarc\u0103<\/a> &gt;&gt;[\/vc_column_text][\/vc_column_inner][vc_column_inner width=&#8221;1\/3&#8243;][vc_single_image image=&#8221;6905&#8243; img_size=&#8221;pfe_medium&#8221; alignment=&#8221;center&#8221;][vc_column_text]<strong>Afi\u0219 pentru depozit<\/strong><\/p>\n<p><a href=\"https:\/\/www.dropbox.com\/s\/606xvy7d5q8qw7h\/Poster%202.%20de_2018_qu_poster_2_print.pdf?dl=0\">Descarc\u0103<\/a> &gt;&gt;[\/vc_column_text][\/vc_column_inner][vc_column_inner width=&#8221;1\/3&#8243;][vc_single_image image=&#8221;6906&#8243; img_size=&#8221;pfe_medium&#8221; alignment=&#8221;center&#8221;][vc_column_text]<strong>Afi\u0219 pentru transport \u0219i depozit<\/strong><\/p>\n<p><a href=\"https:\/\/www.dropbox.com\/s\/pkfw7uxg0pkta53\/Poster%203.%20de_2018_qu_poster_1_print-1.pdf?dl=0\">Descarc\u0103<\/a> &gt;&gt;[\/vc_column_text][\/vc_column_inner][\/vc_row_inner][vc_row_inner][vc_column_inner width=&#8221;1\/4&#8243;][vc_single_image image=&#8221;6894&#8243; img_size=&#8221;pfe_medium&#8221; alignment=&#8221;center&#8221;][vc_column_text]<strong>Cr\u0103ciuni\u021ba vesel\u0103<\/strong><\/p>\n<p><a href=\"https:\/\/www.dropbox.com\/s\/7votr3jw333p6jv\/1.%20stern_optimal.png?dl=0\">Descarc\u0103 PNG &gt;&gt;<\/a><br \/>\n<a href=\"https:\/\/www.dropbox.com\/s\/blfgbsga8nic6g6\/1.%20sfe_icons_bunt_optimal.pdf?dl=0\">Descarc\u0103 PDF &gt;&gt;<\/a><br \/>\n<a href=\"https:\/\/www.dropbox.com\/s\/tbwv08ebznf9ncl\/1.%20sfe_icons_sw_optimal.pdf?dl=0\">Descarc\u0103 PDF &gt;&gt;<\/a><br \/>\n<a href=\"https:\/\/www.dropbox.com\/s\/ky3hfpkbhenc14c\/1.%20sfe_icons_sw_optimal.tif?dl=0\">Descarc\u0103 TIFF &gt;&gt;<\/a>[\/vc_column_text][\/vc_column_inner][vc_column_inner width=&#8221;1\/4&#8243;][vc_single_image image=&#8221;6895&#8243; img_size=&#8221;pfe_medium&#8221; alignment=&#8221;center&#8221;][vc_column_text]<strong>Ambaleaz\u0103 cu grij\u0103 pentru<br \/>\ntransportul spre cas\u0103<\/strong><\/p>\n<p><a href=\"https:\/\/www.dropbox.com\/s\/r6rw8rt0vb67e04\/2.%20stern_einpacken.png?dl=0\">Descarc\u0103 PNG &gt;&gt;<\/a><br \/>\n<a href=\"https:\/\/www.dropbox.com\/s\/urwqj4sg5nnax8x\/2.%20sfe_icons_bunt_einpacken1.pdf?dl=0\">Descarc\u0103 PDF &gt;&gt;<\/a><br \/>\n<a href=\"https:\/\/www.dropbox.com\/s\/gv0u30kxqgnrk31\/2.%20sfe_icons_sw_einpacken.pdf?dl=0\">Descarc\u0103 PDF &gt;&gt;<\/a><br \/>\n<a href=\"https:\/\/www.dropbox.com\/s\/32gps8scnjgq570\/1.%20sfe_icons_sw_optimal.tif?dl=0\">Descarc\u0103 TIFF &gt;&gt;<\/a>[\/vc_column_text][\/vc_column_inner][vc_column_inner width=&#8221;1\/4&#8243;][vc_single_image image=&#8221;6897&#8243; img_size=&#8221;pfe_medium&#8221; alignment=&#8221;center&#8221;][vc_column_text]<strong>P\u0103streaz\u0103 la temperaturi de peste 12 \u00b0 C<\/strong><\/p>\n<p><a href=\"https:\/\/www.dropbox.com\/s\/3uc2c9vu5r3cz7l\/3.%20sfe_icons_bunt_temperatur-ohne.png?dl=0\">Descarc\u0103 PNG &gt;&gt;<\/a><br \/>\n<a href=\"https:\/\/www.dropbox.com\/s\/v7gyeyjy2r66b5m\/3.%20sfe_icons_bunt_temperatur-ohne.pdf?dl=0\">Descarc\u0103 PDF &gt;&gt;<\/a><br \/>\n<a href=\"https:\/\/www.dropbox.com\/s\/x1l8knrvxwp16e5\/3.%20sfe_icons_sw_temperatur-ohne.pdf?dl=0\">Descarc\u0103 PDF &gt;&gt;<\/a><br \/>\n<a href=\"https:\/\/www.dropbox.com\/s\/ke7j2du0kfh8c5h\/3.%20sfe_icons_sw_temperatur-ohne.tif?dl=0\">Descarc\u0103 TIFF &gt;&gt;<\/a>[\/vc_column_text][\/vc_column_inner][vc_column_inner width=&#8221;1\/4&#8243;][vc_single_image image=&#8221;6896&#8243; img_size=&#8221;pfe_medium&#8221; alignment=&#8221;center&#8221;][vc_column_text]<strong>Temperatura camerei<br \/>\n15-22 \u00b0 C<\/strong><\/p>\n<p><a href=\"https:\/\/www.dropbox.com\/s\/1dbud8odwkbdorf\/4.%20stern_temperatur.png?dl=0\">Descarc\u0103 PNG &gt;&gt;<\/a><br \/>\n<a href=\"https:\/\/www.dropbox.com\/s\/dn6mv5sm2syvh3o\/4.%20sfe_icons_bunt_temperatur.pdf?dl=0\">Descarc\u0103 PDF &gt;&gt;<\/a><br \/>\n<a href=\"https:\/\/www.dropbox.com\/s\/rm1jj7msh9rqmax\/4.%20sfe_icons_sw_temperatur.pdf?dl=0\">Descarc\u0103 PDF &gt;&gt;<\/a><br \/>\n<a href=\"https:\/\/www.dropbox.com\/s\/eq5st311fae8c8l\/4.%20sfe_icons_sw_temperatur.tif?dl=0\">Descarc\u0103 TIFF &gt;&gt;<\/a>[\/vc_column_text][\/vc_column_inner][\/vc_row_inner][vc_row_inner][vc_column_inner width=&#8221;1\/4&#8243;][vc_single_image image=&#8221;6898&#8243; img_size=&#8221;pfe_medium&#8221; alignment=&#8221;center&#8221;][vc_column_text]<strong>Nu \u021bine \u00een curent<\/strong><\/p>\n<p><a href=\"https:\/\/www.dropbox.com\/s\/zf90646xek6fuoi\/5.%20stern_zugluft.png?dl=0\">Descarc\u0103 PNG &gt;&gt;<\/a><br \/>\n<a href=\"https:\/\/www.dropbox.com\/s\/9jwkagzlz5l4twu\/5.%20sfe_icons_bunt_zugluft.pdf?dl=0\">Descarc\u0103 PDF &gt;&gt;<\/a><br \/>\n<a href=\"https:\/\/www.dropbox.com\/s\/52l1v5426hum3z9\/5.%20sfe_icons_sw_zugluft.pdf?dl=0\">Descarc\u0103 PDF &gt;&gt;<\/a><br \/>\n<a href=\"https:\/\/www.dropbox.com\/s\/b7cbc6efe4fd4qb\/5.%20sfe_icons_sw_zugluft.tif?dl=0\">Descarc\u0103 TIFF &gt;&gt;<\/a>[\/vc_column_text][\/vc_column_inner][vc_column_inner width=&#8221;1\/4&#8243;][vc_single_image image=&#8221;6899&#8243; img_size=&#8221;pfe_medium&#8221; alignment=&#8221;center&#8221;][vc_column_text]<strong>Evit\u0103 umiditatea ridicat\u0103<\/strong><\/p>\n<p><a href=\"https:\/\/www.dropbox.com\/s\/a796plen0m5l2q5\/6.%20stern_feuchtigkeit.png?dl=0\">Descarc\u0103 PNG &gt;&gt;<\/a><br \/>\n<a href=\"https:\/\/www.dropbox.com\/s\/9yy3l742seezbg8\/6.%20sfe_icons_bunt_feuchtigkeit.pdf?dl=0\">Descarc\u0103 PDF &gt;&gt;<\/a><br \/>\n<a href=\"https:\/\/www.dropbox.com\/s\/8degnkdypgrowi6\/6.%20sfe_icons_sw_feuchtigkeit.pdf?dl=0\">Descarc\u0103 PDF &gt;&gt;<\/a><br \/>\n<a href=\"https:\/\/www.dropbox.com\/s\/03xdl1dkgz4vf49\/6.%20sfe_icons_sw_feuchtigkeit.tif?dl=0\">Descarc\u0103 TIFF &gt;&gt;<\/a>[\/vc_column_text][\/vc_column_inner][vc_column_inner width=&#8221;1\/4&#8243;][vc_single_image image=&#8221;6900&#8243; img_size=&#8221;pfe_medium&#8221; alignment=&#8221;center&#8221;][vc_column_text]<strong>Max. transport 48 ore<\/strong><\/p>\n<p><a href=\"https:\/\/www.dropbox.com\/s\/vfrxh1a1plzrzh6\/7.%20stern_transport.png?dl=0\">Descarc\u0103 PNG &gt;&gt;<\/a><br \/>\n<a href=\"https:\/\/www.dropbox.com\/s\/wrgyfyac0olk5sa\/7.%20sfe_icons_bunt_transport.pdf?dl=0\">Descarc\u0103 PDF &gt;&gt;<\/a><br \/>\n<a href=\"https:\/\/www.dropbox.com\/s\/hdpognxkxtomiyn\/7.%20sfe_icons_sw_transport.pdf?dl=0\">Descarc\u0103 PDF &gt;&gt;<\/a><br \/>\n<a href=\"https:\/\/www.dropbox.com\/s\/704dasvlapljc2d\/7.%20sfe_icons_sw_transport.tif?dl=0\">Descarc\u0103 TIFF &gt;&gt;<\/a>[\/vc_column_text][\/vc_column_inner][vc_column_inner width=&#8221;1\/4&#8243;][vc_single_image image=&#8221;6901&#8243; img_size=&#8221;pfe_medium&#8221; alignment=&#8221;center&#8221;][vc_column_text]<strong>Ud\u0103 moderat<\/strong><\/p>\n<p><a href=\"https:\/\/www.dropbox.com\/s\/7vl36t0tab8mpym\/8.%20stern_giessen.png?dl=0\">Descarc\u0103 PNG &gt;&gt;<\/a><br \/>\n<a href=\"https:\/\/www.dropbox.com\/s\/489oi8hjcw5gruk\/8.%20sfe_icons_bunt_giessen.pdf?dl=0\">Descarc\u0103 PDF &gt;&gt;<\/a><br \/>\n<a href=\"https:\/\/www.dropbox.com\/s\/u2y57e4rzvaffib\/8.%20sfe_icons_sw_giessen.pdf?dl=0\">Descarc\u0103 PDF &gt;&gt;<\/a><br \/>\n<a href=\"https:\/\/www.dropbox.com\/s\/79jo6gq0tf75enr\/8.%20sfe_icons_sw_giessen.tif?dl=0\">Descarc\u0103 TIFF &gt;&gt;<\/a>[\/vc_column_text][\/vc_column_inner][\/vc_row_inner][vc_row_inner][vc_column_inner width=&#8221;1\/4&#8243;][vc_single_image image=&#8221;6902&#8243; img_size=&#8221;pfe_medium&#8221; alignment=&#8221;center&#8221;][vc_column_text]<strong>Evit\u0103 udarea \u00een exces<\/strong><\/p>\n<p><a href=\"https:\/\/www.dropbox.com\/s\/02qpe646rj32fyb\/9.%20stern_staunaesse.png?dl=0\">Descarc\u0103 PNG &gt;&gt;<\/a><br \/>\n<a href=\"https:\/\/www.dropbox.com\/s\/kny5fxja039o0tk\/9.%20sfe_icons_bunt_staunaesse.pdf?dl=0\">Descarc\u0103 PDF &gt;&gt;<\/a><br \/>\n<a href=\"https:\/\/www.dropbox.com\/s\/17tc77u8itys3s6\/9.%20sfe_icons_sw_staunaesse.pdf?dl=0\">Descarc\u0103 PDF &gt;&gt;<\/a><br \/>\n<a href=\"https:\/\/www.dropbox.com\/s\/72xv1wjwgxw0h2g\/9.%20sfe_icons_sw_staunaesse.tif?dl=0\">Descarc\u0103 TIFF &gt;&gt;<\/a>[\/vc_column_text][\/vc_column_inner][vc_column_inner width=&#8221;1\/4&#8243;][vc_single_image image=&#8221;6903&#8243; img_size=&#8221;pfe_medium&#8221; alignment=&#8221;center&#8221;][vc_column_text]<strong>\u00cendep\u0103rteaz\u0103 ambalajul imediat<\/strong><\/p>\n<p><a href=\"https:\/\/www.dropbox.com\/s\/0nvgvtrpdsz3kee\/10.%20stern_auspacken.png?dl=0\">Descarc\u0103 PNG &gt;&gt;<\/a><br \/>\n<a href=\"https:\/\/www.dropbox.com\/s\/lewn3l88bbfi9hy\/10.%20sfe_icons_bunt_auspacken1.pdf?dl=0\">Descarc\u0103 PDF &gt;&gt;<\/a><br \/>\n<a href=\"https:\/\/www.dropbox.com\/s\/75emdfzo4p8yirx\/10.%20sfe_icons_sw_auspacken.pdf?dl=0\">Descarc\u0103 PDF &gt;&gt;<\/a><br \/>\n<a href=\"https:\/\/www.dropbox.com\/s\/q7qwcxicl5121v4\/10.%20sfe_icons_sw_auspacken.tif?dl=0\">Descarc\u0103 TIFF &gt;&gt;<\/a>[\/vc_column_text][\/vc_column_inner][vc_column_inner width=&#8221;1\/4&#8243;][\/vc_column_inner][vc_column_inner width=&#8221;1\/4&#8243;][\/vc_column_inner][\/vc_row_inner][vc_row_inner disable_element=&#8221;yes&#8221;][vc_column_inner width=&#8221;1\/4&#8243;][vc_single_image image=&#8221;6911&#8243; img_size=&#8221;pfe_medium&#8221; alignment=&#8221;center&#8221;][vc_column_text]<strong>Afi\u0219 46 x 50 cm<br \/>\nPolonez\u0103, Ceh\u0103, Rus\u0103<br \/>\n<\/strong><\/p>\n<p><a href=\"https:\/\/www.dropbox.com\/s\/cv3w5uo181nryfc\/3.%20cc-poster.oosteuropa.2e.pdf?dl=0\">Descarc\u0103 PDF &gt;&gt;<\/a>[\/vc_column_text][\/vc_column_inner][vc_column_inner width=&#8221;1\/4&#8243;][vc_single_image image=&#8221;6912&#8243; img_size=&#8221;pfe_medium&#8221; alignment=&#8221;center&#8221;][vc_column_text]<strong>Flyer despre \u00eengrijire A5<\/strong><\/p>\n<p><a href=\"https:\/\/www.dropbox.com\/s\/1gd7ag7jyanb0zn\/4.%20quality-consumer_eng.jpeg?dl=0\">Descarc\u0103 JPG &gt;&gt;<\/a>[\/vc_column_text][\/vc_column_inner][vc_column_inner width=&#8221;1\/4&#8243;][vc_single_image image=&#8221;6908&#8243; img_size=&#8221;pfe_medium&#8221; alignment=&#8221;center&#8221;][vc_column_text]<strong>Afi\u0219 46 x 50 cm<br \/>\nGerman\u0103, Englez\u0103, Francez\u0103<br \/>\n<\/strong><\/p>\n<p><a href=\"https:\/\/www.dropbox.com\/s\/awhq473da02s3g3\/1.%20cc-poster-dt-eng-fr.pdf?dl=0\">Descarc\u0103 PDF &gt;&gt;<\/a>[\/vc_column_text][\/vc_column_inner][vc_column_inner width=&#8221;1\/4&#8243;][vc_single_image image=&#8221;6910&#8243; img_size=&#8221;pfe_medium&#8221; alignment=&#8221;center&#8221;][vc_column_text]<strong>Afi\u0219 46 x 50 cm<br \/>\nGerman\u0103, Englez\u0103,<br \/>\nFrancez\u0103, Olandez\u0103<br \/>\n<\/strong><\/p>\n<p><a href=\"https:\/\/www.dropbox.com\/s\/7llmin8op39l78a\/2.%20cc-poster.dt-eng-fr-nl.pdf?dl=0\">Descarc\u0103 PDF &gt;&gt;<\/a>[\/vc_column_text][\/vc_column_inner][\/vc_row_inner][\/vc_tta_section][vc_tta_section title=&#8221;AFISE&#8221; tab_id=&#8221;1671450701432-2fb79d7e-4c64&#8243;][vc_row_inner disable_element=&#8221;yes&#8221;][vc_column_inner width=&#8221;1\/3&#8243;][vc_single_image image=&#8221;6904&#8243; img_size=&#8221;pfe_medium&#8221; alignment=&#8221;center&#8221;][vc_column_text]<strong>Afi\u0219 pentru transport<\/strong><\/p>\n<p><a href=\"https:\/\/www.dropbox.com\/s\/do13f6n69itwhv3\/Poster%201.%20de_2018_qu_poster_3_print.pdf?dl=0\">Descarc\u0103<\/a> &gt;&gt;[\/vc_column_text][\/vc_column_inner][vc_column_inner width=&#8221;1\/3&#8243;][vc_single_image image=&#8221;6905&#8243; img_size=&#8221;pfe_medium&#8221; alignment=&#8221;center&#8221;][vc_column_text]<strong>Afi\u0219 pentru depozit<\/strong><\/p>\n<p><a href=\"https:\/\/www.dropbox.com\/s\/606xvy7d5q8qw7h\/Poster%202.%20de_2018_qu_poster_2_print.pdf?dl=0\">Descarc\u0103<\/a> &gt;&gt;[\/vc_column_text][\/vc_column_inner][vc_column_inner width=&#8221;1\/3&#8243;][vc_single_image image=&#8221;6906&#8243; img_size=&#8221;pfe_medium&#8221; alignment=&#8221;center&#8221;][vc_column_text]<strong>Afi\u0219 pentru transport \u0219i depozit<\/strong><\/p>\n<p><a href=\"https:\/\/www.dropbox.com\/s\/pkfw7uxg0pkta53\/Poster%203.%20de_2018_qu_poster_1_print-1.pdf?dl=0\">Descarc\u0103<\/a> &gt;&gt;[\/vc_column_text][\/vc_column_inner][\/vc_row_inner][vc_row_inner disable_element=&#8221;yes&#8221;][vc_column_inner width=&#8221;1\/4&#8243;][vc_single_image image=&#8221;6908&#8243; img_size=&#8221;pfe_medium&#8221; alignment=&#8221;center&#8221;][vc_column_text]<strong>Afi\u0219 46 x 50 cm<br \/>\nGerman\u0103, Englez\u0103, Francez\u0103<br \/>\n<\/strong><\/p>\n<p><a href=\"https:\/\/www.dropbox.com\/s\/awhq473da02s3g3\/1.%20cc-poster-dt-eng-fr.pdf?dl=0\">Descarc\u0103 PDF &gt;&gt;<\/a>[\/vc_column_text][\/vc_column_inner][vc_column_inner width=&#8221;1\/4&#8243;][vc_single_image image=&#8221;6910&#8243; img_size=&#8221;pfe_medium&#8221; alignment=&#8221;center&#8221;][vc_column_text]<strong>Afi\u0219 46 x 50 cm<br \/>\nGerman\u0103, Englez\u0103,<br \/>\nFrancez\u0103, Olandez\u0103<br \/>\n<\/strong><\/p>\n<p><a href=\"https:\/\/www.dropbox.com\/s\/7llmin8op39l78a\/2.%20cc-poster.dt-eng-fr-nl.pdf?dl=0\">Descarc\u0103 PDF &gt;&gt;<\/a>[\/vc_column_text][\/vc_column_inner][vc_column_inner width=&#8221;1\/4&#8243;][vc_single_image image=&#8221;6911&#8243; img_size=&#8221;pfe_medium&#8221; alignment=&#8221;center&#8221;][vc_column_text]<strong>Afi\u0219 46 x 50 cm<br \/>\nPolonez\u0103, Ceh\u0103, Rus\u0103<br \/>\n<\/strong><\/p>\n<p><a href=\"https:\/\/www.dropbox.com\/s\/cv3w5uo181nryfc\/3.%20cc-poster.oosteuropa.2e.pdf?dl=0\">Descarc\u0103 PDF &gt;&gt;<\/a>[\/vc_column_text][\/vc_column_inner][vc_column_inner width=&#8221;1\/4&#8243;][\/vc_column_inner][\/vc_row_inner][\/vc_tta_section][vc_tta_section title=&#8221;PICTOGRAME&#8221; tab_id=&#8221;1671450685467-9961636c-e7c3&#8243;][vc_row_inner][vc_column_inner width=&#8221;1\/4&#8243;][vc_single_image image=&#8221;6894&#8243; img_size=&#8221;pfe_medium&#8221; alignment=&#8221;center&#8221;][vc_column_text]<strong>Cr\u0103ciuni\u021ba vesel\u0103<\/strong><\/p>\n<p><a href=\"https:\/\/www.dropbox.com\/s\/7votr3jw333p6jv\/1.%20stern_optimal.png?dl=0\">Descarc\u0103 PNG &gt;&gt;<\/a><br \/>\n<a href=\"https:\/\/www.dropbox.com\/s\/blfgbsga8nic6g6\/1.%20sfe_icons_bunt_optimal.pdf?dl=0\">Descarc\u0103 PDF &gt;&gt;<\/a><br \/>\n<a href=\"https:\/\/www.dropbox.com\/s\/tbwv08ebznf9ncl\/1.%20sfe_icons_sw_optimal.pdf?dl=0\">Descarc\u0103 PDF &gt;&gt;<\/a><br \/>\n<a href=\"https:\/\/www.dropbox.com\/s\/ky3hfpkbhenc14c\/1.%20sfe_icons_sw_optimal.tif?dl=0\">Descarc\u0103 TIFF &gt;&gt;<\/a>[\/vc_column_text][\/vc_column_inner][vc_column_inner width=&#8221;1\/4&#8243;][vc_single_image image=&#8221;6895&#8243; img_size=&#8221;pfe_medium&#8221; alignment=&#8221;center&#8221;][vc_column_text]<strong>Ambaleaz\u0103 cu grij\u0103 pentru transportul spre cas\u0103<\/strong><\/p>\n<p><a href=\"https:\/\/www.dropbox.com\/s\/r6rw8rt0vb67e04\/2.%20stern_einpacken.png?dl=0\">Descarc\u0103 PNG &gt;&gt;<\/a><br \/>\n<a href=\"https:\/\/www.dropbox.com\/s\/urwqj4sg5nnax8x\/2.%20sfe_icons_bunt_einpacken1.pdf?dl=0\">Descarc\u0103 PDF &gt;&gt;<\/a><br \/>\n<a href=\"https:\/\/www.dropbox.com\/s\/gv0u30kxqgnrk31\/2.%20sfe_icons_sw_einpacken.pdf?dl=0\">Descarc\u0103 PDF &gt;&gt;<\/a><br \/>\n<a href=\"https:\/\/www.dropbox.com\/s\/32gps8scnjgq570\/1.%20sfe_icons_sw_optimal.tif?dl=0\">Descarc\u0103 TIFF &gt;&gt;<\/a>[\/vc_column_text][\/vc_column_inner][vc_column_inner width=&#8221;1\/4&#8243;][vc_single_image image=&#8221;6897&#8243; img_size=&#8221;pfe_medium&#8221; alignment=&#8221;center&#8221;][vc_column_text]<strong>P\u0103streaz\u0103 la temperaturi de peste 12 \u00b0 C<\/strong><\/p>\n<p><a href=\"https:\/\/www.dropbox.com\/s\/3uc2c9vu5r3cz7l\/3.%20sfe_icons_bunt_temperatur-ohne.png?dl=0\">Descarc\u0103 PNG &gt;&gt;<\/a><br \/>\n<a href=\"https:\/\/www.dropbox.com\/s\/v7gyeyjy2r66b5m\/3.%20sfe_icons_bunt_temperatur-ohne.pdf?dl=0\">Descarc\u0103 PDF &gt;&gt;<\/a><br \/>\n<a href=\"https:\/\/www.dropbox.com\/s\/x1l8knrvxwp16e5\/3.%20sfe_icons_sw_temperatur-ohne.pdf?dl=0\">Descarc\u0103 PDF &gt;&gt;<\/a><br \/>\n<a href=\"https:\/\/www.dropbox.com\/s\/ke7j2du0kfh8c5h\/3.%20sfe_icons_sw_temperatur-ohne.tif?dl=0\">Descarc\u0103 TIFF &gt;&gt;<\/a>[\/vc_column_text][\/vc_column_inner][vc_column_inner width=&#8221;1\/4&#8243;][vc_single_image image=&#8221;6896&#8243; img_size=&#8221;pfe_medium&#8221; alignment=&#8221;center&#8221;][vc_column_text]<strong>Temperatura camerei<br \/>\n15-22 \u00b0 C<\/strong><\/p>\n<p><a href=\"https:\/\/www.dropbox.com\/s\/1dbud8odwkbdorf\/4.%20stern_temperatur.png?dl=0\">Descarc\u0103 PNG &gt;&gt;<\/a><br \/>\n<a href=\"https:\/\/www.dropbox.com\/s\/dn6mv5sm2syvh3o\/4.%20sfe_icons_bunt_temperatur.pdf?dl=0\">Descarc\u0103 PDF &gt;&gt;<\/a><br \/>\n<a href=\"https:\/\/www.dropbox.com\/s\/rm1jj7msh9rqmax\/4.%20sfe_icons_sw_temperatur.pdf?dl=0\">Descarc\u0103 PDF &gt;&gt;<\/a><br \/>\n<a href=\"https:\/\/www.dropbox.com\/s\/eq5st311fae8c8l\/4.%20sfe_icons_sw_temperatur.tif?dl=0\">Descarc\u0103 TIFF &gt;&gt;<\/a>[\/vc_column_text][\/vc_column_inner][\/vc_row_inner][vc_row_inner][vc_column_inner width=&#8221;1\/4&#8243;][vc_single_image image=&#8221;6898&#8243; img_size=&#8221;pfe_medium&#8221; alignment=&#8221;center&#8221;][vc_column_text]<strong>Nu \u021bine \u00een curent<\/strong><\/p>\n<p><a href=\"https:\/\/www.dropbox.com\/s\/zf90646xek6fuoi\/5.%20stern_zugluft.png?dl=0\">Descarc\u0103 PNG &gt;&gt;<\/a><br \/>\n<a href=\"https:\/\/www.dropbox.com\/s\/9jwkagzlz5l4twu\/5.%20sfe_icons_bunt_zugluft.pdf?dl=0\">Descarc\u0103 PDF &gt;&gt;<\/a><br \/>\n<a href=\"https:\/\/www.dropbox.com\/s\/52l1v5426hum3z9\/5.%20sfe_icons_sw_zugluft.pdf?dl=0\">Descarc\u0103 PDF &gt;&gt;<\/a><br \/>\n<a href=\"https:\/\/www.dropbox.com\/s\/b7cbc6efe4fd4qb\/5.%20sfe_icons_sw_zugluft.tif?dl=0\">Descarc\u0103 TIFF &gt;&gt;<\/a>[\/vc_column_text][\/vc_column_inner][vc_column_inner width=&#8221;1\/4&#8243;][vc_single_image image=&#8221;6899&#8243; img_size=&#8221;pfe_medium&#8221; alignment=&#8221;center&#8221;][vc_column_text]<strong>Evit\u0103 umiditatea ridicat\u0103<\/strong><\/p>\n<p><a href=\"https:\/\/www.dropbox.com\/s\/a796plen0m5l2q5\/6.%20stern_feuchtigkeit.png?dl=0\">Descarc\u0103 PNG &gt;&gt;<\/a><br \/>\n<a href=\"https:\/\/www.dropbox.com\/s\/9yy3l742seezbg8\/6.%20sfe_icons_bunt_feuchtigkeit.pdf?dl=0\">Descarc\u0103 PDF &gt;&gt;<\/a><br \/>\n<a href=\"https:\/\/www.dropbox.com\/s\/8degnkdypgrowi6\/6.%20sfe_icons_sw_feuchtigkeit.pdf?dl=0\">Descarc\u0103 PDF &gt;&gt;<\/a><br \/>\n<a href=\"https:\/\/www.dropbox.com\/s\/03xdl1dkgz4vf49\/6.%20sfe_icons_sw_feuchtigkeit.tif?dl=0\">Descarc\u0103 TIFF &gt;&gt;<\/a>[\/vc_column_text][\/vc_column_inner][vc_column_inner width=&#8221;1\/4&#8243;][vc_single_image image=&#8221;6900&#8243; img_size=&#8221;pfe_medium&#8221; alignment=&#8221;center&#8221;][vc_column_text]<strong>Max. transport 48 ore<\/strong><\/p>\n<p><a href=\"https:\/\/www.dropbox.com\/s\/vfrxh1a1plzrzh6\/7.%20stern_transport.png?dl=0\">Descarc\u0103 PNG &gt;&gt;<\/a><br \/>\n<a href=\"https:\/\/www.dropbox.com\/s\/wrgyfyac0olk5sa\/7.%20sfe_icons_bunt_transport.pdf?dl=0\">Descarc\u0103 PDF &gt;&gt;<\/a><br \/>\n<a href=\"https:\/\/www.dropbox.com\/s\/hdpognxkxtomiyn\/7.%20sfe_icons_sw_transport.pdf?dl=0\">Descarc\u0103 PDF &gt;&gt;<\/a><br \/>\n<a href=\"https:\/\/www.dropbox.com\/s\/704dasvlapljc2d\/7.%20sfe_icons_sw_transport.tif?dl=0\">Descarc\u0103 TIFF &gt;&gt;<\/a>[\/vc_column_text][\/vc_column_inner][vc_column_inner width=&#8221;1\/4&#8243;][vc_single_image image=&#8221;6901&#8243; img_size=&#8221;pfe_medium&#8221; alignment=&#8221;center&#8221;][vc_column_text]<strong>Ud\u0103 moderat<\/strong><\/p>\n<p><a href=\"https:\/\/www.dropbox.com\/s\/7vl36t0tab8mpym\/8.%20stern_giessen.png?dl=0\">Descarc\u0103 PNG &gt;&gt;<\/a><br \/>\n<a href=\"https:\/\/www.dropbox.com\/s\/489oi8hjcw5gruk\/8.%20sfe_icons_bunt_giessen.pdf?dl=0\">Descarc\u0103 PDF &gt;&gt;<\/a><br \/>\n<a href=\"https:\/\/www.dropbox.com\/s\/u2y57e4rzvaffib\/8.%20sfe_icons_sw_giessen.pdf?dl=0\">Descarc\u0103 PDF &gt;&gt;<\/a><br \/>\n<a href=\"https:\/\/www.dropbox.com\/s\/79jo6gq0tf75enr\/8.%20sfe_icons_sw_giessen.tif?dl=0\">Descarc\u0103 TIFF &gt;&gt;<\/a>[\/vc_column_text][\/vc_column_inner][\/vc_row_inner][vc_row_inner][vc_column_inner width=&#8221;1\/4&#8243;][vc_single_image image=&#8221;6902&#8243; img_size=&#8221;pfe_medium&#8221; alignment=&#8221;center&#8221;][vc_column_text]<strong>Evit\u0103 udarea \u00een exces<\/strong><\/p>\n<p><a href=\"https:\/\/www.dropbox.com\/s\/02qpe646rj32fyb\/9.%20stern_staunaesse.png?dl=0\">Descarc\u0103 PNG &gt;&gt;<\/a><br \/>\n<a href=\"https:\/\/www.dropbox.com\/s\/kny5fxja039o0tk\/9.%20sfe_icons_bunt_staunaesse.pdf?dl=0\">Descarc\u0103 PDF &gt;&gt;<\/a><br \/>\n<a href=\"https:\/\/www.dropbox.com\/s\/17tc77u8itys3s6\/9.%20sfe_icons_sw_staunaesse.pdf?dl=0\">Descarc\u0103 PDF &gt;&gt;<\/a><br \/>\n<a href=\"https:\/\/www.dropbox.com\/s\/72xv1wjwgxw0h2g\/9.%20sfe_icons_sw_staunaesse.tif?dl=0\">Descarc\u0103 TIFF &gt;&gt;<\/a>[\/vc_column_text][\/vc_column_inner][vc_column_inner width=&#8221;1\/4&#8243;][vc_single_image image=&#8221;6903&#8243; img_size=&#8221;pfe_medium&#8221; alignment=&#8221;center&#8221;][vc_column_text]<strong>\u00cendep\u0103rteaz\u0103 ambalajul imediat<\/strong><\/p>\n<p><a href=\"https:\/\/www.dropbox.com\/s\/0nvgvtrpdsz3kee\/10.%20stern_auspacken.png?dl=0\">Descarc\u0103 PNG &gt;&gt;<\/a><br \/>\n<a href=\"https:\/\/www.dropbox.com\/s\/lewn3l88bbfi9hy\/10.%20sfe_icons_bunt_auspacken1.pdf?dl=0\">Descarc\u0103 PDF &gt;&gt;<\/a><br \/>\n<a href=\"https:\/\/www.dropbox.com\/s\/75emdfzo4p8yirx\/10.%20sfe_icons_sw_auspacken.pdf?dl=0\">Descarc\u0103 PDF &gt;&gt;<\/a><br \/>\n<a href=\"https:\/\/www.dropbox.com\/s\/q7qwcxicl5121v4\/10.%20sfe_icons_sw_auspacken.tif?dl=0\">Descarc\u0103 TIFF &gt;&gt;<\/a>[\/vc_column_text][\/vc_column_inner][vc_column_inner width=&#8221;1\/4&#8243;][\/vc_column_inner][vc_column_inner width=&#8221;1\/4&#8243;][\/vc_column_inner][\/vc_row_inner][\/vc_tta_section][vc_tta_section title=&#8221;FLYERE&#8221; tab_id=&#8221;1671450666279-9c0dd7b3-bc70&#8243;][vc_row_inner disable_element=&#8221;yes&#8221;][vc_column_inner width=&#8221;1\/4&#8243;][vc_single_image image=&#8221;6912&#8243; img_size=&#8221;pfe_medium&#8221; alignment=&#8221;center&#8221;][vc_column_text]<strong>Flyer despre \u00eengrijire A5<\/strong><\/p>\n<p><a href=\"https:\/\/www.dropbox.com\/s\/1gd7ag7jyanb0zn\/4.%20quality-consumer_eng.jpeg?dl=0\">Descarc\u0103 JPG &gt;&gt;<\/a>[\/vc_column_text][\/vc_column_inner][vc_column_inner width=&#8221;1\/4&#8243;][\/vc_column_inner][vc_column_inner width=&#8221;1\/4&#8243;][\/vc_column_inner][vc_column_inner width=&#8221;1\/4&#8243;][\/vc_column_inner][\/vc_row_inner][\/vc_tta_section][\/vc_tta_tabs][\/vc_column][\/vc_row][vc_row disable_element=&#8221;yes&#8221; el_class=&#8221;pfe-pos-question-box&#8221;][vc_column width=&#8221;2\/3&#8243;][vc_single_image image=&#8221;5118&#8243; img_size=&#8221;full&#8221;][\/vc_column][vc_column width=&#8221;1\/3&#8243;][vc_custom_heading text=&#8221;Any questions about trade materials?&#8221; use_theme_fonts=&#8221;yes&#8221; el_class=&#8221;pfe-small pfe-posbox-headline&#8221;][vc_column_text]Kontakt in Deutschland:<br \/>\n(Handel) Lara Strengbier<br \/>\nBLOOMs GmbH<br \/>\nE-Mail: <a tabindex=\"-1\" title=\"mailto:lara.strengbier@blooms.de\" href=\"mailto:Lara.Strengbier@blooms.de\" target=\"_blank\" rel=\"noopener noreferrer\" aria-label=\"Link Lara.Strengbier@blooms.de\">Lara.Strengbier@blooms.de<\/a><br \/>\nTel.: 0049 2102 96440[\/vc_column_text][\/vc_column][\/vc_row]<\/p><\/div><div class=\"acf-fields-container\" data-post-id=\"6883\" data-canto-acf=\"true\"><\/div><style>\r\n        .acf-fields-container {\r\n            margin: 2em 0;\r\n            width: 100%;\r\n            clear: both;\r\n        }\r\n        .acf-field-image {\r\n            margin: 1.5em 0;\r\n            position: relative;\r\n        }\r\n        .acf-field-label {\r\n            margin-bottom: 1em;\r\n        }\r\n        .acf-image {\r\n            max-width: 100%;\r\n            height: auto;\r\n            display: block;\r\n            margin: 1em 0;\r\n        }\r\n    <\/style>","protected":false},"excerpt":{"rendered":"<p>[vc_row][vc_column][vc_column_text el_id=&#8221;online-shop&#8221;]MATERIALE DESPRE CALITATE \u0218I \u00ceNGRIJIRE Aceste pictograme \u0219i flyere despre \u00eengrijirea cr\u0103ciuni\u021belor sunt concepute pentru a fi afi\u0219ate \u00een pepiniere sau depozite, pot fi puse pe ambalaje \u0219i c\u0103rucioare sau pot fi folosite \u00een comunicarea digital\u0103. Alertele lor utile arat\u0103 personalului \u0219i furnizorilor cum s\u0103 aib\u0103 grij\u0103 de cr\u0103ciuni\u021be \u00een mod corespunz\u0103tor \u00een timpul [&hellip;]<\/p>\n","protected":false},"author":24,"featured_media":4383,"parent":0,"menu_order":0,"comment_status":"closed","ping_status":"closed","template":"template-parts\/pfe-trade.php","meta":{"_acf_changed":false,"footnotes":""},"class_list":["post-6883","page","type-page","status-publish","has-post-thumbnail","hentry"],"acf":[],"_links":{"self":[{"href":"https:\/\/sfe-trade.com\/ro\/wp-json\/wp\/v2\/pages\/6883","targetHints":{"allow":["GET"]}}],"collection":[{"href":"https:\/\/sfe-trade.com\/ro\/wp-json\/wp\/v2\/pages"}],"about":[{"href":"https:\/\/sfe-trade.com\/ro\/wp-json\/wp\/v2\/types\/page"}],"author":[{"embeddable":true,"href":"https:\/\/sfe-trade.com\/ro\/wp-json\/wp\/v2\/users\/24"}],"replies":[{"embeddable":true,"href":"https:\/\/sfe-trade.com\/ro\/wp-json\/wp\/v2\/comments?post=6883"}],"version-history":[{"count":18,"href":"https:\/\/sfe-trade.com\/ro\/wp-json\/wp\/v2\/pages\/6883\/revisions"}],"predecessor-version":[{"id":6944,"href":"https:\/\/sfe-trade.com\/ro\/wp-json\/wp\/v2\/pages\/6883\/revisions\/6944"}],"wp:featuredmedia":[{"embeddable":true,"href":"https:\/\/sfe-trade.com\/ro\/wp-json\/wp\/v2\/media\/4383"}],"wp:attachment":[{"href":"https:\/\/sfe-trade.com\/ro\/wp-json\/wp\/v2\/media?parent=6883"}],"curies":[{"name":"wp","href":"https:\/\/api.w.org\/{rel}","templated":true}]}}