{"id":655,"date":"2021-12-27T18:24:59","date_gmt":"2021-12-27T17:24:59","guid":{"rendered":"https:\/\/weihnachtsstern.kinsta.cloud\/ro\/?page_id=655"},"modified":"2025-12-22T07:48:46","modified_gmt":"2025-12-22T06:48:46","slug":"producatori","status":"publish","type":"page","link":"https:\/\/sfe-trade.com\/ro\/producatori\/","title":{"rendered":"Producatori"},"content":{"rendered":"<div class=\"wpb-content-wrapper\"><p>[vc_row][vc_column][vc_custom_heading text=&#8221;Cu ajutorul nostru, pute\u021bi vinde mai multe cr\u0103ciuni\u021be&#8221; font_container=&#8221;tag:h2|text_align:center&#8221; use_theme_fonts=&#8221;yes&#8221; el_class=&#8221;pfe-small2&#8243; el_id=&#8221;cu-ajutorul-nostru&#8221;][vc_column_text]<\/p>\n<p style=\"text-align: center;\">\u00cen fiecare an, ajungem la milioane de consumatori prin campaniile noastre extinse de PR \u0219i marketing, promov\u00e2nd produsul dvs. direct c\u0103tre consumatorii finali. Aici pute\u021bi afla mai multe despre ceea ce facem pentru dvs. \u0219i despre cum pute\u021bi beneficia personal de pe urma muncii noastre, fie ca expert chemat pentru interviuri de pres\u0103, fie utiliz\u00e2nd fotografiile, con\u021binutul scris \u0219i videoclipurile noastre.<\/p>\n<p>[\/vc_column_text][\/vc_column][\/vc_row][vc_row el_class=&#8221;pfe-flexibel-abstand&#8221;][vc_column][vc_empty_space height=&#8221;50px&#8221;][\/vc_column][\/vc_row][vc_row][vc_column width=&#8221;1\/2&#8243;][vc_single_image image=&#8221;5164&#8243; img_size=&#8221;full&#8221;][\/vc_column][vc_column width=&#8221;1\/2&#8243;][vc_custom_heading text=&#8221;Inspira\u021bie pentru clien\u021bi&#8221; use_theme_fonts=&#8221;yes&#8221; el_class=&#8221;pfe-small2&#8243;][vc_column_text]Campania noastr\u0103 extins\u0103 pentru consumatori se concentreaz\u0103 pe promovarea beneficiilor cr\u0103ciuni\u021belor, pe cre\u0219terea gradului de con\u0219tientizare \u0219i pe motivarea mai multor oameni s\u0103 cumpere plante. Ducem cr\u0103ciuni\u021bele la TV \u0219i radio, construim parteneriate cu influenceri, prezent\u0103m cr\u0103ciuni\u021bele \u00een ziare \u0219i reviste glossy \u0219i le punem \u00een centrul aten\u021biei la festivaluri \u0219i evenimente.<\/p>\n<p>Pentru a vedea ce am f\u0103cut \u00een \u021bara dvs., citi\u021bi cel mai recent raport anual al noastr\u0103 sau \u00eenscrie\u021bi-v\u0103 la newsletterele noastre.[\/vc_column_text][vc_column_text]<a href=\"https:\/\/mailchi.mp\/7c03187f3781\/starsforeurope\">Abona\u021bi-v\u0103 la newsletter! &gt;&gt;<\/a>[\/vc_column_text][\/vc_column][\/vc_row][vc_row el_class=&#8221;pfe-flexibel-abstand&#8221;][vc_column][vc_empty_space height=&#8221;50px&#8221;][\/vc_column][\/vc_row][vc_row][vc_column width=&#8221;1\/2&#8243;][vc_custom_heading text=&#8221;Oportunit\u0103\u021bi de colaborare&#8221; use_theme_fonts=&#8221;yes&#8221; el_class=&#8221;pfe-small2&#8243;][vc_column_text]Oferim oportunit\u0103\u021bi produc\u0103torilor de a participa activ la SfE \u0219i de a descoperi noi posibilit\u0103\u021bi. V-ar pl\u0103cea ca pepiniera dvs. s\u0103 apar\u0103 la TV, s\u0103 da\u021bi interviuri la radio, s\u0103 ave\u021bi plantele expuse la cele mai importante expozi\u021bii din lume \u0219i s\u0103 crea\u021bi conexiuni cu al\u021bi juc\u0103tori cheie din industrie?<br \/>\nLua\u021bi leg\u0103tura cu noi, suntem mereu bucuro\u0219i s\u0103 construim noi rela\u021bii cu cultivatorii.[\/vc_column_text][vc_column_text]<a href=\"\/ro\/contact\/\">Contacta\u021bi biroul SfE din \u021bara dvs &gt;&gt;<\/a>[\/vc_column_text][\/vc_column][vc_column width=&#8221;1\/2&#8243;][vc_single_image image=&#8221;5119&#8243; img_size=&#8221;full&#8221;][\/vc_column][\/vc_row][vc_row el_class=&#8221;pfe-flexibel-abstand&#8221;][vc_column][vc_empty_space height=&#8221;50px&#8221;][\/vc_column][\/vc_row][vc_row][vc_column width=&#8221;1\/2&#8243;][vc_single_image image=&#8221;5123&#8243; img_size=&#8221;full&#8221;][\/vc_column][vc_column width=&#8221;1\/2&#8243;][vc_custom_heading text=&#8221;Resurse pentru clien\u021bii dvs&#8221; use_theme_fonts=&#8221;yes&#8221; el_class=&#8221;pfe-small2&#8243;][vc_column_text]Prin campania noastr\u0103, pute\u021bi oferi asisten\u021b\u0103 suplimentar\u0103 propriilor clien\u021bi \u0219i contacte din industrie. Oferim o gam\u0103 larg\u0103 de instrumente de care s\u0103 beneficieze clien\u021bii dvs. Aceasta include sfaturi de marketing, videoclipuri, materiale de marketing \u0219i o galerie foto extins\u0103. Sunte\u021bi binevenit s\u0103 \u00eemp\u0103rt\u0103\u0219i\u021bi resursele noastre cu clien\u021bii \u0219i contactele dvs. \u0219i s\u0103 le utiliza\u021bi singur.[\/vc_column_text][vc_column_text]<a href=\"\/ro\/magazine\/\">Vede\u021bi resursele pentru magazine &gt;&gt;<\/a>[\/vc_column_text][\/vc_column][\/vc_row][vc_row disable_element=&#8221;yes&#8221; el_class=&#8221;pfe-flexibel-abstand&#8221;][vc_column][vc_empty_space height=&#8221;50px&#8221;][\/vc_column][\/vc_row][vc_row disable_element=&#8221;yes&#8221;][vc_column width=&#8221;1\/2&#8243;][vc_custom_heading text=&#8221;Are you a producer?&#8221; use_theme_fonts=&#8221;yes&#8221; el_class=&#8221;pfe-small2&#8243;][vc_column_text]If you grow poinsettias and would like to get involved in the campaign, get in touch.<\/p>\n<p><strong>Stars for Europe Communications Manager,<\/strong><br \/>\nHannah Dunne,<br \/>\n<strong>Tel:<\/strong> +44 7533 076185<br \/>\n<strong>Email:<\/strong> <a href=\"mailto:communication@org-intern.info\">communication@org-intern.info<\/a><\/p>\n<p><a href=\"https:\/\/weihnachtsstern.kinsta.cloud\/ro\/pos-material\/\">Find contact person in my country &gt;&gt;<\/a>[\/vc_column_text][\/vc_column][vc_column width=&#8221;1\/2&#8243;][vc_single_image image=&#8221;5161&#8243; img_size=&#8221;full&#8221;][\/vc_column][\/vc_row][vc_row el_class=&#8221;pfe-flexibel-abstand&#8221;][vc_column][vc_empty_space height=&#8221;50px&#8221;][\/vc_column][\/vc_row][vc_row][vc_column width=&#8221;1\/2&#8243;][vc_custom_heading text=&#8221;Schimb de cuno\u0219tin\u021be&#8221; use_theme_fonts=&#8221;yes&#8221; el_class=&#8221;pfe-small2&#8243;][vc_column_text]Sunte\u021bi interesat s\u0103 afla\u021bi noi perspective valoroase despre industria dvs.? SfE desf\u0103\u0219oar\u0103 diverse forme de cercetare, de la analiza pie\u021bei de consum p\u00e2n\u0103 la sondaje privind metodele de produc\u021bie \u0219i sustenabilitate. Inten\u021bion\u0103m s\u0103 extindem aceast\u0103 cale \u00een viitor, promov\u00e2nd schimbul de cuno\u0219tin\u021be \u00eentre produc\u0103tori. Lua\u021bi leg\u0103tura cu noi pentru a deveni parte a re\u021belei noastre \u0219i abona\u021bi-v\u0103 la newsletterele pentru a fi la curent.<\/p>\n<p><a href=\"\/ro\/contact\/\">Afla\u021bi persoana de contact din \u021bara dvs &gt;&gt;<\/a><\/p>\n<p><a href=\"https:\/\/mailchi.mp\/7c03187f3781\/starsforeurope\">Abona\u021bi-v\u0103 la newsletter acum!&gt;&gt;<\/a>[\/vc_column_text][\/vc_column][vc_column width=&#8221;1\/2&#8243;][vc_single_image image=&#8221;5167&#8243; img_size=&#8221;full&#8221;][\/vc_column][\/vc_row][vc_row el_class=&#8221;pfe-flexibel-abstand&#8221;][vc_column][vc_empty_space height=&#8221;50px&#8221;][\/vc_column][\/vc_row][vc_row][vc_column][vc_custom_heading text=&#8221;Testimoniale din industrie&#8221; use_theme_fonts=&#8221;yes&#8221; el_class=&#8221;pfe-small&#8221;][vc_row_inner][vc_column_inner el_class=&#8221;ho&#8221; width=&#8221;1\/3&#8243;][vc_column_text]<strong>Dna Esslin,<\/strong><br \/>\n<strong>1a Garten Ensslin, Germania<\/strong><br \/>\n\u201e\u00cemi place foarte mult s\u0103 folosesc materiale de marketing de la Stars for Europe, deoarece sunt oferite la un pre\u021b foarte bun \u0219i prezint\u0103 motive frumoase. Clien\u021bilor no\u0219tri le place s\u0103 ia cadourile cu ei, iar instruc\u021biunile de \u00eengrijire sunt foarte valoroase.\u201d[\/vc_column_text][\/vc_column_inner][vc_column_inner width=&#8221;1\/3&#8243;][vc_column_text]<strong>Anna Kaszewiak,<\/strong><br \/>\n<strong>Expert marketing,<br \/>\nPiata En gros Bronisze, Polonia<\/strong><br \/>\n\u201eDatorit\u0103 campaniei Stars for Europe, ne putem inspira din informa\u021biile despre aceast\u0103 plant\u0103 interesant\u0103, extraordinar\u0103. Calitatea campaniei este foarte ridicat\u0103.\u201d[\/vc_column_text][\/vc_column_inner][vc_column_inner width=&#8221;1\/3&#8243;][vc_column_text]<strong>Reiner H\u00f6pken, Chair,<br \/>\nPre\u0219edinte, Asocia\u021bia Gr\u0103dinarilor Retail, Germania <\/strong><br \/>\n\u201eSfE ofer\u0103 un sprijin excelent produc\u0103torilor \u0219i comercian\u021bilor. Cu ajutorul materialelor de PR sau de materiale de marketing pentru retaileri, cr\u0103ciuni\u021bele se pozi\u021bioneaz\u0103 ca un produs de \u00eenalt\u0103 calitate, at\u00e2t pentru cadouri, c\u00e2t \u0219i pentru acas\u0103.\u201d[\/vc_column_text][\/vc_column_inner][\/vc_row_inner][\/vc_column][\/vc_row][vc_row el_class=&#8221;pfe-flexibel-abstand&#8221;][vc_column][vc_empty_space height=&#8221;50px&#8221;][\/vc_column][\/vc_row][vc_row el_class=&#8221;pfe-greenborderbox&#8221;][vc_column width=&#8221;2\/3&#8243;][vc_single_image image=&#8221;5169&#8243; img_size=&#8221;full&#8221;][\/vc_column][vc_column width=&#8221;1\/3&#8243;][vc_custom_heading text=&#8221;Sunte\u021bi produc\u0103tor?&#8221; use_theme_fonts=&#8221;yes&#8221; el_class=&#8221;pfe-small&#8221;][vc_column_text css=&#8221;&#8221;]Dac\u0103 cre\u0219te\u021bi cr\u0103ciuni\u021be \u0219i vre\u021bi s\u0103 fi\u021bi implicat \u00een campanie, da\u021bi un semn.<\/p>\n<p><strong>Stars for Europe Communications Manager,<\/strong><br \/>\nHelena Ebrahimi<br \/>\nEmail: <a href=\"mailto:Helena@greenmarketingeurope.eu\">Helena@greenmarketingeurope.eu<\/a>[\/vc_column_text][vc_column_text]<a href=\"\/ro\/contact\/\">G\u0103si\u021bi persoana de contact din \u021bara dvs &gt;&gt;<\/a>[\/vc_column_text][\/vc_column][\/vc_row]<\/p><\/div><div class=\"acf-fields-container\" data-post-id=\"655\" data-canto-acf=\"true\"><\/div><style>\r\n        .acf-fields-container {\r\n            margin: 2em 0;\r\n            width: 100%;\r\n            clear: both;\r\n        }\r\n        .acf-field-image {\r\n            margin: 1.5em 0;\r\n            position: relative;\r\n        }\r\n        .acf-field-label {\r\n            margin-bottom: 1em;\r\n        }\r\n        .acf-image {\r\n            max-width: 100%;\r\n            height: auto;\r\n            display: block;\r\n            margin: 1em 0;\r\n        }\r\n    <\/style>","protected":false},"excerpt":{"rendered":"<p>[vc_row][vc_column][vc_custom_heading text=&#8221;Cu ajutorul nostru, pute\u021bi vinde mai multe cr\u0103ciuni\u021be&#8221; font_container=&#8221;tag:h2|text_align:center&#8221; use_theme_fonts=&#8221;yes&#8221; el_class=&#8221;pfe-small2&#8243; el_id=&#8221;cu-ajutorul-nostru&#8221;][vc_column_text] \u00cen fiecare an, ajungem la milioane de consumatori prin campaniile noastre extinse de PR \u0219i marketing, promov\u00e2nd produsul dvs. direct c\u0103tre consumatorii finali. Aici pute\u021bi afla mai multe despre ceea ce facem pentru dvs. \u0219i despre cum pute\u021bi beneficia personal de pe [&hellip;]<\/p>\n","protected":false},"author":1,"featured_media":5157,"parent":0,"menu_order":0,"comment_status":"closed","ping_status":"closed","template":"template-parts\/pfe-trade.php","meta":{"_acf_changed":false,"footnotes":""},"class_list":["post-655","page","type-page","status-publish","has-post-thumbnail","hentry"],"acf":[],"_links":{"self":[{"href":"https:\/\/sfe-trade.com\/ro\/wp-json\/wp\/v2\/pages\/655","targetHints":{"allow":["GET"]}}],"collection":[{"href":"https:\/\/sfe-trade.com\/ro\/wp-json\/wp\/v2\/pages"}],"about":[{"href":"https:\/\/sfe-trade.com\/ro\/wp-json\/wp\/v2\/types\/page"}],"author":[{"embeddable":true,"href":"https:\/\/sfe-trade.com\/ro\/wp-json\/wp\/v2\/users\/1"}],"replies":[{"embeddable":true,"href":"https:\/\/sfe-trade.com\/ro\/wp-json\/wp\/v2\/comments?post=655"}],"version-history":[{"count":155,"href":"https:\/\/sfe-trade.com\/ro\/wp-json\/wp\/v2\/pages\/655\/revisions"}],"predecessor-version":[{"id":7231,"href":"https:\/\/sfe-trade.com\/ro\/wp-json\/wp\/v2\/pages\/655\/revisions\/7231"}],"wp:featuredmedia":[{"embeddable":true,"href":"https:\/\/sfe-trade.com\/ro\/wp-json\/wp\/v2\/media\/5157"}],"wp:attachment":[{"href":"https:\/\/sfe-trade.com\/ro\/wp-json\/wp\/v2\/media?parent=655"}],"curies":[{"name":"wp","href":"https:\/\/api.w.org\/{rel}","templated":true}]}}