{"id":653,"date":"2021-12-27T18:24:39","date_gmt":"2021-12-27T17:24:39","guid":{"rendered":"https:\/\/weihnachtsstern.kinsta.cloud\/ro\/?page_id=653"},"modified":"2026-02-23T12:24:39","modified_gmt":"2026-02-23T11:24:39","slug":"magazine","status":"publish","type":"page","link":"https:\/\/sfe-trade.com\/ro\/magazine\/","title":{"rendered":"Magazine"},"content":{"rendered":"<div class=\"wpb-content-wrapper\"><p>[vc_row][vc_column][vc_custom_heading text=&#8221;Vinde\u021bi cr\u0103ciuni\u021be? V\u0103 putem ajuta s\u0103 v\u0103 cre\u0219te\u021bi profitul&#8221; font_container=&#8221;tag:h2|text_align:center&#8221; use_theme_fonts=&#8221;yes&#8221; el_class=&#8221;pfe-small2&#8243; el_id=&#8221;vindeti&#8221;][vc_column_text]<\/p>\n<p style=\"text-align: center;\">Oferim consiliere de specialitate \u00een v\u00e2nz\u0103ri \u0219i marketing, al\u0103turi de resurse precum materiale pentru punctul de v\u00e2nzare, fotografii profesionale gratuite, con\u021binut scris \u0219i videoclipuri &#8211; toate pentru a v\u0103 ajuta s\u0103 v\u0103 cre\u0219te\u021bi v\u00e2nz\u0103rile. Sim\u021bi\u021bi-v\u0103 liber s\u0103 folosi\u021bi con\u021binutul nostru pentru propriul dvs. marketing, pentru a consolida loialitatea clien\u021bilor \u0219i pentru a v\u0103 demonstra experien\u021ba horticol\u0103.<\/p>\n<p>[\/vc_column_text][\/vc_column][\/vc_row][vc_row disable_element=&#8221;yes&#8221; el_class=&#8221;pfe-flexibel-abstand&#8221;][vc_column][vc_empty_space height=&#8221;50px&#8221;][\/vc_column][\/vc_row][vc_row disable_element=&#8221;yes&#8221;][vc_column width=&#8221;1\/2&#8243;][vc_custom_heading text=&#8221;Add impulse at point-of-sale&#8221; use_theme_fonts=&#8221;yes&#8221; el_class=&#8221;pfe-small&#8221;][vc_column_text]Capture the attention of your customers and encourage impulse purchasing right at the point-of-sale in store or online. We offer a wide range of materials from posters, banners, and care cards through to digital resources like social media posts and website headers. It\u2019s available to order, print, share, and display in store.[\/vc_column_text][vc_column_text]<a href=\"\/pos-material\">Discover POS material &gt;&gt;<\/a>[\/vc_column_text][\/vc_column][vc_column width=&#8221;1\/2&#8243;][vc_single_image image=&#8221;5122&#8243; img_size=&#8221;full&#8221;][\/vc_column][\/vc_row][vc_row el_class=&#8221;pfe-flexibel-abstand&#8221;][vc_column][vc_empty_space height=&#8221;50px&#8221;][\/vc_column][\/vc_row][vc_row][vc_column width=&#8221;1\/2&#8243;][vc_single_image image=&#8221;5176&#8243; img_size=&#8221;full&#8221;][\/vc_column][vc_column width=&#8221;1\/2&#8243;][vc_custom_heading text=&#8221;Video cu cr\u0103ciuni\u021be pentru clien\u021bi&#8221; use_theme_fonts=&#8221;yes&#8221; el_class=&#8221;pfe-small2&#8243;][vc_column_text]Pe canalul nostru de YouTube ve\u021bi g\u0103si o serie de videoclipuri cu cr\u0103ciuni\u021be, care prezint\u0103 sfaturi de \u00eengrijire, idei de design \u0219i proiecte de bricolaj. Le pute\u021bi folosi pentru a atrage clien\u021bi \u0219i pentru a stimula implicarea online, partaj\u00e2ndu-le pe propriile canale sociale \u0219i chiar \u00eencorporandu-le \u00een site-ul dvs. web sau ar\u0103t\u00e2ndu-le \u00een magazin, cre\u00e2nd un impuls instantaneu de v\u00e2nz\u0103ri.[\/vc_column_text][vc_column_text]<a href=\"https:\/\/www.youtube.com\/MyPoinsettia\">Descoperi\u021bi video-urile. &gt;&gt;<\/a>[\/vc_column_text][\/vc_column][\/vc_row][vc_row el_class=&#8221;pfe-flexibel-abstand&#8221;][vc_column][vc_empty_space height=&#8221;50px&#8221;][\/vc_column][\/vc_row][vc_row][vc_column width=&#8221;1\/2&#8243;][vc_custom_heading text=&#8221;Ultimele communicate de pres\u0103&#8221; use_theme_fonts=&#8221;yes&#8221; el_class=&#8221;pfe-small2&#8243;][vc_column_text]Trimitem \u00een mod constant comunicate de pres\u0103 despre componentele campaniei, sfaturi de marketing, v\u00e2nz\u0103ri \u0219i \u00eengrijirea cr\u0103ciuni\u021belor. Vede\u021bi aici comunicatele noastre de pres\u0103.[\/vc_column_text][vc_column_text]<a href=\"\/ro\/contact\/\">S\u0103 \u021binem leg\u0103tura!&gt;&gt;<\/a><\/p>\n<p><a href=\"\/ro\/stiri\/\">Comunicate de pres\u0103&gt;&gt;<\/a>[\/vc_column_text][\/vc_column][vc_column width=&#8221;1\/2&#8243;][vc_single_image image=&#8221;5182&#8243; img_size=&#8221;full&#8221;][\/vc_column][\/vc_row][vc_row el_class=&#8221;pfe-flexibel-abstand&#8221;][vc_column][vc_empty_space height=&#8221;50px&#8221;][\/vc_column][\/vc_row][vc_row][vc_column width=&#8221;1\/2&#8243;][vc_single_image image=&#8221;5179&#8243; img_size=&#8221;full&#8221;][\/vc_column][vc_column width=&#8221;1\/2&#8243;][vc_custom_heading text=&#8221;Fotografii f\u0103r\u0103 drepturi de autor&#8221; use_theme_fonts=&#8221;yes&#8221; el_class=&#8221;pfe-small2&#8243;][vc_column_text]\u00cen fiecare an, producem o gam\u0103 larg\u0103 de fotografii de \u00eenalt\u0103 calitate cu cr\u0103ciuni\u021be, cu decor de Cr\u0103ciun \u0219i Advent, proiecte de bricolaj, idei de cadouri, decora\u021biuni pentru mas\u0103, prim-planuri cu plante \u0219i multe altele.<\/p>\n<p>Imaginile noastre sunt gratuite pentru a le folosi pentru a v\u0103 promova propriile v\u00e2nz\u0103ri. Distribui\u021bi-le pe canalele \u0219i site-urile dvs. de socializare, utiliza\u021bi-le pentru propriile comunic\u0103ri de PR \u0219i media sau crea\u021bi-v\u0103 propriile materiale la punctul de v\u00e2nzare, cum ar fi postere \u0219i flutura\u0219i. Descoperi\u021bi galeria noastr\u0103 extins\u0103 de imagini cu sute de fotografii \u00eentr-o mare varietate de stiluri, oferind ceva pentru toate gusturile.[\/vc_column_text][vc_column_text css=&#8221;&#8221;]<a href=\"https:\/\/pelargonium-poinsettia.canto.global\/v\/sfeEN\/allfiles?viewIndex=2\" target=\"_blank\" rel=\"noopener\">Descoperi\u021bi galeria foto &gt;&gt;<\/a>[\/vc_column_text][\/vc_column][\/vc_row][vc_row disable_element=&#8221;yes&#8221; el_class=&#8221;pfe-flexibel-abstand&#8221;][vc_column][vc_empty_space height=&#8221;50px&#8221;][\/vc_column][\/vc_row][vc_row disable_element=&#8221;yes&#8221;][vc_column width=&#8221;1\/2&#8243;][vc_custom_heading text=&#8221;Qualit\u00e4ts- und Pflegematerialien&#8221; use_theme_fonts=&#8221;yes&#8221; el_class=&#8221;pfe-small2&#8243;][vc_column_text]Unsere kostenlosen Pflege-Grafiken und -poster sind eine gute M\u00f6glichkeit, Ihr Personal \u00fcber den richtigen Umgang mit Weihnachtssternen im Lagerhaus, beim Transport und im Gesch\u00e4ft zu informieren, damit die Pflanzen l\u00e4nger in Top-Form bleiben. H\u00e4ngen Sie z. B. das Warnposter in Ihrem Lagerraum auf, um Ihre Mitarbeiter immer wieder aufs Neue daran zu erinnern, dass Weihnachtssterne niemals Zugluft ausgesetzt sein sollten.<\/p>\n<p><a href=\"https:\/\/weihnachtsstern.kinsta.cloud\/ro\/pos-material\/\">Qualit\u00e4ts und Pflegematerialen &gt;&gt;<\/a>[\/vc_column_text][\/vc_column][vc_column width=&#8221;1\/2&#8243;][vc_single_image image=&#8221;5161&#8243; img_size=&#8221;full&#8221;][\/vc_column][\/vc_row][vc_row el_class=&#8221;pfe-flexibel-abstand&#8221;][vc_column][vc_empty_space height=&#8221;50px&#8221;][\/vc_column][\/vc_row][vc_row][vc_column width=&#8221;1\/2&#8243;][vc_custom_heading text=&#8221;Inspira\u021bie de marketing pentru consumatori&#8221; use_theme_fonts=&#8221;yes&#8221; el_class=&#8221;pfe-small2&#8243;][vc_column_text]Dac\u0103 sunte\u021bi adesea \u00een c\u0103utarea unor idei proaspete atunci c\u00e2nd v\u0103 promova\u021bi afacerea \u2013 fie c\u0103 este vorba de con\u021binut pentru re\u021belele sociale, bloguri, propria dvs. campanie de PR \u0219i multe altele, suntem aici pentru a v\u0103 ajuta. Desf\u0103\u0219ur\u0103m o campanie de promovare la scar\u0103 larg\u0103, condus\u0103 de exper\u021bi \u00een PR din toat\u0103 Europa, a\u0219a c\u0103 de ce s\u0103 nu folosi\u021bi con\u021binutul nostru ca ramp\u0103 de lansare pentru dvs.? Consulta\u021bi blogurile \u0219i comunicatele noastre de pres\u0103 pentru consumatori, r\u0103sfoi\u021bi galeria noastr\u0103 foto \u0219i vizita\u021bi paginile noastre de Instagram, Pinterest \u0219i Facebook. Sunte\u021bi binevenit s\u0103 copia\u021bi, s\u0103 adapta\u021bi \u0219i s\u0103 v\u0103 bucura\u021bi de con\u021binutul nostru![\/vc_column_text][vc_column_text]<a href=\"https:\/\/starsforeurope.com\/ro\/\">Vede\u021bi informa\u021bii pentru clien\u021bi &gt;&gt;<\/a>[\/vc_column_text][\/vc_column][vc_column width=&#8221;1\/2&#8243;][vc_single_image image=&#8221;5183&#8243; img_size=&#8221;full&#8221;][\/vc_column][\/vc_row][vc_row el_class=&#8221;pfe-flexibel-abstand&#8221;][vc_column][vc_empty_space height=&#8221;50px&#8221;][\/vc_column][\/vc_row][vc_row][vc_column width=&#8221;1\/2&#8243;][vc_single_image image=&#8221;5121&#8243; img_size=&#8221;full&#8221;][\/vc_column][vc_column width=&#8221;1\/2&#8243;][vc_custom_heading text=&#8221;Contacta\u021bi-ne \u0219i \u00eenv\u0103\u021ba\u021bi mai multe&#8221; use_theme_fonts=&#8221;yes&#8221; el_class=&#8221;pfe-small2&#8243;][vc_column_text]Vinde\u021bi cr\u0103ciuni\u021be \u00eentr-un centru de gr\u0103din\u0103rit, \u00eentr-un magazin de flori sau \u00eentr-un punct de v\u00e2nzare cu am\u0103nuntul? V\u0103 putem sprijini. Intra\u021bi \u00een leg\u0103tur\u0103 cu noi![\/vc_column_text][vc_column_text]<a href=\"\/ro\/contact\/\">Contact &gt;&gt;<\/a>[\/vc_column_text][\/vc_column][\/vc_row]<\/p><\/div><div class=\"acf-fields-container\" data-post-id=\"653\" data-canto-acf=\"true\"><\/div><style>\r\n        .acf-fields-container {\r\n            margin: 2em 0;\r\n            width: 100%;\r\n            clear: both;\r\n        }\r\n        .acf-field-image {\r\n            margin: 1.5em 0;\r\n            position: relative;\r\n        }\r\n        .acf-field-label {\r\n            margin-bottom: 1em;\r\n        }\r\n        .acf-image {\r\n            max-width: 100%;\r\n            height: auto;\r\n            display: block;\r\n            margin: 1em 0;\r\n        }\r\n    <\/style>","protected":false},"excerpt":{"rendered":"<p>[vc_row][vc_column][vc_custom_heading text=&#8221;Vinde\u021bi cr\u0103ciuni\u021be? V\u0103 putem ajuta s\u0103 v\u0103 cre\u0219te\u021bi profitul&#8221; font_container=&#8221;tag:h2|text_align:center&#8221; use_theme_fonts=&#8221;yes&#8221; el_class=&#8221;pfe-small2&#8243; el_id=&#8221;vindeti&#8221;][vc_column_text] Oferim consiliere de specialitate \u00een v\u00e2nz\u0103ri \u0219i marketing, al\u0103turi de resurse precum materiale pentru punctul de v\u00e2nzare, fotografii profesionale gratuite, con\u021binut scris \u0219i videoclipuri &#8211; toate pentru a v\u0103 ajuta s\u0103 v\u0103 cre\u0219te\u021bi v\u00e2nz\u0103rile. Sim\u021bi\u021bi-v\u0103 liber s\u0103 folosi\u021bi con\u021binutul nostru pentru [&hellip;]<\/p>\n","protected":false},"author":1,"featured_media":4377,"parent":0,"menu_order":0,"comment_status":"closed","ping_status":"closed","template":"template-parts\/pfe-trade.php","meta":{"_acf_changed":false,"footnotes":""},"class_list":["post-653","page","type-page","status-publish","has-post-thumbnail","hentry"],"acf":[],"_links":{"self":[{"href":"https:\/\/sfe-trade.com\/ro\/wp-json\/wp\/v2\/pages\/653","targetHints":{"allow":["GET"]}}],"collection":[{"href":"https:\/\/sfe-trade.com\/ro\/wp-json\/wp\/v2\/pages"}],"about":[{"href":"https:\/\/sfe-trade.com\/ro\/wp-json\/wp\/v2\/types\/page"}],"author":[{"embeddable":true,"href":"https:\/\/sfe-trade.com\/ro\/wp-json\/wp\/v2\/users\/1"}],"replies":[{"embeddable":true,"href":"https:\/\/sfe-trade.com\/ro\/wp-json\/wp\/v2\/comments?post=653"}],"version-history":[{"count":116,"href":"https:\/\/sfe-trade.com\/ro\/wp-json\/wp\/v2\/pages\/653\/revisions"}],"predecessor-version":[{"id":7249,"href":"https:\/\/sfe-trade.com\/ro\/wp-json\/wp\/v2\/pages\/653\/revisions\/7249"}],"wp:featuredmedia":[{"embeddable":true,"href":"https:\/\/sfe-trade.com\/ro\/wp-json\/wp\/v2\/media\/4377"}],"wp:attachment":[{"href":"https:\/\/sfe-trade.com\/ro\/wp-json\/wp\/v2\/media?parent=653"}],"curies":[{"name":"wp","href":"https:\/\/api.w.org\/{rel}","templated":true}]}}