{"id":648,"date":"2023-08-01T18:17:47","date_gmt":"2023-08-01T16:17:47","guid":{"rendered":"https:\/\/weihnachtsstern.kinsta.cloud\/ro\/?page_id=648"},"modified":"2023-08-09T00:54:46","modified_gmt":"2023-08-08T22:54:46","slug":"comert","status":"publish","type":"page","link":"https:\/\/sfe-trade.com\/ro\/comert\/","title":{"rendered":"Comer\u021b"},"content":{"rendered":"<div class=\"wpb-content-wrapper\"><p>[vc_row][vc_column][vc_custom_heading text=&#8221;Oportunit\u0103\u021bi pentru toate sectoarele din industrie&#8221; font_container=&#8221;tag:h2|text_align:center&#8221; use_theme_fonts=&#8221;yes&#8221; el_class=&#8221;pfe-small2&#8243; el_id=&#8221;oportunitati&#8221;][\/vc_column][\/vc_row][vc_row][vc_column][vc_column_text]<\/p>\n<p style=\"text-align: center\">La Stars for Europe (Cr\u0103ciuni\u021be pentru Europa), promov\u0103m printr-o campanie extins\u0103 clien\u021bilor finali numeroasele beneficii ale cr\u0103ciuni\u021belor. \u00cen acest fel, inspir\u0103m continuu noi audien\u021be, asigur\u00e2nd v\u00e2nz\u0103ri de cr\u0103ciuni\u021be pe termen lung.<\/p>\n<p style=\"text-align: center\">Dar aici ve\u021bi g\u0103si, de asemenea, o mul\u021bime de informa\u021bii pentru a v\u0103 sprijini afacerea \u00een mod direct, de la upgrade-uri de produse, la sfaturi pentru \u00eembun\u0103t\u0103\u021birea v\u00e2nz\u0103rilor, sfaturi privind materiale de promovare la punctul de v\u00e2nzare, instrumente digitale \u0219i resurse de marketing.<\/p>\n<p style=\"text-align: center\">Afla\u021bi cum v\u0103 putem sprijini \u0219i extinde oportunit\u0103\u021bile de promovare a cr\u0103ciuni\u021belor. Explora\u021bi proiectul nostru!<\/p>\n<p>[\/vc_column_text][\/vc_column][\/vc_row][vc_row][vc_column][vc_column_text][\/vc_column_text][\/vc_column][\/vc_row][vc_row gap=&#8221;30&#8243;][vc_column width=&#8221;1\/3&#8243;][vc_single_image image=&#8221;5144&#8243; img_size=&#8221;full&#8221;][vc_custom_heading text=&#8221;Cultiva\u021bi cr\u0103ciuni\u021be?&#8221; font_container=&#8221;tag:h3|text_align:left&#8221; use_theme_fonts=&#8221;yes&#8221; el_class=&#8221;pfe-small&#8221;][vc_column_text]\u00cen calitate de produc\u0103tor, sunte\u021bi coloana vertebral\u0103 a campaniei SfE: tot ceea ce facem este cu scopul de a v\u0103 cre\u0219te v\u00e2nz\u0103rile prin marketing B2C \u0219i B2B. Aici ve\u021bi g\u0103si c\u00e2teva dintre modalit\u0103\u021bile suplimentare de care pute\u021bi beneficia.[\/vc_column_text][vc_column_text]<a href=\"https:\/\/sfe-trade.com\/ro\/producatori\/\">Descoperi\u021bi oportunit\u0103\u021bi pentru produc\u0103tori &gt;&gt;<\/a>[\/vc_column_text][\/vc_column][vc_column width=&#8221;1\/3&#8243;][vc_single_image image=&#8221;5145&#8243; img_size=&#8221;full&#8221;][vc_custom_heading text=&#8221;Vinde\u021bi cr\u0103ciuni\u021be?&#8221; font_container=&#8221;tag:h3|text_align:left&#8221; use_theme_fonts=&#8221;yes&#8221; el_class=&#8221;pfe-small&#8221;][vc_column_text]Scopul nostru este s\u0103 \u00eencuraj\u0103m noi consumatori s\u0103 se \u00eendr\u0103gosteasc\u0103 de cr\u0103ciuni\u021be \u0219i s\u0103 cumpere c\u00e2t mai multe posibil \u00een fiecare an. Oferim gratuit materiale \u0219i resurse de marketing ca s\u0103 v\u0103 ajut\u0103m s\u0103 cre\u0219te\u021bi v\u00e2nz\u0103rile.[\/vc_column_text][vc_column_text]<a href=\"https:\/\/sfe-trade.com\/ro\/magazine\/\">Descperi\u021bi oportunit\u0103\u021bi pentru magazinele care v\u00e2nd cr\u0103ciuni\u021be. &gt;&gt;<\/a>[\/vc_column_text][\/vc_column][vc_column width=&#8221;1\/3&#8243;][vc_single_image image=&#8221;5146&#8243; img_size=&#8221;full&#8221;][vc_custom_heading text=&#8221;C\u0103uta\u021bi informa\u021bii de pres\u0103?&#8221; font_container=&#8221;tag:h3|text_align:left&#8221; use_theme_fonts=&#8221;yes&#8221; el_class=&#8221;pfe-small&#8221;][vc_column_text]Dac\u0103 sunte\u021bi jurnalist \u0219i c\u0103uta\u021bi cele mai noi \u0219tiri, comunicate de pres\u0103 \u0219i fotografii pe care s\u0103 le pute\u021bi prelua, a\u021bi venit \u00een locul potrivit. Suntem mereu ferici\u021bi s\u0103 v\u0103 sprijinim cu con\u021binut, fotografii \u0219i tot ce ave\u021bi nevoie. Afla\u021bi ce v\u0103 putem oferi![\/vc_column_text][vc_column_text]<a href=\"\/comunicate-de-presa\/\">Informa\u021bii de pres\u0103 &gt;&gt;<\/a>[\/vc_column_text][\/vc_column][\/vc_row][vc_row][vc_column][vc_column_text][\/vc_column_text][\/vc_column][\/vc_row][vc_row el_class=&#8221;pfe-greenborderbox&#8221;][vc_column width=&#8221;1\/2&#8243;][vc_single_image image=&#8221;5147&#8243; img_size=&#8221;full&#8221;][\/vc_column][vc_column width=&#8221;1\/2&#8243;][vc_custom_heading text=&#8221;Sunte\u021bi cultivator?&#8221; use_theme_fonts=&#8221;yes&#8221; el_class=&#8221;pfe-small&#8221;][vc_column_text]Dac\u0103 reprezenta\u021bi o companie care cultiv\u0103 cr\u0103ciuni\u021be \u0219i vre\u021bi s\u0103 afla\u021bi cum pute\u021bi beneficia de sprijin din partea noastr\u0103 pentru businessul dvs. \u0219i pentru industrie \u00een general, dati-ne un semn.<\/p>\n<p><strong>Projektmanagement<\/strong><br \/>\nStars for Europe GbR,<br \/>\n<strong>Dr. Susanne Lux,<\/strong><br \/>\n<strong>Telephone:<\/strong> + 49 2644 981333,<br \/>\n<strong>E-mail:<\/strong> <a href=\"mailto:susanne.lux@meclux.de\">susanne.lux@meclux.de<\/a>[\/vc_column_text][\/vc_column][\/vc_row][vc_row][vc_column][vc_empty_space height=&#8221;75px&#8221;][\/vc_column][\/vc_row]<\/p><\/div><div class=\"acf-fields-container\" data-post-id=\"648\" data-canto-acf=\"true\"><\/div><style>\r\n        .acf-fields-container {\r\n            margin: 2em 0;\r\n            width: 100%;\r\n            clear: both;\r\n        }\r\n        .acf-field-image {\r\n            margin: 1.5em 0;\r\n            position: relative;\r\n        }\r\n        .acf-field-label {\r\n            margin-bottom: 1em;\r\n        }\r\n        .acf-image {\r\n            max-width: 100%;\r\n            height: auto;\r\n            display: block;\r\n            margin: 1em 0;\r\n        }\r\n    <\/style>","protected":false},"excerpt":{"rendered":"<p>[vc_row][vc_column][vc_custom_heading text=&#8221;Oportunit\u0103\u021bi pentru toate sectoarele din industrie&#8221; font_container=&#8221;tag:h2|text_align:center&#8221; use_theme_fonts=&#8221;yes&#8221; el_class=&#8221;pfe-small2&#8243; el_id=&#8221;oportunitati&#8221;][\/vc_column][\/vc_row][vc_row][vc_column][vc_column_text] La Stars for Europe (Cr\u0103ciuni\u021be pentru Europa), promov\u0103m printr-o campanie extins\u0103 clien\u021bilor finali numeroasele beneficii ale cr\u0103ciuni\u021belor. \u00cen acest fel, inspir\u0103m continuu noi audien\u021be, asigur\u00e2nd v\u00e2nz\u0103ri de cr\u0103ciuni\u021be pe termen lung. Dar aici ve\u021bi g\u0103si, de asemenea, o mul\u021bime de informa\u021bii pentru a v\u0103 [&hellip;]<\/p>\n","protected":false},"author":1,"featured_media":5142,"parent":0,"menu_order":0,"comment_status":"closed","ping_status":"closed","template":"template-parts\/pfe-trade.php","meta":{"_acf_changed":false,"footnotes":""},"class_list":["post-648","page","type-page","status-publish","has-post-thumbnail","hentry"],"acf":[],"_links":{"self":[{"href":"https:\/\/sfe-trade.com\/ro\/wp-json\/wp\/v2\/pages\/648","targetHints":{"allow":["GET"]}}],"collection":[{"href":"https:\/\/sfe-trade.com\/ro\/wp-json\/wp\/v2\/pages"}],"about":[{"href":"https:\/\/sfe-trade.com\/ro\/wp-json\/wp\/v2\/types\/page"}],"author":[{"embeddable":true,"href":"https:\/\/sfe-trade.com\/ro\/wp-json\/wp\/v2\/users\/1"}],"replies":[{"embeddable":true,"href":"https:\/\/sfe-trade.com\/ro\/wp-json\/wp\/v2\/comments?post=648"}],"version-history":[{"count":209,"href":"https:\/\/sfe-trade.com\/ro\/wp-json\/wp\/v2\/pages\/648\/revisions"}],"predecessor-version":[{"id":6925,"href":"https:\/\/sfe-trade.com\/ro\/wp-json\/wp\/v2\/pages\/648\/revisions\/6925"}],"wp:featuredmedia":[{"embeddable":true,"href":"https:\/\/sfe-trade.com\/ro\/wp-json\/wp\/v2\/media\/5142"}],"wp:attachment":[{"href":"https:\/\/sfe-trade.com\/ro\/wp-json\/wp\/v2\/media?parent=648"}],"curies":[{"name":"wp","href":"https:\/\/api.w.org\/{rel}","templated":true}]}}