{"id":655,"date":"2021-12-27T18:24:59","date_gmt":"2021-12-27T17:24:59","guid":{"rendered":"https:\/\/weihnachtsstern.kinsta.cloud\/pl\/?page_id=655"},"modified":"2025-12-22T07:48:19","modified_gmt":"2025-12-22T06:48:19","slug":"producenci","status":"publish","type":"page","link":"https:\/\/sfe-trade.com\/pl\/producenci\/","title":{"rendered":"Producenci"},"content":{"rendered":"<div class=\"wpb-content-wrapper\"><p>[vc_row][vc_column][vc_custom_heading text=&#8221;Z naszym wsparciem mo\u017cesz sprzedawa\u0107 wi\u0119cej poinsecji&#8221; font_container=&#8221;tag:h2|text_align:center&#8221; use_theme_fonts=&#8221;yes&#8221; el_class=&#8221;pfe-small2&#8243; el_id=&#8221;z-naszym-wsparciem&#8221;][vc_column_text]<\/p>\n<p style=\"text-align: center;\">Ka\u017cdego roku docieramy do milion\u00f3w konsument\u00f3w dzi\u0119ki szeroko zakrojonym kampaniom PR i marketingowym, promuj\u0105c Tw\u00f3j produkt bezpo\u015brednio w\u015br\u00f3d konsument\u00f3w ko\u0144cowych. Tutaj mo\u017cesz dowiedzie\u0107 si\u0119 wi\u0119cej o tym, co robimy dla Ciebie i jakie korzy\u015bci mo\u017cesz czerpa\u0107, zar\u00f3wno wyst\u0119puj\u0105c w roli eksperta w wywiadach czy korzystaj\u0105c z naszych zdj\u0119\u0107, tre\u015bci i film\u00f3w.<\/p>\n<p>[\/vc_column_text][\/vc_column][\/vc_row][vc_row el_class=&#8221;pfe-flexibel-abstand&#8221;][vc_column][vc_empty_space height=&#8221;50px&#8221;][\/vc_column][\/vc_row][vc_row][vc_column width=&#8221;1\/2&#8243;][vc_single_image image=&#8221;5164&#8243; img_size=&#8221;full&#8221;][\/vc_column][vc_column width=&#8221;1\/2&#8243;][vc_custom_heading text=&#8221;Inspiruj\u0105cy konsumenci&#8221; use_theme_fonts=&#8221;yes&#8221; el_class=&#8221;pfe-small2&#8243;][vc_column_text]Nasza szeroko zakrojona kampania konsumencka koncentruje si\u0119 na promowaniu korzy\u015bci p\u0142yn\u0105cych z \u0142atwej piel\u0119gnacji poinsecji, podnoszeniu \u015bwiadomo\u015bci i motywowaniu wi\u0119kszej liczby os\u00f3b do kupowania Twoich ro\u015blin. Prezentujemy poinsecje w radio i telewizji, nawi\u0105zujemy wsp\u00f3\u0142prac\u0119 z influencerami, poinsecje pojawiaj\u0105 si\u0119 w wiod\u0105cych tytu\u0142ach i magazynach kolorowych, a tak\u017ce dekoruj\u0105 liczne festiwale i wydarzenia.<\/p>\n<p>Aby zobaczy\u0107, co uda\u0142o si\u0119 osi\u0105gn\u0105\u0107 w Twoim kraju, przeczytaj nasz roczny raport lub zapisz si\u0119 do naszego newslettera.[\/vc_column_text][vc_column_text]<a href=\"https:\/\/mailchi.mp\/7c03187f3781\/starsforeurope\">Zapisz si\u0119 do newslettera &gt;&gt;<\/a>[\/vc_column_text][\/vc_column][\/vc_row][vc_row el_class=&#8221;pfe-flexibel-abstand&#8221;][vc_column][vc_empty_space height=&#8221;50px&#8221;][\/vc_column][\/vc_row][vc_row][vc_column width=&#8221;1\/2&#8243;][vc_custom_heading text=&#8221;Mo\u017cliwo\u015bci wsp\u00f3\u0142pracy&#8221; use_theme_fonts=&#8221;yes&#8221; el_class=&#8221;pfe-small2&#8243;][vc_column_text]Dajemy producentom mo\u017cliwo\u015b\u0107 aktywnego uczestniczenia w SfE i odkrywania nowych mo\u017cliwo\u015bci. Czy chcia\u0142by\u015b, aby Twoja szk\u00f3\u0142ka by\u0142a pokazywana w telewizji w czasie najwi\u0119kszej ogl\u0105dalno\u015bci, udziela\u0107 wywiad\u00f3w w regionalnym radiu, prezentowa\u0107 ro\u015bliny na najwa\u017cniejszych, \u015bwiatowych pokazach ogrodniczych i rozwija\u0107 sie\u0107 kontakt\u00f3w z innymi kluczowymi graczami z bran\u017cy?<\/p>\n<p>Skontaktuj si\u0119 z nami, poniewa\u017c ch\u0119tnie nawi\u0105zujemy nowe relacje z hodowcami.[\/vc_column_text][vc_column_text]<a href=\"\/pl\/kontakt\/\">Skontaktuj si\u0119 z biurem SfE w swoim kraju &gt;&gt;<\/a>[\/vc_column_text][\/vc_column][vc_column width=&#8221;1\/2&#8243;][vc_single_image image=&#8221;5119&#8243; img_size=&#8221;full&#8221;][\/vc_column][\/vc_row][vc_row el_class=&#8221;pfe-flexibel-abstand&#8221;][vc_column][vc_empty_space height=&#8221;50px&#8221;][\/vc_column][\/vc_row][vc_row][vc_column width=&#8221;1\/2&#8243;][vc_single_image image=&#8221;5123&#8243; img_size=&#8221;full&#8221;][\/vc_column][vc_column width=&#8221;1\/2&#8243;][vc_custom_heading text=&#8221;Narz\u0119dzia dla Twoich klient\u00f3w&#8221; use_theme_fonts=&#8221;yes&#8221; el_class=&#8221;pfe-small2&#8243;][vc_column_text]Dzi\u0119ki naszej kampanii mo\u017cesz zapewni\u0107 wsparcie swoim klientom i partnerom biznesowym. Oferujemy szereg narz\u0119dzi, z kt\u00f3rych mog\u0105 korzysta\u0107 Twoi klienci detaliczni. Obejmuj\u0105 one porady marketingowe, filmy, materia\u0142y promocyjne i obszern\u0105 baz\u0119 zdj\u0119\u0107. Zapraszamy do korzystania z naszych zasob\u00f3w oraz przekazywania ich swoim klientom i partnerom.[\/vc_column_text][vc_column_text]<a href=\"\/pl\/sprzedawcy-detaliczni\/\/\">Zobacz narz\u0119dzia dla sprzedawc\u00f3w &gt;&gt;<\/a>[\/vc_column_text][\/vc_column][\/vc_row][vc_row disable_element=&#8221;yes&#8221; el_class=&#8221;pfe-flexibel-abstand&#8221;][vc_column][vc_empty_space height=&#8221;50px&#8221;][\/vc_column][\/vc_row][vc_row disable_element=&#8221;yes&#8221;][vc_column width=&#8221;1\/2&#8243;][vc_custom_heading text=&#8221;Are you a producer?&#8221; use_theme_fonts=&#8221;yes&#8221; el_class=&#8221;pfe-small2&#8243;][vc_column_text]If you grow poinsettias and would like to get involved in the campaign, get in touch.<\/p>\n<p><strong>Stars for Europe Communications Manager,<\/strong><br \/>\nHannah Dunne,<br \/>\n<strong>Tel:<\/strong> +44 7533 076185<br \/>\n<strong>Email:<\/strong> <a href=\"mailto:communication@org-intern.info\">communication@org-intern.info<\/a><\/p>\n<p><a href=\"https:\/\/weihnachtsstern.kinsta.cloud\/pl\/pos-material\/\">Find contact person in my country &gt;&gt;<\/a>[\/vc_column_text][\/vc_column][vc_column width=&#8221;1\/2&#8243;][vc_single_image image=&#8221;5161&#8243; img_size=&#8221;full&#8221;][\/vc_column][\/vc_row][vc_row el_class=&#8221;pfe-flexibel-abstand&#8221;][vc_column][vc_empty_space height=&#8221;50px&#8221;][\/vc_column][\/vc_row][vc_row][vc_column width=&#8221;1\/2&#8243;][vc_custom_heading text=&#8221;Wymiana wiedzy&#8221; use_theme_fonts=&#8221;yes&#8221; el_class=&#8221;pfe-small2&#8243;][vc_column_text]Czy jeste\u015b zainteresowany poznaniem nowych, cennych informacji na temat swojej bran\u017cy? SfE prowadzi r\u00f3\u017cne formy bada\u0144, od analizy rynku konsumenckiego po badania dotycz\u0105ce metod produkcji i zr\u00f3wnowa\u017conego rozwoju. W przysz\u0142o\u015bci planujemy rozszerzy\u0107 ten kierunek, promuj\u0105c wymian\u0119 wiedzy mi\u0119dzy producentami. Skontaktuj si\u0119 z nami, aby sta\u0107 si\u0119 cz\u0119\u015bci\u0105 naszej sieci i zasubskrybuj nasz newsletter, aby by\u0107 na bie\u017c\u0105co.<\/p>\n<p><a href=\"\/pl\/kontakt\/\">Znajd\u017a osob\u0119 do kontaktu w swoim kraju &gt;&gt;<\/a><\/p>\n<p><a href=\"https:\/\/mailchi.mp\/7c03187f3781\/starsforeurope\">Zapisz si\u0119 do newslettera ju\u017c teraz! &gt;&gt;<\/a>[\/vc_column_text][\/vc_column][vc_column width=&#8221;1\/2&#8243;][vc_single_image image=&#8221;5167&#8243; img_size=&#8221;full&#8221;][\/vc_column][\/vc_row][vc_row el_class=&#8221;pfe-flexibel-abstand&#8221;][vc_column][vc_empty_space height=&#8221;50px&#8221;][\/vc_column][\/vc_row][vc_row][vc_column][vc_custom_heading text=&#8221;Referencje bran\u017cowe&#8221; use_theme_fonts=&#8221;yes&#8221; el_class=&#8221;pfe-small&#8221;][vc_row_inner][vc_column_inner el_class=&#8221;ho&#8221; width=&#8221;1\/3&#8243;][vc_column_text]<strong>Stefanie En\u00dflin<\/strong><br \/>\n<strong>Centrum ogrodnicze 1A Ensslin, Niemcy<br \/>\n<\/strong>\u201cBardzo lubi\u0119 korzysta\u0107 z materia\u0142\u00f3w promocyjnych Stars for Europe, poniewa\u017c s\u0105 oferowane w korzystnej cenie i przedstawiaj\u0105 pi\u0119kne motywy. Nasi klienci lubi\u0105 zabiera\u0107 ze sob\u0105 upominki, a instrukcje dotycz\u0105ce piel\u0119gnacji s\u0105 dla nich bardzo cenne.\u201d[\/vc_column_text][\/vc_column_inner][vc_column_inner width=&#8221;1\/3&#8243;][vc_column_text]<strong>Anna Kaszewiak,<\/strong><br \/>\n<strong>Ekspert ds. marketingu, Warszawski Rolno-Spo\u017cywczy Rynek Hurtowy S.A. Bronisze, Polska<br \/>\n<\/strong>\u201cDzi\u0119ki kampanii Stars for Europe mo\u017cemy zainspirowa\u0107 si\u0119 ciekawymi, nietuzinkowymi kompozycjami i zastosowaniem tej ro\u015bliny. Jako\u015b\u0107 prezentowana we wszystkich kana\u0142ach jest bardzo wysoka.\u201d[\/vc_column_text][\/vc_column_inner][vc_column_inner width=&#8221;1\/3&#8243;][vc_column_text]<strong>Reiner H\u00f6pken, Przewodnicz\u0105cy Stowarzyszenia Ogrodnik\u00f3w Detalicznych, Niemcy<\/strong><br \/>\n\u201cSfE oferuje doskona\u0142e wsparcie dla producent\u00f3w i handlu. Dzi\u0119ki kampanii, czy to w materia\u0142ach PR, czy materia\u0142y promocyjne dla sprzedawc\u00f3w detalicznych, poinsecja jest pozycjonowana jako produkt wysokiej jako\u015bci, zar\u00f3wno jako prezent, jak i do domu\u201d.[\/vc_column_text][\/vc_column_inner][\/vc_row_inner][\/vc_column][\/vc_row][vc_row el_class=&#8221;pfe-flexibel-abstand&#8221;][vc_column][vc_empty_space height=&#8221;50px&#8221;][\/vc_column][\/vc_row][vc_row el_class=&#8221;pfe-greenborderbox&#8221;][vc_column width=&#8221;2\/3&#8243;][vc_single_image image=&#8221;5169&#8243; img_size=&#8221;full&#8221;][\/vc_column][vc_column width=&#8221;1\/3&#8243;][vc_custom_heading text=&#8221;Czy jeste\u015b producentem?&#8221; use_theme_fonts=&#8221;yes&#8221; el_class=&#8221;pfe-small&#8221;][vc_column_text css=&#8221;&#8221;]Je\u015bli uprawiasz poinsecje i chcesz wzi\u0105\u0107 udzia\u0142 w kampanii, skontaktuj si\u0119 z nami.<\/p>\n<p><strong>Stars for Europe Communications Manager<\/strong><br \/>\nHelena Ebrahimi<br \/>\nEmail: <a href=\"mailto:Helena@greenmarketingeurope.eu\">Helena@greenmarketingeurope.eu<\/a>[\/vc_column_text][vc_column_text]<a href=\"\/pl\/kontakt\/\">Znajd\u017a osob\u0119 do kontaktu w swoim kraju &gt;&gt;<\/a>[\/vc_column_text][\/vc_column][\/vc_row]<\/p><\/div><div class=\"acf-fields-container\" data-post-id=\"655\" data-canto-acf=\"true\"><\/div><style>\r\n        .acf-fields-container {\r\n            margin: 2em 0;\r\n            width: 100%;\r\n            clear: both;\r\n        }\r\n        .acf-field-image {\r\n            margin: 1.5em 0;\r\n            position: relative;\r\n        }\r\n        .acf-field-label {\r\n            margin-bottom: 1em;\r\n        }\r\n        .acf-image {\r\n            max-width: 100%;\r\n            height: auto;\r\n            display: block;\r\n            margin: 1em 0;\r\n        }\r\n    <\/style>","protected":false},"excerpt":{"rendered":"<p>[vc_row][vc_column][vc_custom_heading text=&#8221;Z naszym wsparciem mo\u017cesz sprzedawa\u0107 wi\u0119cej poinsecji&#8221; font_container=&#8221;tag:h2|text_align:center&#8221; use_theme_fonts=&#8221;yes&#8221; el_class=&#8221;pfe-small2&#8243; el_id=&#8221;z-naszym-wsparciem&#8221;][vc_column_text] Ka\u017cdego roku docieramy do milion\u00f3w konsument\u00f3w dzi\u0119ki szeroko zakrojonym kampaniom PR i marketingowym, promuj\u0105c Tw\u00f3j produkt bezpo\u015brednio w\u015br\u00f3d konsument\u00f3w ko\u0144cowych. Tutaj mo\u017cesz dowiedzie\u0107 si\u0119 wi\u0119cej o tym, co robimy dla Ciebie i jakie korzy\u015bci mo\u017cesz czerpa\u0107, zar\u00f3wno wyst\u0119puj\u0105c w roli eksperta w wywiadach [&hellip;]<\/p>\n","protected":false},"author":1,"featured_media":5157,"parent":0,"menu_order":0,"comment_status":"closed","ping_status":"closed","template":"template-parts\/pfe-trade.php","meta":{"_acf_changed":false,"footnotes":""},"class_list":["post-655","page","type-page","status-publish","has-post-thumbnail","hentry"],"acf":[],"_links":{"self":[{"href":"https:\/\/sfe-trade.com\/pl\/wp-json\/wp\/v2\/pages\/655","targetHints":{"allow":["GET"]}}],"collection":[{"href":"https:\/\/sfe-trade.com\/pl\/wp-json\/wp\/v2\/pages"}],"about":[{"href":"https:\/\/sfe-trade.com\/pl\/wp-json\/wp\/v2\/types\/page"}],"author":[{"embeddable":true,"href":"https:\/\/sfe-trade.com\/pl\/wp-json\/wp\/v2\/users\/1"}],"replies":[{"embeddable":true,"href":"https:\/\/sfe-trade.com\/pl\/wp-json\/wp\/v2\/comments?post=655"}],"version-history":[{"count":165,"href":"https:\/\/sfe-trade.com\/pl\/wp-json\/wp\/v2\/pages\/655\/revisions"}],"predecessor-version":[{"id":7736,"href":"https:\/\/sfe-trade.com\/pl\/wp-json\/wp\/v2\/pages\/655\/revisions\/7736"}],"wp:featuredmedia":[{"embeddable":true,"href":"https:\/\/sfe-trade.com\/pl\/wp-json\/wp\/v2\/media\/5157"}],"wp:attachment":[{"href":"https:\/\/sfe-trade.com\/pl\/wp-json\/wp\/v2\/media?parent=655"}],"curies":[{"name":"wp","href":"https:\/\/api.w.org\/{rel}","templated":true}]}}