{"id":653,"date":"2021-12-27T18:24:39","date_gmt":"2021-12-27T17:24:39","guid":{"rendered":"https:\/\/weihnachtsstern.kinsta.cloud\/pl\/?page_id=653"},"modified":"2026-02-23T12:22:50","modified_gmt":"2026-02-23T11:22:50","slug":"sprzedawcy-detaliczni","status":"publish","type":"page","link":"https:\/\/sfe-trade.com\/pl\/sprzedawcy-detaliczni\/","title":{"rendered":"Sprzedawcy detaliczni"},"content":{"rendered":"<div class=\"wpb-content-wrapper\"><p>[vc_row][vc_column][vc_custom_heading text=&#8221;Sprzedajesz poinsecje? Pomo\u017cemy Ci zwi\u0119kszy\u0107 Twoje obroty.&#8221; font_container=&#8221;tag:h2|text_align:center&#8221; use_theme_fonts=&#8221;yes&#8221; el_class=&#8221;pfe-small2&#8243; el_id=&#8221;sprzedajesz-poinsecje&#8221;][vc_column_text]<\/p>\n<p style=\"text-align: center;\">Oferujemy specjalistyczne porady dotycz\u0105ce sprzeda\u017cy i marketingu, a tak\u017ce materia\u0142y promocyjne, bezp\u0142atne profesjonalne zdj\u0119cia, artyku\u0142y i filmy \u2013 wszystko po to, aby zwi\u0119kszy\u0107 sprzeda\u017c. Zach\u0119camy do wykorzystania naszych zasob\u00f3w do w\u0142asnych dzia\u0142a\u0144 marketingowych, aby wzmocni\u0107 lojalno\u015b\u0107 klient\u00f3w i wykaza\u0107 si\u0119 swoj\u0105 wiedz\u0105 ogrodnicz\u0105.<\/p>\n<p>[\/vc_column_text][\/vc_column][\/vc_row][vc_row disable_element=&#8221;yes&#8221; el_class=&#8221;pfe-flexibel-abstand&#8221;][vc_column][vc_empty_space height=&#8221;50px&#8221;][\/vc_column][\/vc_row][vc_row disable_element=&#8221;yes&#8221;][vc_column width=&#8221;1\/2&#8243;][vc_custom_heading text=&#8221;Add impulse at point-of-sale&#8221; use_theme_fonts=&#8221;yes&#8221; el_class=&#8221;pfe-small&#8221;][vc_column_text]Capture the attention of your customers and encourage impulse purchasing right at the point-of-sale in store or online. We offer a wide range of materials from posters, banners, and care cards through to digital resources like social media posts and website headers. It\u2019s available to order, print, share, and display in store.[\/vc_column_text][vc_column_text]<a href=\"\/pos-material\">Discover POS material &gt;&gt;<\/a>[\/vc_column_text][\/vc_column][vc_column width=&#8221;1\/2&#8243;][vc_single_image image=&#8221;5122&#8243; img_size=&#8221;full&#8221;][\/vc_column][\/vc_row][vc_row el_class=&#8221;pfe-flexibel-abstand&#8221;][vc_column][vc_empty_space height=&#8221;50px&#8221;][\/vc_column][\/vc_row][vc_row][vc_column width=&#8221;1\/2&#8243;][vc_single_image image=&#8221;5176&#8243; img_size=&#8221;full&#8221;][\/vc_column][vc_column width=&#8221;1\/2&#8243;][vc_custom_heading text=&#8221;Filmy o poinsecjach dla Twoich klient\u00f3w&#8221; use_theme_fonts=&#8221;yes&#8221; el_class=&#8221;pfe-small2&#8243;][vc_column_text]Na naszym kanale YouTube znajdziesz szereg film\u00f3w o poinsecjach z poradami dotycz\u0105cymi piel\u0119gnacji, pomys\u0142ami projektowymi i projektami DIY. Mo\u017cesz ich u\u017cywa\u0107 do przyci\u0105gania klient\u00f3w i zwi\u0119kszania zaanga\u017cowania online oraz udost\u0119pnia\u0107 je na w\u0142asnych kana\u0142ach spo\u0142eczno\u015bciowych, stronach internetowych lub pokazuj\u0105c w sklepie \u2013 wywo\u0142uj\u0105c natychmiastowy impuls sprzeda\u017cowy.[\/vc_column_text][vc_column_text]<a href=\"https:\/\/www.youtube.com\/MyPoinsettia\">Odkryj filmy &gt;&gt;<\/a>[\/vc_column_text][\/vc_column][\/vc_row][vc_row el_class=&#8221;pfe-flexibel-abstand&#8221;][vc_column][vc_empty_space height=&#8221;50px&#8221;][\/vc_column][\/vc_row][vc_row][vc_column width=&#8221;1\/2&#8243;][vc_custom_heading text=&#8221;Aktualne informacje prasowe dla bran\u017cy&#8221; use_theme_fonts=&#8221;yes&#8221; el_class=&#8221;pfe-small2&#8243;][vc_column_text]Regularnie wysy\u0142amy informacje prasowe do medi\u00f3w bran\u017cowych, udost\u0119pniaj\u0105c informacje i oferty dotycz\u0105ce kampanii, a tak\u017ce porady bran\u017cowe w zakresie marketingu, sprzeda\u017cy i piel\u0119gnacji poinsecji. Tutaj znajdziesz nasze bran\u017cowe informacje prasowe.[\/vc_column_text][vc_column_text]<a href=\"\/pl\/kontakt\/\">Skontaktuj si\u0119 z nami &gt;&gt;<\/a><\/p>\n<p><a href=\"\/pl\/aktualnosci-branzowe\/\">Bran\u017cowe komunikaty prasowe&gt;&gt;<\/a>[\/vc_column_text][\/vc_column][vc_column width=&#8221;1\/2&#8243;][vc_single_image image=&#8221;5182&#8243; img_size=&#8221;full&#8221;][\/vc_column][\/vc_row][vc_row el_class=&#8221;pfe-flexibel-abstand&#8221;][vc_column][vc_empty_space height=&#8221;50px&#8221;][\/vc_column][\/vc_row][vc_row][vc_column width=&#8221;1\/2&#8243;][vc_single_image image=&#8221;5179&#8243; img_size=&#8221;full&#8221;][\/vc_column][vc_column width=&#8221;1\/2&#8243;][vc_custom_heading text=&#8221;Darmowe zdj\u0119cia do marketingu&#8221; use_theme_fonts=&#8221;yes&#8221; el_class=&#8221;pfe-small2&#8243;][vc_column_text]Ka\u017cdego roku produkujemy obszerny zbi\u00f3r wysokiej jako\u015bci zdj\u0119\u0107 przedstawiaj\u0105cych poinsecje zgodnie z adwentowymi i \u015bwi\u0105tecznymi trendami, projekty DIY, pomys\u0142y na prezenty, dekoracje sto\u0142\u00f3w, zbli\u017cenia ro\u015blin i wiele innych.<\/p>\n<p>Nasze bezp\u0142atne zdj\u0119cia mo\u017cna wykorzysta\u0107 do promowania w\u0142asnej sprzeda\u017cy. Udost\u0119pniaj je na swoich kana\u0142ach spo\u0142eczno\u015bciowych i stronach internetowych, wykorzystuj do komunikacji PR i komunikacji z mediami lub tw\u00f3rz w\u0142asne materia\u0142y w punktach sprzeda\u017cy, takie jak plakaty i ulotki. Odkryj nasz\u0105 obszern\u0105 baz\u0119 zdj\u0119\u0107 zawieraj\u0105c\u0105 setki zdj\u0119\u0107 w szerokiej gamie styl\u00f3w, wpisuj\u0105cych si\u0119 w ka\u017cdy gust.[\/vc_column_text][vc_column_text css=&#8221;&#8221;]<a href=\"https:\/\/pelargonium-poinsettia.canto.global\/v\/sfeEN\/allfiles?viewIndex=2\" target=\"_blank\" rel=\"noopener\">Odkryj baz\u0119 zdj\u0119\u0107 &gt;&gt;<\/a>[\/vc_column_text][\/vc_column][\/vc_row][vc_row disable_element=&#8221;yes&#8221; el_class=&#8221;pfe-flexibel-abstand&#8221;][vc_column][vc_empty_space height=&#8221;50px&#8221;][\/vc_column][\/vc_row][vc_row disable_element=&#8221;yes&#8221;][vc_column width=&#8221;1\/2&#8243;][vc_custom_heading text=&#8221;Qualit\u00e4ts- und Pflegematerialien&#8221; use_theme_fonts=&#8221;yes&#8221; el_class=&#8221;pfe-small2&#8243;][vc_column_text]Unsere kostenlosen Pflege-Grafiken und -poster sind eine gute M\u00f6glichkeit, Ihr Personal \u00fcber den richtigen Umgang mit Weihnachtssternen im Lagerhaus, beim Transport und im Gesch\u00e4ft zu informieren, damit die Pflanzen l\u00e4nger in Top-Form bleiben. H\u00e4ngen Sie z. B. das Warnposter in Ihrem Lagerraum auf, um Ihre Mitarbeiter immer wieder aufs Neue daran zu erinnern, dass Weihnachtssterne niemals Zugluft ausgesetzt sein sollten.<\/p>\n<p><a href=\"https:\/\/weihnachtsstern.kinsta.cloud\/pl\/pos-material\/\">Qualit\u00e4ts und Pflegematerialen &gt;&gt;<\/a>[\/vc_column_text][\/vc_column][vc_column width=&#8221;1\/2&#8243;][vc_single_image image=&#8221;5161&#8243; img_size=&#8221;full&#8221;][\/vc_column][\/vc_row][vc_row el_class=&#8221;pfe-flexibel-abstand&#8221;][vc_column][vc_empty_space height=&#8221;50px&#8221;][\/vc_column][\/vc_row][vc_row][vc_column width=&#8221;1\/2&#8243;][vc_custom_heading text=&#8221;Inspiracje marketingowe dopasowane do konsument\u00f3w&#8221; use_theme_fonts=&#8221;yes&#8221; el_class=&#8221;pfe-small2&#8243;][vc_column_text]Je\u015bli szukasz \u015bwie\u017cych pomys\u0142\u00f3w marketingowych dla swojej firmy \u2013 tre\u015bci w mediach spo\u0142eczno\u015bciowych, blog\u00f3w, pomys\u0142\u00f3w na PR i nie tylko, jeste\u015bmy tutaj, aby Ciebie wesprze\u0107. Prowadzimy zakrojon\u0105 na szerok\u0105 skal\u0119 kampani\u0119 promocyjn\u0105, prowadzon\u0105 przez ekspert\u00f3w PR w ca\u0142ej Europie. Dlaczego wi\u0119c nie skorzysta\u0107 z naszych tre\u015bci na start? Sprawd\u017a nasze blogi i informacje prasowe dla konsument\u00f3w, przejrzyj nasz\u0105 baz\u0119 zdj\u0119\u0107 i odwied\u017a nasz profil na Instagramie, Pintere\u015bcie i Facebooku. Mo\u017cesz dowoli kopiowa\u0107, dostosowywa\u0107 i czerpa\u0107 rado\u015b\u0107 z naszych materia\u0142\u00f3w![\/vc_column_text][vc_column_text]<a href=\"https:\/\/pl.weihnachtsstern.de\/\">Odwied\u017a zak\u0142adk\u0119 dla konsument\u00f3w &gt;&gt;<\/a>[\/vc_column_text][\/vc_column][vc_column width=&#8221;1\/2&#8243;][vc_single_image image=&#8221;5183&#8243; img_size=&#8221;full&#8221;][\/vc_column][\/vc_row][vc_row el_class=&#8221;pfe-flexibel-abstand&#8221;][vc_column][vc_empty_space height=&#8221;50px&#8221;][\/vc_column][\/vc_row][vc_row][vc_column width=&#8221;1\/2&#8243;][vc_single_image image=&#8221;5121&#8243; img_size=&#8221;full&#8221;][\/vc_column][vc_column width=&#8221;1\/2&#8243;][vc_custom_heading text=&#8221;Skontaktuj si\u0119 z nami i dowiedz si\u0119 wi\u0119cej&#8221; use_theme_fonts=&#8221;yes&#8221; el_class=&#8221;pfe-small2&#8243;][vc_column_text]Sprzedajesz poinsecje w centrum ogrodniczym, kwiaciarni lub wybra\u0142e\u015b inn\u0105 form\u0119 sprzeda\u017cy detalicznej? Mo\u017cemy Ciebie wesprze\u0107. Skontaktuj si\u0119 z nami. Oczekujemy na kontakt zwrotny![\/vc_column_text][vc_column_text]<a href=\"\/pl\/kontakt\/\">Kontakt &gt;&gt;<\/a>[\/vc_column_text][\/vc_column][\/vc_row]<\/p><\/div><div class=\"acf-fields-container\" data-post-id=\"653\" data-canto-acf=\"true\"><\/div><style>\r\n        .acf-fields-container {\r\n            margin: 2em 0;\r\n            width: 100%;\r\n            clear: both;\r\n        }\r\n        .acf-field-image {\r\n            margin: 1.5em 0;\r\n            position: relative;\r\n        }\r\n        .acf-field-label {\r\n            margin-bottom: 1em;\r\n        }\r\n        .acf-image {\r\n            max-width: 100%;\r\n            height: auto;\r\n            display: block;\r\n            margin: 1em 0;\r\n        }\r\n    <\/style>","protected":false},"excerpt":{"rendered":"<p>[vc_row][vc_column][vc_custom_heading text=&#8221;Sprzedajesz poinsecje? Pomo\u017cemy Ci zwi\u0119kszy\u0107 Twoje obroty.&#8221; font_container=&#8221;tag:h2|text_align:center&#8221; use_theme_fonts=&#8221;yes&#8221; el_class=&#8221;pfe-small2&#8243; el_id=&#8221;sprzedajesz-poinsecje&#8221;][vc_column_text] Oferujemy specjalistyczne porady dotycz\u0105ce sprzeda\u017cy i marketingu, a tak\u017ce materia\u0142y promocyjne, bezp\u0142atne profesjonalne zdj\u0119cia, artyku\u0142y i filmy \u2013 wszystko po to, aby zwi\u0119kszy\u0107 sprzeda\u017c. Zach\u0119camy do wykorzystania naszych zasob\u00f3w do w\u0142asnych dzia\u0142a\u0144 marketingowych, aby wzmocni\u0107 lojalno\u015b\u0107 klient\u00f3w i wykaza\u0107 si\u0119 swoj\u0105 wiedz\u0105 ogrodnicz\u0105. [&hellip;]<\/p>\n","protected":false},"author":1,"featured_media":4377,"parent":0,"menu_order":0,"comment_status":"closed","ping_status":"closed","template":"template-parts\/pfe-trade.php","meta":{"_acf_changed":false,"footnotes":""},"class_list":["post-653","page","type-page","status-publish","has-post-thumbnail","hentry"],"acf":[],"_links":{"self":[{"href":"https:\/\/sfe-trade.com\/pl\/wp-json\/wp\/v2\/pages\/653","targetHints":{"allow":["GET"]}}],"collection":[{"href":"https:\/\/sfe-trade.com\/pl\/wp-json\/wp\/v2\/pages"}],"about":[{"href":"https:\/\/sfe-trade.com\/pl\/wp-json\/wp\/v2\/types\/page"}],"author":[{"embeddable":true,"href":"https:\/\/sfe-trade.com\/pl\/wp-json\/wp\/v2\/users\/1"}],"replies":[{"embeddable":true,"href":"https:\/\/sfe-trade.com\/pl\/wp-json\/wp\/v2\/comments?post=653"}],"version-history":[{"count":126,"href":"https:\/\/sfe-trade.com\/pl\/wp-json\/wp\/v2\/pages\/653\/revisions"}],"predecessor-version":[{"id":7738,"href":"https:\/\/sfe-trade.com\/pl\/wp-json\/wp\/v2\/pages\/653\/revisions\/7738"}],"wp:featuredmedia":[{"embeddable":true,"href":"https:\/\/sfe-trade.com\/pl\/wp-json\/wp\/v2\/media\/4377"}],"wp:attachment":[{"href":"https:\/\/sfe-trade.com\/pl\/wp-json\/wp\/v2\/media?parent=653"}],"curies":[{"name":"wp","href":"https:\/\/api.w.org\/{rel}","templated":true}]}}