{"id":648,"date":"2021-12-27T18:17:47","date_gmt":"2021-12-27T18:17:47","guid":{"rendered":"https:\/\/weihnachtsstern.kinsta.cloud\/pl\/?page_id=648"},"modified":"2024-07-19T13:21:02","modified_gmt":"2024-07-19T11:21:02","slug":"branza","status":"publish","type":"page","link":"https:\/\/sfe-trade.com\/pl\/","title":{"rendered":"Bran\u017ca"},"content":{"rendered":"<div class=\"wpb-content-wrapper\"><p>[vc_row][vc_column][vc_custom_heading text=&#8221;Mo\u017cliwo\u015bci dla ca\u0142ego sektora&#8221; font_container=&#8221;tag:h2|text_align:center&#8221; use_theme_fonts=&#8221;yes&#8221; el_class=&#8221;pfe-small2&#8243; el_id=&#8221;mozliwosci&#8221;][\/vc_column][\/vc_row][vc_row][vc_column][vc_column_text]<\/p>\n<p style=\"text-align: center\">W Stars for Europe kierujemy przekaz bezpo\u015brednio do Twoich klient\u00f3w ko\u0144cowych, promuj\u0105c wiele zalet poinsecji za po\u015brednictwem naszej szeroko zakrojonej kampanii promocyjnej dla konsument\u00f3w.<\/p>\n<p style=\"text-align: center\">W ten spos\u00f3b nieustannie inspirujemy nowe grono odbiorc\u00f3w, zapewniaj\u0105c w przysz\u0142o\u015bci d\u0142ugofalow\u0105 sprzeda\u017c poinsecji.<\/p>\n<p style=\"text-align: center\">Tutaj znajdziesz cenne informacje, kt\u00f3re bezpo\u015brednio pomog\u0105 Twojej firmie &#8211; od aktualizacji produkt\u00f3w po wskaz\u00f3wki dotycz\u0105ce prezentacji sprzeda\u017cy, porady dotycz\u0105ce obs\u0142ugi klienta, a tak\u017ce materia\u0142y promocyjne, narz\u0119dzia cyfrowe i narz\u0119dzia marketingowe.<\/p>\n<p style=\"text-align: center\">Dowiedz si\u0119, jak mo\u017cemy Ciebie wesprze\u0107 i poszerzy\u0107 mo\u017cliwo\u015bci promocji poinsecji. Zaanga\u017cuj si\u0119 i poznaj nasz projekt.<\/p>\n<p>[\/vc_column_text][\/vc_column][\/vc_row][vc_row][vc_column][vc_column_text][\/vc_column_text][\/vc_column][\/vc_row][vc_row gap=&#8221;30&#8243;][vc_column width=&#8221;1\/3&#8243;][vc_single_image image=&#8221;5144&#8243; img_size=&#8221;full&#8221;][vc_custom_heading text=&#8221;Czy uprawiasz poinsecje?&#8221; font_container=&#8221;tag:h3|text_align:left&#8221; use_theme_fonts=&#8221;yes&#8221; el_class=&#8221;pfe-small&#8221;][vc_column_text]Jako producent jeste\u015b rdzeniem kampanii SfE: wszystko, co robimy, ma na celu zwi\u0119kszenie sprzeda\u017cy poprzez dzia\u0142ania marketingowe B2C i B2B. Tutaj znajdziesz dodatkowe mo\u017cliwo\u015bci, z kt\u00f3rych mo\u017cesz skorzysta\u0107.[\/vc_column_text][vc_column_text]<a href=\"\/pl\/producenci\/\">Odkryj mo\u017cliwo\u015bci dla producent\u00f3w &gt;&gt;<\/a>[\/vc_column_text][\/vc_column][vc_column width=&#8221;1\/3&#8243;][vc_single_image image=&#8221;5145&#8243; img_size=&#8221;full&#8221;][vc_custom_heading text=&#8221;Sprzedajesz poinsecje?&#8221; font_container=&#8221;tag:h3|text_align:left&#8221; use_theme_fonts=&#8221;yes&#8221; el_class=&#8221;pfe-small&#8221;][vc_column_text]Naszym celem jest rozkochanie jak najwi\u0119kszej liczby konsument\u00f3w w poinsecjach i zach\u0119cenie ich do kupowania ka\u017cdego roku jeszcze wi\u0119cej gwiazd. Oferujemy szereg bezp\u0142atnych materia\u0142\u00f3w marketingowych i narz\u0119dzi, kt\u00f3re pomog\u0105 zwi\u0119kszy\u0107 sprzeda\u017c.[\/vc_column_text][vc_column_text]<a href=\"\/pl\/sprzedawcy-detaliczni\/\">Odkryj mo\u017cliwo\u015bci dla sprzedawc\u00f3w &gt;&gt;<\/a>[\/vc_column_text][\/vc_column][vc_column width=&#8221;1\/3&#8243;][vc_single_image image=&#8221;5146&#8243; img_size=&#8221;full&#8221;][vc_custom_heading text=&#8221;Szukasz informacji prasowych?&#8221; font_container=&#8221;tag:h3|text_align:left&#8221; use_theme_fonts=&#8221;yes&#8221; el_class=&#8221;pfe-small&#8221;][vc_column_text]Je\u015bli jeste\u015b dziennikarzem bran\u017cowym i szukasz najnowszych wiadomo\u015bci, informacji prasowych i bezp\u0142atnych zdj\u0119\u0107, znalaz\u0142e\u015b si\u0119 we w\u0142a\u015bciwym miejscu. Zawsze ch\u0119tnie pomo\u017cemy w wyborze tre\u015bci, zdj\u0119\u0107 i innych materia\u0142\u00f3w. Dowiedz si\u0119, co mo\u017cemy zaoferowa\u0107.[\/vc_column_text][vc_column_text]<a href=\"\/pl\/aktualnosci-branzowe\/\">Informacja prasowa &gt;&gt;<\/a>[\/vc_column_text][\/vc_column][\/vc_row][vc_row][vc_column][vc_column_text][\/vc_column_text][\/vc_column][\/vc_row][vc_row el_class=&#8221;pfe-greenborderbox&#8221;][vc_column width=&#8221;2\/3&#8243;][vc_single_image image=&#8221;5154&#8243; img_size=&#8221;full&#8221;][\/vc_column][vc_column width=&#8221;1\/3&#8243;][vc_custom_heading text=&#8221;Czy jeste\u015b hodowc\u0105?&#8221; use_theme_fonts=&#8221;yes&#8221; el_class=&#8221;pfe-small&#8221;][vc_column_text]Je\u015bli reprezentujesz firm\u0119 hodowlan\u0105 i chcia\u0142by\u015b dowiedzie\u0107 si\u0119, w jaki spos\u00f3b Twoje wsparcie mo\u017ce przynie\u015b\u0107 korzy\u015bci Twojej firmie i bran\u017cy, skontaktuj si\u0119 z nami.<\/p>\n<p><strong>Projektmanagement<\/strong><br \/>\nStars for Europe GbR<br \/>\ndr Susanne Lux<br \/>\nTel.: + 49 2644 981333<br \/>\nE-mail: <a href=\"mailto:susanne.lux@meclux.de\">susanne.lux@meclux.de<\/a>[\/vc_column_text][\/vc_column][\/vc_row][vc_row][vc_column][vc_empty_space height=&#8221;75px&#8221;][\/vc_column][\/vc_row][vc_row disable_element=&#8221;yes&#8221;][vc_column width=&#8221;1\/2&#8243;][vc_custom_heading text=&#8221;Wer steckt hinter Stars for Europe?&#8221; use_theme_fonts=&#8221;yes&#8221; el_class=&#8221;pfe-small&#8221;][vc_column_text]Stars for Europe (SfE) ist die Marketinginitiative der europ\u00e4ischen Weihnachtssternz\u00fcchter Beekenkamp Plants, D\u00fcmmen Orange, Selecta One, und Syngenta Flowers. Die Initiative wurde im Jahr 2000 mit dem Ziel gegr\u00fcndet, den Weihnachtsstern-Absatz in Europa zu f\u00f6rdern und langfristig zu sichern. Unter dem Dach von Green Marketing Europe (GME) leitet Dr. Susanne Lux die Stars for Europe-Kampagne mit einem Team von engagierten Mitarbeitern und Freiberuflern. Mit einem Netzwerk von Agenturen und Freiberuflern produziert SfE Materialien und f\u00fchrt Kampagnen in 22 europ\u00e4ischen L\u00e4ndern durch.[\/vc_column_text][\/vc_column][vc_column width=&#8221;1\/2&#8243;][vc_single_image image=&#8221;3754&#8243; img_size=&#8221;full&#8221;][\/vc_column][\/vc_row][vc_row][vc_column][vc_empty_space height=&#8221;75px&#8221;][\/vc_column][\/vc_row][vc_row][vc_column][vc_single_image image=&#8221;7675&#8243; img_size=&#8221;full&#8221; alignment=&#8221;center&#8221;][\/vc_column][\/vc_row]<\/p><\/div><div class=\"acf-fields-container\" data-post-id=\"648\" data-canto-acf=\"true\"><\/div><style>\r\n        .acf-fields-container {\r\n            margin: 2em 0;\r\n            width: 100%;\r\n            clear: both;\r\n        }\r\n        .acf-field-image {\r\n            margin: 1.5em 0;\r\n            position: relative;\r\n        }\r\n        .acf-field-label {\r\n            margin-bottom: 1em;\r\n        }\r\n        .acf-image {\r\n            max-width: 100%;\r\n            height: auto;\r\n            display: block;\r\n            margin: 1em 0;\r\n        }\r\n    <\/style>","protected":false},"excerpt":{"rendered":"<p>[vc_row][vc_column][vc_custom_heading text=&#8221;Mo\u017cliwo\u015bci dla ca\u0142ego sektora&#8221; font_container=&#8221;tag:h2|text_align:center&#8221; use_theme_fonts=&#8221;yes&#8221; el_class=&#8221;pfe-small2&#8243; el_id=&#8221;mozliwosci&#8221;][\/vc_column][\/vc_row][vc_row][vc_column][vc_column_text] W Stars for Europe kierujemy przekaz bezpo\u015brednio do Twoich klient\u00f3w ko\u0144cowych, promuj\u0105c wiele zalet poinsecji za po\u015brednictwem naszej szeroko zakrojonej kampanii promocyjnej dla konsument\u00f3w. W ten spos\u00f3b nieustannie inspirujemy nowe grono odbiorc\u00f3w, zapewniaj\u0105c w przysz\u0142o\u015bci d\u0142ugofalow\u0105 sprzeda\u017c poinsecji. Tutaj znajdziesz cenne informacje, kt\u00f3re bezpo\u015brednio pomog\u0105 Twojej [&hellip;]<\/p>\n","protected":false},"author":1,"featured_media":5142,"parent":0,"menu_order":0,"comment_status":"closed","ping_status":"closed","template":"template-parts\/pfe-trade.php","meta":{"_acf_changed":false,"footnotes":""},"class_list":["post-648","page","type-page","status-publish","has-post-thumbnail","hentry"],"acf":[],"_links":{"self":[{"href":"https:\/\/sfe-trade.com\/pl\/wp-json\/wp\/v2\/pages\/648","targetHints":{"allow":["GET"]}}],"collection":[{"href":"https:\/\/sfe-trade.com\/pl\/wp-json\/wp\/v2\/pages"}],"about":[{"href":"https:\/\/sfe-trade.com\/pl\/wp-json\/wp\/v2\/types\/page"}],"author":[{"embeddable":true,"href":"https:\/\/sfe-trade.com\/pl\/wp-json\/wp\/v2\/users\/1"}],"replies":[{"embeddable":true,"href":"https:\/\/sfe-trade.com\/pl\/wp-json\/wp\/v2\/comments?post=648"}],"version-history":[{"count":208,"href":"https:\/\/sfe-trade.com\/pl\/wp-json\/wp\/v2\/pages\/648\/revisions"}],"predecessor-version":[{"id":7676,"href":"https:\/\/sfe-trade.com\/pl\/wp-json\/wp\/v2\/pages\/648\/revisions\/7676"}],"wp:featuredmedia":[{"embeddable":true,"href":"https:\/\/sfe-trade.com\/pl\/wp-json\/wp\/v2\/media\/5142"}],"wp:attachment":[{"href":"https:\/\/sfe-trade.com\/pl\/wp-json\/wp\/v2\/media?parent=648"}],"curies":[{"name":"wp","href":"https:\/\/api.w.org\/{rel}","templated":true}]}}