{"id":487,"date":"2021-12-17T12:27:34","date_gmt":"2021-12-17T12:27:34","guid":{"rendered":"https:\/\/weihnachtsstern.kinsta.cloud\/pl\/?page_id=487"},"modified":"2024-09-23T15:30:27","modified_gmt":"2024-09-23T13:30:27","slug":"stopka-redakcyjna","status":"publish","type":"page","link":"https:\/\/sfe-trade.com\/pl\/stopka-redakcyjna\/","title":{"rendered":"Stopka redakcyjna"},"content":{"rendered":"<div class=\"wpb-content-wrapper\"><p>[vc_row][vc_column][vc_custom_heading text=&#8221;Og\u00f3lna polityka prywatno\u015bci&#8221; use_theme_fonts=&#8221;yes&#8221;][vc_column_text]Podmiot odpowiedzialny w rozumieniu umowy o us\u0142ugach telekomunikacyjnych lub umowy o us\u0142ugach medialnych (\u00a7 6 Teledienstgesetz or Mediendienste Staatsvertrag):[\/vc_column_text][vc_column_text css=&#8221;&#8221;]Stars for Europe GbR<br \/>\nc\/o Central Horticultural Association<br \/>\nBornheimerstra\u00dfe 37<br \/>\n53111 Bonn<br \/>\nNiemcy<br \/>\nManaging Director: dr Ulrich Sander<br \/>\nEuropean Project Management: dr Susanne Lux[\/vc_column_text][vc_column_text]Telefon: + 49 2644 981333<br \/>\nEmail: susanne.lux(at)meclux.de[\/vc_column_text][vc_column_text]NIP: DE224966758<br \/>\nRegon: 206\/5779\/0607[\/vc_column_text][vc_custom_heading text=&#8221;Klauzula zrzeczenia si\u0119 odpowiedzialno\u015bci&#8221; use_theme_fonts=&#8221;yes&#8221;][vc_column_text]Tre\u015b\u0107 niniejszej kampanii promocyjnej wyra\u017ca pogl\u0105dy wy\u0142\u0105cznie jej autora, za kt\u00f3r\u0105 ponosi on bezwzgl\u0119dn\u0105 odpowiedzialno\u015b\u0107. Komisja Europejska ani Europejska Agencja Wykonawcza ds. Bada\u0144 Naukowych (REA) nie ponosz\u0105 \u017cadnej odpowiedzialno\u015bci za potencjalne wykorzystanie zawartych w niej informacji.[\/vc_column_text][\/vc_column][\/vc_row]<\/p><\/div><div class=\"acf-fields-container\" data-post-id=\"487\" data-canto-acf=\"true\"><\/div><style>\r\n        .acf-fields-container {\r\n            margin: 2em 0;\r\n            width: 100%;\r\n            clear: both;\r\n        }\r\n        .acf-field-image {\r\n            margin: 1.5em 0;\r\n            position: relative;\r\n        }\r\n        .acf-field-label {\r\n            margin-bottom: 1em;\r\n        }\r\n        .acf-image {\r\n            max-width: 100%;\r\n            height: auto;\r\n            display: block;\r\n            margin: 1em 0;\r\n        }\r\n    <\/style>","protected":false},"excerpt":{"rendered":"<p>[vc_row][vc_column][vc_custom_heading text=&#8221;Og\u00f3lna polityka prywatno\u015bci&#8221; use_theme_fonts=&#8221;yes&#8221;][vc_column_text]Podmiot odpowiedzialny w rozumieniu umowy o us\u0142ugach telekomunikacyjnych lub umowy o us\u0142ugach medialnych (\u00a7 6 Teledienstgesetz or Mediendienste Staatsvertrag):[\/vc_column_text][vc_column_text css=&#8221;&#8221;]Stars for Europe GbR c\/o Central Horticultural Association Bornheimerstra\u00dfe 37 53111 Bonn Niemcy Managing Director: dr Ulrich Sander European Project Management: dr Susanne Lux[\/vc_column_text][vc_column_text]Telefon: + 49 2644 981333 Email: susanne.lux(at)meclux.de[\/vc_column_text][vc_column_text]NIP: DE224966758 Regon: [&hellip;]<\/p>\n","protected":false},"author":1,"featured_media":0,"parent":0,"menu_order":0,"comment_status":"closed","ping_status":"closed","template":"","meta":{"_acf_changed":false,"footnotes":""},"class_list":["post-487","page","type-page","status-publish","hentry"],"acf":[],"_links":{"self":[{"href":"https:\/\/sfe-trade.com\/pl\/wp-json\/wp\/v2\/pages\/487","targetHints":{"allow":["GET"]}}],"collection":[{"href":"https:\/\/sfe-trade.com\/pl\/wp-json\/wp\/v2\/pages"}],"about":[{"href":"https:\/\/sfe-trade.com\/pl\/wp-json\/wp\/v2\/types\/page"}],"author":[{"embeddable":true,"href":"https:\/\/sfe-trade.com\/pl\/wp-json\/wp\/v2\/users\/1"}],"replies":[{"embeddable":true,"href":"https:\/\/sfe-trade.com\/pl\/wp-json\/wp\/v2\/comments?post=487"}],"version-history":[{"count":19,"href":"https:\/\/sfe-trade.com\/pl\/wp-json\/wp\/v2\/pages\/487\/revisions"}],"predecessor-version":[{"id":7684,"href":"https:\/\/sfe-trade.com\/pl\/wp-json\/wp\/v2\/pages\/487\/revisions\/7684"}],"wp:attachment":[{"href":"https:\/\/sfe-trade.com\/pl\/wp-json\/wp\/v2\/media?parent=487"}],"curies":[{"name":"wp","href":"https:\/\/api.w.org\/{rel}","templated":true}]}}