{"id":653,"date":"2021-12-27T18:24:39","date_gmt":"2021-12-27T17:24:39","guid":{"rendered":"https:\/\/weihnachtsstern.kinsta.cloud\/nl\/?page_id=653"},"modified":"2026-02-23T12:21:33","modified_gmt":"2026-02-23T11:21:33","slug":"detailhandel","status":"publish","type":"page","link":"https:\/\/sfe-trade.com\/nl\/detailhandel\/","title":{"rendered":"Detailhandel"},"content":{"rendered":"<div class=\"wpb-content-wrapper\"><p>[vc_row][vc_column][vc_custom_heading text=&#8221;Kerststerren verkopen? Wij geven je verkoop een boost.&#8221; font_container=&#8221;tag:h2|text_align:center&#8221; use_theme_fonts=&#8221;yes&#8221; el_class=&#8221;pfe-small2&#8243; el_id=&#8221;verkopen&#8221;][vc_column_text]<\/p>\n<p style=\"text-align: center;\">Naast het bieden van deskundig verkoop- en marketingadvies bieden we ook POS materialen, gratis professionele fotografie, tekstuele content en video&#8217;s &#8211; allemaal om de verkoop te helpen verhogen. Voel je vrij om onze inhoud te gebruiken voor je eigen marketing, om klantenbinding te versterken en je expertise te laten zien.<\/p>\n<p>[\/vc_column_text][\/vc_column][\/vc_row][vc_row disable_element=&#8221;yes&#8221; el_class=&#8221;pfe-flexibel-abstand&#8221;][vc_column][vc_empty_space height=&#8221;50px&#8221;][\/vc_column][\/vc_row][vc_row disable_element=&#8221;yes&#8221;][vc_column width=&#8221;1\/2&#8243;][vc_custom_heading text=&#8221;Stimuleer impulsaankopen op de winkelvloer&#8221; use_theme_fonts=&#8221;yes&#8221; el_class=&#8221;pfe-small&#8221;][vc_column_text]Trek de aandacht van je klanten en stimuleer impulsaankopen op de winkelvloer of online. We bieden een breed scala aan materialen zoals posters, banners en verzorgingskaartjes, maar ook digitale middelen zoals social media posts en website headers. Dit alles kun je bestellen, afdrukken, delen en gebruiken op de winkelvloer.[\/vc_column_text][vc_column_text]<a href=\"\/pos-material\">Ontdek POS materiaal &gt;&gt;<\/a>[\/vc_column_text][\/vc_column][vc_column width=&#8221;1\/2&#8243;][vc_single_image image=&#8221;5122&#8243; img_size=&#8221;full&#8221;][\/vc_column][\/vc_row][vc_row el_class=&#8221;pfe-flexibel-abstand&#8221;][vc_column][vc_empty_space height=&#8221;50px&#8221;][\/vc_column][\/vc_row][vc_row][vc_column width=&#8221;1\/2&#8243;][vc_single_image image=&#8221;5176&#8243; img_size=&#8221;full&#8221;][\/vc_column][vc_column width=&#8221;1\/2&#8243;][vc_custom_heading text=&#8221;Kerststervideo\u2019s voor jouw klanten&#8221; use_theme_fonts=&#8221;yes&#8221; el_class=&#8221;pfe-small2&#8243;][vc_column_text]Op ons YouTube-kanaal vind je een groot aanbod aan kerststervideo\u2019s met verzorgingstips, design idee\u00ebn en DIY projecten voor tuin, terras en balkons. Gebruik ze om klanten te trekken en online betrokkenheid te stimuleren door ze te delen op je eigen social mediakanalen of zelfs te embedden in je website. Je kunt ze zelfs in je winkel laten zien op grote tv-schermen om impulsaankopen te stimuleren.[\/vc_column_text][vc_column_text]<a href=\"https:\/\/www.youtube.com\/MyPoinsettia\">Ontdek video\u2019s &gt;&gt;<\/a>[\/vc_column_text][\/vc_column][\/vc_row][vc_row el_class=&#8221;pfe-flexibel-abstand&#8221;][vc_column][vc_empty_space height=&#8221;50px&#8221;][\/vc_column][\/vc_row][vc_row][vc_column width=&#8221;1\/2&#8243;][vc_custom_heading text=&#8221;Nieuwste vakpersberichten&#8221; use_theme_fonts=&#8221;yes&#8221; el_class=&#8221;pfe-small2&#8243;][vc_column_text]Wij sturen regelmatig persberichten naar de vakmedia, waarin we nieuws over campagnes en aanbiedingen delen, evenals advies over marketing, verkoop en kerststerverzorging. Hier vindt u onze vakpersberichten.[\/vc_column_text][vc_column_text]<a href=\"\/nl\/contact\/\">Kom in contact &gt;&gt;<\/a><\/p>\n<p><a href=\"\/nl\/handelsnieuws\/\">Vakpersberichten &gt;&gt;<\/a>[\/vc_column_text][\/vc_column][vc_column width=&#8221;1\/2&#8243;][vc_single_image image=&#8221;5182&#8243; img_size=&#8221;full&#8221;][\/vc_column][\/vc_row][vc_row el_class=&#8221;pfe-flexibel-abstand&#8221;][vc_column][vc_empty_space height=&#8221;50px&#8221;][\/vc_column][\/vc_row][vc_row][vc_column width=&#8221;1\/2&#8243;][vc_single_image image=&#8221;5179&#8243; img_size=&#8221;full&#8221;][\/vc_column][vc_column width=&#8221;1\/2&#8243;][vc_custom_heading text=&#8221;Gratis fotografie voor jouw marketing&#8221; use_theme_fonts=&#8221;yes&#8221; el_class=&#8221;pfe-small2&#8243;][vc_column_text]Ieder jaar produceren we een uitgebreide serie aan hoge kwaliteit fotografie met de kerstster en passend bij de laatste advent- en kersttrends. Andere thema\u2019s zijn DIY projecten, cadeau-idee\u00ebn, tafeldecoratie, close-ups van planten en veel meer. Onze beelden zijn gratis te gebruiken. Deel ze op social media en website of gebruik ze voor eigen PR of maak er je eigen serie POS materiaal van zoals posters en flyers. Ontdek het uitgebreide aanbod in onze beeldbank, gevuld met honderden foto\u2019s in veel verschillende stijlen; voor ieder wat wils![\/vc_column_text][vc_column_text css=&#8221;&#8221;]<a href=\"https:\/\/pelargonium-poinsettia.canto.global\/v\/sfeEN\/allfiles?viewIndex=2\" target=\"_blank\" rel=\"noopener\">Ontdek de fotobibliotheek &gt;&gt;<\/a>[\/vc_column_text][\/vc_column][\/vc_row][vc_row disable_element=&#8221;yes&#8221; el_class=&#8221;pfe-flexibel-abstand&#8221;][vc_column][vc_empty_space height=&#8221;50px&#8221;][\/vc_column][\/vc_row][vc_row disable_element=&#8221;yes&#8221;][vc_column width=&#8221;1\/2&#8243;][vc_custom_heading text=&#8221;Qualit\u00e4ts- und Pflegematerialien&#8221; use_theme_fonts=&#8221;yes&#8221; el_class=&#8221;pfe-small2&#8243;][vc_column_text]Unsere kostenlosen Pflege-Grafiken und -poster sind eine gute M\u00f6glichkeit, Ihr Personal \u00fcber den richtigen Umgang mit Weihnachtssternen im Lagerhaus, beim Transport und im Gesch\u00e4ft zu informieren, damit die Pflanzen l\u00e4nger in Top-Form bleiben. H\u00e4ngen Sie z. B. das Warnposter in Ihrem Lagerraum auf, um Ihre Mitarbeiter immer wieder aufs Neue daran zu erinnern, dass Weihnachtssterne niemals Zugluft ausgesetzt sein sollten.<\/p>\n<p><a href=\"https:\/\/weihnachtsstern.kinsta.cloud\/nl\/pos-material\/\">Qualit\u00e4ts und Pflegematerialen &gt;&gt;<\/a>[\/vc_column_text][\/vc_column][vc_column width=&#8221;1\/2&#8243;][vc_single_image image=&#8221;5161&#8243; img_size=&#8221;full&#8221;][\/vc_column][\/vc_row][vc_row el_class=&#8221;pfe-flexibel-abstand&#8221;][vc_column][vc_empty_space height=&#8221;50px&#8221;][\/vc_column][\/vc_row][vc_row][vc_column width=&#8221;1\/2&#8243;][vc_custom_heading text=&#8221;Inspiratie consumentenmarketing&#8221; use_theme_fonts=&#8221;yes&#8221; el_class=&#8221;pfe-small2&#8243;][vc_column_text]Als je op zoek bent naar nieuwe idee\u00ebn voor de marketing van uw bedrijf &#8211; of het nu gaat om inhoud voor sociale media, blogs, je eigen PR en meer, dan staan wij klaar om te helpen! Wij voeren een grootschalige consumentenpromotiecampagne uit onder leiding van PR-experts door heel Europa, dus waarom zou je onze content niet gebruiken als startpunt voor je eigen promotiecampagne? Bekijk onze blogs en consumentenpersberichten, blader door onze beeldbank en bezoek onze Instagram-, Pinterest- en Facebook-pagina&#8217;s. Je bent van harte welkom om onze inhoud te kopi\u00ebren, aan te passen en iedereen ervan te laten genieten![\/vc_column_text][vc_column_text]<a href=\"https:\/\/nl.weihnachtsstern.de\/\">Bezoek de consumentenpagina &gt;&gt;<\/a>[\/vc_column_text][\/vc_column][vc_column width=&#8221;1\/2&#8243;][vc_single_image image=&#8221;5183&#8243; img_size=&#8221;full&#8221;][\/vc_column][\/vc_row][vc_row el_class=&#8221;pfe-flexibel-abstand&#8221;][vc_column][vc_empty_space height=&#8221;50px&#8221;][\/vc_column][\/vc_row][vc_row][vc_column width=&#8221;1\/2&#8243;][vc_single_image image=&#8221;5121&#8243; img_size=&#8221;full&#8221;][\/vc_column][vc_column width=&#8221;1\/2&#8243;][vc_custom_heading text=&#8221;Neem contact voor meer informatie&#8221; use_theme_fonts=&#8221;yes&#8221; el_class=&#8221;pfe-small2&#8243;][vc_column_text]Verkoopt je kerststerren vanuit een tuincentrum, bloemenwinkel of een andere vorm van detailhandel? Wij kunnen je ondersteunen. Neem contact met ons op; wij helpen je graag![\/vc_column_text][vc_column_text]<a href=\"\/nl\/contact\/\">Contact &gt;&gt;<\/a>[\/vc_column_text][\/vc_column][\/vc_row]<\/p><\/div><div class=\"acf-fields-container\" data-post-id=\"653\" data-canto-acf=\"true\"><\/div><style>\r\n        .acf-fields-container {\r\n            margin: 2em 0;\r\n            width: 100%;\r\n            clear: both;\r\n        }\r\n        .acf-field-image {\r\n            margin: 1.5em 0;\r\n            position: relative;\r\n        }\r\n        .acf-field-label {\r\n            margin-bottom: 1em;\r\n        }\r\n        .acf-image {\r\n            max-width: 100%;\r\n            height: auto;\r\n            display: block;\r\n            margin: 1em 0;\r\n        }\r\n    <\/style>","protected":false},"excerpt":{"rendered":"<p>[vc_row][vc_column][vc_custom_heading text=&#8221;Kerststerren verkopen? Wij geven je verkoop een boost.&#8221; font_container=&#8221;tag:h2|text_align:center&#8221; use_theme_fonts=&#8221;yes&#8221; el_class=&#8221;pfe-small2&#8243; el_id=&#8221;verkopen&#8221;][vc_column_text] Naast het bieden van deskundig verkoop- en marketingadvies bieden we ook POS materialen, gratis professionele fotografie, tekstuele content en video&#8217;s &#8211; allemaal om de verkoop te helpen verhogen. Voel je vrij om onze inhoud te gebruiken voor je eigen marketing, om klantenbinding [&hellip;]<\/p>\n","protected":false},"author":1,"featured_media":4377,"parent":0,"menu_order":0,"comment_status":"closed","ping_status":"closed","template":"template-parts\/pfe-trade.php","meta":{"_acf_changed":false,"footnotes":""},"class_list":["post-653","page","type-page","status-publish","has-post-thumbnail","hentry"],"acf":[],"_links":{"self":[{"href":"https:\/\/sfe-trade.com\/nl\/wp-json\/wp\/v2\/pages\/653","targetHints":{"allow":["GET"]}}],"collection":[{"href":"https:\/\/sfe-trade.com\/nl\/wp-json\/wp\/v2\/pages"}],"about":[{"href":"https:\/\/sfe-trade.com\/nl\/wp-json\/wp\/v2\/types\/page"}],"author":[{"embeddable":true,"href":"https:\/\/sfe-trade.com\/nl\/wp-json\/wp\/v2\/users\/1"}],"replies":[{"embeddable":true,"href":"https:\/\/sfe-trade.com\/nl\/wp-json\/wp\/v2\/comments?post=653"}],"version-history":[{"count":117,"href":"https:\/\/sfe-trade.com\/nl\/wp-json\/wp\/v2\/pages\/653\/revisions"}],"predecessor-version":[{"id":7514,"href":"https:\/\/sfe-trade.com\/nl\/wp-json\/wp\/v2\/pages\/653\/revisions\/7514"}],"wp:featuredmedia":[{"embeddable":true,"href":"https:\/\/sfe-trade.com\/nl\/wp-json\/wp\/v2\/media\/4377"}],"wp:attachment":[{"href":"https:\/\/sfe-trade.com\/nl\/wp-json\/wp\/v2\/media?parent=653"}],"curies":[{"name":"wp","href":"https:\/\/api.w.org\/{rel}","templated":true}]}}