{"id":648,"date":"2021-12-27T18:17:47","date_gmt":"2021-12-27T18:17:47","guid":{"rendered":"https:\/\/weihnachtsstern.kinsta.cloud\/nl\/?page_id=648"},"modified":"2024-07-19T12:44:41","modified_gmt":"2024-07-19T10:44:41","slug":"sector","status":"publish","type":"page","link":"https:\/\/sfe-trade.com\/nl\/","title":{"rendered":"Sector"},"content":{"rendered":"<div class=\"wpb-content-wrapper\"><p>[vc_row][vc_column][vc_custom_heading text=&#8221;Kansen voor alle sectoren&#8221; font_container=&#8221;tag:h2|text_align:center&#8221; use_theme_fonts=&#8221;yes&#8221; el_class=&#8221;pfe-small2&#8243; el_id=&#8221;kansen&#8221;][\/vc_column][\/vc_row][vc_row][vc_column][vc_column_text]<\/p>\n<p style=\"text-align: center\">Bij Stars for Europe richten we ons rechtstreeks op de eindklant door de vele voordelen van kerststerren te promoten. Dit doen we onder andere via onze uitgebreide consumenten promotiecampagne. Zo blijven we steeds nieuwe mensen inspireren en zorgen we voor een lange termijn stijging in de kerststerrenverkoop.<\/p>\n<p style=\"text-align: center\">Je vindt hier ook veel middelen om jouw business te ondersteunen, van productveredeling tot tips over winkelpresentatie, POS materiaal, digitale tools en waardevolle bronnen voor jouw eigen marketing.<\/p>\n<p style=\"text-align: center\">Ontdek hoe we jou kunnen ondersteunen en hoe we de kerststerrenpromotie een boost geven. Doe mee en ontdek ons project.<\/p>\n<p>[\/vc_column_text][\/vc_column][\/vc_row][vc_row][vc_column][vc_column_text][\/vc_column_text][\/vc_column][\/vc_row][vc_row gap=&#8221;30&#8243;][vc_column width=&#8221;1\/3&#8243;][vc_single_image image=&#8221;5144&#8243; img_size=&#8221;full&#8221;][vc_custom_heading text=&#8221;Ben je kerststerkweker?&#8221; font_container=&#8221;tag:h3|text_align:left&#8221; use_theme_fonts=&#8221;yes&#8221; el_class=&#8221;pfe-small&#8221;][vc_column_text]Als kweker ben jij het middelpunt van de SfE campagne: alles wat we doen is ter bevordering van de verkoop van kerststerren via zowel B2C als B2B marketing. Hier vind je nog meer manieren waarop jij kunt profiteren.[\/vc_column_text][vc_column_text]<a href=\"\/nl\/kwekers\/\">Ontdek kansen voor kwekers &gt;&gt;<\/a>[\/vc_column_text][\/vc_column][vc_column width=&#8221;1\/3&#8243;][vc_single_image image=&#8221;5145&#8243; img_size=&#8221;full&#8221;][vc_custom_heading text=&#8221;Verkoop je kerststerren?&#8221; font_container=&#8221;tag:h3|text_align:left&#8221; use_theme_fonts=&#8221;yes&#8221; el_class=&#8221;pfe-small&#8221;][vc_column_text]Ons doel is om meer en meer consumenten verliefd te laten worden op kerststerren en om de verkoop ervan te stimuleren, ieder jaar opnieuw. We bieden een diversiteit aan marketingmaterialen en bronnen om de verkoop te verhogen.[\/vc_column_text][vc_column_text]<a href=\"\/nl\/detailhandel\/\">Ontdek kansen voor retailers &gt;&gt;<\/a>[\/vc_column_text][\/vc_column][vc_column width=&#8221;1\/3&#8243;][vc_single_image image=&#8221;5146&#8243; img_size=&#8221;full&#8221;][vc_custom_heading text=&#8221;Ben je op zoek naar persinformatie?&#8221; font_container=&#8221;tag:h3|text_align:left&#8221; use_theme_fonts=&#8221;yes&#8221; el_class=&#8221;pfe-small&#8221;][vc_column_text]Ben je journalist en op zoek naar het laatste nieuws, persberichten en rechtenvrije foto\u2019s? Dan ben je hier op het juiste adres! We staan voor je klaar om je te voorzien van content, fotografie en meer. Ontdek wat we kunnen bieden.[\/vc_column_text][vc_column_text]<a href=\"\/nl\/handelsnieuws\/\">Persinformatie &gt;&gt;<\/a>[\/vc_column_text][\/vc_column][\/vc_row][vc_row][vc_column][vc_column_text][\/vc_column_text][\/vc_column][\/vc_row][vc_row el_class=&#8221;pfe-greenborderbox&#8221;][vc_column width=&#8221;2\/3&#8243;][vc_single_image image=&#8221;5154&#8243; img_size=&#8221;full&#8221;][\/vc_column][vc_column width=&#8221;1\/3&#8243;][vc_custom_heading text=&#8221;Ben je veredelaar?&#8221; use_theme_fonts=&#8221;yes&#8221; el_class=&#8221;pfe-small&#8221;][vc_column_text]Ben je eigenaar van een veredelingsbedrijf en wil je meer weten over hoe wij jou en je business kunnen ondersteunen? Neem dan contact met ons op.<\/p>\n<p><strong>Projektmanagement<\/strong><br \/>\nStars for Europe GbR,<br \/>\n<strong>Dr. Susanne Lux,<\/strong><br \/>\n<strong>Telephone:<\/strong> + 49 2644 981333,<br \/>\n<strong>Email:<\/strong> <a href=\"mailto:susanne.lux@meclux.de\">susanne.lux@meclux.de<\/a>[\/vc_column_text][\/vc_column][\/vc_row][vc_row][vc_column][vc_empty_space height=&#8221;75px&#8221;][\/vc_column][\/vc_row][vc_row disable_element=&#8221;yes&#8221;][vc_column width=&#8221;1\/2&#8243;][vc_custom_heading text=&#8221;Wer steckt hinter Stars for Europe?&#8221; use_theme_fonts=&#8221;yes&#8221; el_class=&#8221;pfe-small&#8221;][vc_column_text]Stars for Europe (SfE) ist die Marketinginitiative der europ\u00e4ischen Weihnachtssternz\u00fcchter Beekenkamp Plants, D\u00fcmmen Orange, Selecta One, und Syngenta Flowers. Die Initiative wurde im Jahr 2000 mit dem Ziel gegr\u00fcndet, den Weihnachtsstern-Absatz in Europa zu f\u00f6rdern und langfristig zu sichern. Unter dem Dach von Green Marketing Europe (GME) leitet Dr. Susanne Lux die Stars for Europe-Kampagne mit einem Team von engagierten Mitarbeitern und Freiberuflern. Mit einem Netzwerk von Agenturen und Freiberuflern produziert SfE Materialien und f\u00fchrt Kampagnen in 22 europ\u00e4ischen L\u00e4ndern durch.[\/vc_column_text][\/vc_column][vc_column width=&#8221;1\/2&#8243;][vc_single_image image=&#8221;3754&#8243; img_size=&#8221;full&#8221;][\/vc_column][\/vc_row][vc_row][vc_column][vc_empty_space height=&#8221;75px&#8221;][\/vc_column][\/vc_row][vc_row][vc_column][vc_single_image image=&#8221;7352&#8243; img_size=&#8221;full&#8221; alignment=&#8221;center&#8221;][\/vc_column][\/vc_row]<\/p><\/div><div class=\"acf-fields-container\" data-post-id=\"648\" data-canto-acf=\"true\"><\/div><style>\r\n        .acf-fields-container {\r\n            margin: 2em 0;\r\n            width: 100%;\r\n            clear: both;\r\n        }\r\n        .acf-field-image {\r\n            margin: 1.5em 0;\r\n            position: relative;\r\n        }\r\n        .acf-field-label {\r\n            margin-bottom: 1em;\r\n        }\r\n        .acf-image {\r\n            max-width: 100%;\r\n            height: auto;\r\n            display: block;\r\n            margin: 1em 0;\r\n        }\r\n    <\/style>","protected":false},"excerpt":{"rendered":"<p>[vc_row][vc_column][vc_custom_heading text=&#8221;Kansen voor alle sectoren&#8221; font_container=&#8221;tag:h2|text_align:center&#8221; use_theme_fonts=&#8221;yes&#8221; el_class=&#8221;pfe-small2&#8243; el_id=&#8221;kansen&#8221;][\/vc_column][\/vc_row][vc_row][vc_column][vc_column_text] Bij Stars for Europe richten we ons rechtstreeks op de eindklant door de vele voordelen van kerststerren te promoten. Dit doen we onder andere via onze uitgebreide consumenten promotiecampagne. Zo blijven we steeds nieuwe mensen inspireren en zorgen we voor een lange termijn stijging in de [&hellip;]<\/p>\n","protected":false},"author":1,"featured_media":5142,"parent":0,"menu_order":0,"comment_status":"closed","ping_status":"closed","template":"template-parts\/pfe-trade.php","meta":{"_acf_changed":false,"footnotes":""},"class_list":["post-648","page","type-page","status-publish","has-post-thumbnail","hentry"],"acf":[],"_links":{"self":[{"href":"https:\/\/sfe-trade.com\/nl\/wp-json\/wp\/v2\/pages\/648","targetHints":{"allow":["GET"]}}],"collection":[{"href":"https:\/\/sfe-trade.com\/nl\/wp-json\/wp\/v2\/pages"}],"about":[{"href":"https:\/\/sfe-trade.com\/nl\/wp-json\/wp\/v2\/types\/page"}],"author":[{"embeddable":true,"href":"https:\/\/sfe-trade.com\/nl\/wp-json\/wp\/v2\/users\/1"}],"replies":[{"embeddable":true,"href":"https:\/\/sfe-trade.com\/nl\/wp-json\/wp\/v2\/comments?post=648"}],"version-history":[{"count":207,"href":"https:\/\/sfe-trade.com\/nl\/wp-json\/wp\/v2\/pages\/648\/revisions"}],"predecessor-version":[{"id":7353,"href":"https:\/\/sfe-trade.com\/nl\/wp-json\/wp\/v2\/pages\/648\/revisions\/7353"}],"wp:featuredmedia":[{"embeddable":true,"href":"https:\/\/sfe-trade.com\/nl\/wp-json\/wp\/v2\/media\/5142"}],"wp:attachment":[{"href":"https:\/\/sfe-trade.com\/nl\/wp-json\/wp\/v2\/media?parent=648"}],"curies":[{"name":"wp","href":"https:\/\/api.w.org\/{rel}","templated":true}]}}