{"id":653,"date":"2021-12-27T18:24:39","date_gmt":"2021-12-27T17:24:39","guid":{"rendered":"https:\/\/weihnachtsstern.kinsta.cloud\/it\/?page_id=653"},"modified":"2026-02-23T12:19:14","modified_gmt":"2026-02-23T11:19:14","slug":"rivenditori","status":"publish","type":"page","link":"https:\/\/sfe-trade.com\/it\/rivenditori\/","title":{"rendered":"Rivenditori"},"content":{"rendered":"<div class=\"wpb-content-wrapper\"><p>[vc_row][vc_column][vc_custom_heading text=&#8221;Vendi stelle di Natale? Possiamo aiutarti ad aumentare i tuoi profitti.&#8221; font_container=&#8221;tag:h2|text_align:center&#8221; use_theme_fonts=&#8221;yes&#8221; el_class=&#8221;pfe-small2&#8243; el_id=&#8221;vendi&#8221;][vc_column_text]<\/p>\n<p style=\"text-align: center;\">Offriamo consulenza esperta in vendita e marketing insieme a risorse come materiali per punti vendita, fotografia professionale gratuita, contenuti scritti e video, il tutto per contribuire ad aumentare le vendite. Sentiti libero di utilizzare i nostri contenuti per il tuo marketing, per rafforzare la fedelt\u00e0 dei clienti e dimostrare la tua esperienza orticola.<\/p>\n<p>[\/vc_column_text][\/vc_column][\/vc_row][vc_row disable_element=&#8221;yes&#8221; el_class=&#8221;pfe-flexibel-abstand&#8221;][vc_column][vc_empty_space height=&#8221;50px&#8221;][\/vc_column][\/vc_row][vc_row disable_element=&#8221;yes&#8221;][vc_column width=&#8221;1\/2&#8243;][vc_custom_heading text=&#8221;Catturare l\u2019attenzione presso il proprio punto vendita&#8221; use_theme_fonts=&#8221;yes&#8221; el_class=&#8221;pfe-small&#8221;][vc_column_text]Catturate l&#8217;attenzione dei vostri clienti e incoraggiate l&#8217;acquisto proprio nel vostro punto vendita o online. Offriamo un&#8217;ampia gamma di materiali, dai poster, ai banner, alle card informative, fino alle risorse digitali come i post sui social media e le intestazioni del sito web. \u00c8 possibile ordinare, stampare, condividere ed esporre in negozio questi materiali.[\/vc_column_text][vc_column_text]<a href=\"\/pos-material\">Scopri il materiale POS &gt;&gt;<\/a>[\/vc_column_text][\/vc_column][vc_column width=&#8221;1\/2&#8243;][vc_single_image image=&#8221;5122&#8243; img_size=&#8221;full&#8221;][\/vc_column][\/vc_row][vc_row el_class=&#8221;pfe-flexibel-abstand&#8221;][vc_column][vc_empty_space height=&#8221;50px&#8221;][\/vc_column][\/vc_row][vc_row][vc_column width=&#8221;1\/2&#8243;][vc_single_image image=&#8221;5176&#8243; img_size=&#8221;full&#8221;][\/vc_column][vc_column width=&#8221;1\/2&#8243;][vc_custom_heading text=&#8221;Video sulle Stelle di Natale per i tuoi clienti&#8221; use_theme_fonts=&#8221;yes&#8221; el_class=&#8221;pfe-small2&#8243;][vc_column_text]Sul nostro canale YouTube troverai una serie di video di stelle di Natale che mostrano consigli per la cura, idee di design e progetti fai-da-te. Puoi usarli per attirare i clienti e aumentare il coinvolgimento online condividendoli sui tuoi canali social e persino incorporandoli nel tuo sito web o mostrandoli in negozio, creando un impulso di vendita istantaneo.[\/vc_column_text][vc_column_text]<a href=\"https:\/\/www.youtube.com\/MyPoinsettia\">Scopri i video &gt;&gt;<\/a>[\/vc_column_text][\/vc_column][\/vc_row][vc_row el_class=&#8221;pfe-flexibel-abstand&#8221;][vc_column][vc_empty_space height=&#8221;50px&#8221;][\/vc_column][\/vc_row][vc_row][vc_column width=&#8221;1\/2&#8243;][vc_custom_heading text=&#8221;Ultimi comunicati stampa commerciali rilasciati&#8221; use_theme_fonts=&#8221;yes&#8221; el_class=&#8221;pfe-small2&#8243;][vc_column_text]Inviamo regolarmente comunicati stampa ai media commerciali, condividendo notizie e offerte sulle campagne, nonch\u00e9 consigli di settore nel marketing, nelle vendite e nella cura della stella di Natale. Trova i nostri comunicati stampa commerciali qui.[\/vc_column_text][vc_column_text]<a href=\"\/it\/contattaci\/\">Mettiti in contatto &gt;&gt;<\/a><\/p>\n<p><a href=\"\/it\/notizie-trade\/\">Comunicati stampa commerciali &gt;&gt;<\/a>[\/vc_column_text][\/vc_column][vc_column width=&#8221;1\/2&#8243;][vc_single_image image=&#8221;6998&#8243; img_size=&#8221;full&#8221;][\/vc_column][\/vc_row][vc_row el_class=&#8221;pfe-flexibel-abstand&#8221;][vc_column][vc_empty_space height=&#8221;50px&#8221;][\/vc_column][\/vc_row][vc_row][vc_column width=&#8221;1\/2&#8243;][vc_single_image image=&#8221;5179&#8243; img_size=&#8221;full&#8221;][\/vc_column][vc_column width=&#8221;1\/2&#8243;][vc_custom_heading text=&#8221;Foto gratuite per il tuo marketing&#8221; use_theme_fonts=&#8221;yes&#8221; el_class=&#8221;pfe-small2&#8243;][vc_column_text]Ogni anno produciamo una vasta gamma di immagini ad alta qualit\u00e0 con protagonisti le Stelle di Natale, seguendo le tendenze correnti per giardini e balconi, progetti fai da te, idee regalo, decorazioni per la tavola, primi piani di piante e molto altro. Le nostre fotografie sono gratuite e puoi usarle per promuovere le tue vendite. Condividile sui canali social e siti web, usale per le tue PR e comunicazioni con i media, o crea il tuo materiale per i punti vendita come poster e volantini. Scopri la nostra vasta libreria di immagini con centinaia di foto in un&#8217;ampia variet\u00e0 di stili, per tutti i gusti.[\/vc_column_text][vc_column_text css=&#8221;&#8221;]<a href=\"https:\/\/pelargonium-poinsettia.canto.global\/v\/sfeEN\/allfiles?viewIndex=2\" target=\"_blank\" rel=\"noopener\">Scopri la libreria di immagini &gt;&gt;<\/a>[\/vc_column_text][\/vc_column][\/vc_row][vc_row disable_element=&#8221;yes&#8221; el_class=&#8221;pfe-flexibel-abstand&#8221;][vc_column][vc_empty_space height=&#8221;50px&#8221;][\/vc_column][\/vc_row][vc_row disable_element=&#8221;yes&#8221;][vc_column width=&#8221;1\/2&#8243;][vc_custom_heading text=&#8221;Qualit\u00e4ts- und Pflegematerialien&#8221; use_theme_fonts=&#8221;yes&#8221; el_class=&#8221;pfe-small2&#8243;][vc_column_text]Unsere kostenlosen Pflege-Grafiken und -poster sind eine gute M\u00f6glichkeit, Ihr Personal \u00fcber den richtigen Umgang mit Weihnachtssternen im Lagerhaus, beim Transport und im Gesch\u00e4ft zu informieren, damit die Pflanzen l\u00e4nger in Top-Form bleiben. H\u00e4ngen Sie z. B. das Warnposter in Ihrem Lagerraum auf, um Ihre Mitarbeiter immer wieder aufs Neue daran zu erinnern, dass Weihnachtssterne niemals Zugluft ausgesetzt sein sollten.<\/p>\n<p><a href=\"https:\/\/weihnachtsstern.kinsta.cloud\/it\/pos-material\/\">Qualit\u00e4ts und Pflegematerialen &gt;&gt;<\/a>[\/vc_column_text][\/vc_column][vc_column width=&#8221;1\/2&#8243;][vc_single_image image=&#8221;5161&#8243; img_size=&#8221;full&#8221;][\/vc_column][\/vc_row][vc_row el_class=&#8221;pfe-flexibel-abstand&#8221;][vc_column][vc_empty_space height=&#8221;50px&#8221;][\/vc_column][\/vc_row][vc_row][vc_column width=&#8221;1\/2&#8243;][vc_custom_heading text=&#8221;Ispirazione per il marketing dei consumatori&#8221; use_theme_fonts=&#8221;yes&#8221; el_class=&#8221;pfe-small2&#8243;][vc_column_text]Se sei spesso alla ricerca di nuove idee per il marketing del tuo business &#8211; che si tratti di contenuti sui social media, blog, le tue PR e altro, siamo qui per aiutarti. Conduciamo una campagna di promozione dei consumatori su larga scala guidata da esperti di PR in tutta Europa, quindi perch\u00e9 non usare i nostri contenuti come trampolino di lancio per i tuoi? Dai un&#8217;occhiata ai nostri blog e ai comunicati stampa per i consumatori, sfoglia la nostra libreria di immagini e visita le nostre pagine Instagram, Pinterest e Facebook. Sei il benvenuto![\/vc_column_text][vc_column_text]<a href=\"https:\/\/it.weihnachtsstern.de\/\">Visita l&#8217;area consumatori &gt;&gt;<\/a>[\/vc_column_text][\/vc_column][vc_column width=&#8221;1\/2&#8243;][vc_single_image image=&#8221;5183&#8243; img_size=&#8221;full&#8221;][\/vc_column][\/vc_row][vc_row el_class=&#8221;pfe-flexibel-abstand&#8221;][vc_column][vc_empty_space height=&#8221;50px&#8221;][\/vc_column][\/vc_row][vc_row][vc_column width=&#8221;1\/2&#8243;][vc_single_image image=&#8221;5121&#8243; img_size=&#8221;full&#8221;][\/vc_column][vc_column width=&#8221;1\/2&#8243;][vc_custom_heading text=&#8221;Contattaci e scopri di pi\u00f9&#8221; use_theme_fonts=&#8221;yes&#8221; el_class=&#8221;pfe-small2&#8243;][vc_column_text]Vendi Stelle di Natale da un centro di giardinaggio, un negozio di fiori o qualche forma di vendita al dettaglio? Noi possiamo sostenerti. Mettiti in contatto con noi. Non vediamo l&#8217;ora di sentirti![\/vc_column_text][vc_column_text]<a href=\"\/it\/contattaci\/\">Contatti &gt;&gt;<\/a>[\/vc_column_text][\/vc_column][\/vc_row]<\/p><\/div><div class=\"acf-fields-container\" data-post-id=\"653\" data-canto-acf=\"true\"><\/div><style>\r\n        .acf-fields-container {\r\n            margin: 2em 0;\r\n            width: 100%;\r\n            clear: both;\r\n        }\r\n        .acf-field-image {\r\n            margin: 1.5em 0;\r\n            position: relative;\r\n        }\r\n        .acf-field-label {\r\n            margin-bottom: 1em;\r\n        }\r\n        .acf-image {\r\n            max-width: 100%;\r\n            height: auto;\r\n            display: block;\r\n            margin: 1em 0;\r\n        }\r\n    <\/style>","protected":false},"excerpt":{"rendered":"<p>[vc_row][vc_column][vc_custom_heading text=&#8221;Vendi stelle di Natale? Possiamo aiutarti ad aumentare i tuoi profitti.&#8221; font_container=&#8221;tag:h2|text_align:center&#8221; use_theme_fonts=&#8221;yes&#8221; el_class=&#8221;pfe-small2&#8243; el_id=&#8221;vendi&#8221;][vc_column_text] Offriamo consulenza esperta in vendita e marketing insieme a risorse come materiali per punti vendita, fotografia professionale gratuita, contenuti scritti e video, il tutto per contribuire ad aumentare le vendite. Sentiti libero di utilizzare i nostri contenuti per il [&hellip;]<\/p>\n","protected":false},"author":1,"featured_media":4377,"parent":0,"menu_order":0,"comment_status":"closed","ping_status":"closed","template":"template-parts\/pfe-trade.php","meta":{"_acf_changed":false,"footnotes":""},"class_list":["post-653","page","type-page","status-publish","has-post-thumbnail","hentry"],"acf":[],"_links":{"self":[{"href":"https:\/\/sfe-trade.com\/it\/wp-json\/wp\/v2\/pages\/653","targetHints":{"allow":["GET"]}}],"collection":[{"href":"https:\/\/sfe-trade.com\/it\/wp-json\/wp\/v2\/pages"}],"about":[{"href":"https:\/\/sfe-trade.com\/it\/wp-json\/wp\/v2\/types\/page"}],"author":[{"embeddable":true,"href":"https:\/\/sfe-trade.com\/it\/wp-json\/wp\/v2\/users\/1"}],"replies":[{"embeddable":true,"href":"https:\/\/sfe-trade.com\/it\/wp-json\/wp\/v2\/comments?post=653"}],"version-history":[{"count":117,"href":"https:\/\/sfe-trade.com\/it\/wp-json\/wp\/v2\/pages\/653\/revisions"}],"predecessor-version":[{"id":7278,"href":"https:\/\/sfe-trade.com\/it\/wp-json\/wp\/v2\/pages\/653\/revisions\/7278"}],"wp:featuredmedia":[{"embeddable":true,"href":"https:\/\/sfe-trade.com\/it\/wp-json\/wp\/v2\/media\/4377"}],"wp:attachment":[{"href":"https:\/\/sfe-trade.com\/it\/wp-json\/wp\/v2\/media?parent=653"}],"curies":[{"name":"wp","href":"https:\/\/api.w.org\/{rel}","templated":true}]}}