{"id":648,"date":"2021-12-27T18:17:47","date_gmt":"2021-12-27T18:17:47","guid":{"rendered":"https:\/\/weihnachtsstern.kinsta.cloud\/it\/?page_id=648"},"modified":"2024-07-19T13:27:07","modified_gmt":"2024-07-19T11:27:07","slug":"trade","status":"publish","type":"page","link":"https:\/\/sfe-trade.com\/it\/","title":{"rendered":"Trade"},"content":{"rendered":"<div class=\"wpb-content-wrapper\"><p>[vc_row][vc_column][vc_custom_heading text=&#8221;Opportunit\u00e0 per tutti i settori industriali&#8221; font_container=&#8221;tag:h2|text_align:center&#8221; use_theme_fonts=&#8221;yes&#8221; el_class=&#8221;pfe-small2&#8243; el_id=&#8221;opportunita&#8221;][\/vc_column][\/vc_row][vc_row][vc_column][vc_column_text]<\/p>\n<p style=\"text-align: center\">Noi di Stars for Europe ci rivolgiamo direttamente ai tuoi clienti finali promuovendo i numerosi vantaggi delle stelle di Natale attraverso la nostra campagna di promozione per i consumatori.<\/p>\n<p style=\"text-align: center\">In questo modo, ispiriamo continuamente un nuovo pubblico, garantendo vendite a lungo termine di stelle di Natale in futuro.<\/p>\n<p style=\"text-align: center\">Qui troverai anche una vasta gamma di informazioni per supportare direttamente la tua attivit\u00e0, dagli aggiornamenti dei prodotti ai suggerimenti per la presentazione delle vendite, ai consigli per la cura del commercio, nonch\u00e9 ai materiali per i punti vendita, strumenti digitali e risorse per il marketing.<\/p>\n<p style=\"text-align: center\">Scopri come possiamo supportarti e ampliare le tue opportunit\u00e0 di promozione della stella di Natale. Partecipa ed esplora il nostro progetto.<\/p>\n<p>[\/vc_column_text][\/vc_column][\/vc_row][vc_row][vc_column][vc_column_text][\/vc_column_text][\/vc_column][\/vc_row][vc_row gap=&#8221;30&#8243;][vc_column width=&#8221;1\/3&#8243;][vc_single_image image=&#8221;5144&#8243; img_size=&#8221;full&#8221;][vc_custom_heading text=&#8221;Coltivi stelle di Natale?&#8221; font_container=&#8221;tag:h3|text_align:left&#8221; use_theme_fonts=&#8221;yes&#8221; el_class=&#8221;pfe-small&#8221;][vc_column_text]Come produttore sei la spina dorsale della campagna SfE: tutto ci\u00f2 che facciamo \u00e8 con l&#8217;obiettivo di far crescere le tue vendite attraverso il marketing B2C e B2B. Qui troverai alcuni modi aggiuntivi con cui puoi trarne vantaggio.[\/vc_column_text][vc_column_text]<a href=\"\/it\/produttori\/\">Scopri le opportunit\u00e0 per i produttori &gt;&gt;<\/a>[\/vc_column_text][\/vc_column][vc_column width=&#8221;1\/3&#8243;][vc_single_image image=&#8221;5145&#8243; img_size=&#8221;full&#8221;][vc_custom_heading text=&#8221;Vendi stelle di Natale?&#8221; font_container=&#8221;tag:h3|text_align:left&#8221; use_theme_fonts=&#8221;yes&#8221; el_class=&#8221;pfe-small&#8221;][vc_column_text]Il nostro obiettivo \u00e8 incoraggiare pi\u00f9 consumatori ad innamorarsi delle stelle di Natale e ad acquistarne il maggior numero possibile ogni anno. Offriamo una gamma di materiali e risorse di marketing gratuiti per aiutarti ad aumentare le tue vendite.[\/vc_column_text][vc_column_text]<a href=\"\/it\/rivenditori\/\">Scopri le opportunit\u00e0 per i rivenditori &gt;&gt;<\/a>[\/vc_column_text][\/vc_column][vc_column width=&#8221;1\/3&#8243;][vc_single_image image=&#8221;5146&#8243; img_size=&#8221;full&#8221;][vc_custom_heading text=&#8221;Cerchi informazioni per la stampa?&#8221; font_container=&#8221;tag:h3|text_align:left&#8221; use_theme_fonts=&#8221;yes&#8221; el_class=&#8221;pfe-small&#8221;][vc_column_text]Se sei un giornalista specializzato alla ricerca delle ultime notizie, comunicati stampa e foto royalty-free, sei nel posto giusto. Siamo sempre felici di supportarti con contenuti, fotografie e altro ancora. Scopri cosa possiamo offrire.[\/vc_column_text][vc_column_text]<a href=\"\/it\/notizie-trade\/\">Informazioni per la stampa &gt;&gt;<\/a>[\/vc_column_text][\/vc_column][\/vc_row][vc_row][vc_column][vc_column_text][\/vc_column_text][\/vc_column][\/vc_row][vc_row el_class=&#8221;pfe-greenborderbox&#8221;][vc_column width=&#8221;2\/3&#8243;][vc_single_image image=&#8221;5151&#8243; img_size=&#8221;full&#8221;][\/vc_column][vc_column width=&#8221;1\/3&#8243;][vc_custom_heading text=&#8221;Sei un ibridatore?&#8221; use_theme_fonts=&#8221;yes&#8221; el_class=&#8221;pfe-small&#8221;][vc_column_text]Se rappresenti un&#8217;azienda di coltura e vuoi scoprire come il tuo supporto potrebbe beneficiare la tua azienda e l&#8217;industria in generale, mettiti in contatto.<\/p>\n<p><strong>Gestione del progetto<\/strong><br \/>\nstelle di Natale per l&#8217;Europa IT,<br \/>\n<strong>Chiara Carinelli<\/strong><br \/>\nVia Ariosto 28, 20145 Milano<br \/>\n<strong>Tel:<\/strong> +39 02 4382 191 Mob: +39 347 78 98 673<br \/>\n<strong>E-Mail:<\/strong> <a href=\"mailto:carinelli(at)admirabilia.it\">carinelli(at)admirabilia.it<\/a><br \/>\nWeb:<a href=\"http:\/\/www.admirabilia.it\"> www.admirabilia.it<\/a>[\/vc_column_text][\/vc_column][\/vc_row][vc_row][vc_column][vc_empty_space height=&#8221;75px&#8221;][\/vc_column][\/vc_row][vc_row disable_element=&#8221;yes&#8221;][vc_column width=&#8221;1\/2&#8243;][vc_custom_heading text=&#8221;Wer steckt hinter Stars for Europe?&#8221; use_theme_fonts=&#8221;yes&#8221; el_class=&#8221;pfe-small&#8221;][vc_column_text]Stars for Europe (SfE) ist die Marketinginitiative der europ\u00e4ischen Weihnachtssternz\u00fcchter Beekenkamp Plants, D\u00fcmmen Orange, Selecta One, und Syngenta Flowers. Die Initiative wurde im Jahr 2000 mit dem Ziel gegr\u00fcndet, den Weihnachtsstern-Absatz in Europa zu f\u00f6rdern und langfristig zu sichern. Unter dem Dach von Green Marketing Europe (GME) leitet Dr. Susanne Lux die Stars for Europe-Kampagne mit einem Team von engagierten Mitarbeitern und Freiberuflern. Mit einem Netzwerk von Agenturen und Freiberuflern produziert SfE Materialien und f\u00fchrt Kampagnen in 22 europ\u00e4ischen L\u00e4ndern durch.[\/vc_column_text][\/vc_column][vc_column width=&#8221;1\/2&#8243;][vc_single_image image=&#8221;3754&#8243; img_size=&#8221;full&#8221;][\/vc_column][\/vc_row][vc_row][vc_column][vc_empty_space height=&#8221;75px&#8221;][\/vc_column][\/vc_row][vc_row][vc_column][vc_single_image image=&#8221;7184&#8243; img_size=&#8221;full&#8221; alignment=&#8221;center&#8221;][\/vc_column][\/vc_row]<\/p><\/div><div class=\"acf-fields-container\" data-post-id=\"648\" data-canto-acf=\"true\"><\/div><style>\r\n        .acf-fields-container {\r\n            margin: 2em 0;\r\n            width: 100%;\r\n            clear: both;\r\n        }\r\n        .acf-field-image {\r\n            margin: 1.5em 0;\r\n            position: relative;\r\n        }\r\n        .acf-field-label {\r\n            margin-bottom: 1em;\r\n        }\r\n        .acf-image {\r\n            max-width: 100%;\r\n            height: auto;\r\n            display: block;\r\n            margin: 1em 0;\r\n        }\r\n    <\/style>","protected":false},"excerpt":{"rendered":"<p>[vc_row][vc_column][vc_custom_heading text=&#8221;Opportunit\u00e0 per tutti i settori industriali&#8221; font_container=&#8221;tag:h2|text_align:center&#8221; use_theme_fonts=&#8221;yes&#8221; el_class=&#8221;pfe-small2&#8243; el_id=&#8221;opportunita&#8221;][\/vc_column][\/vc_row][vc_row][vc_column][vc_column_text] Noi di Stars for Europe ci rivolgiamo direttamente ai tuoi clienti finali promuovendo i numerosi vantaggi delle stelle di Natale attraverso la nostra campagna di promozione per i consumatori. In questo modo, ispiriamo continuamente un nuovo pubblico, garantendo vendite a lungo termine di stelle [&hellip;]<\/p>\n","protected":false},"author":1,"featured_media":5142,"parent":0,"menu_order":0,"comment_status":"closed","ping_status":"closed","template":"template-parts\/pfe-trade.php","meta":{"_acf_changed":false,"footnotes":""},"class_list":["post-648","page","type-page","status-publish","has-post-thumbnail","hentry"],"acf":[],"_links":{"self":[{"href":"https:\/\/sfe-trade.com\/it\/wp-json\/wp\/v2\/pages\/648","targetHints":{"allow":["GET"]}}],"collection":[{"href":"https:\/\/sfe-trade.com\/it\/wp-json\/wp\/v2\/pages"}],"about":[{"href":"https:\/\/sfe-trade.com\/it\/wp-json\/wp\/v2\/types\/page"}],"author":[{"embeddable":true,"href":"https:\/\/sfe-trade.com\/it\/wp-json\/wp\/v2\/users\/1"}],"replies":[{"embeddable":true,"href":"https:\/\/sfe-trade.com\/it\/wp-json\/wp\/v2\/comments?post=648"}],"version-history":[{"count":204,"href":"https:\/\/sfe-trade.com\/it\/wp-json\/wp\/v2\/pages\/648\/revisions"}],"predecessor-version":[{"id":7185,"href":"https:\/\/sfe-trade.com\/it\/wp-json\/wp\/v2\/pages\/648\/revisions\/7185"}],"wp:featuredmedia":[{"embeddable":true,"href":"https:\/\/sfe-trade.com\/it\/wp-json\/wp\/v2\/media\/5142"}],"wp:attachment":[{"href":"https:\/\/sfe-trade.com\/it\/wp-json\/wp\/v2\/media?parent=648"}],"curies":[{"name":"wp","href":"https:\/\/api.w.org\/{rel}","templated":true}]}}