{"id":7132,"date":"2023-12-04T11:44:11","date_gmt":"2023-12-04T10:44:11","guid":{"rendered":"https:\/\/sfe-trade.com\/hu\/?page_id=7132"},"modified":"2023-12-13T14:47:18","modified_gmt":"2023-12-13T13:47:18","slug":"informaciok-a-projektrol","status":"publish","type":"page","link":"https:\/\/sfe-trade.com\/hu\/informaciok-a-projektrol\/","title":{"rendered":"Inform\u00e1ci\u00f3k a projektr\u0151l"},"content":{"rendered":"<div class=\"wpb-content-wrapper\"><p>[vc_row][vc_column width=&#8221;1\/2&#8243;][vc_column_text]<\/p>\n<p>[\/vc_column_text][vc_column_text]<\/p>\n<p>[\/vc_column_text][vc_column_text]<\/p>\n<p>A Pelargonium for Europe \u00e9s a Stars for Europe testv\u00e9rkamp\u00e1nyok, az egyik a pelarg\u00f3ni\u00e1t n\u00e9pszer\u0171s\u00edti tavasszal \u00e9s ny\u00e1ron, a m\u00e1sik a mikul\u00e1svir\u00e1got \u0151sszel \u00e9s t\u00e9len. Ezen az oldalon mindk\u00e9t term\u00e9kre vonatkoz\u00f3an megtekintheti a jelenleg akt\u00edv, EU \u00e1ltal finansz\u00edrozott prom\u00f3ci\u00f3s kamp\u00e1nyaink r\u00e9szleteit.<\/p>\n<p>[\/vc_column_text][\/vc_column][vc_column width=&#8221;1\/2&#8243;][vc_single_image image=&#8221;7130&#8243; img_size=&#8221;1050&#215;433&#8243;][\/vc_column][\/vc_row][vc_row][vc_column][vc_row_inner][vc_column_inner width=&#8221;1\/2&#8243;][vc_custom_heading text=&#8221;EU-kamp\u00e1ny 101094149&#8243; font_container=&#8221;tag:h3|text_align:left&#8221; use_theme_fonts=&#8221;yes&#8221;][vc_column_text]<strong>Akt\u00edv \u00e9vek:<\/strong> 2023-2026<br \/>\n<strong>Orsz\u00e1gok:<\/strong> Bulg\u00e1ria, Horv\u00e1torsz\u00e1g, Cseh K\u00f6zt\u00e1rsas\u00e1g, Magyarorsz\u00e1g, Rom\u00e1nia, Szlov\u00e1kia.[\/vc_column_text][\/vc_column_inner][vc_column_inner width=&#8221;1\/2&#8243;][vc_single_image image=&#8221;7128&#8243; img_size=&#8221;1050&#215;433&#8243;][\/vc_column_inner][\/vc_row_inner][\/vc_column][\/vc_row][vc_row][vc_column width=&#8221;1\/3&#8243;][vc_column_text]<strong>Kedvezm\u00e9nyezettek:<\/strong><br \/>\nPelargonium Eur\u00f3p\u00e1\u00e9rt<br \/>\nCsillagok Eur\u00f3p\u00e1\u00e9rt[\/vc_column_text][\/vc_column][vc_column width=&#8221;1\/3&#8243;][vc_column_text]<strong>V\u00e9grehajt\u00f3 szervek:<\/strong><br \/>\nBulg\u00e1ria: Grayling<br \/>\nHorv\u00e1torsz\u00e1g: Val Group \/ Produkt<br \/>\nCseh K\u00f6zt\u00e1rsas\u00e1g: Grayling<br \/>\nRom\u00e1nia: Grayling \/ Deci Se Poate<br \/>\nMagyarorsz\u00e1g: Red Lemon<br \/>\nSzlov\u00e1kia: Grayling[\/vc_column_text][\/vc_column][vc_column width=&#8221;1\/3&#8243;][vc_column_text]<strong>A koordin\u00e1tor el\u00e9rhet\u0151s\u00e9gei:<\/strong><br \/>\nDr. Susanne Lux<br \/>\n<a href=\"mailto:susanne.lux@meclux.de\">E-mail: susanne.lux@meclux.de<\/a>[\/vc_column_text][\/vc_column][\/vc_row][vc_row][vc_column][vc_custom_heading text=&#8221;A projekt \u00f6sszefoglal\u00e1sa:&#8221; font_container=&#8221;tag:h3|text_align:left&#8221; use_theme_fonts=&#8221;yes&#8221;][vc_column_text]A Stars Unite (a) Europe in Bloom egy k\u00f6z\u00f6s kamp\u00e1ny, amelyet az EU d\u00edszn\u00f6v\u00e9nytermel\u00e9s\u00e9nek nagy r\u00e9sz\u00e9t k\u00e9pvisel\u0151 eur\u00f3pai poinsettia (SfE) \u00e9s pelargonium (PfE) nemes\u00edt\u0151k t\u00e1mogatnak. A k\u00e9t projekt \u00f6sszeolvad, \u00fczeneteik er\u0151teljesen egy\u00fctt hangzanak, \u00e9s az eg\u00e9sz \u00e9v sor\u00e1n lehet\u0151s\u00e9geket k\u00edn\u00e1lnak. A sikeres, az ipar \u00e1ltal finansz\u00edrozott projekteket k\u00f6vet\u0151en BG-ben, HR-ben, CZ-ban, HU-ban, RO-ban \u00e9s SK-ban indul. A projekt az EU-ban termesztett mikul\u00e1svir\u00e1gok \u00e9s pelarg\u00f3ni\u00e1k el\u0151nyeinek tudatos\u00edt\u00e1sa, versenyk\u00e9pess\u00e9g\u00fck \u00e9s fogyaszt\u00e1suk n\u00f6vel\u00e9se, ismerts\u00e9g\u00fck n\u00f6vel\u00e9se \u00e9s piaci r\u00e9szesed\u00e9s\u00fck n\u00f6vel\u00e9se r\u00e9v\u00e9n fejti ki hat\u00e1s\u00e1t. Indokl\u00e1sa a hat\u00e9konys\u00e1gra helyezi a hangs\u00falyt, felhaszn\u00e1lva a m\u00e1s orsz\u00e1gokban folyamatban l\u00e9v\u0151 uni\u00f3s kamp\u00e1nyok k\u00edn\u00e1lat\u00e1t.[\/vc_column_text][vc_single_image image=&#8221;7126&#8243; img_size=&#8221;full&#8221;][\/vc_column][\/vc_row][vc_row][vc_column][vc_column_text]B2C szinten a legfontosabb \u00fczenetek az EU-ban termesztett n\u00f6v\u00e9nyek min\u0151s\u00e9g\u00e9t, soksz\u00edn\u0171s\u00e9g\u00e9t, sokoldal\u00fas\u00e1g\u00e1t \u00e9s sz\u00e9ps\u00e9g\u00e9t, valamint a kapcsol\u00f3d\u00f3 hagyom\u00e1nyokat hangs\u00falyozz\u00e1k &#8211; ez az\u00e9rt fontos, mert a mikul\u00e1svir\u00e1gok az eur\u00f3pai kult\u00far\u00e1ban szorosan kapcsol\u00f3dnak a kar\u00e1csonyhoz, a pelarg\u00f3ni\u00e1k pedig Eur\u00f3pa-szerte a v\u00e1rosok \u00e9s falvak d\u00edszei, \u00e9s kultur\u00e1lis szerepet j\u00e1tszanak a tavaszban. A legfontosabb \u00fczenetek k\u00f6z\u00f6tt szerepelnek a hossz\u00fa \u00e9lettartam \u00e9s a helyhez k\u00f6t\u00f6tts\u00e9g fenntarthat\u00f3s\u00e1gi jellemz\u0151i is, mivel megfelel\u0151 gondoz\u00e1s mellett ezek a n\u00f6v\u00e9nyek tov\u00e1bb tartanak, mint azt a legt\u00f6bben gondoln\u00e1k, az \u00e9rt\u00e9kes\u00edt\u00e9s pedig a helyi kert\u00e9szet fejl\u0151d\u00e9s\u00e9t t\u00e1mogatja. Az \u00fczenetek szerint a kert\u00e9szked\u00e9s \u00e9s a vir\u00e1gk\u00f6t\u00e9szet a j\u00f3l\u00e9tet szolg\u00e1lja &#8211; k\u00e9zzelfoghat\u00f3 eg\u00e9szs\u00e9g\u00fcgyi el\u0151ny\u00f6kkel \u00f6sszekapcsolva. B2B szinten a projekt a fenntarthat\u00f3 termel\u00e9sre h\u00edvja fel a figyelmet.[\/vc_column_text][vc_single_image image=&#8221;7127&#8243; img_size=&#8221;full&#8221;][\/vc_column][\/vc_row][vc_row el_class=&#8221;pfe-flexibel-abstand&#8221;][vc_column][vc_column_text]A t\u00f6bbcsatorn\u00e1s strat\u00e9gia a kulcsfontoss\u00e1g\u00fa \u00fczeneteket a megfelel\u0151 m\u00e9diacsatorn\u00e1kon &#8211; nyomtatott, online, TV, r\u00e1di\u00f3, k\u00f6z\u00f6ss\u00e9gi \u00e9s eml\u00e9kezetes \u00e9lm\u00e9nyek &#8211; kereszt\u00fcl k\u00f6zvet\u00edti. Az int\u00e9zked\u00e9sek t\u00e9m\u00e1khoz \u00e9s csatorn\u00e1kon \u00e1t\u00edvel\u0151 megk\u00f6zel\u00edt\u00e9sekhez kapcsol\u00f3dnak. Term\u00e9kt\u0151l \u00e9s t\u00e9m\u00e1t\u00f3l f\u00fcgg\u0151en k\u00fcl\u00f6nb\u00f6z\u0151 c\u00e9lk\u00f6z\u00f6ns\u00e9geket c\u00e9loznak meg, az \u00fczeneteket pedig \u00e9letvil\u00e1gok, \u00e9rt\u00e9kek \u00e9s \u00e9rzelmek bemutat\u00e1s\u00e1val hangs\u00falyozz\u00e1k a fot\u00f3k, vide\u00f3k, grafik\u00e1k \u00e9s szerkeszt\u0151i anyagok st\u00edlusos megjelen\u00edt\u00e9s\u00e9vel. Az \u00e9rt\u00e9kes\u00edt\u00e9s fellend\u00edt\u00e9se \u00e9rdek\u00e9ben a PoS-forr\u00e1sok \u00e9s a gondoz\u00e1ssal \u00e9s prom\u00f3ci\u00f3val kapcsolatos tan\u00e1csad\u00e1s t\u00e1mogatja a kiskeresked\u0151ket. A teljes ell\u00e1t\u00e1si l\u00e1nc a kereskedelmi kommunik\u00e1ci\u00f3n \u00e9s az iparral val\u00f3 egy\u00fcttm\u0171k\u00f6d\u00e9sen kereszt\u00fcl f\u00e9r hozz\u00e1 az er\u0151forr\u00e1sokhoz \u00e9s h\u00edrekhez.[\/vc_column_text][\/vc_column][\/vc_row][vc_row el_class=&#8221;pfe-flexibel-abstand&#8221;][vc_column][vc_custom_heading text=&#8221;EU-kamp\u00e1ny SfE-101015360&#8243; font_container=&#8221;tag:h3|text_align:left&#8221; use_theme_fonts=&#8221;yes&#8221;][vc_row_inner][vc_column_inner width=&#8221;1\/3&#8243;][vc_column_text]<strong>Akt\u00edv \u00e9vek:<\/strong> 2021 &#8211; 2024<br \/>\n<strong>Orsz\u00e1gok:<\/strong> N\u00e9metorsz\u00e1g, Franciaorsz\u00e1g, Olaszorsz\u00e1g, Spanyolorsz\u00e1g, Hollandia, Lengyelorsz\u00e1g, Sv\u00e9dorsz\u00e1g, N\u00e9metorsz\u00e1g, Olaszorsz\u00e1g, Sv\u00e9dorsz\u00e1g.[\/vc_column_text][\/vc_column_inner][vc_column_inner width=&#8221;1\/3&#8243;][vc_column_text]<strong>Kedvezm\u00e9nyezettek:<\/strong> Stars for Europe[\/vc_column_text][\/vc_column_inner][vc_column_inner width=&#8221;1\/3&#8243;][vc_column_text]<strong>A koordin\u00e1tor el\u00e9rhet\u0151s\u00e9gei:<\/strong><br \/>\nDr. Susanne Lux<br \/>\n<a href=\"mailto:susanne.lux@meclux.de\">E-mail: susanne.lux@meclux.de<\/a>[\/vc_column_text][\/vc_column_inner][\/vc_row_inner][\/vc_column][\/vc_row][vc_row el_class=&#8221;pfe-flexibel-abstand&#8221;][vc_column width=&#8221;1\/2&#8243;][vc_custom_heading text=&#8221;A projekt \u00f6sszefoglal\u00e1sa:&#8221; font_container=&#8221;tag:h3|text_align:left&#8221; use_theme_fonts=&#8221;yes&#8221;][vc_column_text]A &#8222;Stars Unite Europe&#8221; (Csillagok egyes\u00edtik Eur\u00f3p\u00e1t) elnevez\u00e9s\u0171, 2021-24-es uni\u00f3s kamp\u00e1ny c\u00e9lja, hogy el\u0151seg\u00edtse \u00e9s hossz\u00fa t\u00e1von biztos\u00edtsa a poinsettia-\u00e9rt\u00e9kes\u00edt\u00e9s j\u00f6v\u0151j\u00e9t Eur\u00f3p\u00e1ban. A modern termesztett mikul\u00e1svir\u00e1gok, amelyeket n\u00e9ha kar\u00e1csonyi csillagoknak is neveznek, az eur\u00f3pai kert\u00e9szeti fejl\u0151d\u00e9s ragyog\u00f3 p\u00e9ld\u00e1j\u00e1t jelentik. Az int\u00e9zked\u00e9sek kombin\u00e1ci\u00f3ja a klasszikus PR, a digit\u00e1lis marketing \u00e9s a k\u00fcl\u00f6nb\u00f6z\u0151 prom\u00f3ci\u00f3s tev\u00e9kenys\u00e9gek, valamint az \u00e1gazati kommunik\u00e1ci\u00f3, az aktiv\u00e1l\u00e1s \u00e9s a min\u0151s\u00e9gbiztos\u00edt\u00e1s mellett.[\/vc_column_text][\/vc_column][vc_column width=&#8221;1\/2&#8243;][vc_column_text]<\/p>\n<p>[\/vc_column_text][vc_single_image image=&#8221;7084&#8243; img_size=&#8221;full&#8221; alignment=&#8221;center&#8221;][\/vc_column][\/vc_row][vc_row][vc_column][vc_column_text]Az int\u00e9zked\u00e9sek h\u00e9t uni\u00f3s orsz\u00e1gban zajlanak, a c\u00e9lokat \u00e9s a kulcsfontoss\u00e1g\u00fa \u00fczeneteket gondosan meghat\u00e1rozva, hogy megfeleljenek a megfelel\u0151 c\u00e9lcsoportoknak: \u00fajs\u00e1g\u00edr\u00f3knak, befoly\u00e1sos szem\u00e9lyeknek, a z\u00f6ldiparnak \u00e9s a kiskeresked\u0151knek, \u00e9s v\u00e9g\u00fcl el\u00e9rj\u00e9k a v\u00e9gfogyaszt\u00f3k k\u00e9t f\u0151 csoportj\u00e1t, akik olyan \u00e9letszakaszban vannak, ahol a marketingint\u00e9zked\u00e9sek a legjobban hatnak. Az els\u0151 csoport az 50-65 \u00e9vesek (&#8222;\u00faj \u00e9letet \u00e9p\u00edt\u0151k&#8221;), akik az \u00e9let\u00fck \u00e1talak\u00edt\u00e1s\u00e1nak olyan szakasz\u00e1ba \u00e9rtek, amikor gyermekeik elk\u00f6lt\u00f6ztek otthonr\u00f3l, vagy amikor munkak\u00e9pes karrierj\u00fck v\u00e9g\u00e9re \u00e9rtek. Ez a csoport az\u00e9rt fontos, mert a 65 \u00e9v felettieknek \u0151k kell, hogy legyenek a j\u00f6v\u0151 gyakori v\u00e1s\u00e1rl\u00f3i. A m\u00e1sodik c\u00e9lcsoport a 25-35 \u00e9vesek (&#8222;Csal\u00e1d- vagy karrier\u00e9p\u00edt\u0151k&#8221;), akik szint\u00e9n az \u00e9let\u00fck \u00e1trendez\u0151d\u00e9s\u00e9nek egy szakasz\u00e1ba \u00e9rtek, mivel vagy szakmai karrierbe kezdtek, vagy csal\u00e1dot alap\u00edtottak, vagy mindkett\u0151t.[\/vc_column_text][\/vc_column][\/vc_row][vc_row][vc_column][vc_column_text]A hossz\u00fa t\u00e1v\u00fa \u00e9rt\u00e9kes\u00edt\u00e9s biztos\u00edt\u00e1sa \u00e9rdek\u00e9ben a tev\u00e9kenys\u00e9gek c\u00e9lja a mikul\u00e1svir\u00e1g meg\u00edt\u00e9l\u00e9s\u00e9nek jav\u00edt\u00e1sa a k\u00f6zv\u00e9lem\u00e9nyben &#8211; a tart\u00f3ss\u00e1g\u00e1ra \u00e9s im\u00e1zs\u00e1ra \u00f6sszpontos\u00edtva, valamint a kar\u00e1csonyhoz, a legfontosabb eur\u00f3pai \u00fcnnephez f\u0171z\u0151d\u0151 hagyom\u00e1nyos kapcsolat\u00e1nak er\u0151s\u00edt\u00e9se. Ez a strat\u00e9gia mag\u00e1ban foglalja a modern eur\u00f3pai mikul\u00e1svir\u00e1g min\u0151s\u00e9g\u00e9nek, tart\u00f3ss\u00e1g\u00e1nak \u00e9s sokoldal\u00fas\u00e1g\u00e1nak n\u00e9pszer\u0171s\u00edt\u00e9s\u00e9t. A kamp\u00e1ny a c\u00e9lzott t\u00e9m\u00e1k, k\u00e9pek, sz\u00f6vegek, vide\u00f3k, weboldalak, layoutok, k\u00f6z\u00f6ss\u00e9gi m\u00e9dia jelenl\u00e9t \u00e9s \u00e9rt\u00e9kes\u00edt\u00e9si pontok anyagai k\u00f6r\u00e9 \u00e9p\u00fcl. Ezeket az er\u0151forr\u00e1sokat a kereskedelmi, m\u00e9dia- \u00e9s k\u00f6zvetlen fogyaszt\u00f3i csatorn\u00e1kon kereszt\u00fcl orsz\u00e1gszint\u0171 kommunik\u00e1ci\u00f3n kereszt\u00fcl terjesztik, az egyes orsz\u00e1gok sz\u00e1m\u00e1ra k\u00fcl\u00f6nb\u00f6z\u0151 kieg\u00e9sz\u00edt\u0151 int\u00e9zked\u00e9sekkel, p\u00e9ld\u00e1ul m\u00e9dia-egy\u00fcttm\u0171k\u00f6d\u00e9ssel, esem\u00e9nyekkel \u00e9s prom\u00f3ci\u00f3s aktiv\u00e1l\u00e1sokkal.[\/vc_column_text][\/vc_column][\/vc_row]<\/p><\/div><div class=\"acf-fields-container\" data-post-id=\"7132\" data-canto-acf=\"true\"><\/div><style>\r\n        .acf-fields-container {\r\n            margin: 2em 0;\r\n            width: 100%;\r\n            clear: both;\r\n        }\r\n        .acf-field-image {\r\n            margin: 1.5em 0;\r\n            position: relative;\r\n        }\r\n        .acf-field-label {\r\n            margin-bottom: 1em;\r\n        }\r\n        .acf-image {\r\n            max-width: 100%;\r\n            height: auto;\r\n            display: block;\r\n            margin: 1em 0;\r\n        }\r\n    <\/style>","protected":false},"excerpt":{"rendered":"<p>[vc_row][vc_column width=&#8221;1\/2&#8243;][vc_column_text] [\/vc_column_text][vc_column_text] [\/vc_column_text][vc_column_text] A Pelargonium for Europe \u00e9s a Stars for Europe testv\u00e9rkamp\u00e1nyok, az egyik a pelarg\u00f3ni\u00e1t n\u00e9pszer\u0171s\u00edti tavasszal \u00e9s ny\u00e1ron, a m\u00e1sik a mikul\u00e1svir\u00e1got \u0151sszel \u00e9s t\u00e9len. Ezen az oldalon mindk\u00e9t term\u00e9kre vonatkoz\u00f3an megtekintheti a jelenleg akt\u00edv, EU \u00e1ltal finansz\u00edrozott prom\u00f3ci\u00f3s kamp\u00e1nyaink r\u00e9szleteit. [\/vc_column_text][\/vc_column][vc_column width=&#8221;1\/2&#8243;][vc_single_image image=&#8221;7130&#8243; img_size=&#8221;1050&#215;433&#8243;][\/vc_column][\/vc_row][vc_row][vc_column][vc_row_inner][vc_column_inner width=&#8221;1\/2&#8243;][vc_custom_heading text=&#8221;EU-kamp\u00e1ny 101094149&#8243; font_container=&#8221;tag:h3|text_align:left&#8221; use_theme_fonts=&#8221;yes&#8221;][vc_column_text]Akt\u00edv \u00e9vek: [&hellip;]<\/p>\n","protected":false},"author":26,"featured_media":7129,"parent":0,"menu_order":0,"comment_status":"closed","ping_status":"closed","template":"template-parts\/sfe-trade.php","meta":{"_acf_changed":false,"footnotes":""},"class_list":["post-7132","page","type-page","status-publish","has-post-thumbnail","hentry"],"acf":[],"_links":{"self":[{"href":"https:\/\/sfe-trade.com\/hu\/wp-json\/wp\/v2\/pages\/7132","targetHints":{"allow":["GET"]}}],"collection":[{"href":"https:\/\/sfe-trade.com\/hu\/wp-json\/wp\/v2\/pages"}],"about":[{"href":"https:\/\/sfe-trade.com\/hu\/wp-json\/wp\/v2\/types\/page"}],"author":[{"embeddable":true,"href":"https:\/\/sfe-trade.com\/hu\/wp-json\/wp\/v2\/users\/26"}],"replies":[{"embeddable":true,"href":"https:\/\/sfe-trade.com\/hu\/wp-json\/wp\/v2\/comments?post=7132"}],"version-history":[{"count":3,"href":"https:\/\/sfe-trade.com\/hu\/wp-json\/wp\/v2\/pages\/7132\/revisions"}],"predecessor-version":[{"id":7135,"href":"https:\/\/sfe-trade.com\/hu\/wp-json\/wp\/v2\/pages\/7132\/revisions\/7135"}],"wp:featuredmedia":[{"embeddable":true,"href":"https:\/\/sfe-trade.com\/hu\/wp-json\/wp\/v2\/media\/7129"}],"wp:attachment":[{"href":"https:\/\/sfe-trade.com\/hu\/wp-json\/wp\/v2\/media?parent=7132"}],"curies":[{"name":"wp","href":"https:\/\/api.w.org\/{rel}","templated":true}]}}