{"id":653,"date":"2021-12-27T18:24:39","date_gmt":"2021-12-27T17:24:39","guid":{"rendered":"https:\/\/christmas-star.info\/?page_id=653"},"modified":"2026-02-23T12:20:36","modified_gmt":"2026-02-23T11:20:36","slug":"kiskereskedok","status":"publish","type":"page","link":"https:\/\/sfe-trade.com\/hu\/kiskereskedok\/","title":{"rendered":"Kiskeresked\u0151k"},"content":{"rendered":"<div class=\"wpb-content-wrapper\"><p>[vc_row][vc_column][vc_custom_heading text=&#8221;Mikul\u00e1svir\u00e1g \u00e9rt\u00e9kes\u00edt\u00e9ssel foglalkozik? \u00cdgy n\u00f6velje elad\u00e1sait.&#8221; font_container=&#8221;tag:h2|text_align:center&#8221; use_theme_fonts=&#8221;yes&#8221; el_class=&#8221;pfe-small2&#8243; el_id=&#8221;mikulasvirag&#8221;][vc_column_text]<\/p>\n<p style=\"text-align: center;\">Szak\u00e9rt\u0151i \u00e9rt\u00e9kes\u00edt\u00e9si \u00e9s marketing tan\u00e1csad\u00e1st k\u00edn\u00e1lunk, valamint olyan \u00e9rt\u00e9kes\u00edt\u00e9si anyagokat, mint ingyenes fot\u00f3k, \u00edrott tartalmak \u00e9s vide\u00f3k. Haszn\u00e1lja fel tartalmainkat saj\u00e1t marketingtev\u00e9kenys\u00e9g\u00e9hez, seg\u00edtse v\u00e1s\u00e1rl\u00f3it.<\/p>\n<p>[\/vc_column_text][\/vc_column][\/vc_row][vc_row disable_element=&#8221;yes&#8221; el_class=&#8221;pfe-flexibel-abstand&#8221;][vc_column][vc_empty_space height=&#8221;50px&#8221;][\/vc_column][\/vc_row][vc_row disable_element=&#8221;yes&#8221;][vc_column width=&#8221;1\/2&#8243;][vc_custom_heading text=&#8221;Add impulse at point-of-sale&#8221; use_theme_fonts=&#8221;yes&#8221; el_class=&#8221;pfe-small&#8221;][vc_column_text]Capture the attention of your customers and encourage impulse purchasing right at the point-of-sale in store or online. We offer a wide range of materials from posters, banners, and care cards through to digital resources like social media posts and website headers. It\u2019s available to order, print, share, and display in store.[\/vc_column_text][vc_column_text]<a href=\"\/pos-material\">Discover POS material &gt;&gt;<\/a>[\/vc_column_text][\/vc_column][vc_column width=&#8221;1\/2&#8243;][vc_single_image image=&#8221;5122&#8243; img_size=&#8221;full&#8221;][\/vc_column][\/vc_row][vc_row el_class=&#8221;pfe-flexibel-abstand&#8221;][vc_column][vc_empty_space height=&#8221;50px&#8221;][\/vc_column][\/vc_row][vc_row][vc_column width=&#8221;1\/2&#8243;][vc_single_image image=&#8221;5176&#8243; img_size=&#8221;full&#8221;][\/vc_column][vc_column width=&#8221;1\/2&#8243;][vc_custom_heading text=&#8221;Mikul\u00e1svir\u00e1g vide\u00f3k \u00fcgyfelei sz\u00e1m\u00e1ra&#8221; use_theme_fonts=&#8221;yes&#8221; el_class=&#8221;pfe-small2&#8243;][vc_column_text]YouTube-csatorn\u00e1nkon sz\u00e1mos mikul\u00e1svir\u00e1gr\u00f3l sz\u00f3l\u00f3 vide\u00f3t tal\u00e1l, amelyekben gondoz\u00e1si tan\u00e1csokat, diz\u00e1jn \u00f6tleteket \u00e9s bark\u00e1csprojekteket mutatunk be. Ezek v\u00e1s\u00e1rl\u00f3inak is hasznosak lehetnek, megoszthatja \u0151ket saj\u00e1t k\u00f6z\u00f6ss\u00e9gi csatorn\u00e1in, s\u0151t, ak\u00e1r be\u00e1gyazhatja \u0151ket weboldal\u00e1ba.[\/vc_column_text][vc_column_text]<a href=\"https:\/\/www.youtube.com\/MyPoinsettia\">Vide\u00f3k felfedez\u00e9se &gt;&gt;<\/a>[\/vc_column_text][\/vc_column][\/vc_row][vc_row el_class=&#8221;pfe-flexibel-abstand&#8221;][vc_column][vc_empty_space height=&#8221;50px&#8221;][\/vc_column][\/vc_row][vc_row][vc_column width=&#8221;1\/2&#8243;][vc_custom_heading text=&#8221;Legfrissebb kereskedelmi sajt\u00f3k\u00f6zlem\u00e9nyek&#8221; use_theme_fonts=&#8221;yes&#8221; el_class=&#8221;pfe-small2&#8243;][vc_column_text]Rendszeresen k\u00fcld\u00fcnk sajt\u00f3k\u00f6zlem\u00e9nyeket a relev\u00e1ns m\u00e9diumoknak, amelyekben kamp\u00e1nyh\u00edreket \u00e9s aj\u00e1nlatokat, valamint marketinggel, \u00e9rt\u00e9kes\u00edt\u00e9ssel \u00e9s mikul\u00e1svir\u00e1g gondoz\u00e1ssal kapcsolatos \u00e1gazati tan\u00e1csokat osztunk meg. Szakmai sajt\u00f3k\u00f6zlem\u00e9nyeinket itt tal\u00e1lja.[\/vc_column_text][vc_column_text]<a href=\"\/hu\/kapcsolat\/\">Kapcsolatfelv\u00e9tel &gt;&gt;<\/a><\/p>\n<p><a href=\"\/hu\/kereskedelmi-informaciok\/\">Szakmai sajt\u00f3k\u00f6zlem\u00e9nyek\u00a0 &gt;&gt;<\/a>[\/vc_column_text][\/vc_column][vc_column width=&#8221;1\/2&#8243;][vc_single_image image=&#8221;5182&#8243; img_size=&#8221;full&#8221;][\/vc_column][\/vc_row][vc_row el_class=&#8221;pfe-flexibel-abstand&#8221;][vc_column][vc_empty_space height=&#8221;50px&#8221;][\/vc_column][\/vc_row][vc_row][vc_column width=&#8221;1\/2&#8243;][vc_single_image image=&#8221;5179&#8243; img_size=&#8221;full&#8221;][\/vc_column][vc_column width=&#8221;1\/2&#8243;][vc_custom_heading text=&#8221;Marketing c\u00e9l\u00fa ingyenes k\u00e9pek&#8221; use_theme_fonts=&#8221;yes&#8221; el_class=&#8221;pfe-small2&#8243;][vc_column_text]Minden \u00e9vben magas felbont\u00e1s\u00fa, min\u0151s\u00e9gi k\u00e9peket k\u00e9sz\u00edt\u00fcnk, amelyeken a n\u00f6v\u00e9nyeket kerti \u00e9s balkon trendekkel, bark\u00e1csprojektekkel, aj\u00e1nd\u00e9k\u00f6tletekkel, asztali dekor\u00e1ci\u00f3kkal, \u00e9s m\u00e9g sok m\u00e1s \u00e9rdekess\u00e9ggel mutatjuk be. K\u00e9peinket ingyenesen felhaszn\u00e1lhatja saj\u00e1t \u00e9rt\u00e9kes\u00edt\u00e9s\u00e9ben.<\/p>\n<p>Ossza meg ezeket saj\u00e1t k\u00f6z\u00f6ss\u00e9gi csatorn\u00e1in \u00e9s weboldalain, haszn\u00e1lja fel \u0151ket saj\u00e1t PR- \u00e9s m\u00e9diakommunik\u00e1ci\u00f3j\u00e1hoz, vagy k\u00e9sz\u00edtsen saj\u00e1t elad\u00e1shelyi anyagokat, p\u00e9ld\u00e1ul plak\u00e1tokat vagy sz\u00f3r\u00f3lapokat. Fedezze fel k\u00e9pk\u00edn\u00e1latunkat, amely t\u00f6bb sz\u00e1z fot\u00f3t tartalmaz.[\/vc_column_text][vc_column_text css=&#8221;&#8221;]<a href=\"https:\/\/pelargonium-poinsettia.canto.global\/v\/sfeEN\/allfiles?viewIndex=2\" target=\"_blank\" rel=\"noopener\">Megn\u00e9zem a k\u00e9pgy\u0171jtem\u00e9nyt &gt;&gt;<\/a>[\/vc_column_text][\/vc_column][\/vc_row][vc_row disable_element=&#8221;yes&#8221; el_class=&#8221;pfe-flexibel-abstand&#8221;][vc_column][vc_empty_space height=&#8221;50px&#8221;][\/vc_column][\/vc_row][vc_row disable_element=&#8221;yes&#8221;][vc_column width=&#8221;1\/2&#8243;][vc_custom_heading text=&#8221;Qualit\u00e4ts- und Pflegematerialien&#8221; use_theme_fonts=&#8221;yes&#8221; el_class=&#8221;pfe-small2&#8243;][vc_column_text]Unsere kostenlosen Pflege-Grafiken und -poster sind eine gute M\u00f6glichkeit, Ihr Personal \u00fcber den richtigen Umgang mit Weihnachtssternen im Lagerhaus, beim Transport und im Gesch\u00e4ft zu informieren, damit die Pflanzen l\u00e4nger in Top-Form bleiben. H\u00e4ngen Sie z. B. das Warnposter in Ihrem Lagerraum auf, um Ihre Mitarbeiter immer wieder aufs Neue daran zu erinnern, dass Weihnachtssterne niemals Zugluft ausgesetzt sein sollten.<\/p>\n<p><a href=\"https:\/\/christmas-star.info\/pos-material\/\">Qualit\u00e4ts und Pflegematerialen &gt;&gt;<\/a>[\/vc_column_text][\/vc_column][vc_column width=&#8221;1\/2&#8243;][vc_single_image image=&#8221;5161&#8243; img_size=&#8221;full&#8221;][\/vc_column][\/vc_row][vc_row el_class=&#8221;pfe-flexibel-abstand&#8221;][vc_column][vc_empty_space height=&#8221;50px&#8221;][\/vc_column][\/vc_row][vc_row][vc_column width=&#8221;1\/2&#8243;][vc_custom_heading text=&#8221;Fogyaszt\u00f3i marketing inspir\u00e1ci\u00f3&#8221; use_theme_fonts=&#8221;yes&#8221; el_class=&#8221;pfe-small2&#8243;][vc_column_text]Ha gyakran keres \u00faj \u00f6tleteket v\u00e1llalkoz\u00e1sa marketingj\u00e9hez &#8211; legyen sz\u00f3 k\u00f6z\u00f6ss\u00e9gi m\u00e9diatartalmakr\u00f3l, blogokr\u00f3l, saj\u00e1t PR-tev\u00e9kenys\u00e9gr\u0151l \u00e9s egyebekr\u0151l -, mi seg\u00edt\u00fcnk. Nagyszab\u00e1s\u00fa, PR-szak\u00e9rt\u0151k \u00e1ltal vezetett fogyaszt\u00f3i prom\u00f3ci\u00f3s kamp\u00e1nyt folytatunk a r\u00e9gi\u00f3ban. Tekintse meg blogjainkat \u00e9s fogyaszt\u00f3i sajt\u00f3k\u00f6zlem\u00e9nyeinket, b\u00f6ng\u00e9sszen k\u00e9pt\u00e1runkban, \u00e9s l\u00e1togasson el Instagram-, Pinterest- \u00e9s Facebook-oldalunkra. Tartalmainkat nyugodtan m\u00e1solhatja, adapt\u00e1lhatja \u00e9s haszn\u00e1lhatja![\/vc_column_text][vc_column_text]<a href=\"https:\/\/christmas-star.info\/\">L\u00e1togasson el a fogyaszt\u00f3i oldalra &gt;&gt;<\/a>[\/vc_column_text][\/vc_column][vc_column width=&#8221;1\/2&#8243;][vc_single_image image=&#8221;5183&#8243; img_size=&#8221;full&#8221;][\/vc_column][\/vc_row][vc_row el_class=&#8221;pfe-flexibel-abstand&#8221;][vc_column][vc_empty_space height=&#8221;50px&#8221;][\/vc_column][\/vc_row][vc_row][vc_column width=&#8221;1\/2&#8243;][vc_single_image image=&#8221;5121&#8243; img_size=&#8221;full&#8221;][\/vc_column][vc_column width=&#8221;1\/2&#8243;][vc_custom_heading text=&#8221;L\u00e9pjen vel\u00fcnk kapcsolatba \u00e9s tudjon meg t\u00f6bbet&#8221; use_theme_fonts=&#8221;yes&#8221; el_class=&#8221;pfe-small2&#8243;][vc_column_text]Kert\u00e9szeti k\u00f6zpontban, vir\u00e1gboltban vagy kiskereskedelmi \u00fczletben \u00e1rul mikul\u00e1svir\u00e1got? Mi seg\u00edthet\u00fcnk \u00d6nnek. Vegye fel vel\u00fcnk a kapcsolatot. \u00d6r\u00f6mmel v\u00e1rjuk a jelentkez\u00e9s\u00e9t![\/vc_column_text][vc_column_text]<a href=\"\/hu\/kapcsolat\/\">Kapcsolat &gt;&gt;<\/a>[\/vc_column_text][\/vc_column][\/vc_row]<\/p><\/div><div class=\"acf-fields-container\" data-post-id=\"653\" data-canto-acf=\"true\"><\/div><style>\r\n        .acf-fields-container {\r\n            margin: 2em 0;\r\n            width: 100%;\r\n            clear: both;\r\n        }\r\n        .acf-field-image {\r\n            margin: 1.5em 0;\r\n            position: relative;\r\n        }\r\n        .acf-field-label {\r\n            margin-bottom: 1em;\r\n        }\r\n        .acf-image {\r\n            max-width: 100%;\r\n            height: auto;\r\n            display: block;\r\n            margin: 1em 0;\r\n        }\r\n    <\/style>","protected":false},"excerpt":{"rendered":"<p>[vc_row][vc_column][vc_custom_heading text=&#8221;Mikul\u00e1svir\u00e1g \u00e9rt\u00e9kes\u00edt\u00e9ssel foglalkozik? \u00cdgy n\u00f6velje elad\u00e1sait.&#8221; font_container=&#8221;tag:h2|text_align:center&#8221; use_theme_fonts=&#8221;yes&#8221; el_class=&#8221;pfe-small2&#8243; el_id=&#8221;mikulasvirag&#8221;][vc_column_text] Szak\u00e9rt\u0151i \u00e9rt\u00e9kes\u00edt\u00e9si \u00e9s marketing tan\u00e1csad\u00e1st k\u00edn\u00e1lunk, valamint olyan \u00e9rt\u00e9kes\u00edt\u00e9si anyagokat, mint ingyenes fot\u00f3k, \u00edrott tartalmak \u00e9s vide\u00f3k. Haszn\u00e1lja fel tartalmainkat saj\u00e1t marketingtev\u00e9kenys\u00e9g\u00e9hez, seg\u00edtse v\u00e1s\u00e1rl\u00f3it. [\/vc_column_text][\/vc_column][\/vc_row][vc_row disable_element=&#8221;yes&#8221; el_class=&#8221;pfe-flexibel-abstand&#8221;][vc_column][vc_empty_space height=&#8221;50px&#8221;][\/vc_column][\/vc_row][vc_row disable_element=&#8221;yes&#8221;][vc_column width=&#8221;1\/2&#8243;][vc_custom_heading text=&#8221;Add impulse at point-of-sale&#8221; use_theme_fonts=&#8221;yes&#8221; el_class=&#8221;pfe-small&#8221;][vc_column_text]Capture the attention of your customers and encourage impulse [&hellip;]<\/p>\n","protected":false},"author":1,"featured_media":4377,"parent":0,"menu_order":0,"comment_status":"closed","ping_status":"closed","template":"template-parts\/pfe-trade.php","meta":{"_acf_changed":false,"footnotes":""},"class_list":["post-653","page","type-page","status-publish","has-post-thumbnail","hentry"],"acf":[],"_links":{"self":[{"href":"https:\/\/sfe-trade.com\/hu\/wp-json\/wp\/v2\/pages\/653","targetHints":{"allow":["GET"]}}],"collection":[{"href":"https:\/\/sfe-trade.com\/hu\/wp-json\/wp\/v2\/pages"}],"about":[{"href":"https:\/\/sfe-trade.com\/hu\/wp-json\/wp\/v2\/types\/page"}],"author":[{"embeddable":true,"href":"https:\/\/sfe-trade.com\/hu\/wp-json\/wp\/v2\/users\/1"}],"replies":[{"embeddable":true,"href":"https:\/\/sfe-trade.com\/hu\/wp-json\/wp\/v2\/comments?post=653"}],"version-history":[{"count":119,"href":"https:\/\/sfe-trade.com\/hu\/wp-json\/wp\/v2\/pages\/653\/revisions"}],"predecessor-version":[{"id":7290,"href":"https:\/\/sfe-trade.com\/hu\/wp-json\/wp\/v2\/pages\/653\/revisions\/7290"}],"wp:featuredmedia":[{"embeddable":true,"href":"https:\/\/sfe-trade.com\/hu\/wp-json\/wp\/v2\/media\/4377"}],"wp:attachment":[{"href":"https:\/\/sfe-trade.com\/hu\/wp-json\/wp\/v2\/media?parent=653"}],"curies":[{"name":"wp","href":"https:\/\/api.w.org\/{rel}","templated":true}]}}