{"id":648,"date":"2021-12-27T18:17:47","date_gmt":"2021-12-27T17:17:47","guid":{"rendered":"https:\/\/christmas-star.info\/?page_id=648"},"modified":"2024-07-19T13:48:38","modified_gmt":"2024-07-19T11:48:38","slug":"trade","status":"publish","type":"page","link":"https:\/\/sfe-trade.com\/hu\/","title":{"rendered":"Kereskedelem"},"content":{"rendered":"<div class=\"wpb-content-wrapper\"><p>[vc_row][vc_column][vc_custom_heading text=&#8221;Lehet\u0151s\u00e9gek valamennyi ipar\u00e1g sz\u00e1m\u00e1ra&#8221; font_container=&#8221;tag:h2|text_align:center&#8221; use_theme_fonts=&#8221;yes&#8221; el_class=&#8221;pfe-small2&#8243; el_id=&#8221;lehetosegek&#8221;][\/vc_column][\/vc_row][vc_row][vc_column][vc_column_text]<\/p>\n<p style=\"text-align: center\">A Stars for Europe-n\u00e1l k\u00f6zvetlen\u00fcl a v\u00e9gfelhaszn\u00e1l\u00f3kat c\u00e9lozzuk meg \u00fagy, hogy sz\u00e9lesk\u00f6r\u0171 fogyaszt\u00f3i prom\u00f3ci\u00f3s kamp\u00e1nyunkkal bemutatjuk \u00e9s n\u00e9pszer\u0171s\u00edtj\u00fck a mikul\u00e1svir\u00e1g el\u0151nyeit. Ezzel folyamatosan \u00faj k\u00f6z\u00f6ns\u00e9get \u00e9r\u00fcnk el, t\u00e1mogatva a mikul\u00e1svir\u00e1gok \u00e9rt\u00e9kes\u00edt\u00e9s\u00e9t.<\/p>\n<p style=\"text-align: center\">Itt olyan inform\u00e1ci\u00f3k is megtal\u00e1lhat\u00f3k, amelyek k\u00f6zvetlen\u00fcl t\u00e1mogatj\u00e1k v\u00e1llalkoz\u00e1s\u00e1t, mint p\u00e9ld\u00e1ul term\u00e9kfriss\u00edt\u00e9sek, \u00e9rt\u00e9kes\u00edt\u00e9si tippek, \u00e1pol\u00e1si tan\u00e1csok, digit\u00e1lis eszk\u00f6z\u00f6k \u00e9s marketinganyagok.<br \/>\nIsmerje meg, hogyan seg\u00edthetj\u00fck v\u00e1llalkoz\u00e1s\u00e1t \u00e9s mikul\u00e1svir\u00e1g \u00e9rt\u00e9kes\u00edt\u00e9s\u00e9t. Fedezze fel kamp\u00e1nyunkat.<\/p>\n<p>[\/vc_column_text][\/vc_column][\/vc_row][vc_row][vc_column][vc_column_text][\/vc_column_text][\/vc_column][\/vc_row][vc_row gap=&#8221;30&#8243;][vc_column width=&#8221;1\/3&#8243;][vc_single_image image=&#8221;5144&#8243; img_size=&#8221;full&#8221;][vc_custom_heading text=&#8221;Mikul\u00e1svir\u00e1g-termeszt\u0151knek?&#8221; font_container=&#8221;tag:h3|text_align:left&#8221; use_theme_fonts=&#8221;yes&#8221; el_class=&#8221;pfe-small&#8221;][vc_column_text]A termel\u0151k alkotj\u00e1k az SfE kamp\u00e1nyok gerinc\u00e9t: minden, amit tesz\u00fcnk, az \u00d6n elad\u00e1sainak n\u00f6vel\u00e9s\u00e9t c\u00e9lozza mind a B2C, mind a B2B marketing r\u00e9v\u00e9n. Itt tal\u00e1l n\u00e9h\u00e1ny tov\u00e1bbi lehet\u0151s\u00e9get, amib\u0151l \u00d6n is profit\u00e1lhat.[\/vc_column_text][vc_column_text]<a href=\"https:\/\/christmas-star.info\/hu\/termesztok\/\">Termeszt\u0151knek sz\u00f3l\u00f3 lehet\u0151s\u00e9gek &gt;&gt;<\/a>[\/vc_column_text][\/vc_column][vc_column width=&#8221;1\/3&#8243;][vc_single_image image=&#8221;5145&#8243; img_size=&#8221;full&#8221;][vc_custom_heading text=&#8221;Mikul\u00e1svir\u00e1g \u00e9rt\u00e9kes\u00edt\u0151knek?&#8221; font_container=&#8221;tag:h3|text_align:left&#8221; use_theme_fonts=&#8221;yes&#8221; el_class=&#8221;pfe-small&#8221;][vc_column_text]C\u00e9lunk, hogy min\u00e9l t\u00f6bb fogyaszt\u00f3 megismerje \u00e9s szeresse a mikul\u00e1svir\u00e1got, \u00edgy minden \u00e9vben egyre t\u00f6bbet v\u00e1s\u00e1rolnak bel\u0151le. Sz\u00e1mos ingyenes marketinganyagot \u00e9s eszk\u00f6zt k\u00edn\u00e1lunk, hogy seg\u00edts\u00fck \u00d6nt az elad\u00e1sok n\u00f6vel\u00e9s\u00e9ben.[\/vc_column_text][vc_column_text]<a href=\"https:\/\/christmas-star.info\/hu\/kiskereskedok\/\">Lehet\u0151s\u00e9gek kiskeresked\u0151k sz\u00e1m\u00e1ra &gt;&gt;<\/a>[\/vc_column_text][\/vc_column][vc_column width=&#8221;1\/3&#8243;][vc_single_image image=&#8221;5146&#8243; img_size=&#8221;full&#8221;][vc_custom_heading text=&#8221;Sajt\u00f3inform\u00e1ci\u00f3kat keres?&#8221; font_container=&#8221;tag:h3|text_align:left&#8221; use_theme_fonts=&#8221;yes&#8221; el_class=&#8221;pfe-small&#8221;][vc_column_text]A szak\u00fajs\u00e1g\u00edr\u00f3knak sz\u00f3l\u00f3 legfrissebb h\u00edreket, sajt\u00f3k\u00f6zlem\u00e9nyeket \u00e9s jogd\u00edjmentes fot\u00f3kat itt tal\u00e1lja.[\/vc_column_text][vc_column_text]<a href=\"\/Sajtokozlemenyek\/\">Sajt\u00f3inform\u00e1ci\u00f3 &gt;&gt;<\/a>[\/vc_column_text][\/vc_column][\/vc_row][vc_row][vc_column][vc_column_text][\/vc_column_text][\/vc_column][\/vc_row][vc_row el_class=&#8221;pfe-greenborderbox&#8221;][vc_column width=&#8221;2\/3&#8243;][vc_single_image image=&#8221;5154&#8243; img_size=&#8221;full&#8221;][\/vc_column][vc_column width=&#8221;1\/3&#8243;][vc_custom_heading text=&#8221;Mikul\u00e1svir\u00e1g teny\u00e9szt\u00e9ssel foglalkozik?&#8221; use_theme_fonts=&#8221;yes&#8221; el_class=&#8221;pfe-small&#8221;][vc_column_text]Ha teny\u00e9szt\u0151 c\u00e9get k\u00e9pvisel, \u00e9s szeretn\u00e9 megtudni, hogy inform\u00e1ci\u00f3ink hogyan seg\u00edthetik v\u00e1llalkoz\u00e1s\u00e1t \u00e9s az ipar\u00e1gat, \u00f6r\u00f6mmel v\u00e1rjuk jelentkez\u00e9s\u00e9t.<\/p>\n<p><strong>Projektmenedzsment<\/strong><br \/>\nStars for Europe GbR,<br \/>\n<strong>Dr. Susanne Lux,<\/strong><br \/>\n<strong>Telephone:<\/strong> + 49 2644 981333,<br \/>\n<strong>E-mail:<\/strong> <a href=\"mailto:susanne.lux@meclux.de\">susanne.lux@meclux.de<\/a>[\/vc_column_text][\/vc_column][\/vc_row][vc_row][vc_column][vc_single_image image=&#8221;7182&#8243; img_size=&#8221;full&#8221; alignment=&#8221;center&#8221;][\/vc_column][\/vc_row]<\/p><\/div><div class=\"acf-fields-container\" data-post-id=\"648\" data-canto-acf=\"true\"><\/div><style>\r\n        .acf-fields-container {\r\n            margin: 2em 0;\r\n            width: 100%;\r\n            clear: both;\r\n        }\r\n        .acf-field-image {\r\n            margin: 1.5em 0;\r\n            position: relative;\r\n        }\r\n        .acf-field-label {\r\n            margin-bottom: 1em;\r\n        }\r\n        .acf-image {\r\n            max-width: 100%;\r\n            height: auto;\r\n            display: block;\r\n            margin: 1em 0;\r\n        }\r\n    <\/style>","protected":false},"excerpt":{"rendered":"<p>[vc_row][vc_column][vc_custom_heading text=&#8221;Lehet\u0151s\u00e9gek valamennyi ipar\u00e1g sz\u00e1m\u00e1ra&#8221; font_container=&#8221;tag:h2|text_align:center&#8221; use_theme_fonts=&#8221;yes&#8221; el_class=&#8221;pfe-small2&#8243; el_id=&#8221;lehetosegek&#8221;][\/vc_column][\/vc_row][vc_row][vc_column][vc_column_text] A Stars for Europe-n\u00e1l k\u00f6zvetlen\u00fcl a v\u00e9gfelhaszn\u00e1l\u00f3kat c\u00e9lozzuk meg \u00fagy, hogy sz\u00e9lesk\u00f6r\u0171 fogyaszt\u00f3i prom\u00f3ci\u00f3s kamp\u00e1nyunkkal bemutatjuk \u00e9s n\u00e9pszer\u0171s\u00edtj\u00fck a mikul\u00e1svir\u00e1g el\u0151nyeit. Ezzel folyamatosan \u00faj k\u00f6z\u00f6ns\u00e9get \u00e9r\u00fcnk el, t\u00e1mogatva a mikul\u00e1svir\u00e1gok \u00e9rt\u00e9kes\u00edt\u00e9s\u00e9t. Itt olyan inform\u00e1ci\u00f3k is megtal\u00e1lhat\u00f3k, amelyek k\u00f6zvetlen\u00fcl t\u00e1mogatj\u00e1k v\u00e1llalkoz\u00e1s\u00e1t, mint p\u00e9ld\u00e1ul term\u00e9kfriss\u00edt\u00e9sek, \u00e9rt\u00e9kes\u00edt\u00e9si tippek, \u00e1pol\u00e1si [&hellip;]<\/p>\n","protected":false},"author":1,"featured_media":5142,"parent":0,"menu_order":0,"comment_status":"closed","ping_status":"closed","template":"template-parts\/pfe-trade.php","meta":{"_acf_changed":false,"footnotes":""},"class_list":["post-648","page","type-page","status-publish","has-post-thumbnail","hentry"],"acf":[],"_links":{"self":[{"href":"https:\/\/sfe-trade.com\/hu\/wp-json\/wp\/v2\/pages\/648","targetHints":{"allow":["GET"]}}],"collection":[{"href":"https:\/\/sfe-trade.com\/hu\/wp-json\/wp\/v2\/pages"}],"about":[{"href":"https:\/\/sfe-trade.com\/hu\/wp-json\/wp\/v2\/types\/page"}],"author":[{"embeddable":true,"href":"https:\/\/sfe-trade.com\/hu\/wp-json\/wp\/v2\/users\/1"}],"replies":[{"embeddable":true,"href":"https:\/\/sfe-trade.com\/hu\/wp-json\/wp\/v2\/comments?post=648"}],"version-history":[{"count":207,"href":"https:\/\/sfe-trade.com\/hu\/wp-json\/wp\/v2\/pages\/648\/revisions"}],"predecessor-version":[{"id":7185,"href":"https:\/\/sfe-trade.com\/hu\/wp-json\/wp\/v2\/pages\/648\/revisions\/7185"}],"wp:featuredmedia":[{"embeddable":true,"href":"https:\/\/sfe-trade.com\/hu\/wp-json\/wp\/v2\/media\/5142"}],"wp:attachment":[{"href":"https:\/\/sfe-trade.com\/hu\/wp-json\/wp\/v2\/media?parent=648"}],"curies":[{"name":"wp","href":"https:\/\/api.w.org\/{rel}","templated":true}]}}