{"id":487,"date":"2023-08-10T12:27:34","date_gmt":"2023-08-10T10:27:34","guid":{"rendered":"https:\/\/christmas-star.info\/?page_id=487"},"modified":"2024-09-23T15:48:21","modified_gmt":"2024-09-23T13:48:21","slug":"impresszum","status":"publish","type":"page","link":"https:\/\/sfe-trade.com\/hu\/impresszum\/","title":{"rendered":"Impresszum"},"content":{"rendered":"<div class=\"wpb-content-wrapper\"><p>[vc_row][vc_column][vc_custom_heading text=&#8221;\u00c1ltal\u00e1nos Adatv\u00e9delmi Szab\u00e1lyzat&#8221; use_theme_fonts=&#8221;yes&#8221;][vc_column_text]A n\u00e9met t\u00f6rv\u00e9nyek \u00e9rtelm\u00e9ben a weboldal minden tartalm\u00e1\u00e9rt felel\u0151s a:[\/vc_column_text][vc_column_text css=&#8221;&#8221;]Stars for Europe GbR,<br \/>\nc\/o Central Horticultural Association,<br \/>\nBornheimerstra\u00dfe 37<br \/>\n53111 Bonn<br \/>\nGermany<br \/>\n\u00dcgyvezet\u0151 igazgat\u00f3: Dr. Ulrich Sander \/ Eur\u00f3pai projektvezet\u0151: Dr. Susanne Lux[\/vc_column_text][vc_column_text]Telefon: + 49 2644 981333<br \/>\nEmail: susanne.lux(at)meclux.de[\/vc_column_text][vc_column_text]VAT-ID: DE224966758<br \/>\nTax number: 206\/5779\/0607[\/vc_column_text][vc_custom_heading text=&#8221;Nyilatkozat&#8221; use_theme_fonts=&#8221;yes&#8221;][vc_column_text]Az itt szerepl\u0151 inform\u00e1ci\u00f3k \u00e9s \u00e1ll\u00edt\u00e1sok a szerz\u0151(k) \u00e1ll\u00e1spontj\u00e1t k\u00e9pviselik, \u00e9s nem felt\u00e9tlen\u00fcl t\u00fckr\u00f6zik az Eur\u00f3pai Uni\u00f3 vagy az Eur\u00f3pai Kutat\u00e1si V\u00e9grehajt\u00f3 \u00dcgyn\u00f6ks\u00e9g (REA) hivatalos v\u00e9lem\u00e9ny\u00e9t. Sem az Eur\u00f3pai Uni\u00f3, sem a t\u00e1mogat\u00e1st ny\u00fajt\u00f3 hat\u00f3s\u00e1g nem vonhat\u00f3 felel\u0151ss\u00e9gre miattuk.[\/vc_column_text][\/vc_column][\/vc_row]<\/p><\/div><div class=\"acf-fields-container\" data-post-id=\"487\" data-canto-acf=\"true\"><\/div><style>\r\n        .acf-fields-container {\r\n            margin: 2em 0;\r\n            width: 100%;\r\n            clear: both;\r\n        }\r\n        .acf-field-image {\r\n            margin: 1.5em 0;\r\n            position: relative;\r\n        }\r\n        .acf-field-label {\r\n            margin-bottom: 1em;\r\n        }\r\n        .acf-image {\r\n            max-width: 100%;\r\n            height: auto;\r\n            display: block;\r\n            margin: 1em 0;\r\n        }\r\n    <\/style>","protected":false},"excerpt":{"rendered":"<p>[vc_row][vc_column][vc_custom_heading text=&#8221;\u00c1ltal\u00e1nos Adatv\u00e9delmi Szab\u00e1lyzat&#8221; use_theme_fonts=&#8221;yes&#8221;][vc_column_text]A n\u00e9met t\u00f6rv\u00e9nyek \u00e9rtelm\u00e9ben a weboldal minden tartalm\u00e1\u00e9rt felel\u0151s a:[\/vc_column_text][vc_column_text css=&#8221;&#8221;]Stars for Europe GbR, c\/o Central Horticultural Association, Bornheimerstra\u00dfe 37 53111 Bonn Germany \u00dcgyvezet\u0151 igazgat\u00f3: Dr. Ulrich Sander \/ Eur\u00f3pai projektvezet\u0151: Dr. Susanne Lux[\/vc_column_text][vc_column_text]Telefon: + 49 2644 981333 Email: susanne.lux(at)meclux.de[\/vc_column_text][vc_column_text]VAT-ID: DE224966758 Tax number: 206\/5779\/0607[\/vc_column_text][vc_custom_heading text=&#8221;Nyilatkozat&#8221; use_theme_fonts=&#8221;yes&#8221;][vc_column_text]Az itt szerepl\u0151 inform\u00e1ci\u00f3k \u00e9s \u00e1ll\u00edt\u00e1sok [&hellip;]<\/p>\n","protected":false},"author":1,"featured_media":0,"parent":0,"menu_order":0,"comment_status":"closed","ping_status":"closed","template":"","meta":{"_acf_changed":false,"footnotes":""},"class_list":["post-487","page","type-page","status-publish","hentry"],"acf":[],"_links":{"self":[{"href":"https:\/\/sfe-trade.com\/hu\/wp-json\/wp\/v2\/pages\/487","targetHints":{"allow":["GET"]}}],"collection":[{"href":"https:\/\/sfe-trade.com\/hu\/wp-json\/wp\/v2\/pages"}],"about":[{"href":"https:\/\/sfe-trade.com\/hu\/wp-json\/wp\/v2\/types\/page"}],"author":[{"embeddable":true,"href":"https:\/\/sfe-trade.com\/hu\/wp-json\/wp\/v2\/users\/1"}],"replies":[{"embeddable":true,"href":"https:\/\/sfe-trade.com\/hu\/wp-json\/wp\/v2\/comments?post=487"}],"version-history":[{"count":20,"href":"https:\/\/sfe-trade.com\/hu\/wp-json\/wp\/v2\/pages\/487\/revisions"}],"predecessor-version":[{"id":7199,"href":"https:\/\/sfe-trade.com\/hu\/wp-json\/wp\/v2\/pages\/487\/revisions\/7199"}],"wp:attachment":[{"href":"https:\/\/sfe-trade.com\/hu\/wp-json\/wp\/v2\/media?parent=487"}],"curies":[{"name":"wp","href":"https:\/\/api.w.org\/{rel}","templated":true}]}}