{"id":7152,"date":"2023-12-04T11:17:40","date_gmt":"2023-12-04T10:17:40","guid":{"rendered":"https:\/\/sfe-trade.com\/hr\/?page_id=7152"},"modified":"2023-12-13T14:51:46","modified_gmt":"2023-12-13T13:51:46","slug":"projektne-infromacije","status":"publish","type":"page","link":"https:\/\/sfe-trade.com\/hr\/projektne-infromacije\/","title":{"rendered":"Projektne infromacije"},"content":{"rendered":"<div class=\"wpb-content-wrapper\"><p>[vc_row][vc_column width=&#8221;1\/2&#8243;][vc_column_text]<\/p>\n<p>[\/vc_column_text][vc_column_text]<\/p>\n<p>[\/vc_column_text][vc_column_text]Pelargonium for Europe i Stars for Europe su sestrinske kampanje, prva promovira pelargonije u prolje\u0107e i ljeto, a druga promovira bo\u017ei\u0107nu zvijezdu tijekom jeseni i zime. Na ovoj stranici mo\u017eete vidjeti pojedinosti o na\u0161im trenutno aktivnim promotivnim kampanjama koje financira EU za oba proizvoda.[\/vc_column_text][\/vc_column][vc_column width=&#8221;1\/2&#8243;][vc_single_image image=&#8221;7151&#8243; img_size=&#8221;1050&#215;433&#8243;][\/vc_column][\/vc_row][vc_row][vc_column][vc_row_inner][vc_column_inner width=&#8221;1\/2&#8243;][vc_custom_heading text=&#8221;EU kampanja 101094149&#8243; font_container=&#8221;tag:h3|text_align:left&#8221; use_theme_fonts=&#8221;yes&#8221;][vc_column_text]<strong>Godine aktivnosti:<\/strong> 2023. &#8211; 2026.<br \/>\n<strong>Zemlje:<\/strong> Bugarska, Hrvatska, \u010ce\u0161ka, Ma\u0111arska, Rumunjska, Slova\u010dka[\/vc_column_text][\/vc_column_inner][vc_column_inner width=&#8221;1\/2&#8243;][vc_single_image image=&#8221;7149&#8243; img_size=&#8221;full&#8221; alignment=&#8221;right&#8221;][\/vc_column_inner][\/vc_row_inner][\/vc_column][\/vc_row][vc_row][vc_column width=&#8221;1\/3&#8243;][vc_column_text]<strong>Korisnici:<\/strong><br \/>\nPelargonije za Europu<br \/>\nZvijezde za Europu[\/vc_column_text][\/vc_column][vc_column width=&#8221;1\/3&#8243;][vc_column_text]<strong>Provedbena tijela:<\/strong><br \/>\nBugarska: Grayling<br \/>\nHrvatska: Val Grupa \/ Produkt<br \/>\n\u010ce\u0161ka: Grayling<br \/>\nRumunjska: Grayling \/ Deci Se Poate<br \/>\nMa\u0111arska: Crveni limun<br \/>\nSlova\u010dka: Grayling[\/vc_column_text][\/vc_column][vc_column width=&#8221;1\/3&#8243;][vc_column_text]<strong>Kontakt podaci koordinatora:<\/strong><br \/>\ndr. Susanne Lux<br \/>\n<a href=\"mailto:susanne.lux@meclux.de\">E-po\u0161ta: susanne.lux@meclux.de<\/a>[\/vc_column_text][\/vc_column][\/vc_row][vc_row][vc_column][vc_custom_heading text=&#8221;Sa\u017eetak projekta:&#8221; font_container=&#8221;tag:h3|text_align:left&#8221; use_theme_fonts=&#8221;yes&#8221;][vc_column_text]Zvijezde ujedinjuju Europu u cvatu zajedni\u010dka je kampanja koju podupiru europski uzgajiva\u010di bo\u017ei\u0107ne zvijezde (SfE) i pelargonija (PfE), predstavljaju\u0107i veliki dio dekorativne proizvodnje u EU. Zajedni\u010dkim nastupom, poruke ovih dvaju projekata sna\u017eno odjekuju i daju informacije o mogu\u0107nostima tijekom cijele godine. Pokrenut \u0107e se u BG, HR, CZ, HU, RO i SK, nakon uspje\u0161nih projekata koje financira industrija. Stvara utjecaj podizanjem svijesti o prednostima bo\u017ei\u0107nih zvijezda i pelargonija proizvedenih u EU, pove\u0107avaju\u0107i njihovu konkurentnost i potro\u0161nju, podi\u017eu\u0107i njihov profil i pove\u0107avaju\u0107i njihov tr\u017ei\u0161ni udio. Tako\u0111er, isti\u010de u\u010dinkovitost i kori\u0161tenje ponuda teku\u0107ih EU kampanja u drugim zemljama.[\/vc_column_text][vc_single_image image=&#8221;7147&#8243; img_size=&#8221;full&#8221;][\/vc_column][\/vc_row][vc_row][vc_column][vc_column_text]Na razini B2C, klju\u010dne poruke isti\u010du kvalitetu, raznolikost, svestranost i ljepotu biljaka koje se uzgajaju u EU i povezane tradicije &#8211; \u0161to je va\u017eno jer su bo\u017ei\u0107ne zvijezde usko povezane s Bo\u017ei\u0107em u europskoj kulturi, a pelargonije ukra\u0161avaju gradove i sela diljem Europe ispunjavaju svoju kulturnu ulogu u prolje\u0107e. Klju\u010dne poruke tako\u0111er uklju\u010duju karakteristike odr\u017eivosti dugovje\u010dnosti i lokaliteta, jer uz pravilnu njegu ove biljke traju dulje nego \u0161to ve\u0107ina misli, dok prodaja podr\u017eava razvoj lokalne hortikulture. Poruke prikazuju vrtlarstvo i aran\u017eiranje cvije\u0107a koje donosi dobrobit \u2013 povezano s opipljivim zdravstvenim prednostima. Na B2B razini projekt podi\u017ee svijest o odr\u017eivoj proizvodnji.[\/vc_column_text][vc_single_image image=&#8221;7148&#8243; img_size=&#8221;full&#8221;][\/vc_column][\/vc_row][vc_row el_class=&#8221;pfe-flexibel-abstand&#8221;][vc_column][vc_column_text]Vi\u0161ekanalna strategija prenosi klju\u010dne poruke kroz odgovaraju\u0107e medijske kanale \u2013 tisak, online, TV, radio, dru\u0161tvena doga\u0111anja i iskustva koja se pamte. Mjere su povezane s temama i me\u0111ukanalnim pristupima. Ciljana je razli\u010dita publika ovisno o proizvodu i temi, s porukama nagla\u0161enim predstavljanjem \u017eivotnih svjetova, vrijednosti i emocija putem stiliziranja fotografija, videozapisa, grafika i uvodnika. Kako bi se pove\u0107ala prodaja, resursi PoS-a i savjeti o njezi i promociji podupiru trgovce. Cijeli opskrbni lanac \u0107e pristupiti resursima i vijestima putem prodajne komunikacije i suradnje s industrijom.[\/vc_column_text][\/vc_column][\/vc_row][vc_row el_class=&#8221;pfe-flexibel-abstand&#8221;][vc_column][vc_custom_heading text=&#8221;EU kampanja SfE-101015360&#8243; font_container=&#8221;tag:h3|text_align:left&#8221; use_theme_fonts=&#8221;yes&#8221;][vc_row_inner][vc_column_inner width=&#8221;1\/3&#8243;][vc_column_text]<strong>Godine aktivnosti:<\/strong> 2021. &#8211; 2024<br \/>\n<strong>Zemlje:<\/strong> Njema\u010dka, Francuska, Italija, \u0160panjolska, Nizozemska, Poljska, \u0160vedska[\/vc_column_text][\/vc_column_inner][vc_column_inner width=&#8221;1\/3&#8243;][vc_column_text]<strong>Korisnici:<\/strong> Zvijezde za Europu[\/vc_column_text][\/vc_column_inner][vc_column_inner width=&#8221;1\/3&#8243;][vc_column_text]<strong>Kontakt podaci koordinatora:<\/strong><br \/>\ndr. Susanne Lux<br \/>\n<a href=\"mailto:susanne.lux@meclux.de\">E-po\u0161ta: susanne.lux@meclux.de<\/a>[\/vc_column_text][\/vc_column_inner][\/vc_row_inner][\/vc_column][\/vc_row][vc_row el_class=&#8221;pfe-flexibel-abstand&#8221;][vc_column width=&#8221;1\/2&#8243;][vc_custom_heading text=&#8221;Sa\u017eetak projekta:&#8221; font_container=&#8221;tag:h3|text_align:left&#8221; use_theme_fonts=&#8221;yes&#8221;][vc_column_text]Pod sloganom &#8216;Zvijezde ujedinjuju Europu&#8217;, ova EU kampanja 2021.-24. ima za cilj promovirati i osigurati dugoro\u010dnu budu\u0107nost prodaje bo\u017ei\u0107ne zvijezde u Europi. Suvremeno uzgojene biljke bo\u017ei\u0107ne zvijezde, sjajan su primjer europskog hortikulturnog napretka. Kombinacija mjera sadr\u017eavat \u0107e klasi\u010dni PR, digitalni marketing i razne promotivne aktivnosti te komunikaciju industrije, aktivaciju i osiguranje kvalitete.[\/vc_column_text][\/vc_column][vc_column width=&#8221;1\/2&#8243;][vc_column_text][\/vc_column_text][vc_single_image image=&#8221;7146&#8243; img_size=&#8221;full&#8221; alignment=&#8221;center&#8221;][\/vc_column][\/vc_row][vc_row][vc_column][vc_column_text]Mjere se provode u sedam zemalja EU-a s ciljevima i klju\u010dnim porukama pa\u017eljivo definiranim kako bi odgovarale relevantnim ciljnim skupinama: novinarima, utjecajnim osobama, zelenoj industriji i trgovcima na malo, na kraju dopiru\u0107i do dviju klju\u010dnih skupina krajnjih potro\u0161a\u010da koji su u \u017eivotnim fazama u kojima marketin\u0161ke mjere mogu najbolje uhvati. Prva su osobe od 50 do 65 godina (&#8216;Graditelji novog \u017eivota&#8217;), koje su dosegle fazu restrukturiranja \u017eivota jer su im djeca napustila dom ili su do\u0161li do kraja svoje radne karijere. Ova skupina je va\u017ena jer moraju postati budu\u0107i \u010desti kupci starijih od 65 godina. Druga ciljna skupina su osobe od 25 do 35 godina (\u201eGraditelji obitelji ili karijere\u201d), koje su tako\u0111er dosegle fazu preorijentacije u \u017eivotu, bilo da su krenule u profesionalnu karijeru, zasnovale obitelj ili oboje.[\/vc_column_text][\/vc_column][\/vc_row][vc_row][vc_column][vc_column_text]Kako bi se osigurala dugoro\u010dna prodaja, aktivnosti su usmjerene na pobolj\u0161anje percepcije javnosti o bo\u017ei\u0107noj zvijezdi &#8211; s fokusom na njezinu trajnost i imid\u017e te ja\u010danje njezine tradicionalne veze s Bo\u017ei\u0107em, najva\u017enijim europskim blagdanom. Ova strategija uklju\u010duje promicanje kvalitete, trajnosti i svestranosti moderne europske bo\u017ei\u0107ne zvijezde. Kampanja je izgra\u0111ena na temelju ciljanih tema, slika, tekstova, videozapisa, web stranica, izgleda, prisutnosti na dru\u0161tvenim mre\u017eama i materijala za prodajna mjesta. Ti se resursi \u0161ire kroz komunikaciju na razini zemlje s trgovinom, medijima i izravnim kanalima za potro\u0161a\u010de, uz razne dopunske mjere za pojedina\u010dne zemlje kao \u0161to su suradnja s medijima, doga\u0111aji i promotivne aktivacije.[\/vc_column_text][\/vc_column][\/vc_row]<\/p><\/div><div class=\"acf-fields-container\" data-post-id=\"7152\" data-canto-acf=\"true\"><\/div><style>\r\n        .acf-fields-container {\r\n            margin: 2em 0;\r\n            width: 100%;\r\n            clear: both;\r\n        }\r\n        .acf-field-image {\r\n            margin: 1.5em 0;\r\n            position: relative;\r\n        }\r\n        .acf-field-label {\r\n            margin-bottom: 1em;\r\n        }\r\n        .acf-image {\r\n            max-width: 100%;\r\n            height: auto;\r\n            display: block;\r\n            margin: 1em 0;\r\n        }\r\n    <\/style>","protected":false},"excerpt":{"rendered":"<p>[vc_row][vc_column width=&#8221;1\/2&#8243;][vc_column_text] [\/vc_column_text][vc_column_text] [\/vc_column_text][vc_column_text]Pelargonium for Europe i Stars for Europe su sestrinske kampanje, prva promovira pelargonije u prolje\u0107e i ljeto, a druga promovira bo\u017ei\u0107nu zvijezdu tijekom jeseni i zime. Na ovoj stranici mo\u017eete vidjeti pojedinosti o na\u0161im trenutno aktivnim promotivnim kampanjama koje financira EU za oba proizvoda.[\/vc_column_text][\/vc_column][vc_column width=&#8221;1\/2&#8243;][vc_single_image image=&#8221;7151&#8243; img_size=&#8221;1050&#215;433&#8243;][\/vc_column][\/vc_row][vc_row][vc_column][vc_row_inner][vc_column_inner width=&#8221;1\/2&#8243;][vc_custom_heading text=&#8221;EU kampanja 101094149&#8243; font_container=&#8221;tag:h3|text_align:left&#8221; [&hellip;]<\/p>\n","protected":false},"author":26,"featured_media":7150,"parent":0,"menu_order":0,"comment_status":"closed","ping_status":"closed","template":"template-parts\/sfe-trade.php","meta":{"_acf_changed":false,"footnotes":""},"class_list":["post-7152","page","type-page","status-publish","has-post-thumbnail","hentry"],"acf":[],"_links":{"self":[{"href":"https:\/\/sfe-trade.com\/hr\/wp-json\/wp\/v2\/pages\/7152","targetHints":{"allow":["GET"]}}],"collection":[{"href":"https:\/\/sfe-trade.com\/hr\/wp-json\/wp\/v2\/pages"}],"about":[{"href":"https:\/\/sfe-trade.com\/hr\/wp-json\/wp\/v2\/types\/page"}],"author":[{"embeddable":true,"href":"https:\/\/sfe-trade.com\/hr\/wp-json\/wp\/v2\/users\/26"}],"replies":[{"embeddable":true,"href":"https:\/\/sfe-trade.com\/hr\/wp-json\/wp\/v2\/comments?post=7152"}],"version-history":[{"count":4,"href":"https:\/\/sfe-trade.com\/hr\/wp-json\/wp\/v2\/pages\/7152\/revisions"}],"predecessor-version":[{"id":7157,"href":"https:\/\/sfe-trade.com\/hr\/wp-json\/wp\/v2\/pages\/7152\/revisions\/7157"}],"wp:featuredmedia":[{"embeddable":true,"href":"https:\/\/sfe-trade.com\/hr\/wp-json\/wp\/v2\/media\/7150"}],"wp:attachment":[{"href":"https:\/\/sfe-trade.com\/hr\/wp-json\/wp\/v2\/media?parent=7152"}],"curies":[{"name":"wp","href":"https:\/\/api.w.org\/{rel}","templated":true}]}}