{"id":655,"date":"2021-12-27T18:24:59","date_gmt":"2021-12-27T17:24:59","guid":{"rendered":"https:\/\/christmas-star.info\/?page_id=655"},"modified":"2025-12-22T07:45:57","modified_gmt":"2025-12-22T06:45:57","slug":"uzgajivaci","status":"publish","type":"page","link":"https:\/\/sfe-trade.com\/hr\/uzgajivaci\/","title":{"rendered":"Uzgajiva\u010di"},"content":{"rendered":"<div class=\"wpb-content-wrapper\"><p>[vc_row][vc_column][vc_custom_heading text=&#8221;Prodajte jo\u0161 vi\u0161e bo\u017ei\u0107nih zvijezda uz na\u0161u podr\u0161ku&#8221; font_container=&#8221;tag:h2|text_align:center&#8221; use_theme_fonts=&#8221;yes&#8221; el_class=&#8221;pfe-small2&#8243; el_id=&#8221;uz-nasu-podrsku&#8221;][vc_column_text]<\/p>\n<p style=\"text-align: center;\">Svake godine dopiremo do milijuna potro\u0161a\u010da s velikim PR i marketin\u0161kim kampanjama, promoviraju\u0107i va\u0161 proizvod izravno krajnjim potro\u0161a\u010dima. Ovdje mo\u017eete saznati vi\u0161e o tome \u0161to radimo i kako osobno mo\u017eete imati koristi od na\u0161ih kampanja, bilo da ste stru\u010dnjak koji daje intervjue za medije ili \u017eelite koristiti na\u0161e fotografije, pisani sadr\u017eaj i videozapise.<\/p>\n<p>[\/vc_column_text][\/vc_column][\/vc_row][vc_row el_class=&#8221;pfe-flexibel-abstand&#8221;][vc_column][vc_empty_space height=&#8221;50px&#8221;][\/vc_column][\/vc_row][vc_row][vc_column width=&#8221;1\/2&#8243;][vc_single_image image=&#8221;5164&#8243; img_size=&#8221;full&#8221;][\/vc_column][vc_column width=&#8221;1\/2&#8243;][vc_custom_heading text=&#8221;Inspiracija za potro\u0161a\u010de&#8221; use_theme_fonts=&#8221;yes&#8221; el_class=&#8221;pfe-small2&#8243;][vc_column_text]Ova rasprostranjena kampanja za potro\u0161a\u010de usmjerena je na promicanje dobrobiti bo\u017ei\u0107ne zvijezde, podizanje svijesti i poticanje kupovine samih biljaka. Bo\u017ei\u0107ne zvijezde promoviramo na TV-u i radiu te u vrhunskim novinama i \u010dasopisima, gradimo partnerstva s utjecajnim osobama, a veliku pozornost dobivaju i na festivalima i raznim doga\u0111ajima. Kako biste vidjeli \u0161to je postignuto u va\u0161oj zemlji, pro\u010ditajte najnoviji godi\u0161nji pregled ili se prijavite na na\u0161 newsletter.[\/vc_column_text][vc_column_text]<a href=\"https:\/\/mailchi.mp\/7c03187f3781\/starsforeurope\">Pretplatite se na newsletter &gt;&gt;<\/a>[\/vc_column_text][\/vc_column][\/vc_row][vc_row el_class=&#8221;pfe-flexibel-abstand&#8221;][vc_column][vc_empty_space height=&#8221;50px&#8221;][\/vc_column][\/vc_row][vc_row][vc_column width=&#8221;1\/2&#8243;][vc_custom_heading text=&#8221;Prilike za suradnju&#8221; use_theme_fonts=&#8221;yes&#8221; el_class=&#8221;pfe-small2&#8243;][vc_column_text]Uzgajiva\u010dima pru\u017eamo mogu\u0107nost aktivnog sudjelovanja u SfE kampanji te pronala\u017eenju novih poslovnih prilika. \u017delite da va\u0161 rasadnik bude predstavljen kroz prilog na TV-u u udarnom terminu, da vas intervjuiraju na regionalnom radiju, da va\u0161e biljke budu prikazane na vrhunskim svjetskim izlo\u017ebama i vrtnim sajmovima i da ste u kontaktu s drugim klju\u010dnim igra\u010dima u industriji?<\/p>\n<p>Javite nam se, uvijek rado gradimo nove odnose s uzgajiva\u010dima.[\/vc_column_text][vc_column_text]<a href=\"\/hr\/kontakt\/\">Kontaktirajte SfE tim u va\u0161oj zemlji &gt;&gt;<\/a>[\/vc_column_text][\/vc_column][vc_column width=&#8221;1\/2&#8243;][vc_single_image image=&#8221;5119&#8243; img_size=&#8221;full&#8221;][\/vc_column][\/vc_row][vc_row el_class=&#8221;pfe-flexibel-abstand&#8221;][vc_column][vc_empty_space height=&#8221;50px&#8221;][\/vc_column][\/vc_row][vc_row][vc_column width=&#8221;1\/2&#8243;][vc_single_image image=&#8221;5123&#8243; img_size=&#8221;full&#8221;][\/vc_column][vc_column width=&#8221;1\/2&#8243;][vc_custom_heading text=&#8221;Materijali za va\u0161e klijente&#8221; use_theme_fonts=&#8221;yes&#8221; el_class=&#8221;pfe-small2&#8243;][vc_column_text]Putem na\u0161ih kampanja svojim klijentima i suradnicima mo\u017eete pru\u017eiti dodatnu podr\u0161ku. Nudimo niz alata koji mogu biti od koristi za maloprodaju, a to uklju\u010duje marketin\u0161ke savjete, video zapise, promotivni materijali i opse\u017enu biblioteku fotografija. Budite slobodni podijeliti na\u0161e materijale sa svojim klijentima i suradnicima te ih i sami koristiti.[\/vc_column_text][vc_column_text]<a href=\"\/hr\/prodavaci\/\">Pogledajte materijale za prodava\u010de &gt;&gt;<\/a>[\/vc_column_text][\/vc_column][\/vc_row][vc_row disable_element=&#8221;yes&#8221; el_class=&#8221;pfe-flexibel-abstand&#8221;][vc_column][vc_empty_space height=&#8221;50px&#8221;][\/vc_column][\/vc_row][vc_row disable_element=&#8221;yes&#8221;][vc_column width=&#8221;1\/2&#8243;][vc_custom_heading text=&#8221;Uzgajiva\u010d ste?&#8221; use_theme_fonts=&#8221;yes&#8221; el_class=&#8221;pfe-small2&#8243;][vc_column_text]Ako uzgajate bo\u017ei\u0107ne zvijezde i \u017eelite se uklju\u010diti u ovu kampanju, javite nam se.<\/p>\n<p><strong>Stars for Europe, Voditeljica komunikacija,<\/strong><br \/>\nHannah Dunne,<br \/>\n<strong>Tel:<\/strong> +44 7533 076185<br \/>\n<strong>Email:<\/strong> <a href=\"mailto:communication@org-intern.info\">communication@org-intern.info<\/a><\/p>\n<p><a href=\"https:\/\/christmas-star.info\/pos-materijali\/\">Prona\u0111ite kontakt osobu u svojoj zemlji &gt;&gt;<\/a>[\/vc_column_text][\/vc_column][vc_column width=&#8221;1\/2&#8243;][vc_single_image image=&#8221;5161&#8243; img_size=&#8221;full&#8221;][\/vc_column][\/vc_row][vc_row el_class=&#8221;pfe-flexibel-abstand&#8221;][vc_column][vc_empty_space height=&#8221;50px&#8221;][\/vc_column][\/vc_row][vc_row][vc_column width=&#8221;1\/2&#8243;][vc_custom_heading text=&#8221;Razmjena znanja&#8221; use_theme_fonts=&#8221;yes&#8221; el_class=&#8221;pfe-small2&#8243;][vc_column_text]\u017delite biti u toku sa svim novostima unutar uzgajiva\u010dke industrije? SfE kampanja provodi razli\u010dite oblike istra\u017eivanja, od analize potro\u0161a\u010dkog tr\u017ei\u0161ta do anketa o proizvodnim metodama i odr\u017eivosti. Planiramo pro\u0161iti aktivnosti na ovom podru\u010dju kako bi dodatno potaknuli razmjenu znanja i informacija me\u0111u proizvo\u0111a\u010dima. Kontaktirajte nas i postanite dio na\u0161e mre\u017ee i pretplatite se na na\u0161 newsletter kako biste bili u toku sa svim novostima.<\/p>\n<p><a href=\"\/hr\/kontakt\/\">Prona\u0111ite kontakt osobu u svojoj zemlji &gt;&gt;<\/a><\/p>\n<p><a href=\"https:\/\/mailchi.mp\/7c03187f3781\/starsforeurope\">Pretplatite se na newsletter! &gt;&gt;<\/a>[\/vc_column_text][\/vc_column][vc_column width=&#8221;1\/2&#8243;][vc_single_image image=&#8221;5167&#8243; img_size=&#8221;full&#8221;][\/vc_column][\/vc_row][vc_row el_class=&#8221;pfe-flexibel-abstand&#8221;][vc_column][vc_empty_space height=&#8221;50px&#8221;][\/vc_column][\/vc_row][vc_row][vc_column][vc_custom_heading text=&#8221;Svjedo\u010danstva iz industrije&#8221; use_theme_fonts=&#8221;yes&#8221; el_class=&#8221;pfe-small&#8221;][vc_row_inner][vc_column_inner el_class=&#8221;ho&#8221; width=&#8221;1\/4&#8243;][vc_column_text]<strong>G\u0111a. Esslin,<\/strong><br \/>\n<strong>1a Garten Ensslin, Njema\u010dka<\/strong><br \/>\n\u201cStvarno volim koristiti Stars for Europe promotivni materijali jer se nudi po jako dobroj cijeni i prikazuje prekrasne motive. Na\u0161i kupci vole nositi poklone sa sobom, a upute za njegu su vrlo tra\u017eene, a i korisne.\u201d[\/vc_column_text][\/vc_column_inner][vc_column_inner width=&#8221;1\/4&#8243;][vc_column_text]<strong>Anna Kaszewiak,<\/strong><br \/>\n<strong>Marketin\u0161ka stru\u010dnjakinja,<br \/>\nveleprodajno tr\u017ei\u0161te Bronisze, Poljska<\/strong><br \/>\n\u201cZahvaljuju\u0107i kampanji Stars for Europe, mo\u017eemo se inspirirati zanimljivim sadr\u017eajima i primjenom ove zanimljive biljke. Kvaliteta prikazana na kanalima kampanje vrlo je visoka.\u201d[\/vc_column_text][\/vc_column_inner][vc_column_inner width=&#8221;1\/4&#8243;][vc_column_text]<strong>Reiner H\u00f6pken, predsjednik,<br \/>\nUdruga maloprodajnih vrtlara, Njema\u010dka<\/strong><br \/>\n\u201cSfE nudi izvrsnu podr\u0161ku uzgajiva\u010dima i prodava\u010dima. Uz pomo\u0107 kampanje, bilo kroz PR ili promotivni materijali za prodava\u010de, bo\u017ei\u0107na zvijezda se pozicionira kao visokokvalitetan proizvod, kako za poklon, tako i za dom.\u201d[\/vc_column_text][\/vc_column_inner][vc_column_inner width=&#8221;1\/4&#8243;][vc_column_text]<strong>Caroline Marshall-Foster,<\/strong><br \/>\n<strong>CEO, The Florist Magazine and Good Florist Guide, UK<br \/>\n<\/strong>\u201cPoinsettia je odavno izgubila staromodni status, a pojavila se nova i uzbudljiva generacija kupaca. Ova kampanja \u010dini olak\u0161ala je pristup toj ciljanoj skupini.\u201d[\/vc_column_text][\/vc_column_inner][\/vc_row_inner][\/vc_column][\/vc_row][vc_row el_class=&#8221;pfe-flexibel-abstand&#8221;][vc_column][vc_empty_space height=&#8221;50px&#8221;][\/vc_column][\/vc_row][vc_row el_class=&#8221;pfe-greenborderbox&#8221;][vc_column width=&#8221;2\/3&#8243;][vc_single_image image=&#8221;5169&#8243; img_size=&#8221;full&#8221;][\/vc_column][vc_column width=&#8221;1\/3&#8243;][vc_custom_heading text=&#8221;Uzgajiva\u010d ste?&#8221; use_theme_fonts=&#8221;yes&#8221; el_class=&#8221;pfe-small&#8221;][vc_column_text css=&#8221;&#8221;]Ako uzgajate bo\u017ei\u0107ne zvijezde i \u017eelite se uklju\u010diti u ovu kampanju, javite nam se.<\/p>\n<p><strong>Stars for Europe Voditeljica komunikacija,<\/strong><br \/>\nHelena Ebrahimi<br \/>\nEmail: <a href=\"mailto:Helena@greenmarketingeurope.eu\">Helena@greenmarketingeurope.eu<\/a>[\/vc_column_text][vc_column_text]<a href=\"\/hr\/kontakt\/\">Prona\u0111ite kontakt osobu u svojoj zemlji &gt;&gt;<\/a>[\/vc_column_text][\/vc_column][\/vc_row]<\/p><\/div><div class=\"acf-fields-container\" data-post-id=\"655\" data-canto-acf=\"true\"><\/div><style>\r\n        .acf-fields-container {\r\n            margin: 2em 0;\r\n            width: 100%;\r\n            clear: both;\r\n        }\r\n        .acf-field-image {\r\n            margin: 1.5em 0;\r\n            position: relative;\r\n        }\r\n        .acf-field-label {\r\n            margin-bottom: 1em;\r\n        }\r\n        .acf-image {\r\n            max-width: 100%;\r\n            height: auto;\r\n            display: block;\r\n            margin: 1em 0;\r\n        }\r\n    <\/style>","protected":false},"excerpt":{"rendered":"<p>[vc_row][vc_column][vc_custom_heading text=&#8221;Prodajte jo\u0161 vi\u0161e bo\u017ei\u0107nih zvijezda uz na\u0161u podr\u0161ku&#8221; font_container=&#8221;tag:h2|text_align:center&#8221; use_theme_fonts=&#8221;yes&#8221; el_class=&#8221;pfe-small2&#8243; el_id=&#8221;uz-nasu-podrsku&#8221;][vc_column_text] Svake godine dopiremo do milijuna potro\u0161a\u010da s velikim PR i marketin\u0161kim kampanjama, promoviraju\u0107i va\u0161 proizvod izravno krajnjim potro\u0161a\u010dima. Ovdje mo\u017eete saznati vi\u0161e o tome \u0161to radimo i kako osobno mo\u017eete imati koristi od na\u0161ih kampanja, bilo da ste stru\u010dnjak koji daje intervjue [&hellip;]<\/p>\n","protected":false},"author":1,"featured_media":5157,"parent":0,"menu_order":0,"comment_status":"closed","ping_status":"closed","template":"template-parts\/pfe-trade.php","meta":{"_acf_changed":false,"footnotes":""},"class_list":["post-655","page","type-page","status-publish","has-post-thumbnail","hentry"],"acf":[],"_links":{"self":[{"href":"https:\/\/sfe-trade.com\/hr\/wp-json\/wp\/v2\/pages\/655","targetHints":{"allow":["GET"]}}],"collection":[{"href":"https:\/\/sfe-trade.com\/hr\/wp-json\/wp\/v2\/pages"}],"about":[{"href":"https:\/\/sfe-trade.com\/hr\/wp-json\/wp\/v2\/types\/page"}],"author":[{"embeddable":true,"href":"https:\/\/sfe-trade.com\/hr\/wp-json\/wp\/v2\/users\/1"}],"replies":[{"embeddable":true,"href":"https:\/\/sfe-trade.com\/hr\/wp-json\/wp\/v2\/comments?post=655"}],"version-history":[{"count":159,"href":"https:\/\/sfe-trade.com\/hr\/wp-json\/wp\/v2\/pages\/655\/revisions"}],"predecessor-version":[{"id":7307,"href":"https:\/\/sfe-trade.com\/hr\/wp-json\/wp\/v2\/pages\/655\/revisions\/7307"}],"wp:featuredmedia":[{"embeddable":true,"href":"https:\/\/sfe-trade.com\/hr\/wp-json\/wp\/v2\/media\/5157"}],"wp:attachment":[{"href":"https:\/\/sfe-trade.com\/hr\/wp-json\/wp\/v2\/media?parent=655"}],"curies":[{"name":"wp","href":"https:\/\/api.w.org\/{rel}","templated":true}]}}