{"id":653,"date":"2021-12-27T18:24:39","date_gmt":"2021-12-27T17:24:39","guid":{"rendered":"https:\/\/christmas-star.info\/?page_id=653"},"modified":"2026-02-23T12:18:12","modified_gmt":"2026-02-23T11:18:12","slug":"prodavaci","status":"publish","type":"page","link":"https:\/\/sfe-trade.com\/hr\/prodavaci\/","title":{"rendered":"Prodava\u010di"},"content":{"rendered":"<div class=\"wpb-content-wrapper\"><p>[vc_row][vc_column][vc_custom_heading text=&#8221;Prodajte bo\u017ei\u0107ne zvijezde? Mo\u017eemo doprinijeti pove\u0107anju prometa.&#8221; font_container=&#8221;tag:h2|text_align:center&#8221; use_theme_fonts=&#8221;yes&#8221; el_class=&#8221;pfe-small2&#8243; el_id=&#8221;prodavati&#8221;][vc_column_text]<\/p>\n<p style=\"text-align: center;\">Nudimo stru\u010dne prodajne i marketin\u0161ke savjete uz resurse kao \u0161to su materijali na prodajnom mjestu, besplatne profesionalne fotografije, pisani sadr\u017eaj i videozapisi \u2013 sve kako bismo pove\u0107ali va\u0161u prodaju. Slobodno koristite na\u0161 sadr\u017eaj za vlastiti marketing, kako biste oja\u010dali lojalnost kupaca i pokazali svoju stru\u010dnost u hortikulturi.<\/p>\n<p>[\/vc_column_text][\/vc_column][\/vc_row][vc_row disable_element=&#8221;yes&#8221; el_class=&#8221;pfe-flexibel-abstand&#8221;][vc_column][vc_empty_space height=&#8221;50px&#8221;][\/vc_column][\/vc_row][vc_row disable_element=&#8221;yes&#8221;][vc_column width=&#8221;1\/2&#8243;][vc_custom_heading text=&#8221;Dodajte poticaj na prodajnim mjestima&#8221; use_theme_fonts=&#8221;yes&#8221; el_class=&#8221;pfe-small&#8221;][vc_column_text]Uhvatite pozornost svojih kupaca i potaknite impulzivnu kupnju na prodajnom mjestu, u trgovini ili online. Nudimo \u0161iroku paletu materijala od postera preko bannera i letaka za njegu pa sve do digitalnih resursa kao \u0161to su gotove objave za dru\u0161tvene mre\u017ee i naslovnice za web stranice. Dostupni su za naru\u010diti, printati, dijeliti i izvjesiti u du\u0107anu.[\/vc_column_text][vc_column_text]<a href=\"\/POS-materijale\">Otkrijte POS materijale &gt;&gt;<\/a>[\/vc_column_text][\/vc_column][vc_column width=&#8221;1\/2&#8243;][vc_single_image image=&#8221;5122&#8243; img_size=&#8221;full&#8221;][\/vc_column][\/vc_row][vc_row el_class=&#8221;pfe-flexibel-abstand&#8221;][vc_column][vc_empty_space height=&#8221;50px&#8221;][\/vc_column][\/vc_row][vc_row][vc_column width=&#8221;1\/2&#8243;][vc_single_image image=&#8221;5176&#8243; img_size=&#8221;full&#8221;][\/vc_column][vc_column width=&#8221;1\/2&#8243;][vc_custom_heading text=&#8221;Videozapisi o bo\u017ei\u0107nim zvijezdama za va\u0161e kupce&#8221; use_theme_fonts=&#8221;yes&#8221; el_class=&#8221;pfe-small2&#8243;][vc_column_text]Na na\u0161im YouTube kanalima prona\u0107i \u0107ete raznolike videozapise o bo\u017ei\u0107nim zvijezdama koji donose savjete za njegu, ideje za dizajn i uradi sam projekte. Mo\u017eete ih koristiti kako biste privukli kupce i potaknuli anga\u017eman online dijele\u0107i ih na svojim kanalima, uklju\u010duju\u0107i ih u sadr\u017eaj na svojim web stranicama ili prikazuju\u0107i ih u trgovinama, stvaraju\u0107i instant impuls za kupnju.[\/vc_column_text][vc_column_text]<a href=\"https:\/\/www.youtube.com\/MyPoinsettia\">Otkrijte videa &gt;&gt;<\/a>[\/vc_column_text][\/vc_column][\/vc_row][vc_row el_class=&#8221;pfe-flexibel-abstand&#8221;][vc_column][vc_empty_space height=&#8221;50px&#8221;][\/vc_column][\/vc_row][vc_row][vc_column width=&#8221;1\/2&#8243;][vc_custom_heading text=&#8221;Najnovija priop\u0107enja za trgovce&#8221; use_theme_fonts=&#8221;yes&#8221; el_class=&#8221;pfe-small2&#8243;][vc_column_text]\u0160aljemo redovita priop\u0107enja za trgovce, dijele\u0107i novosti iz kampanje i nude\u0107i savjete u pogledu promocije, prodaje i njege bo\u017ei\u0107nih zvijezda. Otkrijte priop\u0107enja ovdje.[\/vc_column_text][vc_column_text]<a href=\"\/contact\/\">Kontaktirajte nas &gt;&gt;<\/a><\/p>\n<p><a href=\"\/hr\/prodajne-vijesti\/\">Priop\u0107enja za trgovce&gt;&gt;<\/a>[\/vc_column_text][\/vc_column][vc_column width=&#8221;1\/2&#8243;][vc_single_image image=&#8221;5182&#8243; img_size=&#8221;full&#8221;][\/vc_column][\/vc_row][vc_row el_class=&#8221;pfe-flexibel-abstand&#8221;][vc_column][vc_empty_space height=&#8221;50px&#8221;][\/vc_column][\/vc_row][vc_row][vc_column width=&#8221;1\/2&#8243;][vc_single_image image=&#8221;5179&#8243; img_size=&#8221;full&#8221;][\/vc_column][vc_column width=&#8221;1\/2&#8243;][vc_custom_heading text=&#8221;Besplatne fotografije za va\u0161u promociju&#8221; use_theme_fonts=&#8221;yes&#8221; el_class=&#8221;pfe-small2&#8243;][vc_column_text]Svake godine produciramo \u0161iroku paletu kvalitetnih fotografija spajaju\u0107i bo\u017ei\u0107ne zvijezde s bo\u017ei\u0107nim i adventskih trendovima za dekor, uradi sam projekte, ideje za poklone, dekoracije za stol, fotografije biljaka izbliza i jo\u0161 puno toga. Na\u0161e fotografije besplatne su za upotrebu kako biste promovirali svoju vlastitu prodaju. Dijelite ih na svojim dru\u0161tvenim mre\u017eama, web stranicama, koristite za svoj vlastiti PR i medijsku komunikaciju, ili kreirajte svoj vlastiti materijal za prodajna mjesta, postere i letke. Otkrijte na\u0161u veliku bazu fotografija raznolikih stilova koje nude pone\u0161to za sve ukuse.[\/vc_column_text][vc_column_text css=&#8221;&#8221;]<a href=\"https:\/\/pelargonium-poinsettia.canto.global\/v\/sfeEN\/allfiles?viewIndex=2\" target=\"_blank\" rel=\"noopener\">Otkrij fotogaleriju&gt;&gt;<\/a>[\/vc_column_text][\/vc_column][\/vc_row][vc_row disable_element=&#8221;yes&#8221; el_class=&#8221;pfe-flexibel-abstand&#8221;][vc_column][vc_empty_space height=&#8221;50px&#8221;][\/vc_column][\/vc_row][vc_row disable_element=&#8221;yes&#8221;][vc_column width=&#8221;1\/2&#8243;][vc_custom_heading text=&#8221;Qualit\u00e4ts- und Pflegematerialien&#8221; use_theme_fonts=&#8221;yes&#8221; el_class=&#8221;pfe-small2&#8243;][vc_column_text]Unsere kostenlosen Pflege-Grafiken und -poster sind eine gute M\u00f6glichkeit, Ihr Personal \u00fcber den richtigen Umgang mit Weihnachtssternen im Lagerhaus, beim Transport und im Gesch\u00e4ft zu informieren, damit die Pflanzen l\u00e4nger in Top-Form bleiben. H\u00e4ngen Sie z. B. das Warnposter in Ihrem Lagerraum auf, um Ihre Mitarbeiter immer wieder aufs Neue daran zu erinnern, dass Weihnachtssterne niemals Zugluft ausgesetzt sein sollten.<\/p>\n<p><a href=\"https:\/\/christmas-star.info\/pos-material\/\">Qualit\u00e4ts und Pflegematerialen &gt;&gt;<\/a>[\/vc_column_text][\/vc_column][vc_column width=&#8221;1\/2&#8243;][vc_single_image image=&#8221;5161&#8243; img_size=&#8221;full&#8221;][\/vc_column][\/vc_row][vc_row el_class=&#8221;pfe-flexibel-abstand&#8221;][vc_column][vc_empty_space height=&#8221;50px&#8221;][\/vc_column][\/vc_row][vc_row][vc_column width=&#8221;1\/2&#8243;][vc_custom_heading text=&#8221;Inspiracija za promociju&#8221; use_theme_fonts=&#8221;yes&#8221; el_class=&#8221;pfe-small2&#8243;][vc_column_text]Ukoliko \u010desto tra\u017eite nove ideje za promociju svog poslovanja na dru\u0161tvenim mre\u017eama, blogovima, vlastitim priop\u0107enjima za medije, mi smo tu da pomognemo. Nudimo \u0161iroku paletu promotivnih kampanji koje vode PR eksperti diljem Europe pa za\u0161to ne biste i vi koristili na\u0161 sadr\u017eaj kao podlogu svom vlastitom? Provjerite na\u0161e blogove i priop\u0107enja za medije upu\u0107ena potro\u0161a\u010dima, pretra\u017eite na\u0161u fotogaleriju i posjetite na\u0161e Instagram i Facebook stranice. Slobodno kopirajte, prilago\u0111avajte i u\u017eivajte u na\u0161em sadr\u017eaju.[\/vc_column_text][vc_column_text]<a href=\"https:\/\/christmas-star.info\/\">Posjeti sadr\u017eaj za potro\u0161a\u010de &gt;&gt;<\/a>[\/vc_column_text][\/vc_column][vc_column width=&#8221;1\/2&#8243;][vc_single_image image=&#8221;5183&#8243; img_size=&#8221;full&#8221;][\/vc_column][\/vc_row][vc_row el_class=&#8221;pfe-flexibel-abstand&#8221;][vc_column][vc_empty_space height=&#8221;50px&#8221;][\/vc_column][\/vc_row][vc_row][vc_column width=&#8221;1\/2&#8243;][vc_single_image image=&#8221;5121&#8243; img_size=&#8221;full&#8221;][\/vc_column][vc_column width=&#8221;1\/2&#8243;][vc_custom_heading text=&#8221;Kontaktirajte nas i saznajte vi\u0161e&#8221; use_theme_fonts=&#8221;yes&#8221; el_class=&#8221;pfe-small2&#8243;][vc_column_text]Prodajte li bo\u017ei\u0107ne zvijezde iz vrtnog centra, cvje\u0107arnice ili nekog oblika prodajnog outleta? Mo\u017eemo vas podr\u017eati. Kontaktirajte nas. Radujemo se \u010duti vas.[\/vc_column_text][vc_column_text]<a href=\"\/kontakt\/\">Kontakt &gt;&gt;<\/a>[\/vc_column_text][\/vc_column][\/vc_row]<\/p><\/div><div class=\"acf-fields-container\" data-post-id=\"653\" data-canto-acf=\"true\"><\/div><style>\r\n        .acf-fields-container {\r\n            margin: 2em 0;\r\n            width: 100%;\r\n            clear: both;\r\n        }\r\n        .acf-field-image {\r\n            margin: 1.5em 0;\r\n            position: relative;\r\n        }\r\n        .acf-field-label {\r\n            margin-bottom: 1em;\r\n        }\r\n        .acf-image {\r\n            max-width: 100%;\r\n            height: auto;\r\n            display: block;\r\n            margin: 1em 0;\r\n        }\r\n    <\/style>","protected":false},"excerpt":{"rendered":"<p>[vc_row][vc_column][vc_custom_heading text=&#8221;Prodajte bo\u017ei\u0107ne zvijezde? Mo\u017eemo doprinijeti pove\u0107anju prometa.&#8221; font_container=&#8221;tag:h2|text_align:center&#8221; use_theme_fonts=&#8221;yes&#8221; el_class=&#8221;pfe-small2&#8243; el_id=&#8221;prodavati&#8221;][vc_column_text] Nudimo stru\u010dne prodajne i marketin\u0161ke savjete uz resurse kao \u0161to su materijali na prodajnom mjestu, besplatne profesionalne fotografije, pisani sadr\u017eaj i videozapisi \u2013 sve kako bismo pove\u0107ali va\u0161u prodaju. Slobodno koristite na\u0161 sadr\u017eaj za vlastiti marketing, kako biste oja\u010dali lojalnost kupaca i pokazali [&hellip;]<\/p>\n","protected":false},"author":1,"featured_media":4377,"parent":0,"menu_order":0,"comment_status":"closed","ping_status":"closed","template":"template-parts\/pfe-trade.php","meta":{"_acf_changed":false,"footnotes":""},"class_list":["post-653","page","type-page","status-publish","has-post-thumbnail","hentry"],"acf":[],"_links":{"self":[{"href":"https:\/\/sfe-trade.com\/hr\/wp-json\/wp\/v2\/pages\/653","targetHints":{"allow":["GET"]}}],"collection":[{"href":"https:\/\/sfe-trade.com\/hr\/wp-json\/wp\/v2\/pages"}],"about":[{"href":"https:\/\/sfe-trade.com\/hr\/wp-json\/wp\/v2\/types\/page"}],"author":[{"embeddable":true,"href":"https:\/\/sfe-trade.com\/hr\/wp-json\/wp\/v2\/users\/1"}],"replies":[{"embeddable":true,"href":"https:\/\/sfe-trade.com\/hr\/wp-json\/wp\/v2\/comments?post=653"}],"version-history":[{"count":120,"href":"https:\/\/sfe-trade.com\/hr\/wp-json\/wp\/v2\/pages\/653\/revisions"}],"predecessor-version":[{"id":7044,"href":"https:\/\/sfe-trade.com\/hr\/wp-json\/wp\/v2\/pages\/653\/revisions\/7044"}],"wp:featuredmedia":[{"embeddable":true,"href":"https:\/\/sfe-trade.com\/hr\/wp-json\/wp\/v2\/media\/4377"}],"wp:attachment":[{"href":"https:\/\/sfe-trade.com\/hr\/wp-json\/wp\/v2\/media?parent=653"}],"curies":[{"name":"wp","href":"https:\/\/api.w.org\/{rel}","templated":true}]}}