{"id":648,"date":"2021-12-27T18:17:47","date_gmt":"2021-12-27T17:17:47","guid":{"rendered":"https:\/\/christmas-star.info\/?page_id=648"},"modified":"2024-07-19T13:49:45","modified_gmt":"2024-07-19T11:49:45","slug":"trade","status":"publish","type":"page","link":"https:\/\/sfe-trade.com\/hr\/","title":{"rendered":"Prodaja"},"content":{"rendered":"<div class=\"wpb-content-wrapper\"><p>[vc_row][vc_column][vc_custom_heading text=&#8221;Mogu\u0107nosti za sve sektore industrije&#8221; font_container=&#8221;tag:h2|text_align:center&#8221; use_theme_fonts=&#8221;yes&#8221; el_class=&#8221;pfe-small2&#8243; el_id=&#8221;mogucnosti&#8221;][\/vc_column][\/vc_row][vc_row][vc_column][vc_column_text]<\/p>\n<p style=\"text-align: center\">Stars for Europe direktno cilja va\u0161e krajnje korisnike promi\u010du\u0107i benefite bo\u017ei\u0107nih zvijezda kroz svoje opse\u017ene promotivne kampanje.<\/p>\n<p style=\"text-align: center\">Na ovaj na\u010din, konstantno inspiriramo nove publike, osiguravaju\u0107i dugoro\u010dnu prodaju bo\u017ei\u0107nih zvijezda u budu\u0107nosti.<\/p>\n<p style=\"text-align: center\">Ovdje \u0107ete tako\u0111er prona\u0107i bogatstvo informacija koje podr\u017eavaju va\u0161 posao direktno, od podizanja ponude do savjeta za prodajnu prezentaciju, prodajne savjete za njegu kao i materijale za promociju na prodajnim mjestima, digitalne alate i resurse za marketing.<\/p>\n<p style=\"text-align: center\">Saznajte kako vas mo\u017eemo podr\u017eati i pro\u0161iriti va\u0161e mogu\u0107nosti kroz promociju bo\u017ei\u0107nih zvijezda. Uklju\u010dite se i istra\u017eite na\u0161 projekt.<\/p>\n<p>[\/vc_column_text][\/vc_column][\/vc_row][vc_row][vc_column][vc_column_text][\/vc_column_text][\/vc_column][\/vc_row][vc_row gap=&#8221;30&#8243;][vc_column width=&#8221;1\/3&#8243;][vc_single_image image=&#8221;5144&#8243; img_size=&#8221;full&#8221;][vc_custom_heading text=&#8221;Uzgajate bo\u017ei\u0107ne zvijezde?&#8221; font_container=&#8221;tag:h3|text_align:left&#8221; use_theme_fonts=&#8221;yes&#8221; el_class=&#8221;pfe-small&#8221;][vc_column_text]Kao uzgajiva\u010d, vi ste okosnica SfE promocije: sve \u010dinimo s ciljem pove\u0107anja va\u0161e prodaje kroz B2C i B2B marketing. Ovdje \u0107ete prona\u0107i neke od dodatnih mogu\u0107nosti uz koje mo\u017eete imati koristi.[\/vc_column_text][vc_column_text]<a href=\"\/hr\/uzgajivaci\/\">Otkrijte mogu\u0107nosti za uzgajiva\u010de &gt;&gt;<\/a>[\/vc_column_text][\/vc_column][vc_column width=&#8221;1\/3&#8243;][vc_single_image image=&#8221;5145&#8243; img_size=&#8221;full&#8221;][vc_custom_heading text=&#8221;Prodajte li bo\u017ei\u0107ne zvijezde?&#8221; font_container=&#8221;tag:h3|text_align:left&#8221; use_theme_fonts=&#8221;yes&#8221; el_class=&#8221;pfe-small&#8221;][vc_column_text]Na\u0161 cilj je ohrabriti vi\u0161e potro\u0161a\u010da da se zaljube u bo\u017ei\u0107ne zvijezde i da ih kupuju \u010dim vi\u0161e svake godine. Nudimo spektar besplatnih promotivnih materijala i resursa koji vam mogu pomo\u0107i pove\u0107ati prodaju.[\/vc_column_text][vc_column_text]<a href=\"\/hr\/prodavaci\/\">Otkrijte mogu\u0107nosti za prodava\u010de &gt;&gt;<\/a>[\/vc_column_text][\/vc_column][vc_column width=&#8221;1\/3&#8243;][vc_single_image image=&#8221;5146&#8243; img_size=&#8221;full&#8221;][vc_custom_heading text=&#8221;Tra\u017eite informacije za medije?&#8221; font_container=&#8221;tag:h3|text_align:left&#8221; use_theme_fonts=&#8221;yes&#8221; el_class=&#8221;pfe-small&#8221;][vc_column_text]Ako ste novinar u potrazi za posljednjim vijestima, priop\u0107enjima za medije i besplatnim fotografijama, na pravom ste mjestu. Sretni smo da vas mo\u017eemo podr\u017eati sadr\u017eajem i fotografijama. Saznajte \u0161to nudimo.[\/vc_column_text][vc_column_text]<a href=\"\/hr\/prodajne-vijesti\/\">Informacije za novinare &gt;&gt;<\/a>[\/vc_column_text][\/vc_column][\/vc_row][vc_row][vc_column][vc_column_text][\/vc_column_text][\/vc_column][\/vc_row][vc_row el_class=&#8221;pfe-greenborderbox&#8221;][vc_column width=&#8221;2\/3&#8243;][vc_single_image image=&#8221;5154&#8243; img_size=&#8221;full&#8221;][\/vc_column][vc_column width=&#8221;1\/3&#8243;][vc_custom_heading text=&#8221;Jeste li uzgajiva\u010d?&#8221; use_theme_fonts=&#8221;yes&#8221; el_class=&#8221;pfe-small&#8221;][vc_column_text]Ukoliko predstavljate tvrtku koja uzgaja i \u017eelite otkriti kako va\u0161a podr\u0161ka mo\u017ee doprinijeti va\u0161em poslovanju i \u0161iroj industriji, javite se.<\/p>\n<p><strong>Project management<\/strong><br \/>\nStars for Europe GbR,<br \/>\n<strong>Dr. Susanne Lux,<\/strong><br \/>\n<strong>Telephone:<\/strong> + 49 2644 981333,<br \/>\n<strong>E-mail:<\/strong> <a href=\"mailto:susanne.lux@meclux.de\">susanne.lux@meclux.de<\/a>[\/vc_column_text][\/vc_column][\/vc_row][vc_row][vc_column][vc_empty_space height=&#8221;75px&#8221;][\/vc_column][\/vc_row][vc_row disable_element=&#8221;yes&#8221;][vc_column width=&#8221;1\/2&#8243;][vc_custom_heading text=&#8221;Tko se krije iza Stars for Europe?&#8221; use_theme_fonts=&#8221;yes&#8221; el_class=&#8221;pfe-small&#8221;][vc_column_text]SfE je marketin\u0161ka inicijativa europskih uzgajiva\u010da bo\u017ei\u0107nih zvijezda Beekenkamp Plants, D\u00fcmmen Orange, Selecta one te Syngenta Flowers. Pod ki\u0161obranom Green Marketing Europe (GME), Dr. Susanne Lux vodi kampanju Stars for Europe s timom predanih zaposlenika i suradnika. SfE partneri s mre\u017eom talentiranih agencija I suradnika producira materijale I vodi kampanje na podru\u010dju 22 europske zemlje.[\/vc_column_text][\/vc_column][vc_column width=&#8221;1\/2&#8243;][vc_single_image image=&#8221;3754&#8243; img_size=&#8221;full&#8221;][\/vc_column][\/vc_row][vc_row][vc_column][vc_empty_space height=&#8221;75px&#8221;][\/vc_column][\/vc_row][vc_row][vc_column][vc_single_image image=&#8221;7203&#8243; img_size=&#8221;full&#8221; alignment=&#8221;center&#8221;][\/vc_column][\/vc_row]<\/p><\/div><div class=\"acf-fields-container\" data-post-id=\"648\" data-canto-acf=\"true\"><\/div><style>\r\n        .acf-fields-container {\r\n            margin: 2em 0;\r\n            width: 100%;\r\n            clear: both;\r\n        }\r\n        .acf-field-image {\r\n            margin: 1.5em 0;\r\n            position: relative;\r\n        }\r\n        .acf-field-label {\r\n            margin-bottom: 1em;\r\n        }\r\n        .acf-image {\r\n            max-width: 100%;\r\n            height: auto;\r\n            display: block;\r\n            margin: 1em 0;\r\n        }\r\n    <\/style>","protected":false},"excerpt":{"rendered":"<p>[vc_row][vc_column][vc_custom_heading text=&#8221;Mogu\u0107nosti za sve sektore industrije&#8221; font_container=&#8221;tag:h2|text_align:center&#8221; use_theme_fonts=&#8221;yes&#8221; el_class=&#8221;pfe-small2&#8243; el_id=&#8221;mogucnosti&#8221;][\/vc_column][\/vc_row][vc_row][vc_column][vc_column_text] Stars for Europe direktno cilja va\u0161e krajnje korisnike promi\u010du\u0107i benefite bo\u017ei\u0107nih zvijezda kroz svoje opse\u017ene promotivne kampanje. Na ovaj na\u010din, konstantno inspiriramo nove publike, osiguravaju\u0107i dugoro\u010dnu prodaju bo\u017ei\u0107nih zvijezda u budu\u0107nosti. Ovdje \u0107ete tako\u0111er prona\u0107i bogatstvo informacija koje podr\u017eavaju va\u0161 posao direktno, od podizanja ponude [&hellip;]<\/p>\n","protected":false},"author":1,"featured_media":5142,"parent":0,"menu_order":0,"comment_status":"closed","ping_status":"closed","template":"template-parts\/pfe-trade.php","meta":{"_acf_changed":false,"footnotes":""},"class_list":["post-648","page","type-page","status-publish","has-post-thumbnail","hentry"],"acf":[],"_links":{"self":[{"href":"https:\/\/sfe-trade.com\/hr\/wp-json\/wp\/v2\/pages\/648","targetHints":{"allow":["GET"]}}],"collection":[{"href":"https:\/\/sfe-trade.com\/hr\/wp-json\/wp\/v2\/pages"}],"about":[{"href":"https:\/\/sfe-trade.com\/hr\/wp-json\/wp\/v2\/types\/page"}],"author":[{"embeddable":true,"href":"https:\/\/sfe-trade.com\/hr\/wp-json\/wp\/v2\/users\/1"}],"replies":[{"embeddable":true,"href":"https:\/\/sfe-trade.com\/hr\/wp-json\/wp\/v2\/comments?post=648"}],"version-history":[{"count":210,"href":"https:\/\/sfe-trade.com\/hr\/wp-json\/wp\/v2\/pages\/648\/revisions"}],"predecessor-version":[{"id":7204,"href":"https:\/\/sfe-trade.com\/hr\/wp-json\/wp\/v2\/pages\/648\/revisions\/7204"}],"wp:featuredmedia":[{"embeddable":true,"href":"https:\/\/sfe-trade.com\/hr\/wp-json\/wp\/v2\/media\/5142"}],"wp:attachment":[{"href":"https:\/\/sfe-trade.com\/hr\/wp-json\/wp\/v2\/media?parent=648"}],"curies":[{"name":"wp","href":"https:\/\/api.w.org\/{rel}","templated":true}]}}