{"id":487,"date":"2021-12-17T12:27:34","date_gmt":"2021-12-17T12:27:34","guid":{"rendered":"https:\/\/christmas-star.info\/?page_id=487"},"modified":"2024-09-23T15:49:59","modified_gmt":"2024-09-23T13:49:59","slug":"otisak","status":"publish","type":"page","link":"https:\/\/sfe-trade.com\/hr\/otisak\/","title":{"rendered":"Otisak"},"content":{"rendered":"<div class=\"wpb-content-wrapper\"><p>[vc_row][vc_column][vc_custom_heading text=&#8221;Op\u0107enita pravila o za\u0161titi privatnosti&#8221; use_theme_fonts=&#8221;yes&#8221;][vc_column_text]Odgovornost u smislu \u00a7 6 Teledienstgesetz ili Mediendienste Staatsvertrag snosi:[\/vc_column_text][vc_column_text css=&#8221;&#8221;]Stars for Europe GbR,<br \/>\nputem Central Horticultural Association,<br \/>\nBornheimerstra\u00dfe 37<br \/>\n53111 Bonn<br \/>\nNjema\u010dka<br \/>\nGlavni direktor: Leendert Hoogendoorn \/ Voditelj projekta za Europu: dr. sc. Susanne Lux[\/vc_column_text][vc_column_text]Telefon: + 49 2644 981333<br \/>\nE-po\u0161ta: susanne.lux(at)meclux.de[\/vc_column_text][vc_column_text]PDV broj: DE815617238<br \/>\nPorezni broj: 206\/5802\/0875[\/vc_column_text][vc_custom_heading text=&#8221;Odricanje od odgovornosti&#8221; use_theme_fonts=&#8221;yes&#8221;][vc_column_text]Iznesena mi\u0161ljenja i stavovi odra\u017eavaju isklju\u010divo stav autora i ne moraju se podudarati sa stavovima Europske unije ili Europske izvr\u0161ne agencije za istra\u017eivanje (REA). Ni Europska unija ni tijelo koje dodjeljuje bespovratna sredstva ne mogu se smatrati odgovornima za njih.[\/vc_column_text][\/vc_column][\/vc_row]<\/p><\/div><div class=\"acf-fields-container\" data-post-id=\"487\" data-canto-acf=\"true\"><\/div><style>\r\n        .acf-fields-container {\r\n            margin: 2em 0;\r\n            width: 100%;\r\n            clear: both;\r\n        }\r\n        .acf-field-image {\r\n            margin: 1.5em 0;\r\n            position: relative;\r\n        }\r\n        .acf-field-label {\r\n            margin-bottom: 1em;\r\n        }\r\n        .acf-image {\r\n            max-width: 100%;\r\n            height: auto;\r\n            display: block;\r\n            margin: 1em 0;\r\n        }\r\n    <\/style>","protected":false},"excerpt":{"rendered":"<p>[vc_row][vc_column][vc_custom_heading text=&#8221;Op\u0107enita pravila o za\u0161titi privatnosti&#8221; use_theme_fonts=&#8221;yes&#8221;][vc_column_text]Odgovornost u smislu \u00a7 6 Teledienstgesetz ili Mediendienste Staatsvertrag snosi:[\/vc_column_text][vc_column_text css=&#8221;&#8221;]Stars for Europe GbR, putem Central Horticultural Association, Bornheimerstra\u00dfe 37 53111 Bonn Njema\u010dka Glavni direktor: Leendert Hoogendoorn \/ Voditelj projekta za Europu: dr. sc. Susanne Lux[\/vc_column_text][vc_column_text]Telefon: + 49 2644 981333 E-po\u0161ta: susanne.lux(at)meclux.de[\/vc_column_text][vc_column_text]PDV broj: DE815617238 Porezni broj: 206\/5802\/0875[\/vc_column_text][vc_custom_heading text=&#8221;Odricanje od [&hellip;]<\/p>\n","protected":false},"author":1,"featured_media":0,"parent":0,"menu_order":0,"comment_status":"closed","ping_status":"closed","template":"","meta":{"_acf_changed":false,"footnotes":""},"class_list":["post-487","page","type-page","status-publish","hentry"],"acf":[],"_links":{"self":[{"href":"https:\/\/sfe-trade.com\/hr\/wp-json\/wp\/v2\/pages\/487","targetHints":{"allow":["GET"]}}],"collection":[{"href":"https:\/\/sfe-trade.com\/hr\/wp-json\/wp\/v2\/pages"}],"about":[{"href":"https:\/\/sfe-trade.com\/hr\/wp-json\/wp\/v2\/types\/page"}],"author":[{"embeddable":true,"href":"https:\/\/sfe-trade.com\/hr\/wp-json\/wp\/v2\/users\/1"}],"replies":[{"embeddable":true,"href":"https:\/\/sfe-trade.com\/hr\/wp-json\/wp\/v2\/comments?post=487"}],"version-history":[{"count":19,"href":"https:\/\/sfe-trade.com\/hr\/wp-json\/wp\/v2\/pages\/487\/revisions"}],"predecessor-version":[{"id":7222,"href":"https:\/\/sfe-trade.com\/hr\/wp-json\/wp\/v2\/pages\/487\/revisions\/7222"}],"wp:attachment":[{"href":"https:\/\/sfe-trade.com\/hr\/wp-json\/wp\/v2\/media?parent=487"}],"curies":[{"name":"wp","href":"https:\/\/api.w.org\/{rel}","templated":true}]}}