{"id":655,"date":"2021-12-27T18:24:59","date_gmt":"2021-12-27T17:24:59","guid":{"rendered":"https:\/\/weihnachtsstern.kinsta.cloud\/fr\/?page_id=655"},"modified":"2025-12-22T07:45:21","modified_gmt":"2025-12-22T06:45:21","slug":"producteurs","status":"publish","type":"page","link":"https:\/\/sfe-trade.com\/fr\/producteurs\/","title":{"rendered":"Producteurs"},"content":{"rendered":"<div class=\"wpb-content-wrapper\"><p>[vc_row][vc_column][vc_custom_heading text=\u00a0\u00bbAvec notre aide, boostez vos ventes de poinsettias\u00a0\u00bb font_container=\u00a0\u00bbtag:h2|text_align:center\u00a0\u00bb use_theme_fonts=\u00a0\u00bbyes\u00a0\u00bb el_class=\u00a0\u00bbpfe-small2&Prime; el_id=\u00a0\u00bbavec-notre-aide\u00a0\u00bb][vc_column_text]<\/p>\n<p style=\"text-align: center;\">Chaque ann\u00e9e, nous touchons des millions de consommateurs avec nos communiqu\u00e9s de presse et nos campagnes marketing \u00e0 grande \u00e9chelle, qui font directement la promotion de vos produits aupr\u00e8s du consommateur final. Retrouvez ici en d\u00e9tails ce que nous faisons pour vous et les atouts direct pour votre activit\u00e9, que l\u2019on vous contacte en tant qu\u2019expert pour une interview dans la presse ou que vous utilisiez nos visuels, nos contenus r\u00e9dactionnels et nos vid\u00e9os.<\/p>\n<p>[\/vc_column_text][\/vc_column][\/vc_row][vc_row el_class=\u00a0\u00bbpfe-flexibel-abstand\u00a0\u00bb][vc_column][vc_empty_space height=\u00a0\u00bb50px\u00a0\u00bb][\/vc_column][\/vc_row][vc_row][vc_column width=\u00a0\u00bb1\/2&Prime;][vc_single_image image=\u00a0\u00bb5164&Prime; img_size=\u00a0\u00bbfull\u00a0\u00bb][\/vc_column][vc_column width=\u00a0\u00bb1\/2&Prime;][vc_custom_heading text=\u00a0\u00bbInspirez les consommateurs\u00a0\u00bb use_theme_fonts=\u00a0\u00bbyes\u00a0\u00bb el_class=\u00a0\u00bbpfe-small2&Prime;][vc_column_text]Notre campagne \u00e0 grande \u00e9chelle adress\u00e9e aux consommateurs vise \u00e0 promouvoir les avantages des poinsettias faciles d\u2019entretien, \u00e0 mieux les faire conna\u00eetre et \u00e0 motiver davantage de personnes \u00e0 acheter vos plantes. Nous parlons du poinsettia \u00e0 la t\u00e9l\u00e9vision et \u00e0 la radio, nous \u00e9tablissons des partenariats avec des influenceurs de haut niveau, nous faisons appara\u00eetre le poinsettia dans les grands journaux et les magazines tendance et nous leur assurons une place de choix dans les festivals et les \u00e9v\u00e9nements. Lisez notre dernier rapport annuel ou inscrivez-vous \u00e0 notre newsletter pour d\u00e9couvrir ce que nous avons fait dans votre pays.[\/vc_column_text][vc_column_text]<a href=\"https:\/\/mailchi.mp\/7c03187f3781\/starsforeurope\">Abonnez-vous \u00e0 la newsletter &gt;&gt;<\/a>[\/vc_column_text][\/vc_column][\/vc_row][vc_row el_class=\u00a0\u00bbpfe-flexibel-abstand\u00a0\u00bb][vc_column][vc_empty_space height=\u00a0\u00bb50px\u00a0\u00bb][\/vc_column][\/vc_row][vc_row][vc_column width=\u00a0\u00bb1\/2&Prime;][vc_custom_heading text=\u00a0\u00bbOpportunit\u00e9s de collaboration\u00a0\u00bb use_theme_fonts=\u00a0\u00bbyes\u00a0\u00bb el_class=\u00a0\u00bbpfe-small2&Prime;][vc_column_text]Nous offrons aux producteurs des opportunit\u00e9s de s\u2019impliquer activement dans la campagne SfE et d\u00e9couvrir de nouvelles possibilit\u00e9s. Aimeriez-vous que votre p\u00e9pini\u00e8re apparaisse \u00e0 la t\u00e9l\u00e9vision aux heures de grande \u00e9coute ? Qu\u2019on vous propose une interview \u00e0 la radio locale ? Qu\u2019on pr\u00e9sente vos plantes lors des salons horticoles les plus prestigieux ? Voudriez-vous d\u00e9velopper des r\u00e9seaux avec d\u2019autres acteurs cl\u00e9s de l\u2019industrie ? Contactez-nous, nous aimons toujours tisser de nouveaux liens avec les producteurs.[\/vc_column_text][vc_column_text]<a href=\"\/fr\/contact\/\">Contacter l\u2019antenne SfE de mon pays &gt;&gt;<\/a>[\/vc_column_text][\/vc_column][vc_column width=\u00a0\u00bb1\/2&Prime;][vc_single_image image=\u00a0\u00bb5119&Prime; img_size=\u00a0\u00bbfull\u00a0\u00bb][\/vc_column][\/vc_row][vc_row el_class=\u00a0\u00bbpfe-flexibel-abstand\u00a0\u00bb][vc_column][vc_empty_space height=\u00a0\u00bb50px\u00a0\u00bb][\/vc_column][\/vc_row][vc_row][vc_column width=\u00a0\u00bb1\/2&Prime;][vc_single_image image=\u00a0\u00bb5123&Prime; img_size=\u00a0\u00bbfull\u00a0\u00bb][\/vc_column][vc_column width=\u00a0\u00bb1\/2&Prime;][vc_custom_heading text=\u00a0\u00bbRessources pour vos clients\u00a0\u00bb use_theme_fonts=\u00a0\u00bbyes\u00a0\u00bb el_class=\u00a0\u00bbpfe-small2&Prime;][vc_column_text]Gr\u00e2ce \u00e0 notre campagne, vous pouvez fournir des supports compl\u00e9mentaires \u00e0 vos clients et vos contacts professionnels. Nous vous proposons un \u00e9ventail d\u2019outils qui seront d\u2019une grande utilit\u00e9 \u00e0 vos clients revendeurs, par exemple des conseils en marketing, des vid\u00e9os, des supports en point de vente et une banque d\u2019image tr\u00e8s bien fournie. N\u2019h\u00e9sitez pas \u00e0 partager nos ressources avec vos clients et vos contacts, et m\u00eame \u00e0 les utiliser pour votre activit\u00e9.[\/vc_column_text][vc_column_text]<a href=\"\/fr\/distributeurs\/\">Voir les ressources pour les revendeurs &gt;&gt;<\/a>[\/vc_column_text][\/vc_column][\/vc_row][vc_row disable_element=\u00a0\u00bbyes\u00a0\u00bb el_class=\u00a0\u00bbpfe-flexibel-abstand\u00a0\u00bb][vc_column][vc_empty_space height=\u00a0\u00bb50px\u00a0\u00bb][\/vc_column][\/vc_row][vc_row disable_element=\u00a0\u00bbyes\u00a0\u00bb][vc_column width=\u00a0\u00bb1\/2&Prime;][vc_custom_heading text=\u00a0\u00bbAre you a producer?\u00a0\u00bb use_theme_fonts=\u00a0\u00bbyes\u00a0\u00bb el_class=\u00a0\u00bbpfe-small2&Prime;][vc_column_text]If you grow poinsettias and would like to get involved in the campaign, get in touch.<\/p>\n<p><strong>Stars for Europe Communications Manager,<\/strong><br \/>\nHannah Dunne,<br \/>\n<strong>Tel:<\/strong> +44 7533 076185<br \/>\n<strong>Email:<\/strong> <a href=\"mailto:communication@org-intern.info\">communication@org-intern.info<\/a><\/p>\n<p><a href=\"https:\/\/weihnachtsstern.kinsta.cloud\/fr\/pos-material\/\">Find contact person in my country &gt;&gt;<\/a>[\/vc_column_text][\/vc_column][vc_column width=\u00a0\u00bb1\/2&Prime;][vc_single_image image=\u00a0\u00bb5161&Prime; img_size=\u00a0\u00bbfull\u00a0\u00bb][\/vc_column][\/vc_row][vc_row el_class=\u00a0\u00bbpfe-flexibel-abstand\u00a0\u00bb][vc_column][vc_empty_space height=\u00a0\u00bb50px\u00a0\u00bb][\/vc_column][\/vc_row][vc_row][vc_column width=\u00a0\u00bb1\/2&Prime;][vc_custom_heading text=\u00a0\u00bbPartage de connaissances\u00a0\u00bb use_theme_fonts=\u00a0\u00bbyes\u00a0\u00bb el_class=\u00a0\u00bbpfe-small2&Prime;][vc_column_text]Aimeriez-vous acqu\u00e9rir des connaissances pr\u00e9cieuses sur votre activit\u00e9 ? SfE m\u00e8ne diff\u00e9rents types de recherches, de l\u2019analyse de la demande sur le march\u00e9 aux enqu\u00eates sur les m\u00e9thodes de production ou sur le d\u00e9veloppement durable. Nous pr\u00e9voyons de d\u00e9velopper cette activit\u00e9 \u00e0 l\u2019avenir, afin de promouvoir le partage de connaissances entre les producteurs. Contactez-nous pour int\u00e9grer notre r\u00e9seau et inscrivez-vous \u00e0 notre newsletter pour conna\u00eetre les derni\u00e8res informations.<\/p>\n<p><a href=\"\/fr\/contact\/\">Trouver un contact dans mon pays &gt;&gt;<\/a><\/p>\n<p><a href=\"https:\/\/mailchi.mp\/7c03187f3781\/starsforeurope\">Je m\u2019inscris \u00e0 la newsletter maintenant &gt;&gt;<\/a>[\/vc_column_text][\/vc_column][vc_column width=\u00a0\u00bb1\/2&Prime;][vc_single_image image=\u00a0\u00bb5167&Prime; img_size=\u00a0\u00bbfull\u00a0\u00bb][\/vc_column][\/vc_row][vc_row el_class=\u00a0\u00bbpfe-flexibel-abstand\u00a0\u00bb][vc_column][vc_empty_space height=\u00a0\u00bb50px\u00a0\u00bb][\/vc_column][\/vc_row][vc_row][vc_column][vc_custom_heading text=\u00a0\u00bbT\u00e9moignages de professionnels\u00a0\u00bb use_theme_fonts=\u00a0\u00bbyes\u00a0\u00bb el_class=\u00a0\u00bbpfe-small\u00a0\u00bb][vc_row_inner][vc_column_inner el_class=\u00a0\u00bbho\u00a0\u00bb width=\u00a0\u00bb1\/3&Prime;][vc_column_text]<strong>Mme Esslin,<\/strong><br \/>\n<strong>1a Garten Ensslin, Allemagne<\/strong><br \/>\n\u00ab\u00a0J&rsquo;aime beaucoup utiliser le mat\u00e9riel promotionnel de Stars for Europe, car il est propos\u00e9 \u00e0 un prix vraiment avantageux et pr\u00e9sente de beaux motifs. Nos clients aiment emporter les cadeaux publicitaires avec eux et les instructions d&rsquo;entretien sont tr\u00e8s pr\u00e9cieuses.\u00a0\u00bb[\/vc_column_text][\/vc_column_inner][vc_column_inner width=\u00a0\u00bb1\/3\u00a0\u00bb][vc_column_text]<strong>Anna Kaszewiak,<br \/>\n<\/strong><strong>experte en marketing, <\/strong><br \/>\n<strong>march\u00e9 de gros Bronisze, Pologne<\/strong><br \/>\n\u00ab\u00a0Gr\u00e2ce \u00e0 la campagne Stars for Europe, nous pouvons nous inspirer de compositions et d&rsquo;utilisations int\u00e9ressantes et extraordinaires de cette plante. La qualit\u00e9 montr\u00e9e \u00e0 travers ses canaux est tr\u00e8s \u00e9lev\u00e9e.\u00a0\u00bb[\/vc_column_text][\/vc_column_inner][vc_column_inner width=\u00a0\u00bb1\/3\u00a0\u00bb][vc_column_text]<strong>Reiner H\u00f6pken, <\/strong><br \/>\n<strong>pr\u00e9sident de l&rsquo;association des <\/strong><br \/>\n<strong>jardiniers d\u00e9taillants, Allemagne.<\/strong><br \/>\n\u00ab\u00a0SfE offre un excellent soutien aux producteurs et au commerce. Avec l&rsquo;aide de la campagne, que ce soit dans les relations publiques ou le mat\u00e9riel promotionnel pour les d\u00e9taillants, le poinsettia est positionn\u00e9 comme un produit de haute qualit\u00e9, \u00e0 la fois comme cadeau et pour la maison.\u00a0\u00bb[\/vc_column_text][\/vc_column_inner][\/vc_row_inner][\/vc_column][\/vc_row][vc_row el_class=\u00a0\u00bbpfe-flexibel-abstand\u00a0\u00bb][vc_column][vc_empty_space height=\u00a0\u00bb50px\u00a0\u00bb][\/vc_column][\/vc_row][vc_row el_class=\u00a0\u00bbpfe-greenborderbox\u00a0\u00bb][vc_column width=\u00a0\u00bb2\/3&Prime;][vc_single_image image=\u00a0\u00bb5169&Prime; img_size=\u00a0\u00bbfull\u00a0\u00bb][\/vc_column][vc_column width=\u00a0\u00bb1\/3&Prime;][vc_custom_heading text=\u00a0\u00bb\u00cates-vous producteur?\u00a0\u00bb use_theme_fonts=\u00a0\u00bbyes\u00a0\u00bb el_class=\u00a0\u00bbpfe-small\u00a0\u00bb][vc_column_text css=\u00a0\u00bb\u00a0\u00bb]Si vous cultivez des poinsettias et si vous souhaitez participer \u00e0 la campagne, contactez-nous.<\/p>\n<p><strong>Stars for Europe Communications Manager,<\/strong><br \/>\nHelena Ebrahimi<br \/>\nE-mail: <a href=\"mailto:Helena@greenmarketingeurope.eu\">Helena@greenmarketingeurope.eu<\/a>[\/vc_column_text][vc_column_text]<a href=\"\/fr\/contact\/\">Trouver un contact dans mon pays &gt;&gt;<\/a>[\/vc_column_text][\/vc_column][\/vc_row]<\/p><\/div><div class=\"acf-fields-container\" data-post-id=\"655\" data-canto-acf=\"true\"><\/div><style>\r\n        .acf-fields-container {\r\n            margin: 2em 0;\r\n            width: 100%;\r\n            clear: both;\r\n        }\r\n        .acf-field-image {\r\n            margin: 1.5em 0;\r\n            position: relative;\r\n        }\r\n        .acf-field-label {\r\n            margin-bottom: 1em;\r\n        }\r\n        .acf-image {\r\n            max-width: 100%;\r\n            height: auto;\r\n            display: block;\r\n            margin: 1em 0;\r\n        }\r\n    <\/style>","protected":false},"excerpt":{"rendered":"<p>[vc_row][vc_column][vc_custom_heading text=\u00a0\u00bbAvec notre aide, boostez vos ventes de poinsettias\u00a0\u00bb font_container=\u00a0\u00bbtag:h2|text_align:center\u00a0\u00bb use_theme_fonts=\u00a0\u00bbyes\u00a0\u00bb el_class=\u00a0\u00bbpfe-small2&Prime; el_id=\u00a0\u00bbavec-notre-aide\u00a0\u00bb][vc_column_text] Chaque ann\u00e9e, nous touchons des millions de consommateurs avec nos communiqu\u00e9s de presse et nos campagnes marketing \u00e0 grande \u00e9chelle, qui font directement la promotion de vos produits aupr\u00e8s du consommateur final. Retrouvez ici en d\u00e9tails ce que nous faisons pour vous [&hellip;]<\/p>\n","protected":false},"author":1,"featured_media":5157,"parent":0,"menu_order":0,"comment_status":"closed","ping_status":"closed","template":"template-parts\/pfe-trade.php","meta":{"_acf_changed":false,"footnotes":""},"class_list":["post-655","page","type-page","status-publish","has-post-thumbnail","hentry"],"acf":[],"_links":{"self":[{"href":"https:\/\/sfe-trade.com\/fr\/wp-json\/wp\/v2\/pages\/655","targetHints":{"allow":["GET"]}}],"collection":[{"href":"https:\/\/sfe-trade.com\/fr\/wp-json\/wp\/v2\/pages"}],"about":[{"href":"https:\/\/sfe-trade.com\/fr\/wp-json\/wp\/v2\/types\/page"}],"author":[{"embeddable":true,"href":"https:\/\/sfe-trade.com\/fr\/wp-json\/wp\/v2\/users\/1"}],"replies":[{"embeddable":true,"href":"https:\/\/sfe-trade.com\/fr\/wp-json\/wp\/v2\/comments?post=655"}],"version-history":[{"count":158,"href":"https:\/\/sfe-trade.com\/fr\/wp-json\/wp\/v2\/pages\/655\/revisions"}],"predecessor-version":[{"id":7515,"href":"https:\/\/sfe-trade.com\/fr\/wp-json\/wp\/v2\/pages\/655\/revisions\/7515"}],"wp:featuredmedia":[{"embeddable":true,"href":"https:\/\/sfe-trade.com\/fr\/wp-json\/wp\/v2\/media\/5157"}],"wp:attachment":[{"href":"https:\/\/sfe-trade.com\/fr\/wp-json\/wp\/v2\/media?parent=655"}],"curies":[{"name":"wp","href":"https:\/\/api.w.org\/{rel}","templated":true}]}}