{"id":653,"date":"2021-12-27T18:24:39","date_gmt":"2021-12-27T17:24:39","guid":{"rendered":"https:\/\/weihnachtsstern.kinsta.cloud\/fr\/?page_id=653"},"modified":"2026-02-23T12:17:19","modified_gmt":"2026-02-23T11:17:19","slug":"distributeurs","status":"publish","type":"page","link":"https:\/\/sfe-trade.com\/fr\/distributeurs\/","title":{"rendered":"Distributeurs"},"content":{"rendered":"<div class=\"wpb-content-wrapper\"><p>[vc_row][vc_column][vc_custom_heading text=\u00a0\u00bbVous vendez des poinsettias ? Nous vous aidons \u00e0 augmenter votre chiffre d\u2019affaires.\u00a0\u00bb font_container=\u00a0\u00bbtag:h2|text_align:center\u00a0\u00bb use_theme_fonts=\u00a0\u00bbyes\u00a0\u00bb el_class=\u00a0\u00bbpfe-small2&Prime; el_id=\u00a0\u00bbvendez\u00a0\u00bb][vc_column_text]<\/p>\n<p style=\"text-align: center;\">Nous vous proposons des conseils d\u2019experts pour la vente et le marketing, ainsi que des ressources vari\u00e9es : supports pour les points de vente, photographies professionnelles gratuites, contenu r\u00e9dactionnel et vid\u00e9os. Notre seul objectif, c\u2019est de vous aider \u00e0 augmenter vos recettes. Utilisez librement notre contenu dans vos propres d\u00e9marches de commercialisation, renforcez la fid\u00e9lit\u00e9 de votre client\u00e8le et montrez votre expertise en horticulture.<\/p>\n<p>[\/vc_column_text][\/vc_column][\/vc_row][vc_row disable_element=\u00a0\u00bbyes\u00a0\u00bb el_class=\u00a0\u00bbpfe-flexibel-abstand\u00a0\u00bb][vc_column][vc_empty_space height=\u00a0\u00bb50px\u00a0\u00bb][\/vc_column][\/vc_row][vc_row disable_element=\u00a0\u00bbyes\u00a0\u00bb][vc_column width=\u00a0\u00bb1\/2&Prime;][vc_custom_heading text=\u00a0\u00bbAdd impulse at point-of-sale\u00a0\u00bb use_theme_fonts=\u00a0\u00bbyes\u00a0\u00bb el_class=\u00a0\u00bbpfe-small\u00a0\u00bb][vc_column_text]Capture the attention of your customers and encourage impulse purchasing right at the point-of-sale in store or online. We offer a wide range of materials from posters, banners, and care cards through to digital resources like social media posts and website headers. It\u2019s available to order, print, share, and display in store.[\/vc_column_text][vc_column_text]<a href=\"\/pos-material\">Discover POS material &gt;&gt;<\/a>[\/vc_column_text][\/vc_column][vc_column width=\u00a0\u00bb1\/2&Prime;][vc_single_image image=\u00a0\u00bb5122&Prime; img_size=\u00a0\u00bbfull\u00a0\u00bb][\/vc_column][\/vc_row][vc_row el_class=\u00a0\u00bbpfe-flexibel-abstand\u00a0\u00bb][vc_column][vc_empty_space height=\u00a0\u00bb50px\u00a0\u00bb][\/vc_column][\/vc_row][vc_row][vc_column width=\u00a0\u00bb1\/2&Prime;][vc_single_image image=\u00a0\u00bb5176&Prime; img_size=\u00a0\u00bbfull\u00a0\u00bb][\/vc_column][vc_column width=\u00a0\u00bb1\/2&Prime;][vc_custom_heading text=\u00a0\u00bbDes vid\u00e9os sur les poinsettias pour vos clients\u00a0\u00bb use_theme_fonts=\u00a0\u00bbyes\u00a0\u00bb el_class=\u00a0\u00bbpfe-small2&Prime;][vc_column_text]Sur notre cha\u00eene YouTube, vous trouverez une s\u00e9rie de vid\u00e9os sur le poinsettia pr\u00e9sentant des conseils d&rsquo;entretien, des id\u00e9es de design et des projets DIY. Vous pouvez les utiliser pour attirer les clients et stimuler l&rsquo;engagement en ligne en les partageant sur vos propres r\u00e9seaux sociaux, et m\u00eame en les int\u00e9grant \u00e0 votre site web ou en les montrant en magasin &#8211; cr\u00e9ant ainsi une impulsion de vente instantan\u00e9e.[\/vc_column_text][vc_column_text css=\u00a0\u00bb\u00a0\u00bb]<a href=\"https:\/\/pelargonium-poinsettia.canto.global\/v\/sfeEN\/allfiles?viewIndex=2\" target=\"_blank\" rel=\"noopener\">D\u00e9couvrez nos vid\u00e9os &gt;&gt;<\/a>[\/vc_column_text][\/vc_column][\/vc_row][vc_row el_class=\u00a0\u00bbpfe-flexibel-abstand\u00a0\u00bb][vc_column][vc_empty_space height=\u00a0\u00bb50px\u00a0\u00bb][\/vc_column][\/vc_row][vc_row][vc_column width=\u00a0\u00bb1\/2&Prime;][vc_custom_heading text=\u00a0\u00bbCommuniqu\u00e9s de presse sp\u00e9cialis\u00e9s\u00a0\u00bb use_theme_fonts=\u00a0\u00bbyes\u00a0\u00bb el_class=\u00a0\u00bbpfe-small2&Prime;][vc_column_text]Nous envoyons r\u00e9guli\u00e8rement des communiqu\u00e9s de presse aux m\u00e9dias sp\u00e9cialis\u00e9s pour partager les nouvelles et les offres de notre campagne, ainsi que des conseils \u00e0 destination des professionnels du secteur en marketing, en vente et sur l\u2019entretien des poinsettias. Retrouvez nos communiqu\u00e9s de presse sp\u00e9cialis\u00e9s ici.[\/vc_column_text][vc_column_text]<a href=\"\/fr\/contact\/\">Contactez-nous &gt;&gt;<\/a><\/p>\n<p><a href=\"\/fr\/actualites-commerciales\/\">Communiqu\u00e9s de presse sp\u00e9cialis\u00e9s &gt;&gt;<\/a>[\/vc_column_text][\/vc_column][vc_column width=\u00a0\u00bb1\/2&Prime;][vc_single_image image=\u00a0\u00bb5182&Prime; img_size=\u00a0\u00bbfull\u00a0\u00bb][\/vc_column][\/vc_row][vc_row el_class=\u00a0\u00bbpfe-flexibel-abstand\u00a0\u00bb][vc_column][vc_empty_space height=\u00a0\u00bb50px\u00a0\u00bb][\/vc_column][\/vc_row][vc_row][vc_column width=\u00a0\u00bb1\/2&Prime;][vc_single_image image=\u00a0\u00bb5179&Prime; img_size=\u00a0\u00bbfull\u00a0\u00bb][\/vc_column][vc_column width=\u00a0\u00bb1\/2&Prime;][vc_custom_heading text=\u00a0\u00bbDes photos gratuites pour votre communication\u00a0\u00bb use_theme_fonts=\u00a0\u00bbyes\u00a0\u00bb el_class=\u00a0\u00bbpfe-small2&Prime;][vc_column_text]Chaque ann\u00e9e, nous produisons un large \u00e9ventail de photographies de haute qualit\u00e9 pr\u00e9sentant des poinsettias avec les tendances de d\u00e9coration de No\u00ebl et de l&rsquo;Avent, des projets de bricolage DIY, des id\u00e9es de cadeaux, des d\u00e9corations de table, des gros plans de plantes, et bien plus encore. Nos images sont gratuites et vous pouvez les utiliser pour promouvoir vos propres ventes. Partagez-les sur vos r\u00e9seaux sociaux et vos sites Web, utilisez-les pour vos propres relations publiques et communications avec les m\u00e9dias, ou cr\u00e9ez votre propre mat\u00e9riel pour votre point de vente comme des affiches et des prospectus. D\u00e9couvrez notre vaste banque d&rsquo;images comprenant des centaines de photos dans une grande vari\u00e9t\u00e9 de styles, pour tous les go\u00fbts.[\/vc_column_text][vc_column_text]<a href=\"https:\/\/www.starsuniteeurope.eu\/fr\/banque-dimages\">D\u00e9couvrez notre banque d\u2019images &gt;&gt;<\/a>[\/vc_column_text][\/vc_column][\/vc_row][vc_row disable_element=\u00a0\u00bbyes\u00a0\u00bb el_class=\u00a0\u00bbpfe-flexibel-abstand\u00a0\u00bb][vc_column][vc_empty_space height=\u00a0\u00bb50px\u00a0\u00bb][\/vc_column][\/vc_row][vc_row disable_element=\u00a0\u00bbyes\u00a0\u00bb][vc_column width=\u00a0\u00bb1\/2&Prime;][vc_custom_heading text=\u00a0\u00bbQualit\u00e4ts- und Pflegematerialien\u00a0\u00bb use_theme_fonts=\u00a0\u00bbyes\u00a0\u00bb el_class=\u00a0\u00bbpfe-small2&Prime;][vc_column_text]Unsere kostenlosen Pflege-Grafiken und -poster sind eine gute M\u00f6glichkeit, Ihr Personal \u00fcber den richtigen Umgang mit Weihnachtssternen im Lagerhaus, beim Transport und im Gesch\u00e4ft zu informieren, damit die Pflanzen l\u00e4nger in Top-Form bleiben. H\u00e4ngen Sie z. B. das Warnposter in Ihrem Lagerraum auf, um Ihre Mitarbeiter immer wieder aufs Neue daran zu erinnern, dass Weihnachtssterne niemals Zugluft ausgesetzt sein sollten.<\/p>\n<p><a href=\"https:\/\/weihnachtsstern.kinsta.cloud\/fr\/pos-material\/\">Qualit\u00e4ts und Pflegematerialen &gt;&gt;<\/a>[\/vc_column_text][\/vc_column][vc_column width=\u00a0\u00bb1\/2&Prime;][vc_single_image image=\u00a0\u00bb5161&Prime; img_size=\u00a0\u00bbfull\u00a0\u00bb][\/vc_column][\/vc_row][vc_row el_class=\u00a0\u00bbpfe-flexibel-abstand\u00a0\u00bb][vc_column][vc_empty_space height=\u00a0\u00bb50px\u00a0\u00bb][\/vc_column][\/vc_row][vc_row][vc_column width=\u00a0\u00bb1\/2&Prime;][vc_custom_heading text=\u00a0\u00bbTrouvez l\u2019inspiration pour parler \u00e0 votre client\u00e8le\u00a0\u00bb use_theme_fonts=\u00a0\u00bbyes\u00a0\u00bb el_class=\u00a0\u00bbpfe-small2&Prime;][vc_column_text]Si vous cherchez souvent de nouvelles id\u00e9es pour faire la promotion de votre activit\u00e9 (contenu pour les r\u00e9seaux sociaux, blogs, communication de l\u2019entreprise, etc.), nous sommes l\u00e0 pour vous. Nous organisons une campagne de promotion \u00e0 grande \u00e9chelle aupr\u00e8s des consommateurs, pilot\u00e9e par des experts de la communication et dans toute l\u2019Europe : pourquoi ne pas vous inspirer de nos contenus pour produire les v\u00f4tres ? Consultez nos billets de blog et nos communiqu\u00e9s de presse pour les clients, parcourez notre banque d\u2019images et visitez nos pages Instagram, Pinterest et Facebook. N\u2019h\u00e9sitez pas \u00e0 copier, adapter et appr\u00e9cier nos contenus ![\/vc_column_text][vc_column_text]<a href=\"https:\/\/fr.weihnachtsstern.de\/\">Consulter l\u2019espace d\u00e9di\u00e9 aux clients &gt;&gt;<\/a>[\/vc_column_text][\/vc_column][vc_column width=\u00a0\u00bb1\/2&Prime;][vc_single_image image=\u00a0\u00bb5183&Prime; img_size=\u00a0\u00bbfull\u00a0\u00bb][\/vc_column][\/vc_row][vc_row el_class=\u00a0\u00bbpfe-flexibel-abstand\u00a0\u00bb][vc_column][vc_empty_space height=\u00a0\u00bb50px\u00a0\u00bb][\/vc_column][\/vc_row][vc_row][vc_column width=\u00a0\u00bb1\/2&Prime;][vc_single_image image=\u00a0\u00bb5121&Prime; img_size=\u00a0\u00bbfull\u00a0\u00bb][\/vc_column][vc_column width=\u00a0\u00bb1\/2&Prime;][vc_custom_heading text=\u00a0\u00bbContactez-nous pour en savoir plus\u00a0\u00bb use_theme_fonts=\u00a0\u00bbyes\u00a0\u00bb el_class=\u00a0\u00bbpfe-small2&Prime;][vc_column_text]Vous vendez des poinsettias dans une jardinerie, un magasin de fleurs ou un autre type de vente de d\u00e9tail ? Nous pouvons vous aider. Prenez contact avec nous. Nous sommes impatients d&rsquo;avoir de vos nouvelles ![\/vc_column_text][vc_column_text]<a href=\"\/fr\/contact\/\">Contact &gt;&gt;<\/a>[\/vc_column_text][\/vc_column][\/vc_row]<\/p><\/div><div class=\"acf-fields-container\" data-post-id=\"653\" data-canto-acf=\"true\"><\/div><style>\r\n        .acf-fields-container {\r\n            margin: 2em 0;\r\n            width: 100%;\r\n            clear: both;\r\n        }\r\n        .acf-field-image {\r\n            margin: 1.5em 0;\r\n            position: relative;\r\n        }\r\n        .acf-field-label {\r\n            margin-bottom: 1em;\r\n        }\r\n        .acf-image {\r\n            max-width: 100%;\r\n            height: auto;\r\n            display: block;\r\n            margin: 1em 0;\r\n        }\r\n    <\/style>","protected":false},"excerpt":{"rendered":"<p>[vc_row][vc_column][vc_custom_heading text=\u00a0\u00bbVous vendez des poinsettias ? Nous vous aidons \u00e0 augmenter votre chiffre d\u2019affaires.\u00a0\u00bb font_container=\u00a0\u00bbtag:h2|text_align:center\u00a0\u00bb use_theme_fonts=\u00a0\u00bbyes\u00a0\u00bb el_class=\u00a0\u00bbpfe-small2&Prime; el_id=\u00a0\u00bbvendez\u00a0\u00bb][vc_column_text] Nous vous proposons des conseils d\u2019experts pour la vente et le marketing, ainsi que des ressources vari\u00e9es : supports pour les points de vente, photographies professionnelles gratuites, contenu r\u00e9dactionnel et vid\u00e9os. Notre seul objectif, c\u2019est de vous [&hellip;]<\/p>\n","protected":false},"author":1,"featured_media":4377,"parent":0,"menu_order":0,"comment_status":"closed","ping_status":"closed","template":"template-parts\/pfe-trade.php","meta":{"_acf_changed":false,"footnotes":""},"class_list":["post-653","page","type-page","status-publish","has-post-thumbnail","hentry"],"acf":[],"_links":{"self":[{"href":"https:\/\/sfe-trade.com\/fr\/wp-json\/wp\/v2\/pages\/653","targetHints":{"allow":["GET"]}}],"collection":[{"href":"https:\/\/sfe-trade.com\/fr\/wp-json\/wp\/v2\/pages"}],"about":[{"href":"https:\/\/sfe-trade.com\/fr\/wp-json\/wp\/v2\/types\/page"}],"author":[{"embeddable":true,"href":"https:\/\/sfe-trade.com\/fr\/wp-json\/wp\/v2\/users\/1"}],"replies":[{"embeddable":true,"href":"https:\/\/sfe-trade.com\/fr\/wp-json\/wp\/v2\/comments?post=653"}],"version-history":[{"count":117,"href":"https:\/\/sfe-trade.com\/fr\/wp-json\/wp\/v2\/pages\/653\/revisions"}],"predecessor-version":[{"id":7517,"href":"https:\/\/sfe-trade.com\/fr\/wp-json\/wp\/v2\/pages\/653\/revisions\/7517"}],"wp:featuredmedia":[{"embeddable":true,"href":"https:\/\/sfe-trade.com\/fr\/wp-json\/wp\/v2\/media\/4377"}],"wp:attachment":[{"href":"https:\/\/sfe-trade.com\/fr\/wp-json\/wp\/v2\/media?parent=653"}],"curies":[{"name":"wp","href":"https:\/\/api.w.org\/{rel}","templated":true}]}}