{"id":648,"date":"2021-12-27T18:17:47","date_gmt":"2021-12-27T18:17:47","guid":{"rendered":"https:\/\/weihnachtsstern.kinsta.cloud\/fr\/?page_id=648"},"modified":"2024-07-19T12:49:47","modified_gmt":"2024-07-19T10:49:47","slug":"professionnels","status":"publish","type":"page","link":"https:\/\/sfe-trade.com\/fr\/","title":{"rendered":"Professionnels"},"content":{"rendered":"<div class=\"wpb-content-wrapper\"><p>[vc_row][vc_column][vc_custom_heading text=\u00a0\u00bbOpportunit\u00e9s pour tous les secteurs de l\u2019industrie\u00a0\u00bb font_container=\u00a0\u00bbtag:h2|text_align:center\u00a0\u00bb use_theme_fonts=\u00a0\u00bbyes\u00a0\u00bb el_class=\u00a0\u00bbpfe-small2&Prime; el_id=\u00a0\u00bbopportunites\u00a0\u00bb][\/vc_column][\/vc_row][vc_row][vc_column][vc_column_text]<\/p>\n<p style=\"text-align: center\">Chez Stars for Europe, nous ciblons directement vos clients finaux en faisant la promotion des nombreux atouts du poinsettia lors d\u2019une grande campagne \u00e0 destination des consommateurs. Ainsi, nous suscitons constamment l\u2019int\u00e9r\u00eat de nouveaux publics et consolidons les ventes de poinsettias \u00e0 long terme.<\/p>\n<p style=\"text-align: center\">Sur ce site, vous retrouverez aussi de nombreuses informations pour accompagner directement votre activit\u00e9, de l\u2019am\u00e9lioration des produits aux astuces de pr\u00e9sentation, en passant par les conseils d\u2019entretien en magasin, les supports pour points de vente et les outils et ressources num\u00e9riques pour votre communication.<\/p>\n<p style=\"text-align: center\">D\u00e9couvrez comment nous pouvons vous accompagner et multipliez les opportunit\u00e9s de faire la promotion du poinsettia. Rejoignez-nous et d\u00e9couvrez notre projet.<\/p>\n<p>[\/vc_column_text][\/vc_column][\/vc_row][vc_row][vc_column][vc_column_text][\/vc_column_text][\/vc_column][\/vc_row][vc_row gap=\u00a0\u00bb30&Prime;][vc_column width=\u00a0\u00bb1\/3&Prime;][vc_single_image image=\u00a0\u00bb5144&Prime; img_size=\u00a0\u00bbfull\u00a0\u00bb][vc_custom_heading text=\u00a0\u00bbVous cultivez des poinsettias ?\u00a0\u00bb font_container=\u00a0\u00bbtag:h3|text_align:left\u00a0\u00bb use_theme_fonts=\u00a0\u00bbyes\u00a0\u00bb el_class=\u00a0\u00bbpfe-small\u00a0\u00bb][vc_column_text]En tant que producteur, vous \u00eates la colonne vert\u00e9brale de la campagne de SfE : tout ce que nous faisons \u00e0 pour objectif d\u2019augmenter vos ventes, aupr\u00e8s des consommateurs particuliers comme des entreprises. Voici quelques m\u00e9thodes suppl\u00e9mentaires pour en profiter.[\/vc_column_text][vc_column_text]<a href=\"\/fr\/producteurs\/\">D\u00e9couvrez les opportunit\u00e9s pour les producteurs &gt;&gt;<\/a>[\/vc_column_text][\/vc_column][vc_column width=\u00a0\u00bb1\/3&Prime;][vc_single_image image=\u00a0\u00bb5145&Prime; img_size=\u00a0\u00bbfull\u00a0\u00bb][vc_custom_heading text=\u00a0\u00bbVous vendez des poinsettias ?\u00a0\u00bb font_container=\u00a0\u00bbtag:h3|text_align:left\u00a0\u00bb use_theme_fonts=\u00a0\u00bbyes\u00a0\u00bb el_class=\u00a0\u00bbpfe-small\u00a0\u00bb][vc_column_text]Notre objectif est d\u2019encourager plus de consommateurs \u00e0 se laisser charmer par le poinsettia et \u00e0 en acheter autant que possible d\u2019une ann\u00e9e sur l\u2019autre. Nous proposons tout un \u00e9ventail de supports et de ressources marketing pour vous aider \u00e0 augmenter vos ventes.[\/vc_column_text][vc_column_text]<a href=\"\/fr\/distributeurs\/\">D\u00e9couvrez les opportunit\u00e9s pour les revendeurs &gt;&gt;<\/a>[\/vc_column_text][\/vc_column][vc_column width=\u00a0\u00bb1\/3&Prime;][vc_single_image image=\u00a0\u00bb5146&Prime; img_size=\u00a0\u00bbfull\u00a0\u00bb][vc_custom_heading text=\u00a0\u00bbVous cherchez des informations de presse ?\u00a0\u00bb font_container=\u00a0\u00bbtag:h3|text_align:left\u00a0\u00bb use_theme_fonts=\u00a0\u00bbyes\u00a0\u00bb el_class=\u00a0\u00bbpfe-small\u00a0\u00bb][vc_column_text]Si vous \u00eates journaliste sp\u00e9cialis\u00e9(e) et \u00e0 la recherche des derni\u00e8res nouveaut\u00e9s, de communiqu\u00e9s de presse et de photos gratuites, vous \u00eates au bon endroit. Nous nous ferons un plaisir de vous aider avec nos contenus, nos visuels et bien plus. D\u00e9couvrez notre offre.[\/vc_column_text][vc_column_text]<a href=\"\/fr\/actualites-commerciales\/\">Informations presse &gt;&gt;<\/a>[\/vc_column_text][\/vc_column][\/vc_row][vc_row][vc_column][vc_column_text][\/vc_column_text][\/vc_column][\/vc_row][vc_row el_class=\u00a0\u00bbpfe-greenborderbox\u00a0\u00bb][vc_column width=\u00a0\u00bb2\/3&Prime;][vc_single_image image=\u00a0\u00bb5154&Prime; img_size=\u00a0\u00bbfull\u00a0\u00bb][\/vc_column][vc_column width=\u00a0\u00bb1\/3&Prime;][vc_custom_heading text=\u00a0\u00bb\u00cates-vous producteur ?\u00a0\u00bb use_theme_fonts=\u00a0\u00bbyes\u00a0\u00bb el_class=\u00a0\u00bbpfe-small\u00a0\u00bb][vc_column_text]Si vous repr\u00e9sentez une production v\u00e9g\u00e9tale et si vous souhaitez d\u00e9couvrir comment nous soutenir peut profiter \u00e0 votre activit\u00e9 et \u00e0 l\u2019industrie dans son ensemble, veuillez nous contacter.<\/p>\n<p><strong>Gestion de projet<\/strong><br \/>\nStars for Europe GbR,<br \/>\n<strong>Dr Susanne Lux,<\/strong><br \/>\n<strong>T\u00e9l\u00e9phone<\/strong> : + 49 2644 981333,<br \/>\n<strong>E-mail<\/strong> : <a href=\"mailto:susanne.lux@meclux.de\">susanne.lux@meclux.de<\/a>[\/vc_column_text][\/vc_column][\/vc_row][vc_row][vc_column][vc_empty_space height=\u00a0\u00bb75px\u00a0\u00bb][\/vc_column][\/vc_row][vc_row disable_element=\u00a0\u00bbyes\u00a0\u00bb][vc_column width=\u00a0\u00bb1\/2&Prime;][vc_custom_heading text=\u00a0\u00bbWer steckt hinter Stars for Europe?\u00a0\u00bb use_theme_fonts=\u00a0\u00bbyes\u00a0\u00bb el_class=\u00a0\u00bbpfe-small\u00a0\u00bb][vc_column_text]Stars for Europe (SfE) ist die Marketinginitiative der europ\u00e4ischen Weihnachtssternz\u00fcchter Beekenkamp Plants, D\u00fcmmen Orange, Selecta One, und Syngenta Flowers. Die Initiative wurde im Jahr 2000 mit dem Ziel gegr\u00fcndet, den Weihnachtsstern-Absatz in Europa zu f\u00f6rdern und langfristig zu sichern. Unter dem Dach von Green Marketing Europe (GME) leitet Dr. Susanne Lux die Stars for Europe-Kampagne mit einem Team von engagierten Mitarbeitern und Freiberuflern. Mit einem Netzwerk von Agenturen und Freiberuflern produziert SfE Materialien und f\u00fchrt Kampagnen in 22 europ\u00e4ischen L\u00e4ndern durch.[\/vc_column_text][\/vc_column][vc_column width=\u00a0\u00bb1\/2&Prime;][vc_single_image image=\u00a0\u00bb3754&Prime; img_size=\u00a0\u00bbfull\u00a0\u00bb][\/vc_column][\/vc_row][vc_row][vc_column][vc_empty_space height=\u00a0\u00bb75px\u00a0\u00bb][\/vc_column][\/vc_row][vc_row][vc_column][vc_single_image image=\u00a0\u00bb7392&Prime; img_size=\u00a0\u00bbfull\u00a0\u00bb alignment=\u00a0\u00bbcenter\u00a0\u00bb][\/vc_column][\/vc_row]<\/p><\/div><div class=\"acf-fields-container\" data-post-id=\"648\" data-canto-acf=\"true\"><\/div><style>\r\n        .acf-fields-container {\r\n            margin: 2em 0;\r\n            width: 100%;\r\n            clear: both;\r\n        }\r\n        .acf-field-image {\r\n            margin: 1.5em 0;\r\n            position: relative;\r\n        }\r\n        .acf-field-label {\r\n            margin-bottom: 1em;\r\n        }\r\n        .acf-image {\r\n            max-width: 100%;\r\n            height: auto;\r\n            display: block;\r\n            margin: 1em 0;\r\n        }\r\n    <\/style>","protected":false},"excerpt":{"rendered":"<p>[vc_row][vc_column][vc_custom_heading text=\u00a0\u00bbOpportunit\u00e9s pour tous les secteurs de l\u2019industrie\u00a0\u00bb font_container=\u00a0\u00bbtag:h2|text_align:center\u00a0\u00bb use_theme_fonts=\u00a0\u00bbyes\u00a0\u00bb el_class=\u00a0\u00bbpfe-small2&Prime; el_id=\u00a0\u00bbopportunites\u00a0\u00bb][\/vc_column][\/vc_row][vc_row][vc_column][vc_column_text] Chez Stars for Europe, nous ciblons directement vos clients finaux en faisant la promotion des nombreux atouts du poinsettia lors d\u2019une grande campagne \u00e0 destination des consommateurs. Ainsi, nous suscitons constamment l\u2019int\u00e9r\u00eat de nouveaux publics et consolidons les ventes de poinsettias \u00e0 long [&hellip;]<\/p>\n","protected":false},"author":1,"featured_media":5142,"parent":0,"menu_order":0,"comment_status":"closed","ping_status":"closed","template":"template-parts\/pfe-trade.php","meta":{"_acf_changed":false,"footnotes":""},"class_list":["post-648","page","type-page","status-publish","has-post-thumbnail","hentry"],"acf":[],"_links":{"self":[{"href":"https:\/\/sfe-trade.com\/fr\/wp-json\/wp\/v2\/pages\/648","targetHints":{"allow":["GET"]}}],"collection":[{"href":"https:\/\/sfe-trade.com\/fr\/wp-json\/wp\/v2\/pages"}],"about":[{"href":"https:\/\/sfe-trade.com\/fr\/wp-json\/wp\/v2\/types\/page"}],"author":[{"embeddable":true,"href":"https:\/\/sfe-trade.com\/fr\/wp-json\/wp\/v2\/users\/1"}],"replies":[{"embeddable":true,"href":"https:\/\/sfe-trade.com\/fr\/wp-json\/wp\/v2\/comments?post=648"}],"version-history":[{"count":207,"href":"https:\/\/sfe-trade.com\/fr\/wp-json\/wp\/v2\/pages\/648\/revisions"}],"predecessor-version":[{"id":7393,"href":"https:\/\/sfe-trade.com\/fr\/wp-json\/wp\/v2\/pages\/648\/revisions\/7393"}],"wp:featuredmedia":[{"embeddable":true,"href":"https:\/\/sfe-trade.com\/fr\/wp-json\/wp\/v2\/media\/5142"}],"wp:attachment":[{"href":"https:\/\/sfe-trade.com\/fr\/wp-json\/wp\/v2\/media?parent=648"}],"curies":[{"name":"wp","href":"https:\/\/api.w.org\/{rel}","templated":true}]}}