{"id":487,"date":"2021-12-17T12:27:34","date_gmt":"2021-12-17T12:27:34","guid":{"rendered":"https:\/\/weihnachtsstern.kinsta.cloud\/fr\/?page_id=487"},"modified":"2024-09-23T15:19:34","modified_gmt":"2024-09-23T13:19:34","slug":"mentions-legales","status":"publish","type":"page","link":"https:\/\/sfe-trade.com\/fr\/mentions-legales\/","title":{"rendered":"Mentions l\u00e9gales"},"content":{"rendered":"<div class=\"wpb-content-wrapper\"><p>[vc_row][vc_column][vc_custom_heading text=\u00a0\u00bbPolitique de confidentialit\u00e9\u00a0\u00bb use_theme_fonts=\u00a0\u00bbyes\u00a0\u00bb][vc_column_text]Responsable au sens du paragraphe 6 de la loi allemande \u00ab Teledienstgesetz \u00bb ou de la loi \u00ab Mediendienste Staatsvertrag \u00bb :[\/vc_column_text][vc_column_text css=\u00a0\u00bb\u00a0\u00bb]Stars for Europe GbR,<br \/>\nc\/o Central Horticultural Association,<br \/>\nBornheimerstra\u00dfe 37<br \/>\n53111 Bonn<br \/>\nGermany<br \/>\nDirecteur g\u00e9n\u00e9ral : Leendert Hoogendoorn \/ Gestion du projet europ\u00e9en : Dr Susanne Lux[\/vc_column_text][vc_column_text]T\u00e9l\u00e9phone : + 49 2644 981333<br \/>\nE-mail : susanne.lux(at)meclux.de[\/vc_column_text][vc_column_text]N\u00b0 TVA : DE815617238<br \/>\nIdentifiant fiscal : 206\/5802\/0875[\/vc_column_text][vc_custom_heading text=\u00a0\u00bbAvertissement\u00a0\u00bb use_theme_fonts=\u00a0\u00bbyes\u00a0\u00bb][vc_column_text]Cependant, les positions et opinions exprim\u00e9es appartiennent aux auteurs et ne refl\u00e8tent pas n\u00e9cessairement celles de l\u2019Union europ\u00e9enne ou de l\u2019Agence ex\u00e9cutive europ\u00e9enne pour la recherche (REA). Ni l\u2019Union europ\u00e9enne ni l\u2019autorit\u00e9 charg\u00e9e de l\u2019octroi ne sauraient en \u00eatre tenues pour responsables.[\/vc_column_text][\/vc_column][\/vc_row]<\/p><\/div><div class=\"acf-fields-container\" data-post-id=\"487\" data-canto-acf=\"true\"><\/div><style>\r\n        .acf-fields-container {\r\n            margin: 2em 0;\r\n            width: 100%;\r\n            clear: both;\r\n        }\r\n        .acf-field-image {\r\n            margin: 1.5em 0;\r\n            position: relative;\r\n        }\r\n        .acf-field-label {\r\n            margin-bottom: 1em;\r\n        }\r\n        .acf-image {\r\n            max-width: 100%;\r\n            height: auto;\r\n            display: block;\r\n            margin: 1em 0;\r\n        }\r\n    <\/style>","protected":false},"excerpt":{"rendered":"<p>[vc_row][vc_column][vc_custom_heading text=\u00a0\u00bbPolitique de confidentialit\u00e9\u00a0\u00bb use_theme_fonts=\u00a0\u00bbyes\u00a0\u00bb][vc_column_text]Responsable au sens du paragraphe 6 de la loi allemande \u00ab Teledienstgesetz \u00bb ou de la loi \u00ab Mediendienste Staatsvertrag \u00bb :[\/vc_column_text][vc_column_text css=\u00a0\u00bb\u00a0\u00bb]Stars for Europe GbR, c\/o Central Horticultural Association, Bornheimerstra\u00dfe 37 53111 Bonn Germany Directeur g\u00e9n\u00e9ral : Leendert Hoogendoorn \/ Gestion du projet europ\u00e9en : Dr Susanne Lux[\/vc_column_text][vc_column_text]T\u00e9l\u00e9phone : + [&hellip;]<\/p>\n","protected":false},"author":1,"featured_media":0,"parent":0,"menu_order":0,"comment_status":"closed","ping_status":"closed","template":"","meta":{"_acf_changed":false,"footnotes":""},"class_list":["post-487","page","type-page","status-publish","hentry"],"acf":[],"_links":{"self":[{"href":"https:\/\/sfe-trade.com\/fr\/wp-json\/wp\/v2\/pages\/487","targetHints":{"allow":["GET"]}}],"collection":[{"href":"https:\/\/sfe-trade.com\/fr\/wp-json\/wp\/v2\/pages"}],"about":[{"href":"https:\/\/sfe-trade.com\/fr\/wp-json\/wp\/v2\/types\/page"}],"author":[{"embeddable":true,"href":"https:\/\/sfe-trade.com\/fr\/wp-json\/wp\/v2\/users\/1"}],"replies":[{"embeddable":true,"href":"https:\/\/sfe-trade.com\/fr\/wp-json\/wp\/v2\/comments?post=487"}],"version-history":[{"count":18,"href":"https:\/\/sfe-trade.com\/fr\/wp-json\/wp\/v2\/pages\/487\/revisions"}],"predecessor-version":[{"id":7408,"href":"https:\/\/sfe-trade.com\/fr\/wp-json\/wp\/v2\/pages\/487\/revisions\/7408"}],"wp:attachment":[{"href":"https:\/\/sfe-trade.com\/fr\/wp-json\/wp\/v2\/media?parent=487"}],"curies":[{"name":"wp","href":"https:\/\/api.w.org\/{rel}","templated":true}]}}