{"id":15,"date":"2021-11-17T18:40:58","date_gmt":"2021-11-17T18:40:58","guid":{"rendered":"https:\/\/weihnachtsstern.kinsta.cloud\/fr\/?page_id=15"},"modified":"2025-11-06T13:40:12","modified_gmt":"2025-11-06T12:40:12","slug":"contact","status":"publish","type":"page","link":"https:\/\/sfe-trade.com\/fr\/contact\/","title":{"rendered":"Contact"},"content":{"rendered":"<div class=\"wpb-content-wrapper\"><p>[vc_row][vc_column][vc_column_text el_id=\u00a0\u00bbpersonne-de-contact\u00a0\u00bb]<\/p>\n<h2 style=\"text-align: center;\">Trouver un interlocuteur dans votre pays<\/h2>\n<p>&nbsp;<\/p>\n<p style=\"text-align: center;\">Si vous souhaitez en savoir plus sur nos activit\u00e9s et financements sp\u00e9cifiques \u00e0 un pays,<br \/>\nveuillez cliquer sur le pays correspondant pour afficher les coordonn\u00e9es de votre contact.<\/p>\n<p>[\/vc_column_text][vc_column_text]<div id=\"mapplic-id482\" data-mapdata=\"{&quot;mapwidth&quot;:&quot;1200&quot;,&quot;mapheight&quot;:&quot;620&quot;,&quot;height&quot;:&quot;600&quot;,&quot;minheight&quot;:&quot;450&quot;,&quot;maxheight&quot;:&quot;700&quot;,&quot;action&quot;:&quot;tooltip&quot;,&quot;fillcolor&quot;:&quot;#528F66&quot;,&quot;maxscale&quot;:&quot;4&quot;,&quot;zoommargin&quot;:&quot;200&quot;,&quot;fullscreen&quot;:false,&quot;hovertip&quot;:true,&quot;hovertipdesc&quot;:false,&quot;smartip&quot;:false,&quot;deeplinking&quot;:true,&quot;linknewtab&quot;:false,&quot;minimap&quot;:true,&quot;animations&quot;:false,&quot;zoom&quot;:true,&quot;zoombuttons&quot;:true,&quot;clearbutton&quot;:true,&quot;zoomoutclose&quot;:false,&quot;closezoomout&quot;:false,&quot;mousewheel&quot;:false,&quot;mapfill&quot;:true,&quot;sidebar&quot;:false,&quot;search&quot;:false,&quot;searchdescription&quot;:false,&quot;alphabetic&quot;:true,&quot;thumbholder&quot;:false,&quot;sidebartoggle&quot;:false,&quot;filtersopened&quot;:false,&quot;highlight&quot;:false,&quot;customcss&quot;:&quot;&quot;,&quot;levels&quot;:[{&quot;id&quot;:&quot;europe&quot;,&quot;title&quot;:&quot;Europe&quot;,&quot;map&quot;:&quot;\\\/wp-content\\\/plugins\\\/mapplic\\\/maps\\\/europe.svg&quot;,&quot;minimap&quot;:&quot;&quot;}],&quot;styles&quot;:[],&quot;categories&quot;:[],&quot;locations&quot;:[{&quot;id&quot;:&quot;se&quot;,&quot;title&quot;:&quot;Su\\u00e8de&quot;,&quot;description&quot;:&quot;LANTBRUKARNAS RIKSF\\u00d6RBUND&lt;br\\\/&gt;\\nFE 312, 838 73 Fr\\u00f6s\\u00f6n&lt;br\\\/&gt;\\nMalin Hides\\u00e4ter&lt;br\\\/&gt;\\n\\ud83d\\udcde+46 1018 433 99&lt;br\\\/&gt;\\n\\u2709&lt;a href=\\&quot;mailto:malin@blomsterframjandet.se\\&quot;&gt;malin@blomsterframjandet.se&lt;\\\/a&gt;&quot;,&quot;action&quot;:&quot;tooltip&quot;,&quot;pin&quot;:&quot;hidden&quot;,&quot;x&quot;:&quot;0.5624&quot;,&quot;y&quot;:&quot;0.3186&quot;,&quot;color&quot;:&quot;#528F66&quot;,&quot;level&quot;:&quot;europe&quot;},{&quot;id&quot;:&quot;no&quot;,&quot;title&quot;:&quot;Norv\\u00e8ge&quot;,&quot;description&quot;:&quot;Opplysningskontoret for blomster og planter&lt;br\\\/&gt;\\nSchweigaardsgt. 34 F 0191 Oslo, Norway&lt;br\\\/&gt;\\nSiv Iren S\\u00f8rensen-Moe&lt;br\\\/&gt;\\n\\ud83d\\udcde400 79 995&lt;br\\\/&gt;\\n\\u2709&lt;a href=\\&quot;mailto:obp@gartnerforbundet.no\\&quot;&gt;obp@gartnerforbundet.no&lt;\\\/a&gt;&quot;,&quot;action&quot;:&quot;tooltip&quot;,&quot;pin&quot;:&quot;hidden&quot;,&quot;x&quot;:&quot;0.5116&quot;,&quot;y&quot;:&quot;0.3919&quot;,&quot;color&quot;:&quot;#528F66&quot;,&quot;level&quot;:&quot;europe&quot;},{&quot;id&quot;:&quot;uk&quot;,&quot;title&quot;:&quot;Royaume-Uni&quot;,&quot;description&quot;:&quot;Hornby George PR&lt;br \\\/&gt;\\nKimberley Hornby\\n&lt;br \\\/&gt;\\u2709&lt;a href=\\&quot;mailto:kimberley@hornbygeorgepr.com\\&quot;&gt;kimberley@hornbygeorgepr.com&lt;\\\/a&gt;&quot;,&quot;action&quot;:&quot;tooltip&quot;,&quot;pin&quot;:&quot;hidden&quot;,&quot;x&quot;:&quot;0.4450&quot;,&quot;y&quot;:&quot;0.5927&quot;,&quot;color&quot;:&quot;#528F66&quot;,&quot;level&quot;:&quot;europe&quot;},{&quot;id&quot;:&quot;de&quot;,&quot;title&quot;:&quot;Allemagne&quot;,&quot;description&quot;:&quot;Stars for Europe GbR&lt;br \\\/&gt;c\\\/o Zentralverband Gartenbau&lt;br \\\/&gt;Bornheimerstra\\u00dfe 37 &lt;br \\\/&gt;53111 Bonn&lt;br \\\/&gt;Germany&lt;br \\\/&gt;Stephanie Bauer&lt;br \\\/&gt;\\ud83d\\udcde0800 24 12 100&lt;\\\/p&gt;\\u2709 &lt;a href=\\&quot;mailto:presse@stars-for-europe.eu\\&quot;&gt;presse@stars-for-europe.eu&lt;\\\/a&gt;&lt;\\\/p&gt;&quot;,&quot;action&quot;:&quot;tooltip&quot;,&quot;pin&quot;:&quot;hidden&quot;,&quot;x&quot;:&quot;0.5177&quot;,&quot;y&quot;:&quot;0.5964&quot;,&quot;color&quot;:&quot;#528F66&quot;,&quot;level&quot;:&quot;europe&quot;},{&quot;id&quot;:&quot;at&quot;,&quot;title&quot;:&quot;Autriche&quot;,&quot;description&quot;:&quot;Presseb\\u00fcro Stars for Europe&lt;br \\\/&gt;\\n\\u00d6sterreichische Blumenwerbung\\nLaxenburger Stra\\u00dfe 367, 1230 Wien&lt;br \\\/&gt;\\nNada Bakajlic&lt;br \\\/&gt;\\n\\ud83d\\udcde 0043 1 615 12 98&lt;br \\\/&gt;\\n\\u2709 &lt;a href=\\&quot;mailto:office@blumenbuero.or.at\\&quot;&gt;office@blumenbuero.or.at&lt;\\\/a&gt;&quot;,&quot;action&quot;:&quot;tooltip&quot;,&quot;pin&quot;:&quot;hidden&quot;,&quot;x&quot;:&quot;0.5479&quot;,&quot;y&quot;:&quot;0.6862&quot;,&quot;color&quot;:&quot;#528F66&quot;,&quot;level&quot;:&quot;europe&quot;},{&quot;id&quot;:&quot;ch&quot;,&quot;title&quot;:&quot;Suisse&quot;,&quot;description&quot;:&quot;Boldt AG&lt;br\\\/&gt;\\nFreigutstrasse 27, 8008 Z\\u00fcrich\\nSchweiz&lt;br\\\/&gt;\\nDebora Hofmann&lt;br\\\/&gt;\\n\\u2709&lt;a href=\\&quot;mailto:debora.hofmann@boldtpartners.com\\&quot;&gt;debora.hofmann@boldtpartners.com&lt;\\\/a&gt; &quot;,&quot;action&quot;:&quot;tooltip&quot;,&quot;pin&quot;:&quot;hidden&quot;,&quot;x&quot;:&quot;0.5048&quot;,&quot;y&quot;:&quot;0.7020&quot;,&quot;color&quot;:&quot;#528F66&quot;,&quot;level&quot;:&quot;europe&quot;},{&quot;id&quot;:&quot;fr&quot;,&quot;title&quot;:&quot;France&quot;,&quot;description&quot;:&quot;Comm&#039;on Agency SASU&lt;br \\\/&gt;Tiendweg 4E, 2671 SB Naaldwijk58, rue Denis Papin, 93500 Pantin&lt;br \\\/&gt;France&lt;br \\\/&gt;Julie Ledantec &lt;br \\\/&gt;\\ud83d\\udcde+33 (0)6 33 85 96 83&lt;br \\\/&gt;\\u2709&lt;a href=\\&quot;mailto:julie@commonagency.fr\\&quot;&gt;julie@commonagency.fr&lt;\\\/a&gt;&quot;,&quot;action&quot;:&quot;tooltip&quot;,&quot;pin&quot;:&quot;hidden&quot;,&quot;x&quot;:&quot;0.4723&quot;,&quot;y&quot;:&quot;0.6779&quot;,&quot;color&quot;:&quot;#528F66&quot;,&quot;level&quot;:&quot;europe&quot;},{&quot;id&quot;:&quot;ro&quot;,&quot;title&quot;:&quot;Roumanie&quot;,&quot;description&quot;:&quot;Deci Se Poate&lt;br\\\/&gt;\\nStrada Romulus 32, Bucure\\u0219ti 030563,\\nRomania&lt;br\\\/&gt;\\nLaura Iv\\u0103ncioiu&lt;br\\\/&gt;\\n\\ud83d\\udcde+40 0724 2322 42&lt;br\\\/&gt;\\n\\u2709&lt;a href=\\&quot;mailto:laura@decisepoate.ro\\&quot;&gt;laura@decisepoate.ro&lt;\\\/a&gt;&quot;,&quot;action&quot;:&quot;tooltip&quot;,&quot;pin&quot;:&quot;hidden&quot;,&quot;x&quot;:&quot;0.6149&quot;,&quot;y&quot;:&quot;0.7159&quot;,&quot;color&quot;:&quot;#528F66&quot;,&quot;level&quot;:&quot;europe&quot;},{&quot;id&quot;:&quot;es&quot;,&quot;title&quot;:&quot;Espagne&quot;,&quot;description&quot;:&quot;Floracom&lt;br \\\/&gt;\\nC\\\/ San Juan de Ribera, 46 \\\/ 46970 Alaquas, Valencia&lt;br \\\/&gt;\\nRafa Brines&lt;br \\\/&gt;\\n\\ud83d\\udcde\\u00a0+34 608 769 248&lt;br \\\/&gt;\\n\\u2709\\u00a0&lt;a href=\\&quot;mailto:rafa.brines@floracom.es\\&quot;&gt;rafa.brines@floracom.es&lt;\\\/a&gt;&lt;br \\\/&gt;\\nAletreo PR&lt;br \\\/&gt;\\nC\\\/ Espinosa, 8, Despacho 403, 46008 Valencia&lt;br \\\/&gt;\\nAntonio Monsalve&lt;br \\\/&gt;\\n\\ud83d\\udcde\\u00a0+34 656 266 846&lt;br \\\/&gt;\\n\\u2709\\u00a0&lt;a href=\\&quot;mailto:antonio@aletreo.com\\&quot;&gt;antonio@aletreo.com&lt;\\\/a&gt;\\n&lt;br \\\/&gt;&quot;,&quot;action&quot;:&quot;tooltip&quot;,&quot;pin&quot;:&quot;hidden&quot;,&quot;x&quot;:&quot;0.4254&quot;,&quot;y&quot;:&quot;0.8485&quot;,&quot;color&quot;:&quot;#528F66&quot;,&quot;level&quot;:&quot;europe&quot;},{&quot;id&quot;:&quot;dk&quot;,&quot;title&quot;:&quot;Danemark&quot;,&quot;description&quot;:&quot;Hillebro Nielsen&lt;br\\\/&gt;\\nAnna Marie&lt;br\\\/&gt;\\n\\u2709&lt;a href=\\&quot;am@hillebro.com\\&quot;&gt;am@hillebro.com&lt;\\\/a&gt;&quot;,&quot;action&quot;:&quot;tooltip&quot;,&quot;pin&quot;:&quot;hidden&quot;,&quot;x&quot;:&quot;0.5149&quot;,&quot;y&quot;:&quot;0.5057&quot;,&quot;color&quot;:&quot;#528F66&quot;,&quot;level&quot;:&quot;europe&quot;},{&quot;id&quot;:&quot;it&quot;,&quot;title&quot;:&quot;Italie&quot;,&quot;description&quot;:&quot;Ad Mirabilia&lt;br \\\/&gt;\\nVia Ariosto, 28, 20145 Milano&lt;br \\\/&gt;\\nChiara Carinelli&lt;br \\\/&gt;\\n\\ud83d\\udcde +39 02 4382 1948&lt;br \\\/&gt;\\n\\u2709 &lt;a href=\\&quot;mailto:carinelli@admirabilia.it\\&quot;&gt;carinelli@admirabilia.it&lt;\\\/a&gt;\\n&lt;br \\\/&gt;&quot;,&quot;action&quot;:&quot;tooltip&quot;,&quot;pin&quot;:&quot;hidden&quot;,&quot;x&quot;:&quot;0.5354&quot;,&quot;y&quot;:&quot;0.7696&quot;,&quot;color&quot;:&quot;#528F66&quot;,&quot;level&quot;:&quot;europe&quot;},{&quot;id&quot;:&quot;pl&quot;,&quot;title&quot;:&quot;Pologne&quot;,&quot;description&quot;:&quot;PiArt Agencja PR w Warszawie&lt;br \\\/&gt;\\nKamila \\u017bmijewska&lt;br \\\/&gt;\\nUl. Libijska 16 lok. 42, 03-977 Warszawa&lt;br \\\/&gt;\\n\\ud83d\\udcde +48 660 450 480&lt;br \\\/&gt;\\n\\u2709 &lt;a href=\\&quot;mailto:info@piart.pl\\&quot;&gt;info@piart.pl&lt;\\\/a&gt;\\n&lt;br \\\/&gt;&quot;,&quot;action&quot;:&quot;tooltip&quot;,&quot;pin&quot;:&quot;hidden&quot;,&quot;x&quot;:&quot;0.5790&quot;,&quot;y&quot;:&quot;0.6066&quot;,&quot;color&quot;:&quot;#528F66&quot;,&quot;level&quot;:&quot;europe&quot;},{&quot;id&quot;:&quot;nl&quot;,&quot;title&quot;:&quot;Pays-Bas&quot;,&quot;description&quot;:&quot;Concept Factory BV&lt;\\\/p&gt;\\nVeemarktkade 8, 5222 AE &#039;s-Hertogenbosch, Netherlands&lt;\\\/p&gt;\\n\\ud83d\\udcde+31 (0)73 303 0070&lt;\\\/p&gt;\\u2709 &lt;a href=\\&quot;mailto:info@conceptfactory.eu\\&quot;&gt;info@conceptfactory.eu&lt;\\\/a&gt;&lt;\\\/p&gt;&quot;,&quot;action&quot;:&quot;tooltip&quot;,&quot;pin&quot;:&quot;hidden&quot;,&quot;x&quot;:&quot;0.4900&quot;,&quot;y&quot;:&quot;0.5955&quot;,&quot;color&quot;:&quot;#528F66&quot;,&quot;level&quot;:&quot;europe&quot;},{&quot;id&quot;:&quot;cz&quot;,&quot;title&quot;:&quot;R\\u00e9publique tch\\u00e8que&quot;,&quot;description&quot;:&quot;Grayling Czech Republic&lt;br\\\/&gt;\\nPalack\\u00e9ho 1, 110 00 Praha 1&lt;br\\\/&gt;\\nPetra Sejpalov\\u00e1&lt;br\\\/&gt;\\n\\ud83d\\udcde+420 777 666 722&lt;br\\\/&gt;\\n\\u2709&lt;a href=\\&quot;mailto: petra.sejpalova@grayling.com\\&quot;&gt; petra.sejpalova@grayling.com&lt;\\\/a&gt;&quot;,&quot;action&quot;:&quot;tooltip&quot;,&quot;pin&quot;:&quot;hidden&quot;,&quot;x&quot;:&quot;0.5474&quot;,&quot;y&quot;:&quot;0.6464&quot;,&quot;color&quot;:&quot;#528F66&quot;,&quot;level&quot;:&quot;europe&quot;},{&quot;id&quot;:&quot;gr&quot;,&quot;title&quot;:&quot;Gr\\u00e8ce&quot;,&quot;description&quot;:&quot;Action PR Hellas&lt;br \\\/&gt;\\n\\u039e\\u03b5\\u03bd\\u03bf\\u03c6\\u03ce\\u03bd\\u03c4\\u03bf\\u03c2 15\\u0391, 10557, \\u0391\\u03b8\\u03ae\\u03bd\\u03b1&lt;br \\\/&gt;\\n\\u039c\\u03b1\\u03c1\\u03c4\\u03af\\u03bd\\u03b1 \\u039d\\u03b9\\u03ba\\u03bf\\u03bb\\u03ac\\u03bf\\u03c5&lt;br \\\/&gt;\\n\\ud83d\\udcde+30 210 72 40 160&lt;br \\\/&gt;\\n\\u2709 &lt;a href=\\&quot;mailto:martina.n@actionprgroup.com\\&quot;&gt;martina.n@actionprgroup.com&lt;\\\/a&gt;\\n&lt;br \\\/&gt; &quot;,&quot;action&quot;:&quot;tooltip&quot;,&quot;pin&quot;:&quot;hidden&quot;,&quot;x&quot;:&quot;0.5933&quot;,&quot;y&quot;:&quot;0.8298&quot;,&quot;color&quot;:&quot;#528F66&quot;,&quot;level&quot;:&quot;europe&quot;},{&quot;id&quot;:&quot;fi&quot;,&quot;title&quot;:&quot;Finlande&quot;,&quot;description&quot;:&quot;Kauppapuutarhaliitto ry&lt;br\\\/&gt;\\nVeljestentie 16, 00730 Helsinki,Finnland&lt;br\\\/&gt;\\nMinna Rantala&lt;br\\\/&gt;\\n\\ud83d\\udcde+35 8503 0905 58&lt;br\\\/&gt;\\n\\u2709&lt;a href=\\&quot;mailto:minna.rantala@kauppapuutarhaliitto.fi\\&quot;&gt;minna.rantala@kauppapuutarhaliitto.fi&lt;\\\/a&gt;&quot;,&quot;action&quot;:&quot;tooltip&quot;,&quot;pin&quot;:&quot;hidden&quot;,&quot;x&quot;:&quot;0.6193&quot;,&quot;y&quot;:&quot;0.3719&quot;,&quot;color&quot;:&quot;#528F66&quot;,&quot;level&quot;:&quot;europe&quot;},{&quot;id&quot;:&quot;sk&quot;,&quot;title&quot;:&quot;Slovaquie&quot;,&quot;description&quot;:&quot;Grayling Slovakia &lt;br\\\/&gt;\\nPalis\\u00e1dy 36, 811 06 Bratislava\\nSlovensko&lt;br\\\/&gt;\\nDasa Paulickova&lt;br\\\/&gt;\\n\\ud83d\\udcde+421 2 5920 1405 \\\/ +421 915 759 465\\n&lt;br\\\/&gt;\\n\\u2709&lt;a href=\\&quot;mailto: dasa.paulickova@grayling.com\\&quot;&gt; dasa.paulickova@grayling.com&lt;\\\/a&gt;&quot;,&quot;action&quot;:&quot;tooltip&quot;,&quot;pin&quot;:&quot;hidden&quot;,&quot;x&quot;:&quot;0.5766&quot;,&quot;y&quot;:&quot;0.6686&quot;,&quot;color&quot;:&quot;#528F66&quot;,&quot;level&quot;:&quot;europe&quot;},{&quot;id&quot;:&quot;hr&quot;,&quot;title&quot;:&quot;Croatie&quot;,&quot;description&quot;:&quot;Val grupa komunikacije \\\/ produkt.hr&lt;br \\\/&gt;Ul. Grada Vukovara 269D, 10 000 Zagreb&lt;br \\\/&gt;Zorana Klickovic&lt;br \\\/&gt;\\ud83d\\udcde+385 91 6400 895&lt;br \\\/&gt;\\u2709&lt;a href=\\&quot;mailto:zorana.klickovic@produkt.hr\\&quot;&gt;zorana.klickovic@produkt.hr&lt;\\\/a&gt;&lt;\\\/p&gt;&quot;,&quot;action&quot;:&quot;tooltip&quot;,&quot;pin&quot;:&quot;hidden&quot;,&quot;x&quot;:&quot;0.5613&quot;,&quot;y&quot;:&quot;0.7261&quot;,&quot;color&quot;:&quot;#528F66&quot;,&quot;level&quot;:&quot;europe&quot;},{&quot;id&quot;:&quot;hu&quot;,&quot;title&quot;:&quot;Hongrie&quot;,&quot;description&quot;:&quot;Red Lemon Media Group&lt;br\\\/&gt;\\nBudapest, \\u00dcr\\u00f6mi u. 43, 1023 \\nUngarn&lt;br\\\/&gt;Kov\\u00e1cs Tam\\u00e1s&lt;br\\\/&gt;\\n\\ud83d\\udcde+36 20 501 8387&lt;br\\\/&gt;\\n\\u2709&lt;a href=\\&quot;mailto: kovacs.tamas@redlemon.hu\\&quot;&gt; kovacs.tamas@redlemon.hu&lt;\\\/a&gt;&quot;,&quot;action&quot;:&quot;tooltip&quot;,&quot;pin&quot;:&quot;hidden&quot;,&quot;x&quot;:&quot;0.5723&quot;,&quot;y&quot;:&quot;0.7020&quot;,&quot;color&quot;:&quot;#528F66&quot;,&quot;level&quot;:&quot;europe&quot;},{&quot;id&quot;:&quot;si&quot;,&quot;title&quot;:&quot;Slov\\u00e9nie&quot;,&quot;description&quot;:&quot;Grayling&lt;br\\\/&gt;\\nAjdov\\u0161\\u010dina 4, 1000 Ljubljana&lt;br\\\/&gt;\\nKristina Bogataj&lt;br\\\/&gt;\\n\\ud83d\\udcde+386 (0)40 168 851&lt;br\\\/&gt;\\n\\u2709&lt;a href=\\&quot;mailto:kristina.bogataj@grayling.com\\&quot;&gt;kristina.bogataj@grayling.com&lt;\\\/a&gt; &quot;,&quot;action&quot;:&quot;tooltip&quot;,&quot;pin&quot;:&quot;hidden&quot;,&quot;x&quot;:&quot;0.5474&quot;,&quot;y&quot;:&quot;0.7186&quot;,&quot;color&quot;:&quot;#528F66&quot;,&quot;level&quot;:&quot;europe&quot;},{&quot;id&quot;:&quot;be&quot;,&quot;title&quot;:&quot;Belgique&quot;,&quot;description&quot;:&quot;Concept Factory BV&lt;\\\/p&gt;\\nVeemarktkade 8, 5222 AE &#039;s-Hertogenbosch, Netherlands&lt;\\\/p&gt;\\n\\ud83d\\udcde+31 (0)73 303 0070&lt;\\\/p&gt;\\u2709 &lt;a href=\\&quot;mailto:info@conceptfactory.eu\\&quot;&gt;info@conceptfactory.eu&lt;\\\/a&gt;&lt;\\\/p&gt;&quot;,&quot;action&quot;:&quot;tooltip&quot;,&quot;pin&quot;:&quot;hidden&quot;,&quot;x&quot;:&quot;0.4862&quot;,&quot;y&quot;:&quot;0.6307&quot;,&quot;color&quot;:&quot;#528F66&quot;,&quot;level&quot;:&quot;europe&quot;},{&quot;id&quot;:&quot;bg&quot;,&quot;title&quot;:&quot;Bulgarie&quot;,&quot;description&quot;:&quot;\\u0413\\u0440\\u0435\\u0439\\u043b\\u0438\\u043d\\u0433 \\u0411\\u044a\\u043b\\u0433\\u0430\\u0440\\u0438\\u044f&lt;br\\\/&gt;\\n\\u0443\\u043b. \\u041f\\u043e\\u0437\\u0438\\u0442\\u0430\\u043d\\u043e 9\\u0410, \\u0421\\u043e\\u0444\\u0438\\u044f, \\u0411\\u044a\\u043b\\u0433\\u0430\\u0440\\u0438\\u044f&lt;br\\\/&gt;\\n\\u042f\\u043d\\u0430 \\u041f\\u0435\\u0442\\u043a\\u043e\\u0432\\u0441\\u043a\\u0430&lt;br\\\/&gt;\\n\\ud83d\\udcde+359 888 770 181&lt;br\\\/&gt;\\n\\u2709&lt;a href=\\&quot;mailto:yana.petkovska@grayling.com\\&quot;&gt;yana.petkovska@grayling.com&lt;\\\/a&gt;&quot;,&quot;action&quot;:&quot;tooltip&quot;,&quot;pin&quot;:&quot;hidden&quot;,&quot;x&quot;:&quot;0.6158&quot;,&quot;y&quot;:&quot;0.7770&quot;,&quot;color&quot;:&quot;#528F66&quot;,&quot;level&quot;:&quot;europe&quot;}]}\"><\/div>[\/vc_column_text][\/vc_column][\/vc_row][vc_row][vc_column][vc_column_text]<\/p>\n<h2 style=\"text-align: center;\">Contacter l\u2019\u00e9quipe responsable<\/h2>\n<p style=\"text-align: center;\">Pour contacter l\u2019\u00e9quipe de gestion du projet SfE, veuillez utiliser les coordonn\u00e9es suivantes.<\/p>\n<p>[\/vc_column_text][vc_column_text][\/vc_column_text][\/vc_column][\/vc_row][vc_row el_class=\u00a0\u00bbpfe-addresses\u00a0\u00bb][vc_column width=\u00a0\u00bb1\/3&Prime;][vc_column_text]<strong>Responsable de projet<\/strong><br \/>\nDr. Susanne Lux<br \/>\n<i class=\"fa fa-phone\"><\/i> + 49 2644 981333<br \/>\n<i class=\"fa fa-envelope\"><\/i> <a href=\"mailto:susanne.lux@meclux.de\">susanne.lux@meclux.de<\/a>[\/vc_column_text][\/vc_column][vc_column width=\u00a0\u00bb1\/3&Prime;][vc_column_text]<strong>Chef de projet<\/strong><br \/>\nDr. Rainer Kr\u00e4mer<br \/>\n<i class=\"fa fa-envelope\"><\/i> <a href=\"mailto:rainer@greenmarketingeurope.eu\">rainer@greenmarketingeurope.eu<\/a>[\/vc_column_text][\/vc_column][vc_column width=\u00a0\u00bb1\/3&Prime;][vc_column_text css=\u00a0\u00bb\u00a0\u00bb]<strong>Responsable de la communication<\/strong><br \/>\nHelena Ebrahimi<br \/>\n<i class=\"fa fa-envelope\"><\/i> <a href=\"mailto:helena@greenmarketingeurope.eu\">helena@greenmarketingeurope.eu<\/a>[\/vc_column_text][\/vc_column][\/vc_row][vc_row][vc_column][vc_column_text css=\u00a0\u00bb\u00a0\u00bb][\/vc_column_text][\/vc_column][\/vc_row][vc_row][vc_column][vc_column_text css=\u00a0\u00bb\u00a0\u00bb][\/vc_column_text][vc_custom_heading text=\u00a0\u00bbContactez le service de presse pour la France\u00a0\u00bb font_container=\u00a0\u00bbtag:h2|text_align:center\u00a0\u00bb use_theme_fonts=\u00a0\u00bbyes\u00a0\u00bb css=\u00a0\u00bb\u00a0\u00bb][vc_column_text css=\u00a0\u00bb\u00a0\u00bb]Si vous souhaitez contacter l\u2019\u00e9quipe fran\u00e7aise de notre service de presse, voici leurs coordonn\u00e9es :[\/vc_column_text][vc_column_text css=\u00a0\u00bb\u00a0\u00bb][\/vc_column_text][\/vc_column][\/vc_row][vc_row el_class=\u00a0\u00bbpfe-addresses\u00a0\u00bb][vc_column width=\u00a0\u00bb1\/3&Prime;][vc_column_text css=\u00a0\u00bb\u00a0\u00bb]<strong>Comm&rsquo;on Agency SASU<\/strong><br \/>\n58, rue Denis Papin, 93500 Pantin<br \/>\nFrance<\/p>\n<p>Julie Dardelet-Guerin<br \/>\n<i class=\"fa fa-envelope\"><\/i> <a href=\"mailto:julie@commonagency.fr\">julie@commonagency.fr<\/a>[\/vc_column_text][\/vc_column][vc_column width=\u00a0\u00bb1\/3&Prime;][\/vc_column][vc_column width=\u00a0\u00bb1\/3&Prime;][\/vc_column][\/vc_row]<\/p><\/div><div class=\"acf-fields-container\" data-post-id=\"15\" data-canto-acf=\"true\"><\/div><style>\r\n        .acf-fields-container {\r\n            margin: 2em 0;\r\n            width: 100%;\r\n            clear: both;\r\n        }\r\n        .acf-field-image {\r\n            margin: 1.5em 0;\r\n            position: relative;\r\n        }\r\n        .acf-field-label {\r\n            margin-bottom: 1em;\r\n        }\r\n        .acf-image {\r\n            max-width: 100%;\r\n            height: auto;\r\n            display: block;\r\n            margin: 1em 0;\r\n        }\r\n    <\/style>","protected":false},"excerpt":{"rendered":"<p>[vc_row][vc_column][vc_column_text el_id=\u00a0\u00bbpersonne-de-contact\u00a0\u00bb] Trouver un interlocuteur dans votre pays &nbsp; Si vous souhaitez en savoir plus sur nos activit\u00e9s et financements sp\u00e9cifiques \u00e0 un pays, veuillez cliquer sur le pays correspondant pour afficher les coordonn\u00e9es de votre contact. [\/vc_column_text][vc_column_text][\/vc_column_text][\/vc_column][\/vc_row][vc_row][vc_column][vc_column_text] Contacter l\u2019\u00e9quipe responsable Pour contacter l\u2019\u00e9quipe de gestion du projet SfE, veuillez utiliser les coordonn\u00e9es suivantes. [\/vc_column_text][vc_column_text][\/vc_column_text][\/vc_column][\/vc_row][vc_row [&hellip;]<\/p>\n","protected":false},"author":1,"featured_media":4379,"parent":0,"menu_order":0,"comment_status":"closed","ping_status":"closed","template":"template-parts\/contact-us.php","meta":{"_acf_changed":false,"footnotes":""},"class_list":["post-15","page","type-page","status-publish","has-post-thumbnail","hentry"],"acf":[],"_links":{"self":[{"href":"https:\/\/sfe-trade.com\/fr\/wp-json\/wp\/v2\/pages\/15","targetHints":{"allow":["GET"]}}],"collection":[{"href":"https:\/\/sfe-trade.com\/fr\/wp-json\/wp\/v2\/pages"}],"about":[{"href":"https:\/\/sfe-trade.com\/fr\/wp-json\/wp\/v2\/types\/page"}],"author":[{"embeddable":true,"href":"https:\/\/sfe-trade.com\/fr\/wp-json\/wp\/v2\/users\/1"}],"replies":[{"embeddable":true,"href":"https:\/\/sfe-trade.com\/fr\/wp-json\/wp\/v2\/comments?post=15"}],"version-history":[{"count":46,"href":"https:\/\/sfe-trade.com\/fr\/wp-json\/wp\/v2\/pages\/15\/revisions"}],"predecessor-version":[{"id":7510,"href":"https:\/\/sfe-trade.com\/fr\/wp-json\/wp\/v2\/pages\/15\/revisions\/7510"}],"wp:featuredmedia":[{"embeddable":true,"href":"https:\/\/sfe-trade.com\/fr\/wp-json\/wp\/v2\/media\/4379"}],"wp:attachment":[{"href":"https:\/\/sfe-trade.com\/fr\/wp-json\/wp\/v2\/media?parent=15"}],"curies":[{"name":"wp","href":"https:\/\/api.w.org\/{rel}","templated":true}]}}