{"id":655,"date":"2021-12-27T18:24:59","date_gmt":"2021-12-27T17:24:59","guid":{"rendered":"https:\/\/weihnachtsstern.kinsta.cloud\/es\/?page_id=655"},"modified":"2025-12-22T07:44:54","modified_gmt":"2025-12-22T06:44:54","slug":"productores","status":"publish","type":"page","link":"https:\/\/sfe-trade.com\/es\/productores\/","title":{"rendered":"Productores"},"content":{"rendered":"<div class=\"wpb-content-wrapper\"><p>[vc_row][vc_column][vc_custom_heading text=\u00bbCon nuestra ayuda podr\u00e1s vender m\u00e1s flores de Pascua\u00bb font_container=\u00bbtag:h2|text_align:center\u00bb use_theme_fonts=\u00bbyes\u00bb el_class=\u00bbpfe-small2&#8243; el_id=\u00bbcon-nuestra-ayuda\u00bb][vc_column_text]<\/p>\n<p style=\"text-align: center;\">Todos los a\u00f1os llegamos a millones de consumidores con nuestras campa\u00f1as de marketing y relaciones p\u00fablicas a gran escala, promocionando su producto directamente a los consumidores finales. Aqu\u00ed puedes encontrar m\u00e1s informaci\u00f3n sobre lo que hacemos para ti y c\u00f3mo puedes beneficiarte personalmente de nuestro trabajo, ya sea como experto convocado para entrevistas de prensa o haciendo uso de nuestras fotograf\u00edas, contenidos y v\u00eddeos.<\/p>\n<p>[\/vc_column_text][\/vc_column][\/vc_row][vc_row el_class=\u00bbpfe-flexibel-abstand\u00bb][vc_column][vc_empty_space height=\u00bb50px\u00bb][\/vc_column][\/vc_row][vc_row][vc_column width=\u00bb1\/2&#8243;][vc_single_image image=\u00bb5164&#8243; img_size=\u00bbfull\u00bb][\/vc_column][vc_column width=\u00bb1\/2&#8243;][vc_custom_heading text=\u00bbInspirando a los consumidores\u00bb use_theme_fonts=\u00bbyes\u00bb el_class=\u00bbpfe-small2&#8243;][vc_column_text]Nuestra\u00a0 potente campa\u00f1a dirigida al consumidor se centra en la promoci\u00f3n de los beneficios de la flor de Pascua, la concienciaci\u00f3n y la motivaci\u00f3n para que m\u00e1s personas compren tus plantas. Llevamos Poinsettia a la televisi\u00f3n y la radio, nos asociamos con personas influyentes de alto nivel, la flor de Pascua aparece en los principales peri\u00f3dicos y revistas de moda, y es el centro de atenci\u00f3n en festivales y eventos.<\/p>\n<p>Para ver lo que se ha conseguido en tu pa\u00eds, lee nuestro \u00faltimo informe anual o suscr\u00edbete a nuestros boletines.[\/vc_column_text][vc_column_text]<a href=\"https:\/\/mailchi.mp\/7c03187f3781\/starsforeurope\"><br \/>\nSuscr\u00edbete al bolet\u00edn informativo&gt;&gt;<\/a>[\/vc_column_text][\/vc_column][\/vc_row][vc_row el_class=\u00bbpfe-flexibel-abstand\u00bb][vc_column][vc_empty_space height=\u00bb50px\u00bb][\/vc_column][\/vc_row][vc_row][vc_column width=\u00bb1\/2&#8243;][vc_custom_heading text=\u00bbOportunidades para colaboraci\u00f3n\u00bb use_theme_fonts=\u00bbyes\u00bb el_class=\u00bbpfe-small2&#8243;][vc_column_text]Generamos oportunidades para que los productores participen activamente en la SfE y descubran nuevas posibilidades. \u00bfTe gustar\u00eda que tu vivero apareciera en la televisi\u00f3n en horario de m\u00e1xima audiencia, que te entrevistaran en la radio regional, que tus plantas se expusieran en las principales ferias de jardiner\u00eda del mundo y que se establecieran redes con otros agentes clave del sector?<\/p>\n<p>Ponte en contacto con nosotros, siempre estamos dispuestos a establecer nuevas relaciones con los productores.[\/vc_column_text][vc_column_text]<a href=\"\/es\/contacto\/\">Contactar con la oficina de SfE en mi pa\u00eds &gt;&gt;<\/a>[\/vc_column_text][\/vc_column][vc_column width=\u00bb1\/2&#8243;][vc_single_image image=\u00bb5119&#8243; img_size=\u00bbfull\u00bb][\/vc_column][\/vc_row][vc_row el_class=\u00bbpfe-flexibel-abstand\u00bb][vc_column][vc_empty_space height=\u00bb50px\u00bb][\/vc_column][\/vc_row][vc_row][vc_column width=\u00bb1\/2&#8243;][vc_single_image image=\u00bb5123&#8243; img_size=\u00bbfull\u00bb][\/vc_column][vc_column width=\u00bb1\/2&#8243;][vc_custom_heading text=\u00bbRecursos para clientes\u00bb use_theme_fonts=\u00bbyes\u00bb el_class=\u00bbpfe-small2&#8243;][vc_column_text]A trav\u00e9s de nuestra campa\u00f1a, puedes proporcionar m\u00e1s apoyo a tus propios clientes y contactos del sector. Ofrecemos una serie de herramientas para que tus clientes se beneficien de ellas. Entre ellas se incluyen consejos de marketing, v\u00eddeos, materiales de comunicaci\u00f3n y una amplia biblioteca fotogr\u00e1fica. Puedes compartir nuestros recursos con tus clientes y contactos o utilizarlos t\u00fa mismo.[\/vc_column_text][vc_column_text]<a href=\"\/es\/minoristas\/\">Ver recursos para tiendas &gt;&gt;<\/a>[\/vc_column_text][\/vc_column][\/vc_row][vc_row disable_element=\u00bbyes\u00bb el_class=\u00bbpfe-flexibel-abstand\u00bb][vc_column][vc_empty_space height=\u00bb50px\u00bb][\/vc_column][\/vc_row][vc_row disable_element=\u00bbyes\u00bb][vc_column width=\u00bb1\/2&#8243;][vc_custom_heading text=\u00bbAre you a producer?\u00bb use_theme_fonts=\u00bbyes\u00bb el_class=\u00bbpfe-small2&#8243;][vc_column_text]If you grow poinsettias and would like to get involved in the campaign, get in touch.<\/p>\n<p><strong>Stars for Europe Communications Manager,<\/strong><br \/>\nHannah Dunne,<br \/>\n<strong>Tel:<\/strong> +44 7533 076185<br \/>\n<strong>Email:<\/strong> <a href=\"mailto:communication@org-intern.info\">communication@org-intern.info<\/a><\/p>\n<p><a href=\"https:\/\/weihnachtsstern.kinsta.cloud\/es\/pos-material\/\">Find contact person in my country &gt;&gt;<\/a>[\/vc_column_text][\/vc_column][vc_column width=\u00bb1\/2&#8243;][vc_single_image image=\u00bb5161&#8243; img_size=\u00bbfull\u00bb][\/vc_column][\/vc_row][vc_row el_class=\u00bbpfe-flexibel-abstand\u00bb][vc_column][vc_empty_space height=\u00bb50px\u00bb][\/vc_column][\/vc_row][vc_row][vc_column width=\u00bb1\/2&#8243;][vc_custom_heading text=\u00bbIntercambio de conocimiento\u00bb use_theme_fonts=\u00bbyes\u00bb el_class=\u00bbpfe-small2&#8243;][vc_column_text]\u00bfEst\u00e1s interesado en aprender valiosos conocimientos sobre tu sector? La SfE lleva a cabo diversas formas de investigaci\u00f3n, desde el an\u00e1lisis del mercado de consumo hasta encuestas sobre m\u00e9todos de producci\u00f3n y sostenibilidad. Tenemos previsto ampliar esta v\u00eda en el futuro, promoviendo el intercambio de conocimientos entre los productores. Ponte en contacto para formar parte de nuestra red y suscr\u00edbete a nuestros boletines para estar al d\u00eda.<\/p>\n<p><a href=\"\/es\/contacto\/\">Encuentra una persona de contacto en mi pa\u00eds &gt;&gt;<\/a><\/p>\n<p><a href=\"https:\/\/mailchi.mp\/7c03187f3781\/starsforeurope\">Suscr\u00edbete ahora al bolet\u00edn de noticias &gt;&gt;<\/a>[\/vc_column_text][\/vc_column][vc_column width=\u00bb1\/2&#8243;][vc_single_image image=\u00bb5167&#8243; img_size=\u00bbfull\u00bb][\/vc_column][\/vc_row][vc_row el_class=\u00bbpfe-flexibel-abstand\u00bb][vc_column][vc_empty_space height=\u00bb50px\u00bb][\/vc_column][\/vc_row][vc_row][vc_column][vc_custom_heading text=\u00bbTestimonios industriales\u00bb use_theme_fonts=\u00bbyes\u00bb el_class=\u00bbpfe-small\u00bb][vc_row_inner][vc_column_inner el_class=\u00bbho\u00bb width=\u00bb1\/3&#8243;][vc_column_text]<strong>Sra. Esslin<\/strong><br \/>\n<strong>1a Garten Ensslin, Alemania<\/strong><br \/>\n\u00abMe gusta mucho utilizar el material de Stars for Europe porque se ofrece a un precio realmente bueno y presenta bonitos motivos. A nuestros clientes les gusta llevarse los regalos y las instrucciones de cuidado son muy valiosas.\u00bb[\/vc_column_text][\/vc_column_inner][vc_column_inner width=\u00bb1\/3\u00bb][vc_column_text]<strong>Anna Kaszewiak,<\/strong><br \/>\n<strong>Experta en marketing, mercado mayorista Bronisze, Polonia<\/strong><br \/>\n\u00abGracias a la campa\u00f1a Stars for Europe, podemos inspirarnos en composiciones y usos interesantes y extraordinarios de esta planta. La calidad mostrada en sus canales es muy alta\u00bb.[\/vc_column_text][\/vc_column_inner][vc_column_inner width=\u00bb1\/3&#8243;][vc_column_text]<strong>Reiner H\u00f6pken, Presidente de la Asociaci\u00f3n de Jardineros Minoristas, Alemania<\/strong><br \/>\n\u00abLa SfE ofrece un excelente apoyo a los productores y al comercio. Con la ayuda de la campa\u00f1a, ya sea en las relaciones p\u00fablicas o en el material de punto de venta para los minoristas, la poinsettia se posiciona como un producto de alta calidad, tanto para regalar como para el hogar.\u00bb[\/vc_column_text][\/vc_column_inner][\/vc_row_inner][\/vc_column][\/vc_row][vc_row el_class=\u00bbpfe-flexibel-abstand\u00bb][vc_column][vc_empty_space height=\u00bb50px\u00bb][\/vc_column][\/vc_row][vc_row el_class=\u00bbpfe-greenborderbox\u00bb][vc_column width=\u00bb2\/3&#8243;][vc_single_image image=\u00bb5169&#8243; img_size=\u00bbfull\u00bb][\/vc_column][vc_column width=\u00bb1\/3&#8243;][vc_custom_heading text=\u00bb\u00bfEres productor?\u00bb use_theme_fonts=\u00bbyes\u00bb el_class=\u00bbpfe-small\u00bb][vc_column_text css=\u00bb\u00bb]\u00bfCultivas flores de Pascua y te gustar\u00eda saber c\u00f3mo apoyar esta iniciativa? Ponte en contacto con nosotros.<\/p>\n<p><strong>Responsable de comunicaci\u00f3n<\/strong><br \/>\nHelena Ebrahimi<br \/>\nEmail: <a href=\"mailto:Helena@greenmarketingeurope.eu\">Helena@greenmarketingeurope.eu<\/a>[\/vc_column_text][vc_column_text]<a href=\"\/es\/contacto\/\">Encontrar a una persona de contacto en mi pa\u00eds &gt;&gt;<\/a>[\/vc_column_text][\/vc_column][\/vc_row]<\/p><\/div><div class=\"acf-fields-container\" data-post-id=\"655\" data-canto-acf=\"true\"><\/div><style>\r\n        .acf-fields-container {\r\n            margin: 2em 0;\r\n            width: 100%;\r\n            clear: both;\r\n        }\r\n        .acf-field-image {\r\n            margin: 1.5em 0;\r\n            position: relative;\r\n        }\r\n        .acf-field-label {\r\n            margin-bottom: 1em;\r\n        }\r\n        .acf-image {\r\n            max-width: 100%;\r\n            height: auto;\r\n            display: block;\r\n            margin: 1em 0;\r\n        }\r\n    <\/style>","protected":false},"excerpt":{"rendered":"<p>[vc_row][vc_column][vc_custom_heading text=\u00bbCon nuestra ayuda podr\u00e1s vender m\u00e1s flores de Pascua\u00bb font_container=\u00bbtag:h2|text_align:center\u00bb use_theme_fonts=\u00bbyes\u00bb el_class=\u00bbpfe-small2&#8243; el_id=\u00bbcon-nuestra-ayuda\u00bb][vc_column_text] Todos los a\u00f1os llegamos a millones de consumidores con nuestras campa\u00f1as de marketing y relaciones p\u00fablicas a gran escala, promocionando su producto directamente a los consumidores finales. Aqu\u00ed puedes encontrar m\u00e1s informaci\u00f3n sobre lo que hacemos para ti y c\u00f3mo puedes [&hellip;]<\/p>\n","protected":false},"author":1,"featured_media":5157,"parent":0,"menu_order":0,"comment_status":"closed","ping_status":"closed","template":"template-parts\/pfe-trade.php","meta":{"_acf_changed":false,"footnotes":""},"class_list":["post-655","page","type-page","status-publish","has-post-thumbnail","hentry"],"acf":[],"_links":{"self":[{"href":"https:\/\/sfe-trade.com\/es\/wp-json\/wp\/v2\/pages\/655","targetHints":{"allow":["GET"]}}],"collection":[{"href":"https:\/\/sfe-trade.com\/es\/wp-json\/wp\/v2\/pages"}],"about":[{"href":"https:\/\/sfe-trade.com\/es\/wp-json\/wp\/v2\/types\/page"}],"author":[{"embeddable":true,"href":"https:\/\/sfe-trade.com\/es\/wp-json\/wp\/v2\/users\/1"}],"replies":[{"embeddable":true,"href":"https:\/\/sfe-trade.com\/es\/wp-json\/wp\/v2\/comments?post=655"}],"version-history":[{"count":159,"href":"https:\/\/sfe-trade.com\/es\/wp-json\/wp\/v2\/pages\/655\/revisions"}],"predecessor-version":[{"id":7797,"href":"https:\/\/sfe-trade.com\/es\/wp-json\/wp\/v2\/pages\/655\/revisions\/7797"}],"wp:featuredmedia":[{"embeddable":true,"href":"https:\/\/sfe-trade.com\/es\/wp-json\/wp\/v2\/media\/5157"}],"wp:attachment":[{"href":"https:\/\/sfe-trade.com\/es\/wp-json\/wp\/v2\/media?parent=655"}],"curies":[{"name":"wp","href":"https:\/\/api.w.org\/{rel}","templated":true}]}}