{"id":653,"date":"2021-12-27T18:24:39","date_gmt":"2021-12-27T17:24:39","guid":{"rendered":"https:\/\/weihnachtsstern.kinsta.cloud\/es\/?page_id=653"},"modified":"2026-02-23T12:16:14","modified_gmt":"2026-02-23T11:16:14","slug":"minoristas","status":"publish","type":"page","link":"https:\/\/sfe-trade.com\/es\/minoristas\/","title":{"rendered":"Minoristas"},"content":{"rendered":"<div class=\"wpb-content-wrapper\"><p>[vc_row][vc_column][vc_custom_heading text=\u00bb\u00bfVendes flores de Pascua? Podemos ayudarte a incrementar tu volumen de negocio\u00bb font_container=\u00bbtag:h2|text_align:center\u00bb use_theme_fonts=\u00bbyes\u00bb el_class=\u00bbpfe-small2&#8243; el_id=\u00bbvendes-flores\u00bb][vc_column_text]<\/p>\n<p style=\"text-align: center;\">Ofrecemos asesoramiento experto en ventas y marketing junto con recursos como materiales para el punto de venta, fotograf\u00eda profesional gratuita, contenido escrito y v\u00eddeos, todo ello para ayudarte a aumentar tus ventas. No dudes en utilizar nuestro contenido para tu propio marketing, para reforzar la fidelidad de los clientes y demostrar tu experiencia en horticultura.<\/p>\n<p>[\/vc_column_text][\/vc_column][\/vc_row][vc_row disable_element=\u00bbyes\u00bb el_class=\u00bbpfe-flexibel-abstand\u00bb][vc_column][vc_empty_space height=\u00bb50px\u00bb][\/vc_column][\/vc_row][vc_row disable_element=\u00bbyes\u00bb][vc_column width=\u00bb1\/2&#8243;][vc_custom_heading text=\u00bbAdd impulse at point-of-sale\u00bb use_theme_fonts=\u00bbyes\u00bb el_class=\u00bbpfe-small\u00bb][vc_column_text]Capture the attention of your customers and encourage impulse purchasing right at the point-of-sale in store or online. We offer a wide range of materials from posters, banners, and care cards through to digital resources like social media posts and website headers. It\u2019s available to order, print, share, and display in store.[\/vc_column_text][vc_column_text]<a href=\"\/pos-material\">Discover POS material &gt;&gt;<\/a>[\/vc_column_text][\/vc_column][vc_column width=\u00bb1\/2&#8243;][vc_single_image image=\u00bb5122&#8243; img_size=\u00bbfull\u00bb][\/vc_column][\/vc_row][vc_row el_class=\u00bbpfe-flexibel-abstand\u00bb][vc_column][vc_empty_space height=\u00bb50px\u00bb][\/vc_column][\/vc_row][vc_row][vc_column width=\u00bb1\/2&#8243;][vc_single_image image=\u00bb5176&#8243; img_size=\u00bbfull\u00bb][\/vc_column][vc_column width=\u00bb1\/2&#8243;][vc_custom_heading text=\u00bbV\u00eddeos de flores de Pascua para tus canales\u00bb use_theme_fonts=\u00bbyes\u00bb el_class=\u00bbpfe-small2&#8243;][vc_column_text]En nuestro canal de YouTube encontrar\u00e1s una serie de v\u00eddeos sobre Poinsettia con consejos para su cuidado, ideas de decoraci\u00f3n y proyectos de bricolaje. Puedes utilizarlos para atraer a tus clientes y potenciar el compromiso online comparti\u00e9ndolos en tus propios canales sociales, e incluso incrust\u00e1ndolos en tu sitio web o mostr\u00e1ndolos en la tienda, creando un impulso de venta instant\u00e1neo.[\/vc_column_text][vc_column_text]<a href=\"https:\/\/www.youtube.com\/MyPoinsettia\">Descubre v\u00eddeos &gt;&gt;<\/a>[\/vc_column_text][\/vc_column][\/vc_row][vc_row el_class=\u00bbpfe-flexibel-abstand\u00bb][vc_column][vc_empty_space height=\u00bb50px\u00bb][\/vc_column][\/vc_row][vc_row][vc_column width=\u00bb1\/2&#8243;][vc_custom_heading text=\u00bb\u00daltimos comunicados de prensa del sector\u00bb use_theme_fonts=\u00bbyes\u00bb el_class=\u00bbpfe-small2&#8243;][vc_column_text]Enviamos regularmente comunicados de prensa a los medios de comunicaci\u00f3n del sector, compartiendo noticias y novedades de la campa\u00f1a, as\u00ed como consejos del sector en materia de marketing, ventas y cuidado de la flor de Pascua. Encuentra nuestros comunicados de prensa comercial aqu\u00ed.[\/vc_column_text][vc_column_text]<a href=\"\/es\/contacto\/\">Ponte en contacto con nosotros &gt;&gt;<\/a><\/p>\n<p><a href=\"\/es\/noticias-comerciales\/\">Comunicados de prensa del sector &gt;&gt;<\/a>[\/vc_column_text][\/vc_column][vc_column width=\u00bb1\/2&#8243;][vc_single_image image=\u00bb5182&#8243; img_size=\u00bbfull\u00bb][\/vc_column][\/vc_row][vc_row el_class=\u00bbpfe-flexibel-abstand\u00bb][vc_column][vc_empty_space height=\u00bb50px\u00bb][\/vc_column][\/vc_row][vc_row][vc_column width=\u00bb1\/2&#8243;][vc_single_image image=\u00bb5179&#8243; img_size=\u00bbfull\u00bb][\/vc_column][vc_column width=\u00bb1\/2&#8243;][vc_custom_heading text=\u00bbFotos gratis para tu marketing\u00bb use_theme_fonts=\u00bbyes\u00bb el_class=\u00bbpfe-small2&#8243;][vc_column_text]Todos los a\u00f1os producimos una amplia gama de fotograf\u00edas de alta calidad en las que aparecen flores de Pascua con las tendencias de decoraci\u00f3n de Navidad, proyectos de bricolaje, ideas para regalos, decoraciones de mesa, primeros planos de plantas y mucho m\u00e1s.<\/p>\n<p>Nuestras im\u00e1genes son gratuitas para que las utilices para promocionar tus propias ventas. Comp\u00e1rtelas en tus redes sociales y sitios web, util\u00edcelas para sus propias relaciones p\u00fablicas y comunicaciones con los medios de comunicaci\u00f3n, o crea tus propios materiales promocionales, como carteles y folletos. Descubre nuestra amplia biblioteca de im\u00e1genes con cientos de fotos en una gran variedad de estilos, ofreciendo algo para todos los gustos.[\/vc_column_text][vc_column_text css=\u00bb\u00bb]<a href=\"https:\/\/pelargonium-poinsettia.canto.global\/v\/sfeEN\/allfiles?viewIndex=2\" target=\"_blank\" rel=\"noopener\">Descubre la biblioteca de im\u00e1genes &gt;&gt;<\/a>[\/vc_column_text][\/vc_column][\/vc_row][vc_row disable_element=\u00bbyes\u00bb el_class=\u00bbpfe-flexibel-abstand\u00bb][vc_column][vc_empty_space height=\u00bb50px\u00bb][\/vc_column][\/vc_row][vc_row disable_element=\u00bbyes\u00bb][vc_column width=\u00bb1\/2&#8243;][vc_custom_heading text=\u00bbQualit\u00e4ts- und Pflegematerialien\u00bb use_theme_fonts=\u00bbyes\u00bb el_class=\u00bbpfe-small2&#8243;][vc_column_text]Unsere kostenlosen Pflege-Grafiken und -poster sind eine gute M\u00f6glichkeit, Ihr Personal \u00fcber den richtigen Umgang mit Weihnachtssternen im Lagerhaus, beim Transport und im Gesch\u00e4ft zu informieren, damit die Pflanzen l\u00e4nger in Top-Form bleiben. H\u00e4ngen Sie z. B. das Warnposter in Ihrem Lagerraum auf, um Ihre Mitarbeiter immer wieder aufs Neue daran zu erinnern, dass Weihnachtssterne niemals Zugluft ausgesetzt sein sollten.<\/p>\n<p><a href=\"https:\/\/weihnachtsstern.kinsta.cloud\/es\/pos-material\/\">Qualit\u00e4ts und Pflegematerialen &gt;&gt;<\/a>[\/vc_column_text][\/vc_column][vc_column width=\u00bb1\/2&#8243;][vc_single_image image=\u00bb5161&#8243; img_size=\u00bbfull\u00bb][\/vc_column][\/vc_row][vc_row el_class=\u00bbpfe-flexibel-abstand\u00bb][vc_column][vc_empty_space height=\u00bb50px\u00bb][\/vc_column][\/vc_row][vc_row][vc_column width=\u00bb1\/2&#8243;][vc_custom_heading text=\u00bbInspiraci\u00f3n en el marketing del consumidor\u00bb use_theme_fonts=\u00bbyes\u00bb el_class=\u00bbpfe-small2&#8243;][vc_column_text]Si a menudo buscas ideas nuevas para promocionar tu empresa, ya sea con contenidos para redes sociales, blogs, tus propias relaciones p\u00fablicas, etc., estamos aqu\u00ed para ayudarte. Llevamos a cabo una campa\u00f1a de promoci\u00f3n del consumidor a gran escala dirigida por expertos en relaciones p\u00fablicas en toda Europa, as\u00ed que \u00bfpor qu\u00e9 no utilizar nuestro contenido como material del base para el tuyo propio? Echa un vistazo a nuestros blogs y comunicados de prensa para consumidores, explora nuestra biblioteca de im\u00e1genes y visita nuestras p\u00e1ginas de Instagram, Pinterest y Facebook. Puedes copiar, adaptar y disfrutar de nuestros contenidos.[\/vc_column_text][vc_column_text]<a href=\"https:\/\/es.weihnachtsstern.de\/\">Visita el \u00e1rea de para consumidor final &gt;&gt;<\/a>[\/vc_column_text][\/vc_column][vc_column width=\u00bb1\/2&#8243;][vc_single_image image=\u00bb5183&#8243; img_size=\u00bbfull\u00bb][\/vc_column][\/vc_row][vc_row el_class=\u00bbpfe-flexibel-abstand\u00bb][vc_column][vc_empty_space height=\u00bb50px\u00bb][\/vc_column][\/vc_row][vc_row][vc_column width=\u00bb1\/2&#8243;][vc_single_image image=\u00bb5121&#8243; img_size=\u00bbfull\u00bb][\/vc_column][vc_column width=\u00bb1\/2&#8243;][vc_custom_heading text=\u00bbCont\u00e1ctanos y conoce m\u00e1s\u00bb use_theme_fonts=\u00bbyes\u00bb el_class=\u00bbpfe-small2&#8243;][vc_column_text]\u00bfVendes flores de Pascua en un centro de jardiner\u00eda, en una florister\u00eda o en alg\u00fan tipo de punto de venta? Podemos ayudarte. Ponte en contacto con nosotros. \u00a1Estamos deseando escucharte![\/vc_column_text][vc_column_text]<a href=\"\/es\/contacto\/\">Contacto &gt;&gt;<\/a>[\/vc_column_text][\/vc_column][\/vc_row]<\/p><\/div><div class=\"acf-fields-container\" data-post-id=\"653\" data-canto-acf=\"true\"><\/div><style>\r\n        .acf-fields-container {\r\n            margin: 2em 0;\r\n            width: 100%;\r\n            clear: both;\r\n        }\r\n        .acf-field-image {\r\n            margin: 1.5em 0;\r\n            position: relative;\r\n        }\r\n        .acf-field-label {\r\n            margin-bottom: 1em;\r\n        }\r\n        .acf-image {\r\n            max-width: 100%;\r\n            height: auto;\r\n            display: block;\r\n            margin: 1em 0;\r\n        }\r\n    <\/style>","protected":false},"excerpt":{"rendered":"<p>[vc_row][vc_column][vc_custom_heading text=\u00bb\u00bfVendes flores de Pascua? Podemos ayudarte a incrementar tu volumen de negocio\u00bb font_container=\u00bbtag:h2|text_align:center\u00bb use_theme_fonts=\u00bbyes\u00bb el_class=\u00bbpfe-small2&#8243; el_id=\u00bbvendes-flores\u00bb][vc_column_text] Ofrecemos asesoramiento experto en ventas y marketing junto con recursos como materiales para el punto de venta, fotograf\u00eda profesional gratuita, contenido escrito y v\u00eddeos, todo ello para ayudarte a aumentar tus ventas. No dudes en utilizar nuestro contenido [&hellip;]<\/p>\n","protected":false},"author":1,"featured_media":4377,"parent":0,"menu_order":0,"comment_status":"closed","ping_status":"closed","template":"template-parts\/pfe-trade.php","meta":{"_acf_changed":false,"footnotes":""},"class_list":["post-653","page","type-page","status-publish","has-post-thumbnail","hentry"],"acf":[],"_links":{"self":[{"href":"https:\/\/sfe-trade.com\/es\/wp-json\/wp\/v2\/pages\/653","targetHints":{"allow":["GET"]}}],"collection":[{"href":"https:\/\/sfe-trade.com\/es\/wp-json\/wp\/v2\/pages"}],"about":[{"href":"https:\/\/sfe-trade.com\/es\/wp-json\/wp\/v2\/types\/page"}],"author":[{"embeddable":true,"href":"https:\/\/sfe-trade.com\/es\/wp-json\/wp\/v2\/users\/1"}],"replies":[{"embeddable":true,"href":"https:\/\/sfe-trade.com\/es\/wp-json\/wp\/v2\/comments?post=653"}],"version-history":[{"count":121,"href":"https:\/\/sfe-trade.com\/es\/wp-json\/wp\/v2\/pages\/653\/revisions"}],"predecessor-version":[{"id":7800,"href":"https:\/\/sfe-trade.com\/es\/wp-json\/wp\/v2\/pages\/653\/revisions\/7800"}],"wp:featuredmedia":[{"embeddable":true,"href":"https:\/\/sfe-trade.com\/es\/wp-json\/wp\/v2\/media\/4377"}],"wp:attachment":[{"href":"https:\/\/sfe-trade.com\/es\/wp-json\/wp\/v2\/media?parent=653"}],"curies":[{"name":"wp","href":"https:\/\/api.w.org\/{rel}","templated":true}]}}