{"id":648,"date":"2021-12-27T18:17:47","date_gmt":"2021-12-27T18:17:47","guid":{"rendered":"https:\/\/weihnachtsstern.kinsta.cloud\/es\/?page_id=648"},"modified":"2024-07-19T12:54:20","modified_gmt":"2024-07-19T10:54:20","slug":"comercio","status":"publish","type":"page","link":"https:\/\/sfe-trade.com\/es\/","title":{"rendered":"Comercio"},"content":{"rendered":"<div class=\"wpb-content-wrapper\"><p>[vc_row][vc_column][vc_custom_heading text=\u00bbOportunidades para todos los sectores de la industria\u00bb font_container=\u00bbtag:h2|text_align:center\u00bb use_theme_fonts=\u00bbyes\u00bb el_class=\u00bbpfe-small2&#8243; el_id=\u00bboportunidades\u00bb][\/vc_column][\/vc_row][vc_row][vc_column][vc_column_text]<\/p>\n<p style=\"text-align: center\">En Stars for Europe, nos dirigimos directamente a tus clientes finales promocionando las numerosas ventajas de la Poinsettia a trav\u00e9s de nuestra campa\u00f1a de promoci\u00f3n entre los consumidores.<\/p>\n<p style=\"text-align: center\">De este modo, inspiramos continuamente a nuevos p\u00fablicos, asegurando las ventas de flores de Pascua a largo plazo.<\/p>\n<p style=\"text-align: center\">Pero aqu\u00ed tambi\u00e9n encontrar\u00e1s una gran cantidad de informaci\u00f3n para apoyar tu negocio directamente, desde actualizaciones de productos hasta consejos de presentaci\u00f3n de la planta en el punto de venta, consejos para el cuidado de las plantas, as\u00ed como materiales para el punto de venta, herramientas digitales y recursos para tu marketing.<\/p>\n<p style=\"text-align: center\">Descubre c\u00f3mo podemos apoyarte y ampliar tus oportunidades de promoci\u00f3n de la flor de Pascua. Participa y explora nuestro proyecto.<\/p>\n<p>[\/vc_column_text][\/vc_column][\/vc_row][vc_row][vc_column][vc_column_text][\/vc_column_text][\/vc_column][\/vc_row][vc_row gap=\u00bb30&#8243;][vc_column width=\u00bb1\/3&#8243;][vc_single_image image=\u00bb5144&#8243; img_size=\u00bbfull\u00bb][vc_custom_heading text=\u00bb\u00bfEres productor de flores de Pascua?\u00bb font_container=\u00bbtag:h3|text_align:left\u00bb use_theme_fonts=\u00bbyes\u00bb el_class=\u00bbpfe-small\u00bb][vc_column_text]Los viveristas son la columna vertebral de la campa\u00f1a de SfE: todo lo que hacemos tiene como objetivo aumentar tus ventas a trav\u00e9s del marketing B2C (dirigido al consumidor) y B2B (dirigido a otras empresas del sector). He aqu\u00ed algunas de las formas en las que puedes beneficiarte.[\/vc_column_text][vc_column_text]<a href=\"\/es\/productores\/\">Informaci\u00f3n para productores &gt;&gt;<\/a>[\/vc_column_text][\/vc_column][vc_column width=\u00bb1\/3&#8243;][vc_single_image image=\u00bb5145&#8243; img_size=\u00bbfull\u00bb][vc_custom_heading text=\u00bb\u00bfVendes Poinsettias en tu tienda?\u00bb font_container=\u00bbtag:h3|text_align:left\u00bb use_theme_fonts=\u00bbyes\u00bb el_class=\u00bbpfe-small\u00bb][vc_column_text]Nuestro objetivo es animar a m\u00e1s consumidores a enamorarse de las flores de Pascua y a comprar el mayor n\u00famero posible de ellas cada a\u00f1o. Ofrecemos una serie de materiales y herramientas de marketing gratuitos para ayudarte a aumentar tus ventas.[\/vc_column_text][vc_column_text]<a href=\"\/es\/minoristas\/\">Descubre oportunidades para tiendas &gt;&gt;<\/a>[\/vc_column_text][\/vc_column][vc_column width=\u00bb1\/3&#8243;][vc_single_image image=\u00bb5146&#8243; img_size=\u00bbfull\u00bb][vc_custom_heading text=\u00bb\u00bfBuscas informaci\u00f3n de prensa?\u00bb font_container=\u00bbtag:h3|text_align:left\u00bb use_theme_fonts=\u00bbyes\u00bb el_class=\u00bbpfe-small\u00bb][vc_column_text]Si eres un periodista especializado que busca las \u00faltimas noticias, comunicados de prensa y fotos libres de derechos, has llegado al lugar adecuado. Siempre estamos dispuestos a ayudarte con contenido, fotograf\u00eda y m\u00e1s.[\/vc_column_text][vc_column_text]<a href=\"\/es\/noticias-comerciales\/\">Informaci\u00f3n para prensa especializada&gt;&gt;<\/a>[\/vc_column_text][\/vc_column][\/vc_row][vc_row][vc_column][vc_column_text][\/vc_column_text][\/vc_column][\/vc_row][vc_row el_class=\u00bbpfe-greenborderbox\u00bb][vc_column width=\u00bb2\/3&#8243;][vc_single_image image=\u00bb5154&#8243; img_size=\u00bbfull\u00bb][\/vc_column][vc_column width=\u00bb1\/3&#8243;][vc_custom_heading text=\u00bb\u00bfEres productor?\u00bb use_theme_fonts=\u00bbyes\u00bb el_class=\u00bbpfe-small\u00bb][vc_column_text]Si representas a una empresa de viverista y quieres saber c\u00f3mo tu apoyo puede beneficiar a tu empresa y al sector en general, ponte en contacto con nosotros.<\/p>\n<p><strong>Direcci\u00f3n de proyecto<\/strong><br \/>\nStars for Europe GbR<br \/>\n<strong>Dra. Susanne Lux<br \/>\n<\/strong>Servatiusstr. 53, 53175 Bonn<br \/>\n<strong>Tel\u00e9fono:<\/strong> 0800 24 12 100<br \/>\n<strong>E-mail: <\/strong><a href=\"mailto:presse@stars-for-europe.eu\">presse@stars-for-europe.eu<\/a>[\/vc_column_text][\/vc_column][\/vc_row][vc_row][vc_column][vc_empty_space height=\u00bb75px\u00bb][\/vc_column][\/vc_row][vc_row disable_element=\u00bbyes\u00bb][vc_column width=\u00bb1\/2&#8243;][vc_custom_heading text=\u00bbWer steckt hinter Stars for Europe?\u00bb use_theme_fonts=\u00bbyes\u00bb el_class=\u00bbpfe-small\u00bb][vc_column_text]Stars for Europe (SfE) ist die Marketinginitiative der europ\u00e4ischen Weihnachtssternz\u00fcchter Beekenkamp Plants, D\u00fcmmen Orange, Selecta One, und Syngenta Flowers. Die Initiative wurde im Jahr 2000 mit dem Ziel gegr\u00fcndet, den Weihnachtsstern-Absatz in Europa zu f\u00f6rdern und langfristig zu sichern. Unter dem Dach von Green Marketing Europe (GME) leitet Dr. Susanne Lux die Stars for Europe-Kampagne mit einem Team von engagierten Mitarbeitern und Freiberuflern. Mit einem Netzwerk von Agenturen und Freiberuflern produziert SfE Materialien und f\u00fchrt Kampagnen in 22 europ\u00e4ischen L\u00e4ndern durch.[\/vc_column_text][\/vc_column][vc_column width=\u00bb1\/2&#8243;][vc_single_image image=\u00bb3754&#8243; img_size=\u00bbfull\u00bb][\/vc_column][\/vc_row][vc_row][vc_column][vc_empty_space height=\u00bb75px\u00bb][\/vc_column][\/vc_row][vc_row][vc_column][vc_single_image image=\u00bb7674&#8243; img_size=\u00bbfull\u00bb alignment=\u00bbcenter\u00bb][\/vc_column][\/vc_row]<\/p><\/div><div class=\"acf-fields-container\" data-post-id=\"648\" data-canto-acf=\"true\"><\/div><style>\r\n        .acf-fields-container {\r\n            margin: 2em 0;\r\n            width: 100%;\r\n            clear: both;\r\n        }\r\n        .acf-field-image {\r\n            margin: 1.5em 0;\r\n            position: relative;\r\n        }\r\n        .acf-field-label {\r\n            margin-bottom: 1em;\r\n        }\r\n        .acf-image {\r\n            max-width: 100%;\r\n            height: auto;\r\n            display: block;\r\n            margin: 1em 0;\r\n        }\r\n    <\/style>","protected":false},"excerpt":{"rendered":"<p>[vc_row][vc_column][vc_custom_heading text=\u00bbOportunidades para todos los sectores de la industria\u00bb font_container=\u00bbtag:h2|text_align:center\u00bb use_theme_fonts=\u00bbyes\u00bb el_class=\u00bbpfe-small2&#8243; el_id=\u00bboportunidades\u00bb][\/vc_column][\/vc_row][vc_row][vc_column][vc_column_text] En Stars for Europe, nos dirigimos directamente a tus clientes finales promocionando las numerosas ventajas de la Poinsettia a trav\u00e9s de nuestra campa\u00f1a de promoci\u00f3n entre los consumidores. De este modo, inspiramos continuamente a nuevos p\u00fablicos, asegurando las ventas de flores de [&hellip;]<\/p>\n","protected":false},"author":1,"featured_media":5142,"parent":0,"menu_order":0,"comment_status":"closed","ping_status":"closed","template":"template-parts\/pfe-trade.php","meta":{"_acf_changed":false,"footnotes":""},"class_list":["post-648","page","type-page","status-publish","has-post-thumbnail","hentry"],"acf":[],"_links":{"self":[{"href":"https:\/\/sfe-trade.com\/es\/wp-json\/wp\/v2\/pages\/648","targetHints":{"allow":["GET"]}}],"collection":[{"href":"https:\/\/sfe-trade.com\/es\/wp-json\/wp\/v2\/pages"}],"about":[{"href":"https:\/\/sfe-trade.com\/es\/wp-json\/wp\/v2\/types\/page"}],"author":[{"embeddable":true,"href":"https:\/\/sfe-trade.com\/es\/wp-json\/wp\/v2\/users\/1"}],"replies":[{"embeddable":true,"href":"https:\/\/sfe-trade.com\/es\/wp-json\/wp\/v2\/comments?post=648"}],"version-history":[{"count":214,"href":"https:\/\/sfe-trade.com\/es\/wp-json\/wp\/v2\/pages\/648\/revisions"}],"predecessor-version":[{"id":7675,"href":"https:\/\/sfe-trade.com\/es\/wp-json\/wp\/v2\/pages\/648\/revisions\/7675"}],"wp:featuredmedia":[{"embeddable":true,"href":"https:\/\/sfe-trade.com\/es\/wp-json\/wp\/v2\/media\/5142"}],"wp:attachment":[{"href":"https:\/\/sfe-trade.com\/es\/wp-json\/wp\/v2\/media?parent=648"}],"curies":[{"name":"wp","href":"https:\/\/api.w.org\/{rel}","templated":true}]}}