{"id":487,"date":"2021-12-17T12:27:34","date_gmt":"2021-12-17T12:27:34","guid":{"rendered":"https:\/\/weihnachtsstern.kinsta.cloud\/es\/?page_id=487"},"modified":"2024-09-23T15:21:28","modified_gmt":"2024-09-23T13:21:28","slug":"aviso-legal","status":"publish","type":"page","link":"https:\/\/sfe-trade.com\/es\/aviso-legal\/","title":{"rendered":"Aviso Legal"},"content":{"rendered":"<div class=\"wpb-content-wrapper\"><p>[vc_row][vc_column][vc_custom_heading text=\u00bbPol\u00edtica general de privacidad\u00bb use_theme_fonts=\u00bbyes\u00bb][vc_column_text]El responsable en el sentido del \u00a7 6 Teledienstgesetz o Mediendienste Staatsvertrag es:[\/vc_column_text][vc_column_text css=\u00bb\u00bb]Stars for Europe GbR,<br \/>\nc\/o Central Horticultural Association,<br \/>\nBornheimerstra\u00dfe 37<br \/>\n53111 Bonn<br \/>\nAlemania<br \/>\nDirector Gerente: Dr. Ulrich Sander \/ \/ Gestora de proyectos europeos:<br \/>\nDra. Susanne Lux[\/vc_column_text][vc_column_text]Telefon: + 49 2644 981333<br \/>\nEmail: susanne.lux(at)meclux.de[\/vc_column_text][vc_column_text]C\u00f3digo de Identificaci\u00f3n Fiscal: DE815617238<br \/>\nC\u00f3digo de Identificaci\u00f3n Fiscal: 206\/5802\/0875[\/vc_column_text][vc_custom_heading text=\u00bbExenci\u00f3n de responsabilidad\u00bb use_theme_fonts=\u00bbyes\u00bb][vc_column_text]Las opiniones y puntos de vista expresados solo comprometen a su(s) autor(es) y no reflejan necesariamente los de la Uni\u00f3n Europea o de la Agencia Ejecutiva Europea de Investigaci\u00f3n (REA). Ni la Uni\u00f3n Europea ni la autoridad otorgante pueden ser considerados responsables de ellos.[\/vc_column_text][\/vc_column][\/vc_row]<\/p><\/div><div class=\"acf-fields-container\" data-post-id=\"487\" data-canto-acf=\"true\"><\/div><style>\r\n        .acf-fields-container {\r\n            margin: 2em 0;\r\n            width: 100%;\r\n            clear: both;\r\n        }\r\n        .acf-field-image {\r\n            margin: 1.5em 0;\r\n            position: relative;\r\n        }\r\n        .acf-field-label {\r\n            margin-bottom: 1em;\r\n        }\r\n        .acf-image {\r\n            max-width: 100%;\r\n            height: auto;\r\n            display: block;\r\n            margin: 1em 0;\r\n        }\r\n    <\/style>","protected":false},"excerpt":{"rendered":"<p>[vc_row][vc_column][vc_custom_heading text=\u00bbPol\u00edtica general de privacidad\u00bb use_theme_fonts=\u00bbyes\u00bb][vc_column_text]El responsable en el sentido del \u00a7 6 Teledienstgesetz o Mediendienste Staatsvertrag es:[\/vc_column_text][vc_column_text css=\u00bb\u00bb]Stars for Europe GbR, c\/o Central Horticultural Association, Bornheimerstra\u00dfe 37 53111 Bonn Alemania Director Gerente: Dr. Ulrich Sander \/ \/ Gestora de proyectos europeos: Dra. Susanne Lux[\/vc_column_text][vc_column_text]Telefon: + 49 2644 981333 Email: susanne.lux(at)meclux.de[\/vc_column_text][vc_column_text]C\u00f3digo de Identificaci\u00f3n Fiscal: DE815617238 [&hellip;]<\/p>\n","protected":false},"author":1,"featured_media":0,"parent":0,"menu_order":0,"comment_status":"closed","ping_status":"closed","template":"","meta":{"_acf_changed":false,"footnotes":""},"class_list":["post-487","page","type-page","status-publish","hentry"],"acf":[],"_links":{"self":[{"href":"https:\/\/sfe-trade.com\/es\/wp-json\/wp\/v2\/pages\/487","targetHints":{"allow":["GET"]}}],"collection":[{"href":"https:\/\/sfe-trade.com\/es\/wp-json\/wp\/v2\/pages"}],"about":[{"href":"https:\/\/sfe-trade.com\/es\/wp-json\/wp\/v2\/types\/page"}],"author":[{"embeddable":true,"href":"https:\/\/sfe-trade.com\/es\/wp-json\/wp\/v2\/users\/1"}],"replies":[{"embeddable":true,"href":"https:\/\/sfe-trade.com\/es\/wp-json\/wp\/v2\/comments?post=487"}],"version-history":[{"count":19,"href":"https:\/\/sfe-trade.com\/es\/wp-json\/wp\/v2\/pages\/487\/revisions"}],"predecessor-version":[{"id":7718,"href":"https:\/\/sfe-trade.com\/es\/wp-json\/wp\/v2\/pages\/487\/revisions\/7718"}],"wp:attachment":[{"href":"https:\/\/sfe-trade.com\/es\/wp-json\/wp\/v2\/media?parent=487"}],"curies":[{"name":"wp","href":"https:\/\/api.w.org\/{rel}","templated":true}]}}