{"id":653,"date":"2021-12-27T18:24:39","date_gmt":"2021-12-27T17:24:39","guid":{"rendered":"https:\/\/christmas-star.info\/?page_id=653"},"modified":"2026-02-23T11:04:06","modified_gmt":"2026-02-23T11:04:06","slug":"retailers","status":"publish","type":"page","link":"https:\/\/sfe-trade.com\/en\/retailers\/","title":{"rendered":"Retailers"},"content":{"rendered":"<div class=\"wpb-content-wrapper\"><p>[vc_row][vc_column][vc_custom_heading text=&#8221;Sell poinsettias? We can help increase your turnover.&#8221; font_container=&#8221;tag:h2|text_align:center&#8221; use_theme_fonts=&#8221;yes&#8221; el_class=&#8221;pfe-small2&#8243; el_id=&#8221;sell&#8221;][vc_column_text]<\/p>\n<p style=\"text-align: center;\">We offer expert sales and marketing advice alongside resources such as point-of-sale materials, free professional photography, written content, and videos \u2013 all to help increase your sales. Feel free to use our content for your own marketing, to strengthen customer loyalty and demonstrate your horticultural expertise.<\/p>\n<p>[\/vc_column_text][\/vc_column][\/vc_row][vc_row disable_element=&#8221;yes&#8221; el_class=&#8221;pfe-flexibel-abstand&#8221;][vc_column][vc_empty_space height=&#8221;50px&#8221;][\/vc_column][\/vc_row][vc_row disable_element=&#8221;yes&#8221;][vc_column width=&#8221;1\/2&#8243;][vc_custom_heading text=&#8221;Add impulse at point-of-sale&#8221; use_theme_fonts=&#8221;yes&#8221; el_class=&#8221;pfe-small&#8221;][vc_column_text]Capture the attention of your customers and encourage impulse purchasing right at the point-of-sale in store or online. We offer a wide range of materials from posters, banners, and care cards through to digital resources like social media posts and website headers. It\u2019s available to order, print, share, and display in store.[\/vc_column_text][vc_column_text]<a href=\"\/pos-material\">Discover POS material &gt;&gt;<\/a>[\/vc_column_text][\/vc_column][vc_column width=&#8221;1\/2&#8243;][vc_single_image image=&#8221;5122&#8243; img_size=&#8221;full&#8221;][\/vc_column][\/vc_row][vc_row el_class=&#8221;pfe-flexibel-abstand&#8221;][vc_column][vc_empty_space height=&#8221;50px&#8221;][\/vc_column][\/vc_row][vc_row][vc_column width=&#8221;1\/2&#8243;][vc_single_image image=&#8221;5176&#8243; img_size=&#8221;full&#8221;][\/vc_column][vc_column width=&#8221;1\/2&#8243;][vc_custom_heading text=&#8221;Poinsettia videos for your customers&#8221; use_theme_fonts=&#8221;yes&#8221; el_class=&#8221;pfe-small2&#8243;][vc_column_text]On our YouTube channel you\u2019ll find a range of poinsettia videos showcasing care advice, design ideas, and DIY projects. You can use them to attract customers and boost online engagement by sharing them on your own social channels, and even embedding them into your website or showing them in-store \u2013 creating instant sales impulse.[\/vc_column_text][vc_column_text]<a href=\"https:\/\/www.youtube.com\/MyPoinsettia\">Discover videos &gt;&gt;<\/a>[\/vc_column_text][\/vc_column][\/vc_row][vc_row el_class=&#8221;pfe-flexibel-abstand&#8221;][vc_column][vc_empty_space height=&#8221;50px&#8221;][\/vc_column][\/vc_row][vc_row][vc_column width=&#8221;1\/2&#8243;][vc_custom_heading text=&#8221;Latest trade press releases&#8221; use_theme_fonts=&#8221;yes&#8221; el_class=&#8221;pfe-small2&#8243;][vc_column_text]We send regular press releases to trade media, sharing campaign news and offers, as well as industry advice in marketing, sales, and poinsettia care. Find our trade press releases here.[\/vc_column_text][vc_column_text]<a href=\"\/en\/contact\/\">Nehmen Sie Kontakt auf &gt;&gt;<\/a><\/p>\n<p><a href=\"\/en\/trade-news\/\">Trade press releases&gt;&gt;<\/a>[\/vc_column_text][\/vc_column][vc_column width=&#8221;1\/2&#8243;][vc_single_image image=&#8221;5182&#8243; img_size=&#8221;full&#8221;][\/vc_column][\/vc_row][vc_row el_class=&#8221;pfe-flexibel-abstand&#8221;][vc_column][vc_empty_space height=&#8221;50px&#8221;][\/vc_column][\/vc_row][vc_row][vc_column width=&#8221;1\/2&#8243;][vc_single_image image=&#8221;5179&#8243; img_size=&#8221;full&#8221;][\/vc_column][vc_column width=&#8221;1\/2&#8243;][vc_custom_heading text=&#8221;Free photos for your marketing&#8221; use_theme_fonts=&#8221;yes&#8221; el_class=&#8221;pfe-small2&#8243;][vc_column_text]Every year we produce a wide range of high-quality photography featuring poinsettias with Christmas and Advent d\u00e9cor trends, DIY projects, gift ideas, table decorations, plant close-ups, and much more.<\/p>\n<p>Our images are free for you to use to promote your own sales. Share them on your social channels and websites, use them for your own PR and media communications, or create your own point-of-sale materials like posters and flyers. Discover our extensive image library featuring hundreds of photos in a wide variety of styles, offering something for every taste.[\/vc_column_text][vc_column_text css=&#8221;&#8221;]<a href=\"https:\/\/pelargonium-poinsettia.canto.global\/v\/sfeEN\/allfiles?viewIndex=2\" target=\"_blank\" rel=\"noopener\">Discover the image library &gt;&gt;<\/a>[\/vc_column_text][\/vc_column][\/vc_row][vc_row disable_element=&#8221;yes&#8221; el_class=&#8221;pfe-flexibel-abstand&#8221;][vc_column][vc_empty_space height=&#8221;50px&#8221;][\/vc_column][\/vc_row][vc_row disable_element=&#8221;yes&#8221;][vc_column width=&#8221;1\/2&#8243;][vc_custom_heading text=&#8221;Qualit\u00e4ts- und Pflegematerialien&#8221; use_theme_fonts=&#8221;yes&#8221; el_class=&#8221;pfe-small2&#8243;][vc_column_text]Unsere kostenlosen Pflege-Grafiken und -poster sind eine gute M\u00f6glichkeit, Ihr Personal \u00fcber den richtigen Umgang mit Weihnachtssternen im Lagerhaus, beim Transport und im Gesch\u00e4ft zu informieren, damit die Pflanzen l\u00e4nger in Top-Form bleiben. H\u00e4ngen Sie z. B. das Warnposter in Ihrem Lagerraum auf, um Ihre Mitarbeiter immer wieder aufs Neue daran zu erinnern, dass Weihnachtssterne niemals Zugluft ausgesetzt sein sollten.<\/p>\n<p><a href=\"https:\/\/christmas-star.info\/pos-material\/\">Qualit\u00e4ts und Pflegematerialen &gt;&gt;<\/a>[\/vc_column_text][\/vc_column][vc_column width=&#8221;1\/2&#8243;][vc_single_image image=&#8221;5161&#8243; img_size=&#8221;full&#8221;][\/vc_column][\/vc_row][vc_row el_class=&#8221;pfe-flexibel-abstand&#8221;][vc_column][vc_empty_space height=&#8221;50px&#8221;][\/vc_column][\/vc_row][vc_row][vc_column width=&#8221;1\/2&#8243;][vc_custom_heading text=&#8221;Consumer marketing inspiration&#8221; use_theme_fonts=&#8221;yes&#8221; el_class=&#8221;pfe-small2&#8243;][vc_column_text]If you\u2019re often looking for fresh ideas when marketing your business \u2013 be it social media content, blogs, your own PR, and more, we\u2019re here to help. We conduct a large-scale consumer promotion campaign led by PR experts across Europe, so why not use our content as a launchpad for your own? Check out our blogs and consumer press releases, browse our image library, and visit our Instagram, Pinterest, and Facebook pages. You are welcome to copy, adapt, and enjoy our content![\/vc_column_text][vc_column_text]<a href=\"https:\/\/christmas-star.info\/\">Visit the consumer area &gt;&gt;<\/a>[\/vc_column_text][\/vc_column][vc_column width=&#8221;1\/2&#8243;][vc_single_image image=&#8221;5183&#8243; img_size=&#8221;full&#8221;][\/vc_column][\/vc_row][vc_row el_class=&#8221;pfe-flexibel-abstand&#8221;][vc_column][vc_empty_space height=&#8221;50px&#8221;][\/vc_column][\/vc_row][vc_row][vc_column width=&#8221;1\/2&#8243;][vc_single_image image=&#8221;5121&#8243; img_size=&#8221;full&#8221;][\/vc_column][vc_column width=&#8221;1\/2&#8243;][vc_custom_heading text=&#8221;Contact us and learn more&#8221; use_theme_fonts=&#8221;yes&#8221; el_class=&#8221;pfe-small2&#8243;][vc_column_text]Do you sell poinsettias from a garden centre, flower shop, or some form of retail outlet? We can support you. Get in touch. We look forward to hearing from you![\/vc_column_text][vc_column_text]<a href=\"\/en\/contact\/\">Contact &gt;&gt;<\/a>[\/vc_column_text][\/vc_column][\/vc_row]<\/p><\/div><div class=\"acf-fields-container\" data-post-id=\"653\" data-canto-acf=\"true\"><\/div><style>\r\n        .acf-fields-container {\r\n            margin: 2em 0;\r\n            width: 100%;\r\n            clear: both;\r\n        }\r\n        .acf-field-image {\r\n            margin: 1.5em 0;\r\n            position: relative;\r\n        }\r\n        .acf-field-label {\r\n            margin-bottom: 1em;\r\n        }\r\n        .acf-image {\r\n            max-width: 100%;\r\n            height: auto;\r\n            display: block;\r\n            margin: 1em 0;\r\n        }\r\n    <\/style>","protected":false},"excerpt":{"rendered":"<p>[vc_row][vc_column][vc_custom_heading text=&#8221;Sell poinsettias? We can help increase your turnover.&#8221; font_container=&#8221;tag:h2|text_align:center&#8221; use_theme_fonts=&#8221;yes&#8221; el_class=&#8221;pfe-small2&#8243; el_id=&#8221;sell&#8221;][vc_column_text] We offer expert sales and marketing advice alongside resources such as point-of-sale materials, free professional photography, written content, and videos \u2013 all to help increase your sales. Feel free to use our content for your own marketing, to strengthen customer loyalty and [&hellip;]<\/p>\n","protected":false},"author":1,"featured_media":4377,"parent":0,"menu_order":0,"comment_status":"closed","ping_status":"closed","template":"template-parts\/pfe-trade.php","meta":{"_acf_changed":false,"footnotes":""},"class_list":["post-653","page","type-page","status-publish","has-post-thumbnail","hentry"],"acf":[],"_links":{"self":[{"href":"https:\/\/sfe-trade.com\/en\/wp-json\/wp\/v2\/pages\/653","targetHints":{"allow":["GET"]}}],"collection":[{"href":"https:\/\/sfe-trade.com\/en\/wp-json\/wp\/v2\/pages"}],"about":[{"href":"https:\/\/sfe-trade.com\/en\/wp-json\/wp\/v2\/types\/page"}],"author":[{"embeddable":true,"href":"https:\/\/sfe-trade.com\/en\/wp-json\/wp\/v2\/users\/1"}],"replies":[{"embeddable":true,"href":"https:\/\/sfe-trade.com\/en\/wp-json\/wp\/v2\/comments?post=653"}],"version-history":[{"count":116,"href":"https:\/\/sfe-trade.com\/en\/wp-json\/wp\/v2\/pages\/653\/revisions"}],"predecessor-version":[{"id":7624,"href":"https:\/\/sfe-trade.com\/en\/wp-json\/wp\/v2\/pages\/653\/revisions\/7624"}],"wp:featuredmedia":[{"embeddable":true,"href":"https:\/\/sfe-trade.com\/en\/wp-json\/wp\/v2\/media\/4377"}],"wp:attachment":[{"href":"https:\/\/sfe-trade.com\/en\/wp-json\/wp\/v2\/media?parent=653"}],"curies":[{"name":"wp","href":"https:\/\/api.w.org\/{rel}","templated":true}]}}