{"id":487,"date":"2021-12-17T12:27:34","date_gmt":"2021-12-17T12:27:34","guid":{"rendered":"https:\/\/christmas-star.info\/?page_id=487"},"modified":"2024-09-23T13:34:53","modified_gmt":"2024-09-23T12:34:53","slug":"imprint","status":"publish","type":"page","link":"https:\/\/sfe-trade.com\/en\/imprint\/","title":{"rendered":"Imprint"},"content":{"rendered":"<div class=\"wpb-content-wrapper\"><p>[vc_row][vc_column][vc_custom_heading text=&#8221;General privacy policy&#8221; use_theme_fonts=&#8221;yes&#8221;][vc_column_text]Responsible in the sense of \u00a7 6 Teledienstgesetz or Mediendienste Staatsvertrag is:[\/vc_column_text][vc_column_text css=&#8221;&#8221;]Stars for Europe GbR,<br \/>\nc\/o Zentralverband Gartenbau,<br \/>\nBornheimerstra\u00dfe 37<br \/>\n53111 Bonn<br \/>\nGermany<\/p>\n<p>Gesch\u00e4ftsf\u00fchrer: Dr. Ulrich Sander \/ Europ\u00e4ische Projektleitung: Dr. Susanne Lux[\/vc_column_text][vc_column_text]Telefon: + 49 2644 981333<br \/>\nEmail: susanne.lux(at)meclux.de[\/vc_column_text][vc_column_text]VAT-ID: DE224966758<br \/>\nTax number: 206\/5779\/0607[\/vc_column_text][vc_custom_heading text=&#8221;Disclaimer&#8221; use_theme_fonts=&#8221;yes&#8221;][vc_column_text]Views and opinions expressed are however those of the author(s) only and do not necessarily reflect those of the European Union or the European Research Executive Agency (REA). Neither the European Union nor the granting authority can be held responsible for them.[\/vc_column_text][\/vc_column][\/vc_row]<\/p><\/div><div class=\"acf-fields-container\" data-post-id=\"487\" data-canto-acf=\"true\"><\/div><style>\r\n        .acf-fields-container {\r\n            margin: 2em 0;\r\n            width: 100%;\r\n            clear: both;\r\n        }\r\n        .acf-field-image {\r\n            margin: 1.5em 0;\r\n            position: relative;\r\n        }\r\n        .acf-field-label {\r\n            margin-bottom: 1em;\r\n        }\r\n        .acf-image {\r\n            max-width: 100%;\r\n            height: auto;\r\n            display: block;\r\n            margin: 1em 0;\r\n        }\r\n    <\/style>","protected":false},"excerpt":{"rendered":"<p>[vc_row][vc_column][vc_custom_heading text=&#8221;General privacy policy&#8221; use_theme_fonts=&#8221;yes&#8221;][vc_column_text]Responsible in the sense of \u00a7 6 Teledienstgesetz or Mediendienste Staatsvertrag is:[\/vc_column_text][vc_column_text css=&#8221;&#8221;]Stars for Europe GbR, c\/o Zentralverband Gartenbau, Bornheimerstra\u00dfe 37 53111 Bonn Germany Gesch\u00e4ftsf\u00fchrer: Dr. Ulrich Sander \/ Europ\u00e4ische Projektleitung: Dr. Susanne Lux[\/vc_column_text][vc_column_text]Telefon: + 49 2644 981333 Email: susanne.lux(at)meclux.de[\/vc_column_text][vc_column_text]VAT-ID: DE224966758 Tax number: 206\/5779\/0607[\/vc_column_text][vc_custom_heading text=&#8221;Disclaimer&#8221; use_theme_fonts=&#8221;yes&#8221;][vc_column_text]Views and opinions expressed are however [&hellip;]<\/p>\n","protected":false},"author":1,"featured_media":0,"parent":0,"menu_order":0,"comment_status":"closed","ping_status":"closed","template":"","meta":{"_acf_changed":false,"footnotes":""},"class_list":["post-487","page","type-page","status-publish","hentry"],"acf":[],"_links":{"self":[{"href":"https:\/\/sfe-trade.com\/en\/wp-json\/wp\/v2\/pages\/487","targetHints":{"allow":["GET"]}}],"collection":[{"href":"https:\/\/sfe-trade.com\/en\/wp-json\/wp\/v2\/pages"}],"about":[{"href":"https:\/\/sfe-trade.com\/en\/wp-json\/wp\/v2\/types\/page"}],"author":[{"embeddable":true,"href":"https:\/\/sfe-trade.com\/en\/wp-json\/wp\/v2\/users\/1"}],"replies":[{"embeddable":true,"href":"https:\/\/sfe-trade.com\/en\/wp-json\/wp\/v2\/comments?post=487"}],"version-history":[{"count":16,"href":"https:\/\/sfe-trade.com\/en\/wp-json\/wp\/v2\/pages\/487\/revisions"}],"predecessor-version":[{"id":7418,"href":"https:\/\/sfe-trade.com\/en\/wp-json\/wp\/v2\/pages\/487\/revisions\/7418"}],"wp:attachment":[{"href":"https:\/\/sfe-trade.com\/en\/wp-json\/wp\/v2\/media?parent=487"}],"curies":[{"name":"wp","href":"https:\/\/api.w.org\/{rel}","templated":true}]}}