{"id":655,"date":"2021-12-27T18:24:59","date_gmt":"2021-12-27T17:24:59","guid":{"rendered":"https:\/\/weihnachtsstern.de\/?page_id=655"},"modified":"2025-12-22T07:42:54","modified_gmt":"2025-12-22T06:42:54","slug":"produzenten","status":"publish","type":"page","link":"https:\/\/sfe-trade.com\/de\/produzenten\/","title":{"rendered":"Produzenten"},"content":{"rendered":"<div class=\"wpb-content-wrapper\"><p>[vc_row][vc_column][vc_custom_heading text=&#8220;Mit unserer Unterst\u00fctzung k\u00f6nnen Sie mehr Weihnachtssterne verkaufen&#8220; font_container=&#8220;tag:h2|text_align:center&#8220; use_theme_fonts=&#8220;yes&#8220; el_class=&#8220;pfe-small2&#8243; el_id=&#8220;sie-produzieren&#8220;][vc_column_text]<\/p>\n<p style=\"text-align: center;\">\u00dcber gro\u00df angelegte Verbraucherkampagnen erreichen unsere Weihnachtsstern-Botschaften jedes Jahr viele Millionen Menschen.<br \/>\nHier erfahren Sie, was genau wir tun und wie Sie auch pers\u00f6nlich von unserer Arbeit profitieren k\u00f6nnen! Sei es als Experte f\u00fcr Presseinterviews, sei es, indem Sie Fotos, Texte oder Videos f\u00fcr Ihre eigenen Zwecke nutzen.<\/p>\n<p>[\/vc_column_text][\/vc_column][\/vc_row][vc_row el_class=&#8220;pfe-flexibel-abstand&#8220;][vc_column][vc_empty_space height=&#8220;50px&#8220;][\/vc_column][\/vc_row][vc_row][vc_column width=&#8220;1\/2&#8243;][vc_single_image image=&#8220;5164&#8243; img_size=&#8220;full&#8220;][\/vc_column][vc_column width=&#8220;1\/2&#8243;][vc_custom_heading text=&#8220;Verbraucher begeistern&#8220; use_theme_fonts=&#8220;yes&#8220; el_class=&#8220;pfe-small2&#8243;][vc_column_text]Wir wollen mehr Menschen dazu bringen, Ihre Pflanzen zu kaufen. Mit unserer gro\u00df angelegten Verbraucherkampagne machen wir deshalb die Vorz\u00fcge des Weihnachtssterns noch bekannter. Wir bringen Weihnachtssterne ins Fernsehen und ins Radio. Wir bauen Partnerschaften mit hochkar\u00e4tigen Influencern auf. Weihnachtssterne erstrahlen auf Festivals und Veranstaltungen ebenso wie in Zeitungen und Verbrauchermagazinen.<\/p>\n<p>Melden Sie sich f\u00fcr unseren Newsletter an oder lesen Sie unseren letzten Jahresbericht, um mehr \u00fcber die Aktivit\u00e4ten in Ihrem Land zu erfahren.[\/vc_column_text][vc_column_text]<a href=\"https:\/\/mailchi.mp\/7c03187f3781\/starsforeurope\">Zum Newsletter anmelden\u00a0 &gt;&gt;<\/a>[\/vc_column_text][\/vc_column][\/vc_row][vc_row el_class=&#8220;pfe-flexibel-abstand&#8220;][vc_column][vc_empty_space height=&#8220;50px&#8220;][\/vc_column][\/vc_row][vc_row][vc_column width=&#8220;1\/2&#8243;][vc_custom_heading text=&#8220;M\u00f6glichkeiten der Mitarbeit&#8220; use_theme_fonts=&#8220;yes&#8220; el_class=&#8220;pfe-small2&#8243;][vc_column_text]M\u00f6chten Sie, dass Ihre G\u00e4rtnerei im Fernsehen gezeigt wird, dass Sie im Radio interviewt werden oder dass Ihre Weihnachtssterne auf gro\u00dfen Pflanzenschauen ausgestellt werden? Haben Sie Interesse, sich mit anderen Branchenakteuren zu vernetzen?<\/p>\n<p>Wir geben Ihnen als Produzent die M\u00f6glichkeit, aktiv bei SfE mitzuwirken und so v\u00f6llig neue M\u00f6glichkeiten f\u00fcr sich zu entdecken.<\/p>\n<p>Sprechen Sie uns an, wir freuen uns immer, wenn wir neue Kontakte zu Produzenten kn\u00fcpfen k\u00f6nnen.[\/vc_column_text][vc_column_text]<a href=\"\/de\/kontakt\/\">Das SfE-B\u00fcro in meinem Land kontaktieren &gt;&gt;<\/a>[\/vc_column_text][\/vc_column][vc_column width=&#8220;1\/2&#8243;][vc_single_image image=&#8220;5119&#8243; img_size=&#8220;full&#8220;][\/vc_column][\/vc_row][vc_row el_class=&#8220;pfe-flexibel-abstand&#8220;][vc_column][vc_empty_space height=&#8220;50px&#8220;][\/vc_column][\/vc_row][vc_row][vc_column width=&#8220;1\/2&#8243;][vc_single_image image=&#8220;5123&#8243; img_size=&#8220;full&#8220;][\/vc_column][vc_column width=&#8220;1\/2&#8243;][vc_custom_heading text=&#8220;Materialien f\u00fcr Ihre Kunden&#8220; use_theme_fonts=&#8220;yes&#8220; el_class=&#8220;pfe-small2&#8243;][vc_column_text]Sie m\u00f6chten Ihre Kunden und Branchenkontakte unterst\u00fctzen? Wir bieten verschiedene Instrumente und Materialien an, von denen Ihre Einzelhandelskunden profitieren. Dazu geh\u00f6ren Marketingberatung, Schulungsvideos, Marketing-Materialien, eine umfangreiche Bilddatenbank und mehr. Informieren Sie Ihre Kunden gerne \u00fcber unser Angebot oder geben Sie unsere Materialien direkt weiter.[\/vc_column_text][vc_column_text]<a href=\"\/de\/einzelhaendler\/\">Angebote f\u00fcr Einzelh\u00e4ndler ansehen &gt;&gt;<\/a>[\/vc_column_text][\/vc_column][\/vc_row][vc_row el_class=&#8220;pfe-flexibel-abstand&#8220;][vc_column][vc_empty_space height=&#8220;50px&#8220;][\/vc_column][\/vc_row][vc_row][vc_column width=&#8220;1\/2&#8243;][vc_custom_heading text=&#8220;Materialien zu Qualit\u00e4t &amp; Pflege&#8220; use_theme_fonts=&#8220;yes&#8220; el_class=&#8220;pfe-small2&#8243;][vc_column_text]Produzenten k\u00f6nnen von SfE entwickelte Qualit\u00e4ts- und Pflegematerialien nutzen. Die Pflege-Grafiken und Poster wurden speziell f\u00fcr den Einsatz in Gew\u00e4chsh\u00e4usern, Lagern, Packr\u00e4umen, auf CC-Karren und Verpackungen sowie f\u00fcr die digitale Kommunikation entwickelt, um die hohe Qualit\u00e4t der Weihnachtssterne zu sichern. Die Materialien richten sich an Transporteure, Lageristen und Verkaufspersonal und zeigen, worauf es beim richtigen Umgang mit dem Weihnachtsstern ankommt \u2013 vom Transport, \u00fcber die Lagerung und den Verkauf bis hin zur Pflege durch den Endverbraucher.<\/p>\n<p><a href=\"\/de\/pos-material\/\">Qualit\u00e4ts- und Pflegetipps &gt;&gt;<\/a>[\/vc_column_text][\/vc_column][vc_column width=&#8220;1\/2&#8243;][vc_single_image image=&#8220;5161&#8243; img_size=&#8220;full&#8220;][\/vc_column][\/vc_row][vc_row el_class=&#8220;pfe-flexibel-abstand&#8220;][vc_column][vc_empty_space height=&#8220;50px&#8220;][\/vc_column][\/vc_row][vc_row][vc_column width=&#8220;1\/2&#8243;][vc_single_image image=&#8220;5167&#8243; img_size=&#8220;full&#8220;][\/vc_column][vc_column width=&#8220;1\/2&#8243;][vc_custom_heading text=&#8220;Wissensaustausch f\u00f6rdern&#8220; use_theme_fonts=&#8220;yes&#8220; el_class=&#8220;pfe-small2&#8243;][vc_column_text]Sind Sie interessiert an neuen Erkenntnissen? SfE<br \/>\nf\u00fchrt verschiedene Formen der Marktforschung durch. Von Marktanalysen \u00fcber Erhebungen zu Produktionsmethoden bis hin zu Studien zur Nachhaltigkeit. Wir planen, dies weiter auszubauen und auf diesem Weg den Wissensaustausch zwischen den Produzenten zu f\u00f6rdern. Werden Sie Teil unseres Netzwerkes, indem Sie uns kontaktieren und\/oder unsere Newslettern abonnieren.<\/p>\n<p><a href=\"\/de\/kontakt\/\">Jetzt Ansprechpartner in meinem Land finden &gt;&gt;<\/a><\/p>\n<p><a href=\"https:\/\/mailchi.mp\/7c03187f3781\/starsforeurope\">Jetzt zum Newsletter anmelden! &gt;&gt;<\/a>[\/vc_column_text][\/vc_column][\/vc_row][vc_row el_class=&#8220;pfe-flexibel-abstand&#8220;][vc_column][vc_empty_space height=&#8220;50px&#8220;][\/vc_column][\/vc_row][vc_row][vc_column][vc_custom_heading text=&#8220;Industry testimonials&#8220; use_theme_fonts=&#8220;yes&#8220; el_class=&#8220;pfe-small&#8220;][vc_row_inner][vc_column_inner el_class=&#8220;ho&#8220; width=&#8220;1\/3&#8243;][vc_column_text]<strong>Frau Ensslin,<\/strong><br \/>\n<strong>1a Garten Ensslin, Germany<\/strong><br \/>\n\u201cIch verwende das Stars for Europe PoS-Material sehr gerne, weil es zu einem wirklich guten Preis angeboten wird und sch\u00f6ne Motive zeigt. Unsere Kunden nehmen die Give-aways gerne mit und die Pflegehinweise sind sehr wertvoll.\u201d[\/vc_column_text][\/vc_column_inner][vc_column_inner width=&#8220;1\/3&#8243;][vc_column_text]<strong>Anna Kaszewiak,<\/strong><br \/>\n<strong>Marketingexpertin, Gro\u00dfmarkt Bronisze, Polen<\/strong><br \/>\n\u201cDank der Kampagne Stars for Europe k\u00f6nnen wir uns von interessanten, au\u00dfergew\u00f6hnlichen Kompositionen und Verwendungen dieser Pflanze inspirieren lassen. Die Qualit\u00e4t, die auf allen Kan\u00e4len gezeigt wird, ist sehr hoch.\u201d[\/vc_column_text][\/vc_column_inner][vc_column_inner width=&#8220;1\/3&#8243;][vc_column_text]<strong>Reiner H\u00f6pken,<\/strong><strong>Vorsitzender,<br \/>\nVerband der Einzelhandelsg\u00e4rtner, Deutschland<\/strong><br \/>\n\u201c SfE bietet eine hervorragende Unterst\u00fctzung f\u00fcr die Produzenten und den Handel. Mit Hilfe der Kampagne, sei es im Bereich PR oder bei POS-Material f\u00fcr den Handel, wird der Weihnachtsstern als hochwertiges Produkt positioniert, sowohl als Geschenk als auch f\u00fcr zu Hause. \u201d[\/vc_column_text][\/vc_column_inner][\/vc_row_inner][\/vc_column][\/vc_row][vc_row el_class=&#8220;pfe-flexibel-abstand&#8220;][vc_column][vc_empty_space height=&#8220;50px&#8220;][\/vc_column][\/vc_row][vc_row el_class=&#8220;pfe-greenborderbox&#8220;][vc_column width=&#8220;2\/3&#8243;][vc_single_image image=&#8220;5169&#8243; img_size=&#8220;full&#8220;][\/vc_column][vc_column width=&#8220;1\/3&#8243;][vc_custom_heading text=&#8220;Sind Sie ein Produzent?&#8220; use_theme_fonts=&#8220;yes&#8220; el_class=&#8220;pfe-small&#8220;][vc_column_text css=&#8220;&#8220;]Bauen Sie Weihnachtssterne an und m\u00f6chten Sie wissen, was Ihre Unterst\u00fctzung f\u00fcr die Gruppe bedeuten k\u00f6nnte? Nehmen Sie Kontakt auf.<\/p>\n<p>Communications Manager,<br \/>\nHelena Ebrahimi<br \/>\nEmail: <a href=\"mailto:Helena@greenmarketingeurope.eu\">Helena@greenmarketingeurope.eu<\/a>[\/vc_column_text][vc_column_text]<a href=\"\/de\/kontakt\/\">Ansprechpartner in meinem Land finden &gt;&gt;<\/a>[\/vc_column_text][\/vc_column][\/vc_row]<\/p><\/div><div class=\"acf-fields-container\" data-post-id=\"655\" data-canto-acf=\"true\"><\/div><style>\r\n        .acf-fields-container {\r\n            margin: 2em 0;\r\n            width: 100%;\r\n            clear: both;\r\n        }\r\n        .acf-field-image {\r\n            margin: 1.5em 0;\r\n            position: relative;\r\n        }\r\n        .acf-field-label {\r\n            margin-bottom: 1em;\r\n        }\r\n        .acf-image {\r\n            max-width: 100%;\r\n            height: auto;\r\n            display: block;\r\n            margin: 1em 0;\r\n        }\r\n    <\/style>","protected":false},"excerpt":{"rendered":"<p>[vc_row][vc_column][vc_custom_heading text=&#8220;Mit unserer Unterst\u00fctzung k\u00f6nnen Sie mehr Weihnachtssterne verkaufen&#8220; font_container=&#8220;tag:h2|text_align:center&#8220; use_theme_fonts=&#8220;yes&#8220; el_class=&#8220;pfe-small2&#8243; el_id=&#8220;sie-produzieren&#8220;][vc_column_text] \u00dcber gro\u00df angelegte Verbraucherkampagnen erreichen unsere Weihnachtsstern-Botschaften jedes Jahr viele Millionen Menschen. Hier erfahren Sie, was genau wir tun und wie Sie auch pers\u00f6nlich von unserer Arbeit profitieren k\u00f6nnen! Sei es als Experte f\u00fcr Presseinterviews, sei es, indem Sie Fotos, Texte oder [&hellip;]<\/p>\n","protected":false},"author":1,"featured_media":5157,"parent":0,"menu_order":0,"comment_status":"closed","ping_status":"closed","template":"template-parts\/pfe-trade.php","meta":{"_acf_changed":false,"footnotes":""},"class_list":["post-655","page","type-page","status-publish","has-post-thumbnail","hentry"],"acf":[],"_links":{"self":[{"href":"https:\/\/sfe-trade.com\/de\/wp-json\/wp\/v2\/pages\/655","targetHints":{"allow":["GET"]}}],"collection":[{"href":"https:\/\/sfe-trade.com\/de\/wp-json\/wp\/v2\/pages"}],"about":[{"href":"https:\/\/sfe-trade.com\/de\/wp-json\/wp\/v2\/types\/page"}],"author":[{"embeddable":true,"href":"https:\/\/sfe-trade.com\/de\/wp-json\/wp\/v2\/users\/1"}],"replies":[{"embeddable":true,"href":"https:\/\/sfe-trade.com\/de\/wp-json\/wp\/v2\/comments?post=655"}],"version-history":[{"count":147,"href":"https:\/\/sfe-trade.com\/de\/wp-json\/wp\/v2\/pages\/655\/revisions"}],"predecessor-version":[{"id":7227,"href":"https:\/\/sfe-trade.com\/de\/wp-json\/wp\/v2\/pages\/655\/revisions\/7227"}],"wp:featuredmedia":[{"embeddable":true,"href":"https:\/\/sfe-trade.com\/de\/wp-json\/wp\/v2\/media\/5157"}],"wp:attachment":[{"href":"https:\/\/sfe-trade.com\/de\/wp-json\/wp\/v2\/media?parent=655"}],"curies":[{"name":"wp","href":"https:\/\/api.w.org\/{rel}","templated":true}]}}