{"id":653,"date":"2021-12-27T18:24:39","date_gmt":"2021-12-27T17:24:39","guid":{"rendered":"https:\/\/weihnachtsstern.de\/?page_id=653"},"modified":"2026-02-23T12:30:52","modified_gmt":"2026-02-23T11:30:52","slug":"einzelhaendler","status":"publish","type":"page","link":"https:\/\/sfe-trade.com\/de\/einzelhaendler\/","title":{"rendered":"Einzelh\u00e4ndler"},"content":{"rendered":"<div class=\"wpb-content-wrapper\"><p>[vc_row][vc_column][vc_custom_heading text=&#8220;Sie verkaufen Weihnachtssterne? Wir helfen Ihnen, Ihren Umsatz zu erh\u00f6hen.&#8220; font_container=&#8220;tag:h2|text_align:center&#8220; use_theme_fonts=&#8220;yes&#8220; el_class=&#8220;pfe-small2&#8243; el_id=&#8220;verkaufen&#8220;][vc_column_text]<\/p>\n<p style=\"text-align: center;\">Damit Sie mehr Weihnachtssterne verkaufen, bieten wir Ihnen professionelle Verkaufs- und Marketingberatung, Marketing-Materialien sowie kostenlose Fotos, Texte und Videos. Nutzen Sie die Materialien f\u00fcr Ihre Kundenansprache. St\u00e4rken Sie mit Marketing die Kundenbindung und pr\u00e4sentieren Sie sich als Experte f\u00fcr alle Fragen rund um den Weihnachtsstern!<\/p>\n<p>[\/vc_column_text][\/vc_column][\/vc_row][vc_row el_class=&#8220;pfe-flexibel-abstand&#8220;][vc_column][vc_empty_space height=&#8220;50px&#8220;][\/vc_column][\/vc_row][vc_row][vc_column width=&#8220;1\/2&#8243;][vc_custom_heading text=&#8220;Setzen Sie Kaufimpulse am Point of Sale&#8220; use_theme_fonts=&#8220;yes&#8220; el_class=&#8220;pfe-small&#8220;][vc_column_text]Sichern Sie sich mit Werbemitteln die Aufmerksamkeit Ihrer Kunden und setzen Kaufimpulse &#8211; online oder direkt am Point of Sale. Wir bieten eine gro\u00dfe Auswahl an Materialien. Von Postern, Bannern und Pflegekarten bis hin zu digitalen Ressourcen wie Posts f\u00fcr soziale Medien und Website-Headern.<\/p>\n<p>Zum Bestellen, Drucken, Teilen oder Auslegen in den Gesch\u00e4ften. F\u00fcr drinnen, drau\u00dfen und f\u00fcrs Netz.[\/vc_column_text][vc_column_text]<a href=\"\/de\/pos-materialien\/\">Jetzt Werbemittel entdecken &gt;&gt;<\/a>[\/vc_column_text][\/vc_column][vc_column width=&#8220;1\/2&#8243;][vc_single_image image=&#8220;5122&#8243; img_size=&#8220;full&#8220;][\/vc_column][\/vc_row][vc_row el_class=&#8220;pfe-flexibel-abstand&#8220;][vc_column][vc_empty_space height=&#8220;50px&#8220;][\/vc_column][\/vc_row][vc_row][vc_column width=&#8220;1\/2&#8243;][vc_single_image image=&#8220;5176&#8243; img_size=&#8220;full&#8220;][\/vc_column][vc_column width=&#8220;1\/2&#8243;][vc_custom_heading text=&#8220;Weihnachtsstern-Videos f\u00fcr Ihre Kunden&#8220; use_theme_fonts=&#8220;yes&#8220; el_class=&#8220;pfe-small2&#8243;][vc_column_text]Auf unserem YouTube-Kanal \u201eMyPoinsettia\u201c finden Sie Weihnachtsstern-Videos mit Pflegetipps sowie Gestaltungs- und DIY-Ideen. Nutzen Sie die Filme als Serviceangebot f\u00fcr Ihre Kunden, indem Sie sie in Ihre eigenen Webseiten und Social Media Kan\u00e4le einbinden. Oder zeigen Sie sie in Ihren Gesch\u00e4ftsr\u00e4umen, um einen unmittelbaren Kaufimpuls zu setzen.[\/vc_column_text][vc_column_text]<a href=\"https:\/\/www.youtube.com\/MyPoinsettia\">Jetzt Videos entdecken &gt;&gt;<\/a>[\/vc_column_text][\/vc_column][\/vc_row][vc_row el_class=&#8220;pfe-flexibel-abstand&#8220;][vc_column][vc_empty_space height=&#8220;50px&#8220;][\/vc_column][\/vc_row][vc_row][vc_column width=&#8220;1\/2&#8243;][vc_custom_heading text=&#8220;Aktuelle Presseinformationen&#8220; use_theme_fonts=&#8220;yes&#8220; el_class=&#8220;pfe-small2&#8243;][vc_column_text]Die Fachmedien informieren wir regelm\u00e4\u00dfig mit Pressemitteilungen \u00fcber neue Angebote. Wir geben aktuelle Tipps zum Marketing sowie zur Pflanzenpflege in den Gesch\u00e4ften. Hier finden Sie unsere Fachpressemeldungen.[\/vc_column_text][vc_column_text]<a href=\"\/de\/kontakt\/\">Nehmen Sie Kontakt auf &gt;&gt;<\/a><\/p>\n<p><a href=\"\/de\/branchen-news\/\">Hier finden Sie unsere Pressemitteilungen &gt;&gt;<\/a>[\/vc_column_text][\/vc_column][vc_column width=&#8220;1\/2&#8243;][vc_single_image image=&#8220;5182&#8243; img_size=&#8220;full&#8220;][\/vc_column][\/vc_row][vc_row el_class=&#8220;pfe-flexibel-abstand&#8220;][vc_column][vc_empty_space height=&#8220;50px&#8220;][\/vc_column][\/vc_row][vc_row][vc_column width=&#8220;1\/2&#8243;][vc_single_image image=&#8220;5179&#8243; img_size=&#8220;full&#8220;][\/vc_column][vc_column width=&#8220;1\/2&#8243;][vc_custom_heading text=&#8220;Kostenlose Fotos f\u00fcr Ihr Marketing&#8220; use_theme_fonts=&#8220;yes&#8220; el_class=&#8220;pfe-small2&#8243;][vc_column_text]Jedes Jahr produzieren wir eine Reihe professioneller Weihnachtssternmotive. Die Fotos ber\u00fccksichtigen aktuelle Trends und zeigen zum Beispiel Weihnachts- und Adventsdekorationen, Tischschmuck sowie Geschenk- und DIY-Ideen.<\/p>\n<p>Sie k\u00f6nnen die Bilder kostenlos nutzen. Verwenden Sie sie f\u00fcr Ihre Social-Media-Arbeit, Ihre Website, Ihre Pressearbeit oder f\u00fcr die Gestaltung Ihrer eigenen Marketing-Materialien. Entdecken Sie unsere umfangreiche Bilddatenbank mit Hunderten von Fotos in einer Vielzahl unterschiedlicher Stilrichtungen.[\/vc_column_text][vc_column_text css=&#8220;&#8220;]<a href=\"https:\/\/pelargonium-poinsettia.canto.global\/v\/sfeEN\/allfiles?viewIndex=2\" target=\"_blank\" rel=\"noopener\">Jetzt Bilddatenbank entdecken &gt;&gt;<\/a>[\/vc_column_text][\/vc_column][\/vc_row][vc_row el_class=&#8220;pfe-flexibel-abstand&#8220;][vc_column][vc_empty_space height=&#8220;50px&#8220;][\/vc_column][\/vc_row][vc_row][vc_column width=&#8220;1\/2&#8243;][vc_custom_heading text=&#8220;Qualit\u00e4ts- und Pflegematerialien&#8220; use_theme_fonts=&#8220;yes&#8220; el_class=&#8220;pfe-small2&#8243;][vc_column_text]Unsere kostenlosen Pflege-Grafiken und -poster sind eine gute M\u00f6glichkeit, Ihr Personal \u00fcber den richtigen Umgang mit Weihnachtssternen im Lagerhaus, beim Transport und im Gesch\u00e4ft zu informieren, damit die Pflanzen l\u00e4nger in Top-Form bleiben. H\u00e4ngen Sie z. B. das Warnposter in Ihrem Lagerraum auf, um Ihre Mitarbeiter immer wieder aufs Neue daran zu erinnern, dass Weihnachtssterne niemals Zugluft ausgesetzt sein sollten.<\/p>\n<p><a href=\"https:\/\/weihnachtsstern.de\/pos-material\/\">Qualit\u00e4ts und Pflegematerialen &gt;&gt;<\/a>[\/vc_column_text][\/vc_column][vc_column width=&#8220;1\/2&#8243;][vc_single_image image=&#8220;5161&#8243; img_size=&#8220;full&#8220;][\/vc_column][\/vc_row][vc_row el_class=&#8220;pfe-flexibel-abstand&#8220;][vc_column][vc_empty_space height=&#8220;50px&#8220;][\/vc_column][\/vc_row][vc_row][vc_column width=&#8220;1\/2&#8243;][vc_single_image image=&#8220;5183&#8243; img_size=&#8220;full&#8220;][\/vc_column][vc_column width=&#8220;1\/2&#8243;][vc_custom_heading text=&#8220;Inspirationen f\u00fcr Ihre Kundenansprache&#8220; use_theme_fonts=&#8220;yes&#8220; el_class=&#8220;pfe-small2&#8243;][vc_column_text]Sie suchen nach wirkungsvollen Ideen, um mit Ihren Kunden in Kontakt zu treten? Dann lassen Sie sich von unserer Verbraucherkampagne inspirieren! Schauen Sie sich in unserem Blog um, lesen Sie unsere Pressemitteilungen f\u00fcr die Verbrauchermedien, klicken Sie sich durch unsere Bilddatenbank oder besuchen Sie unsere internationalen Instagram- und Pinterest-Accounts sowie die verschiedenen Facebook-Seiten der L\u00e4nder. Die \u00dcbernahme von Inhalten ist ausdr\u00fccklich erw\u00fcnscht![\/vc_column_text][vc_column_text]<a href=\"https:\/\/weihnachtsstern.de\/\">Besuchen Sie die Verbraucher-Website &gt;&gt;<\/a>[\/vc_column_text][\/vc_column][\/vc_row][vc_row el_class=&#8220;pfe-flexibel-abstand&#8220;][vc_column][vc_empty_space height=&#8220;50px&#8220;][\/vc_column][\/vc_row][vc_row][vc_column width=&#8220;1\/2&#8243;][vc_custom_heading text=&#8220;Kontakt aufnehmen und mehr erfahren&#8220; use_theme_fonts=&#8220;yes&#8220; el_class=&#8220;pfe-small2&#8243;][vc_column_text]Verkaufen Sie Weihnachtssterne in einem Gartencenter, Blumengesch\u00e4ft oder wo auch immer und m\u00f6chten Sie mehr dar\u00fcber erfahren, wie wir Sie unterst\u00fctzen k\u00f6nnen? Dann setzen Sie sich mit uns in Verbindung. Wir freuen uns auf Sie![\/vc_column_text][vc_column_text]<a href=\"\/de\/kontakt\/\">Kontakt aufnehmen &gt;&gt;<\/a>[\/vc_column_text][\/vc_column][vc_column width=&#8220;1\/2&#8243;][vc_single_image image=&#8220;5121&#8243; img_size=&#8220;full&#8220;][\/vc_column][\/vc_row]<\/p><\/div><div class=\"acf-fields-container\" data-post-id=\"653\" data-canto-acf=\"true\"><\/div><style>\r\n        .acf-fields-container {\r\n            margin: 2em 0;\r\n            width: 100%;\r\n            clear: both;\r\n        }\r\n        .acf-field-image {\r\n            margin: 1.5em 0;\r\n            position: relative;\r\n        }\r\n        .acf-field-label {\r\n            margin-bottom: 1em;\r\n        }\r\n        .acf-image {\r\n            max-width: 100%;\r\n            height: auto;\r\n            display: block;\r\n            margin: 1em 0;\r\n        }\r\n    <\/style>","protected":false},"excerpt":{"rendered":"<p>[vc_row][vc_column][vc_custom_heading text=&#8220;Sie verkaufen Weihnachtssterne? Wir helfen Ihnen, Ihren Umsatz zu erh\u00f6hen.&#8220; font_container=&#8220;tag:h2|text_align:center&#8220; use_theme_fonts=&#8220;yes&#8220; el_class=&#8220;pfe-small2&#8243; el_id=&#8220;verkaufen&#8220;][vc_column_text] Damit Sie mehr Weihnachtssterne verkaufen, bieten wir Ihnen professionelle Verkaufs- und Marketingberatung, Marketing-Materialien sowie kostenlose Fotos, Texte und Videos. Nutzen Sie die Materialien f\u00fcr Ihre Kundenansprache. St\u00e4rken Sie mit Marketing die Kundenbindung und pr\u00e4sentieren Sie sich als Experte f\u00fcr alle [&hellip;]<\/p>\n","protected":false},"author":1,"featured_media":6490,"parent":0,"menu_order":0,"comment_status":"closed","ping_status":"closed","template":"template-parts\/pfe-trade.php","meta":{"_acf_changed":false,"footnotes":""},"class_list":["post-653","page","type-page","status-publish","has-post-thumbnail","hentry"],"acf":[],"_links":{"self":[{"href":"https:\/\/sfe-trade.com\/de\/wp-json\/wp\/v2\/pages\/653","targetHints":{"allow":["GET"]}}],"collection":[{"href":"https:\/\/sfe-trade.com\/de\/wp-json\/wp\/v2\/pages"}],"about":[{"href":"https:\/\/sfe-trade.com\/de\/wp-json\/wp\/v2\/types\/page"}],"author":[{"embeddable":true,"href":"https:\/\/sfe-trade.com\/de\/wp-json\/wp\/v2\/users\/1"}],"replies":[{"embeddable":true,"href":"https:\/\/sfe-trade.com\/de\/wp-json\/wp\/v2\/comments?post=653"}],"version-history":[{"count":115,"href":"https:\/\/sfe-trade.com\/de\/wp-json\/wp\/v2\/pages\/653\/revisions"}],"predecessor-version":[{"id":7232,"href":"https:\/\/sfe-trade.com\/de\/wp-json\/wp\/v2\/pages\/653\/revisions\/7232"}],"wp:featuredmedia":[{"embeddable":true,"href":"https:\/\/sfe-trade.com\/de\/wp-json\/wp\/v2\/media\/6490"}],"wp:attachment":[{"href":"https:\/\/sfe-trade.com\/de\/wp-json\/wp\/v2\/media?parent=653"}],"curies":[{"name":"wp","href":"https:\/\/api.w.org\/{rel}","templated":true}]}}