{"id":648,"date":"2021-12-27T18:17:47","date_gmt":"2021-12-27T18:17:47","guid":{"rendered":"https:\/\/weihnachtsstern.de\/?page_id=648"},"modified":"2024-07-01T14:23:02","modified_gmt":"2024-07-01T12:23:02","slug":"branche","status":"publish","type":"page","link":"https:\/\/sfe-trade.com\/de\/","title":{"rendered":"Branche"},"content":{"rendered":"<div class=\"wpb-content-wrapper\"><p>[vc_row][vc_column][vc_custom_heading text=&#8220;Die verschiedenen Zielgruppen der Branche im Blick&#8220; font_container=&#8220;tag:h2|text_align:center&#8220; use_theme_fonts=&#8220;yes&#8220; el_class=&#8220;pfe-small2&#8243; el_id=&#8220;angebote&#8220;][\/vc_column][\/vc_row][vc_row][vc_column][vc_column_text]<\/p>\n<p style=\"text-align: center;\">Wir von Stars for Europe informieren Ihre Kunden mit einer umfangreichen Verbraucherkampagne \u00fcber die vielen Vorteile von Weihnachtssternen. So begeistern wir immer wieder neue Menschen f\u00fcr Weihnachtssterne und sorgen daf\u00fcr, dass Ihr Absatz auch in Zukunft gesichert ist.<\/p>\n<p style=\"text-align: center;\">Au\u00dferdem bieten wir Ihnen jede Menge Informationen rund um Produktveredelung, Warenpr\u00e4sentation und Pflege sowie Werbemittel und weitere Materialien und Tipps f\u00fcr Ihr Marketing. Finden Sie heraus, wie wir Sie in Ihren Marketingaktivit\u00e4ten unterst\u00fctzen, um den Weihnachtssternabsatz zu f\u00f6rdern. Entdecken Sie jetzt unser Angebot und werden Sie aktiv.<\/p>\n<p>[\/vc_column_text][\/vc_column][\/vc_row][vc_row][vc_column][vc_column_text][\/vc_column_text][\/vc_column][\/vc_row][vc_row gap=&#8220;30&#8243;][vc_column width=&#8220;1\/3&#8243;][vc_single_image image=&#8220;5144&#8243; img_size=&#8220;full&#8220;][vc_custom_heading text=&#8220;Produzieren Sie Weihnachtssterne?&#8220; font_container=&#8220;tag:h3|text_align:left&#8220; use_theme_fonts=&#8220;yes&#8220; el_class=&#8220;pfe-small&#8220;][vc_column_text]Als Produzent sind Sie das R\u00fcckgrat der SfE-Kampagnenarbeit: Alles, was wir im B2C- und B2B-Marketing tun, dient dem Ziel, Ihren Absatz zu steigern. Weitere M\u00f6glichkeiten, wie Sie von unserer Arbeit profitieren k\u00f6nnen, finden Sie hier.[\/vc_column_text][vc_column_text]<a href=\"\/de\/produzenten\">Jetzt unser Angebot f\u00fcr Produzenten entdecken &gt;&gt;<\/a>[\/vc_column_text][\/vc_column][vc_column width=&#8220;1\/3&#8243;][vc_single_image image=&#8220;5145&#8243; img_size=&#8220;full&#8220;][vc_custom_heading text=&#8220;Verkaufen Sie Weihnachtssterne?&#8220; font_container=&#8220;tag:h3|text_align:left&#8220; use_theme_fonts=&#8220;yes&#8220; el_class=&#8220;pfe-small&#8220;][vc_column_text]Wir unterst\u00fctzen Sie dabei, so viele Pflanzen wie m\u00f6glich zu verkaufen, indem wir noch mehr Verbraucher f\u00fcr Weihnachtssterne begeistern. Au\u00dferdem bieten wir Ihnen Werbemittel und kostenlose Marketingmaterialien und -instrumente f\u00fcr Ihre Kundenansprache.[\/vc_column_text][vc_column_text]<a href=\"\/de\/einzelhaendler\/\">Jetzt unser Angebot f\u00fcr Einzelh\u00e4ndler entdecken &gt;&gt;<\/a>[\/vc_column_text][\/vc_column][vc_column width=&#8220;1\/3&#8243;][vc_single_image image=&#8220;6547&#8243; img_size=&#8220;full&#8220;][vc_custom_heading text=&#8220;Berichten Sie \u00fcber Weihnachtssterne?&#8220; font_container=&#8220;tag:h3|text_align:left&#8220; use_theme_fonts=&#8220;yes&#8220; el_class=&#8220;pfe-small&#8220;][vc_column_text]Sie sind auf der Suche nach aktuellen Presseinformationen und lizenzfreien Fotos rund um das Thema Weihnachtssterne? Dann sind Sie bei uns richtig. Wir unterst\u00fctzen Sie gern \u2013 mit Texten, Bildern und mehr. Finden Sie heraus, was wir f\u00fcr Sie tun k\u00f6nnen.[\/vc_column_text][vc_column_text]<a href=\"\/de\/branchen-news\/\">Infos f\u00fcr die Presse &gt;&gt;<\/a>[\/vc_column_text][\/vc_column][\/vc_row][vc_row][vc_column][vc_column_text][\/vc_column_text][\/vc_column][\/vc_row][vc_row el_class=&#8220;pfe-greenborderbox&#8220;][vc_column width=&#8220;2\/3&#8243;][vc_single_image image=&#8220;5154&#8243; img_size=&#8220;full&#8220;][\/vc_column][vc_column width=&#8220;1\/3&#8243;][vc_custom_heading text=&#8220;Sind Sie ein Z\u00fcchter?&#8220; use_theme_fonts=&#8220;yes&#8220; el_class=&#8220;pfe-small&#8220;][vc_column_text]Wenn Sie ein Zuchtunternehmen vertreten und herausfinden m\u00f6chten, was Ihre Unterst\u00fctzung f\u00fcr Ihr Unternehmen und die gesamte Branche bedeuten k\u00f6nnte, nehmen Sie Kontakt auf.<\/p>\n<p><strong>Projektleitung<\/strong><br \/>\nStars for Europe GbR,<br \/>\n<strong>Dr. Susanne Lux,<\/strong><br \/>\n<strong>Telefon:<\/strong> + 49 2644 981333,<br \/>\n<strong>Email:<\/strong> <a href=\"mailto:susanne.lux@meclux.de\">susanne.lux@meclux.de<\/a>[\/vc_column_text][\/vc_column][\/vc_row][vc_row][vc_column][vc_empty_space height=&#8220;75px&#8220;][\/vc_column][\/vc_row][vc_row disable_element=&#8220;yes&#8220;][vc_column width=&#8220;1\/2&#8243;][vc_custom_heading text=&#8220;Wer steckt hinter Stars for Europe?&#8220; use_theme_fonts=&#8220;yes&#8220; el_class=&#8220;pfe-small&#8220;][vc_column_text]Stars for Europe (SfE) ist die Marketinginitiative der europ\u00e4ischen Weihnachtssternz\u00fcchter Beekenkamp Plants, D\u00fcmmen Orange, Selecta One, und Syngenta Flowers. Die Initiative wurde im Jahr 2000 mit dem Ziel gegr\u00fcndet, den Weihnachtsstern-Absatz in Europa zu f\u00f6rdern und langfristig zu sichern. Unter dem Dach von Green Marketing Europe (GME) leitet Dr. Susanne Lux die Stars for Europe-Kampagne mit einem Team von engagierten Mitarbeitern und Freiberuflern. Mit einem Netzwerk von Agenturen und Freiberuflern produziert SfE Materialien und f\u00fchrt Kampagnen in 22 europ\u00e4ischen L\u00e4ndern durch.[\/vc_column_text][\/vc_column][vc_column width=&#8220;1\/2&#8243;][vc_single_image image=&#8220;3754&#8243; img_size=&#8220;full&#8220;][\/vc_column][\/vc_row][vc_row][vc_column][vc_empty_space height=&#8220;75px&#8220;][\/vc_column][\/vc_row][vc_row][vc_column][vc_single_image image=&#8220;6987&#8243; img_size=&#8220;full&#8220; alignment=&#8220;center&#8220;][\/vc_column][\/vc_row]<\/p><\/div><div class=\"acf-fields-container\" data-post-id=\"648\" data-canto-acf=\"true\"><\/div><style>\r\n        .acf-fields-container {\r\n            margin: 2em 0;\r\n            width: 100%;\r\n            clear: both;\r\n        }\r\n        .acf-field-image {\r\n            margin: 1.5em 0;\r\n            position: relative;\r\n        }\r\n        .acf-field-label {\r\n            margin-bottom: 1em;\r\n        }\r\n        .acf-image {\r\n            max-width: 100%;\r\n            height: auto;\r\n            display: block;\r\n            margin: 1em 0;\r\n        }\r\n    <\/style>","protected":false},"excerpt":{"rendered":"<p>[vc_row][vc_column][vc_custom_heading text=&#8220;Die verschiedenen Zielgruppen der Branche im Blick&#8220; font_container=&#8220;tag:h2|text_align:center&#8220; use_theme_fonts=&#8220;yes&#8220; el_class=&#8220;pfe-small2&#8243; el_id=&#8220;angebote&#8220;][\/vc_column][\/vc_row][vc_row][vc_column][vc_column_text] Wir von Stars for Europe informieren Ihre Kunden mit einer umfangreichen Verbraucherkampagne \u00fcber die vielen Vorteile von Weihnachtssternen. So begeistern wir immer wieder neue Menschen f\u00fcr Weihnachtssterne und sorgen daf\u00fcr, dass Ihr Absatz auch in Zukunft gesichert ist. Au\u00dferdem bieten wir Ihnen jede [&hellip;]<\/p>\n","protected":false},"author":1,"featured_media":5142,"parent":0,"menu_order":0,"comment_status":"closed","ping_status":"closed","template":"template-parts\/pfe-trade.php","meta":{"_acf_changed":false,"footnotes":""},"class_list":["post-648","page","type-page","status-publish","has-post-thumbnail","hentry"],"acf":[],"_links":{"self":[{"href":"https:\/\/sfe-trade.com\/de\/wp-json\/wp\/v2\/pages\/648","targetHints":{"allow":["GET"]}}],"collection":[{"href":"https:\/\/sfe-trade.com\/de\/wp-json\/wp\/v2\/pages"}],"about":[{"href":"https:\/\/sfe-trade.com\/de\/wp-json\/wp\/v2\/types\/page"}],"author":[{"embeddable":true,"href":"https:\/\/sfe-trade.com\/de\/wp-json\/wp\/v2\/users\/1"}],"replies":[{"embeddable":true,"href":"https:\/\/sfe-trade.com\/de\/wp-json\/wp\/v2\/comments?post=648"}],"version-history":[{"count":204,"href":"https:\/\/sfe-trade.com\/de\/wp-json\/wp\/v2\/pages\/648\/revisions"}],"predecessor-version":[{"id":6988,"href":"https:\/\/sfe-trade.com\/de\/wp-json\/wp\/v2\/pages\/648\/revisions\/6988"}],"wp:featuredmedia":[{"embeddable":true,"href":"https:\/\/sfe-trade.com\/de\/wp-json\/wp\/v2\/media\/5142"}],"wp:attachment":[{"href":"https:\/\/sfe-trade.com\/de\/wp-json\/wp\/v2\/media?parent=648"}],"curies":[{"name":"wp","href":"https:\/\/api.w.org\/{rel}","templated":true}]}}