{"id":487,"date":"2021-12-17T12:27:34","date_gmt":"2021-12-17T12:27:34","guid":{"rendered":"https:\/\/weihnachtsstern.de\/?page_id=487"},"modified":"2024-09-23T14:38:45","modified_gmt":"2024-09-23T12:38:45","slug":"impressum","status":"publish","type":"page","link":"https:\/\/sfe-trade.com\/de\/impressum\/","title":{"rendered":"Impressum"},"content":{"rendered":"<div class=\"wpb-content-wrapper\"><p>[vc_row][vc_column][vc_custom_heading text=&#8220;Allgemeine Datenschutzerkl\u00e4rung&#8220; use_theme_fonts=&#8220;yes&#8220;][vc_column_text]Verantwortlich i.S. des \u00a7 6 Teledienstgesetz bzw. Mediendienste Staatsvertrag ist:[\/vc_column_text][vc_column_text css=&#8220;&#8220;]Stars for Europe GbR,<br \/>\nc\/o Zentralverband Gartenbau,<br \/>\nBornheimerstra\u00dfe 37<br \/>\n53111 Bonn<br \/>\nGermany<br \/>\nGesch\u00e4ftsf\u00fchrer: Dr. Ulrich Sander \/ Europ\u00e4ische Projektleitung: Dr. Susanne Lux[\/vc_column_text][vc_column_text]Telefon: + 49 2644 981333<br \/>\nEmail: susanne.lux(at)meclux.de[\/vc_column_text][vc_column_text]USt-ID: DE224966758<br \/>\nSteuernummer: 206\/5779\/0607[\/vc_column_text][vc_custom_heading text=&#8220;Haftungsausschluss&#8220; use_theme_fonts=&#8220;yes&#8220;][vc_column_text]Die ge\u00e4u\u00dferten Ansichten und Meinungen entsprechen jedoch ausschlie\u00dflich denen des Autors bzw. der Autoren und spiegeln nicht zwingend die der Europ\u00e4ischen Union oder der Europ\u00e4ischen Exekutivagentur f\u00fcr die Forschung (REA) wider. Weder die Europ\u00e4ische Union noch die Bewilligungsbeh\u00f6rde k\u00f6nnen daf\u00fcr verantwortlich gemacht werden.[\/vc_column_text][\/vc_column][\/vc_row]<\/p><\/div><div class=\"acf-fields-container\" data-post-id=\"487\" data-canto-acf=\"true\"><\/div><style>\r\n        .acf-fields-container {\r\n            margin: 2em 0;\r\n            width: 100%;\r\n            clear: both;\r\n        }\r\n        .acf-field-image {\r\n            margin: 1.5em 0;\r\n            position: relative;\r\n        }\r\n        .acf-field-label {\r\n            margin-bottom: 1em;\r\n        }\r\n        .acf-image {\r\n            max-width: 100%;\r\n            height: auto;\r\n            display: block;\r\n            margin: 1em 0;\r\n        }\r\n    <\/style>","protected":false},"excerpt":{"rendered":"<p>[vc_row][vc_column][vc_custom_heading text=&#8220;Allgemeine Datenschutzerkl\u00e4rung&#8220; use_theme_fonts=&#8220;yes&#8220;][vc_column_text]Verantwortlich i.S. des \u00a7 6 Teledienstgesetz bzw. Mediendienste Staatsvertrag ist:[\/vc_column_text][vc_column_text css=&#8220;&#8220;]Stars for Europe GbR, c\/o Zentralverband Gartenbau, Bornheimerstra\u00dfe 37 53111 Bonn Germany Gesch\u00e4ftsf\u00fchrer: Dr. Ulrich Sander \/ Europ\u00e4ische Projektleitung: Dr. Susanne Lux[\/vc_column_text][vc_column_text]Telefon: + 49 2644 981333 Email: susanne.lux(at)meclux.de[\/vc_column_text][vc_column_text]USt-ID: DE224966758 Steuernummer: 206\/5779\/0607[\/vc_column_text][vc_custom_heading text=&#8220;Haftungsausschluss&#8220; use_theme_fonts=&#8220;yes&#8220;][vc_column_text]Die ge\u00e4u\u00dferten Ansichten und Meinungen entsprechen jedoch ausschlie\u00dflich denen des [&hellip;]<\/p>\n","protected":false},"author":1,"featured_media":0,"parent":0,"menu_order":0,"comment_status":"closed","ping_status":"closed","template":"","meta":{"_acf_changed":false,"footnotes":""},"class_list":["post-487","page","type-page","status-publish","hentry"],"acf":[],"_links":{"self":[{"href":"https:\/\/sfe-trade.com\/de\/wp-json\/wp\/v2\/pages\/487","targetHints":{"allow":["GET"]}}],"collection":[{"href":"https:\/\/sfe-trade.com\/de\/wp-json\/wp\/v2\/pages"}],"about":[{"href":"https:\/\/sfe-trade.com\/de\/wp-json\/wp\/v2\/types\/page"}],"author":[{"embeddable":true,"href":"https:\/\/sfe-trade.com\/de\/wp-json\/wp\/v2\/users\/1"}],"replies":[{"embeddable":true,"href":"https:\/\/sfe-trade.com\/de\/wp-json\/wp\/v2\/comments?post=487"}],"version-history":[{"count":15,"href":"https:\/\/sfe-trade.com\/de\/wp-json\/wp\/v2\/pages\/487\/revisions"}],"predecessor-version":[{"id":7026,"href":"https:\/\/sfe-trade.com\/de\/wp-json\/wp\/v2\/pages\/487\/revisions\/7026"}],"wp:attachment":[{"href":"https:\/\/sfe-trade.com\/de\/wp-json\/wp\/v2\/media?parent=487"}],"curies":[{"name":"wp","href":"https:\/\/api.w.org\/{rel}","templated":true}]}}