{"id":655,"date":"2021-12-27T18:24:59","date_gmt":"2021-12-27T17:24:59","guid":{"rendered":"https:\/\/weihnachtsstern.kinsta.cloud\/cz\/?page_id=655"},"modified":"2025-12-22T08:11:02","modified_gmt":"2025-12-22T07:11:02","slug":"producenti","status":"publish","type":"page","link":"https:\/\/sfe-trade.com\/cz\/producenti\/","title":{"rendered":"Producenti"},"content":{"rendered":"<div class=\"wpb-content-wrapper\"><p>[vc_row][vc_column][vc_custom_heading text=&#8220;S na\u0161\u00ed podporou m\u016f\u017eete prodat v\u00edce v\u00e1no\u010dn\u00edch hv\u011bzd&#8220; font_container=&#8220;tag:h2|text_align:center&#8220; use_theme_fonts=&#8220;yes&#8220; el_class=&#8220;pfe-small2&#8243; el_id=&#8220;s-na\u0161\u00ed-podporou&#8220;][vc_column_text]<\/p>\n<p style=\"text-align: center;\">Ka\u017edoro\u010dn\u011b oslovujeme miliony spot\u0159ebitel\u016f prost\u0159ednictv\u00edm na\u0161ich rozs\u00e1hl\u00fdch PR a marketingov\u00fdch kampan\u00ed, kter\u00e9 propaguj\u00ed v\u00e1\u0161 produkt p\u0159\u00edmo u koncov\u00fdch z\u00e1kazn\u00edk\u016f. Zde se dozv\u00edte v\u00edce o tom, co pro v\u00e1s d\u011bl\u00e1me a jak m\u016f\u017eete z na\u0161\u00ed pr\u00e1ce t\u011b\u017eit vy osobn\u011b, a\u0165 u\u017e jako odborn\u00edk p\u0159izvan\u00fd k tiskov\u00fdm rozhovor\u016fm, nebo vyu\u017eit\u00edm na\u0161ich fotografi\u00ed, psan\u00e9ho materi\u00e1lu a vide\u00ed.<\/p>\n<p>[\/vc_column_text][\/vc_column][\/vc_row][vc_row el_class=&#8220;pfe-flexibel-abstand&#8220;][vc_column][vc_empty_space height=&#8220;50px&#8220;][\/vc_column][\/vc_row][vc_row][vc_column width=&#8220;1\/2&#8243;][vc_single_image image=&#8220;5164&#8243; img_size=&#8220;full&#8220;][\/vc_column][vc_column width=&#8220;1\/2&#8243;][vc_custom_heading text=&#8220;Inspirace pro spot\u0159ebitele&#8220; use_theme_fonts=&#8220;yes&#8220; el_class=&#8220;pfe-small2&#8243;][vc_column_text]Na\u0161e rozs\u00e1hl\u00e1 spot\u0159ebitelsk\u00e1 kampa\u0148 se zam\u011b\u0159uje na propagaci v\u00fdhod v\u00e1no\u010dn\u00edch hv\u011bzd, zvy\u0161ov\u00e1n\u00ed pov\u011bdom\u00ed a motivaci co nejv\u00edce lid\u00ed k n\u00e1kupu va\u0161ich rostlin. P\u0159in\u00e1\u0161\u00edme v\u00e1no\u010dn\u00ed hv\u011bzdy do televize a rozhlasu, navazujeme partnerstv\u00ed s v\u00fdznamn\u00fdmi influencery, v\u00e1no\u010dn\u00ed hv\u011bzdy se objevuj\u00ed ve zn\u00e1m\u00fdch novin\u00e1ch a \u010dasopisech a jsou st\u0159edem pozornosti na festivalech a akc\u00edch.<br \/>\nChcete-li zjistit, \u010deho jsme dos\u00e1hli ve va\u0161\u00ed zemi, p\u0159e\u010dt\u011bte si n\u00e1\u0161 nejnov\u011bj\u0161\u00ed ro\u010dn\u00ed hodnocen\u00ed nebo se p\u0159ihlaste k odb\u011bru na\u0161ich zpravodaj\u016f.[\/vc_column_text][vc_column_text]<a href=\"https:\/\/mailchi.mp\/7c03187f3781\/starsforeurope\">P\u0159ihlaste se k odb\u011bru newsletteru &gt;&gt;<\/a>[\/vc_column_text][\/vc_column][\/vc_row][vc_row el_class=&#8220;pfe-flexibel-abstand&#8220;][vc_column][vc_empty_space height=&#8220;50px&#8220;][\/vc_column][\/vc_row][vc_row][vc_column width=&#8220;1\/2&#8243;][vc_custom_heading text=&#8220;Mo\u017enosti spolupr\u00e1ce&#8220; use_theme_fonts=&#8220;yes&#8220; el_class=&#8220;pfe-small2&#8243;][vc_column_text]P\u0159in\u00e1\u0161\u00edme producent\u016fm p\u0159\u00edle\u017eitosti aktivn\u011b se zapojit do SfE a objevovat nov\u00e9 p\u0159\u00edle\u017eitosti. Cht\u011bli byste, aby se va\u0161e zahradnictv\u00ed objevilo v televizi v hlavn\u00edm vys\u00edlac\u00edm \u010dase, aby s v\u00e1mi d\u011blali rozhovory v region\u00e1ln\u00edm r\u00e1diu, aby va\u0161e rostliny byly vystavov\u00e1ny na nejlep\u0161\u00edch sv\u011btov\u00fdch zahradnick\u00fdch v\u00fdstav\u00e1ch a abyste nav\u00e1zali kontakty s dal\u0161\u00edmi kl\u00ed\u010dov\u00fdmi hr\u00e1\u010di v oboru?<\/p>\n<p>Ozv\u011bte se n\u00e1m, v\u017edy r\u00e1di nav\u00e1\u017eeme nov\u00e9 vztahy s p\u011bstiteli.[\/vc_column_text][vc_column_text]<a href=\"\/cz\/kontakt\/\">Kontaktujte kancel\u00e1\u0159 SfE v m\u00e9 zemi &gt;&gt;<\/a>[\/vc_column_text][\/vc_column][vc_column width=&#8220;1\/2&#8243;][vc_single_image image=&#8220;5119&#8243; img_size=&#8220;full&#8220;][\/vc_column][\/vc_row][vc_row el_class=&#8220;pfe-flexibel-abstand&#8220;][vc_column][vc_empty_space height=&#8220;50px&#8220;][\/vc_column][\/vc_row][vc_row][vc_column width=&#8220;1\/2&#8243;][vc_single_image image=&#8220;5123&#8243; img_size=&#8220;full&#8220;][\/vc_column][vc_column width=&#8220;1\/2&#8243;][vc_custom_heading text=&#8220;Zdroje pro va\u0161e z\u00e1kazn\u00edky&#8220; use_theme_fonts=&#8220;yes&#8220; el_class=&#8220;pfe-small2&#8243;][vc_column_text]Prost\u0159ednictv\u00edm na\u0161\u00ed kampan\u011b m\u016f\u017eete poskytnout dal\u0161\u00ed podporu sv\u00fdm vlastn\u00edm z\u00e1kazn\u00edk\u016fm a partner\u016fm v oboru. Nab\u00edz\u00edme \u0159adu n\u00e1stroj\u016f, kter\u00e9 mohou va\u0161i maloobchodn\u00ed z\u00e1kazn\u00edci vyu\u017e\u00edt. Pat\u0159\u00ed mezi n\u011b marketingov\u00e9 poradenstv\u00ed, videa, marketingov\u00e9 materi\u00e1ly a rozs\u00e1hl\u00e1 fotobanka. Na\u0161e zdroje m\u016f\u017eete sd\u00edlet se sv\u00fdmi z\u00e1kazn\u00edky a partnery a sami je vyu\u017e\u00edvat.[\/vc_column_text][vc_column_text]<a href=\"\/cz\/maloobchodni-prodejci\/\">Zobrazit zdroje pro maloobchodn\u00edky &gt;&gt;<\/a>[\/vc_column_text][\/vc_column][\/vc_row][vc_row disable_element=&#8220;yes&#8220; el_class=&#8220;pfe-flexibel-abstand&#8220;][vc_column][vc_empty_space height=&#8220;50px&#8220;][\/vc_column][\/vc_row][vc_row disable_element=&#8220;yes&#8220;][vc_column width=&#8220;1\/2&#8243;][vc_custom_heading text=&#8220;Are you a producer?&#8220; use_theme_fonts=&#8220;yes&#8220; el_class=&#8220;pfe-small2&#8243;][vc_column_text]If you grow poinsettias and would like to get involved in the campaign, get in touch.<\/p>\n<p><strong>Stars for Europe Communications Manager,<\/strong><br \/>\nHannah Dunne,<br \/>\n<strong>Tel:<\/strong> +44 7533 076185<br \/>\n<strong>Email:<\/strong> <a href=\"mailto:communication@org-intern.info\">communication@org-intern.info<\/a><\/p>\n<p><a href=\"https:\/\/weihnachtsstern.kinsta.cloud\/cz\/pos-material\/\">Find contact person in my country &gt;&gt;<\/a>[\/vc_column_text][\/vc_column][vc_column width=&#8220;1\/2&#8243;][vc_single_image image=&#8220;5161&#8243; img_size=&#8220;full&#8220;][\/vc_column][\/vc_row][vc_row el_class=&#8220;pfe-flexibel-abstand&#8220;][vc_column][vc_empty_space height=&#8220;50px&#8220;][\/vc_column][\/vc_row][vc_row][vc_column width=&#8220;1\/2&#8243;][vc_custom_heading text=&#8220;V\u00fdm\u011bna zku\u0161enost\u00ed&#8220; use_theme_fonts=&#8220;yes&#8220; el_class=&#8220;pfe-small2&#8243;][vc_column_text]M\u00e1te z\u00e1jem dozv\u011bd\u011bt se nov\u00e9 u\u017eite\u010dn\u00e9 informace o sv\u00e9m oboru? SfE prov\u00e1d\u00ed r\u016fzn\u00e9 formy v\u00fdzkumu od anal\u00fdzy spot\u0159ebitelsk\u00e9ho trhu a\u017e po pr\u016fzkumy v\u00fdrobn\u00edch metod a udr\u017eitelnosti. Do budoucna pl\u00e1nujeme tuto cestu roz\u0161\u00ed\u0159it a podpo\u0159it vz\u00e1jemnou v\u00fdm\u011bnu zku\u0161enost\u00ed mezi v\u00fdrobci. Kontaktujte n\u00e1s, abyste se stali sou\u010d\u00e1st\u00ed na\u0161\u00ed s\u00edt\u011b, a p\u0159ihlaste se k odb\u011bru na\u0161ich zpravodaj\u016f, d\u00edky nim\u017e budete m\u00edt aktu\u00e1ln\u00ed informace.<\/p>\n<p><a href=\"\/cz\/kontakt\/\">Naj\u00edt kontaktn\u00ed osobu v m\u00e9 zemi &gt;&gt;<\/a><\/p>\n<p><a href=\"https:\/\/mailchi.mp\/7c03187f3781\/starsforeurope\">P\u0159ihlaste se k odb\u011bru newsletteru! &gt;&gt;<\/a>[\/vc_column_text][\/vc_column][vc_column width=&#8220;1\/2&#8243;][vc_single_image image=&#8220;5167&#8243; img_size=&#8220;full&#8220;][\/vc_column][\/vc_row][vc_row el_class=&#8220;pfe-flexibel-abstand&#8220;][vc_column][vc_empty_space height=&#8220;50px&#8220;][\/vc_column][\/vc_row][vc_row][vc_column][vc_custom_heading text=&#8220;Reference z oboru&#8220; use_theme_fonts=&#8220;yes&#8220; el_class=&#8220;pfe-small&#8220;][vc_row_inner][vc_column_inner el_class=&#8220;ho&#8220; width=&#8220;1\/3&#8243;][vc_column_text]<strong>Pan\u00ed Esslinov\u00e1,<\/strong><br \/>\n<strong>1a Garten Ensslin, N\u011bmecko<\/strong><br \/>\n&#8222;Velmi r\u00e1da vyu\u017e\u00edv\u00e1m podp\u016frn\u00e9 materi\u00e1ly Stars for Europe, proto\u017ee jsou nab\u00edzeny za opravdu dobrou cenu a jsou na nich kr\u00e1sn\u00e9 motivy. Na\u0161i z\u00e1kazn\u00edci si r\u00e1di odn\u00e1\u0161ej\u00ed d\u00e1rkov\u00e9 p\u0159edm\u011bty s sebou a n\u00e1vod na p\u00e9\u010di je velmi u\u017eite\u010dn\u00fd.&#8220;[\/vc_column_text][\/vc_column_inner][vc_column_inner width=&#8220;1\/3&#8220;][vc_column_text]<strong>Anna Kaszewiak,<\/strong><br \/>\n<strong>Marketingov\u00fd expert, velkoobchod Bronisze, Polsko<\/strong><br \/>\n&#8222;D\u00edky kampani Stars for Europe se m\u016f\u017eeme inspirovat zaj\u00edmav\u00fdmi, nev\u0161edn\u00edmi dekoracemi a vyu\u017eit\u00edm t\u00e9to rostliny. Kvalita, kter\u00e1 se ukazuje nap\u0159\u00ed\u010d jej\u00edmi kan\u00e1ly, je velmi vysok\u00e1.&#8220;[\/vc_column_text][\/vc_column_inner][vc_column_inner width=&#8220;1\/3&#8220;][vc_column_text]<strong>Reiner H\u00f6pken, Chair,<br \/>\nP\u0159edseda, Svaz maloobchodn\u00edch zahr\u00e1dk\u00e1\u0159\u016f, N\u011bmecko <\/strong><br \/>\n&#8222;SfE nab\u00edz\u00ed vynikaj\u00edc\u00ed podporu producent\u016fm a obchodu. S pomoc\u00ed kampan\u011b, a\u0165 u\u017e v PR nebo v marketingov\u00e9 materi\u00e1ly pro maloobchodn\u00edky, je v\u00e1no\u010dn\u00ed hv\u011bzda prezentov\u00e1na jako vysoce kvalitn\u00ed produkt, a to jak jako d\u00e1rek, tak pro dom\u00e1cnost.&#8220;[\/vc_column_text][\/vc_column_inner][\/vc_row_inner][\/vc_column][\/vc_row][vc_row el_class=&#8220;pfe-flexibel-abstand&#8220;][vc_column][vc_empty_space height=&#8220;50px&#8220;][\/vc_column][\/vc_row][vc_row el_class=&#8220;pfe-greenborderbox&#8220;][vc_column width=&#8220;2\/3&#8243;][vc_single_image image=&#8220;5169&#8243; img_size=&#8220;full&#8220;][\/vc_column][vc_column width=&#8220;1\/3&#8243;][vc_custom_heading text=&#8220;Jste producent?&#8220; use_theme_fonts=&#8220;yes&#8220; el_class=&#8220;pfe-small&#8220;][vc_column_text css=&#8220;&#8220;]Pokud p\u011bstujete v\u00e1no\u010dn\u00ed hv\u011bzdy a chcete se do kampan\u011b zapojit, kontaktujte n\u00e1s.<\/p>\n<p><strong>Stars for Europe Communications Manager,<\/strong><br \/>\nHelena Ebrahimi<br \/>\nEmail: <a href=\"mailto:Helena@greenmarketingeurope.eu\">Helena@greenmarketingeurope.eu<\/a>[\/vc_column_text][vc_column_text]<a href=\"\/cz\/kontakt\/\">Vyhledat kontaktn\u00ed osobu v m\u00e9 zemi &gt;&gt;<\/a>[\/vc_column_text][\/vc_column][\/vc_row]<\/p><\/div><div class=\"acf-fields-container\" data-post-id=\"655\" data-canto-acf=\"true\"><\/div><style>\r\n        .acf-fields-container {\r\n            margin: 2em 0;\r\n            width: 100%;\r\n            clear: both;\r\n        }\r\n        .acf-field-image {\r\n            margin: 1.5em 0;\r\n            position: relative;\r\n        }\r\n        .acf-field-label {\r\n            margin-bottom: 1em;\r\n        }\r\n        .acf-image {\r\n            max-width: 100%;\r\n            height: auto;\r\n            display: block;\r\n            margin: 1em 0;\r\n        }\r\n    <\/style>","protected":false},"excerpt":{"rendered":"<p>[vc_row][vc_column][vc_custom_heading text=&#8220;S na\u0161\u00ed podporou m\u016f\u017eete prodat v\u00edce v\u00e1no\u010dn\u00edch hv\u011bzd&#8220; font_container=&#8220;tag:h2|text_align:center&#8220; use_theme_fonts=&#8220;yes&#8220; el_class=&#8220;pfe-small2&#8243; el_id=&#8220;s-na\u0161\u00ed-podporou&#8220;][vc_column_text] Ka\u017edoro\u010dn\u011b oslovujeme miliony spot\u0159ebitel\u016f prost\u0159ednictv\u00edm na\u0161ich rozs\u00e1hl\u00fdch PR a marketingov\u00fdch kampan\u00ed, kter\u00e9 propaguj\u00ed v\u00e1\u0161 produkt p\u0159\u00edmo u koncov\u00fdch z\u00e1kazn\u00edk\u016f. Zde se dozv\u00edte v\u00edce o tom, co pro v\u00e1s d\u011bl\u00e1me a jak m\u016f\u017eete z na\u0161\u00ed pr\u00e1ce t\u011b\u017eit vy osobn\u011b, a\u0165 u\u017e jako odborn\u00edk [&hellip;]<\/p>\n","protected":false},"author":1,"featured_media":5157,"parent":0,"menu_order":0,"comment_status":"closed","ping_status":"closed","template":"template-parts\/pfe-trade.php","meta":{"_acf_changed":false,"footnotes":""},"class_list":["post-655","page","type-page","status-publish","has-post-thumbnail","hentry"],"acf":[],"_links":{"self":[{"href":"https:\/\/sfe-trade.com\/cz\/wp-json\/wp\/v2\/pages\/655","targetHints":{"allow":["GET"]}}],"collection":[{"href":"https:\/\/sfe-trade.com\/cz\/wp-json\/wp\/v2\/pages"}],"about":[{"href":"https:\/\/sfe-trade.com\/cz\/wp-json\/wp\/v2\/types\/page"}],"author":[{"embeddable":true,"href":"https:\/\/sfe-trade.com\/cz\/wp-json\/wp\/v2\/users\/1"}],"replies":[{"embeddable":true,"href":"https:\/\/sfe-trade.com\/cz\/wp-json\/wp\/v2\/comments?post=655"}],"version-history":[{"count":157,"href":"https:\/\/sfe-trade.com\/cz\/wp-json\/wp\/v2\/pages\/655\/revisions"}],"predecessor-version":[{"id":7288,"href":"https:\/\/sfe-trade.com\/cz\/wp-json\/wp\/v2\/pages\/655\/revisions\/7288"}],"wp:featuredmedia":[{"embeddable":true,"href":"https:\/\/sfe-trade.com\/cz\/wp-json\/wp\/v2\/media\/5157"}],"wp:attachment":[{"href":"https:\/\/sfe-trade.com\/cz\/wp-json\/wp\/v2\/media?parent=655"}],"curies":[{"name":"wp","href":"https:\/\/api.w.org\/{rel}","templated":true}]}}