{"id":653,"date":"2021-12-27T18:24:39","date_gmt":"2021-12-27T17:24:39","guid":{"rendered":"https:\/\/weihnachtsstern.kinsta.cloud\/cz\/?page_id=653"},"modified":"2026-02-23T12:28:57","modified_gmt":"2026-02-23T11:28:57","slug":"maloobchodni-prodejci","status":"publish","type":"page","link":"https:\/\/sfe-trade.com\/cz\/maloobchodni-prodejci\/","title":{"rendered":"Maloobchodn\u00ed prodejci"},"content":{"rendered":"<div class=\"wpb-content-wrapper\"><p>[vc_row][vc_column][vc_custom_heading text=&#8220;Prod\u00e1vat v\u00e1no\u010dn\u00ed hv\u011bzdy? Pom\u016f\u017eeme v\u00e1m zv\u00fd\u0161it obrat&#8220; font_container=&#8220;tag:h2|text_align:center&#8220; use_theme_fonts=&#8220;yes&#8220; el_class=&#8220;pfe-small2&#8243; el_id=&#8220;prodat&#8220;][vc_column_text]<\/p>\n<p style=\"text-align: center;\">Nab\u00edz\u00edme odborn\u00e9 prodejn\u00ed a marketingov\u00e9 poradenstv\u00ed a zdroje, jako jsou materi\u00e1ly pro prodejn\u00ed m\u00edsta, bezplatn\u00e9 profesion\u00e1ln\u00ed fotografie, psan\u00e9 materi\u00e1ly a videa &#8211; to v\u0161e v\u00e1m pom\u016f\u017ee zv\u00fd\u0161it prodej. Nev\u00e1hejte pou\u017e\u00edt n\u00e1\u0161 obsah pro sv\u016fj vlastn\u00ed marketing, abyste pos\u00edlili d\u016fv\u011bru z\u00e1kazn\u00edk\u016f a prok\u00e1zali sv\u00e9 zahradnick\u00e9 znalosti.<\/p>\n<p>[\/vc_column_text][\/vc_column][\/vc_row][vc_row el_class=&#8220;pfe-flexibel-abstand&#8220;][vc_column][vc_empty_space height=&#8220;50px&#8220;][\/vc_column][\/vc_row][vc_row][vc_column width=&#8220;1\/2&#8243;][vc_single_image image=&#8220;6953&#8243; img_size=&#8220;full&#8220;][\/vc_column][vc_column width=&#8220;1\/2&#8243;][vc_custom_heading text=&#8220;Videa s v\u00e1no\u010dn\u00edmi hv\u011bzdami pro va\u0161e z\u00e1kazn\u00edky&#8220; use_theme_fonts=&#8220;yes&#8220; el_class=&#8220;pfe-small2&#8243;][vc_column_text]Na na\u0161em kan\u00e1lu YouTube najdete \u0159adu vide\u00ed o v\u00e1no\u010dn\u00edch hv\u011bzd\u00e1ch, kter\u00e1 ukazuj\u00ed rady pro p\u00e9\u010di, n\u00e1pady na dekorace a projekty pro kutily. M\u016f\u017eete je pou\u017e\u00edt k p\u0159il\u00e1k\u00e1n\u00ed z\u00e1kazn\u00edk\u016f a zv\u00fd\u0161en\u00ed jejich zapojen\u00ed online t\u00edm, \u017ee je budete sd\u00edlet na sv\u00fdch vlastn\u00edch soci\u00e1ln\u00edch kan\u00e1lech, ale m\u016f\u017eete je vlo\u017eit i na sv\u00e9 webov\u00e9 str\u00e1nky nebo je uk\u00e1zat v obchod\u011b &#8211; vytvo\u0159\u00edte tak okam\u017eit\u00fd prodejn\u00ed impuls.[\/vc_column_text][vc_column_text]<a href=\"https:\/\/www.youtube.com\/MyPoinsettia\">Objevte videa &gt;&gt;<\/a>[\/vc_column_text][\/vc_column][\/vc_row][vc_row el_class=&#8220;pfe-flexibel-abstand&#8220;][vc_column][vc_empty_space height=&#8220;50px&#8220;][\/vc_column][\/vc_row][vc_row][vc_column width=&#8220;1\/2&#8243;][vc_custom_heading text=&#8220;Nejnov\u011bj\u0161\u00ed odborn\u00e9 tiskov\u00e9 zpr\u00e1vy&#8220; use_theme_fonts=&#8220;yes&#8220; el_class=&#8220;pfe-small2&#8243;][vc_column_text]Odborn\u00fdm m\u00e9di\u00edm pravideln\u011b zas\u00edl\u00e1me tiskov\u00e9 zpr\u00e1vy, ve kter\u00fdch se d\u011bl\u00edme o novinky z kampan\u011b a tak\u00e9 o rady z oblasti marketingu, prodeje a p\u00e9\u010de o v\u00e1no\u010dn\u00ed hv\u011bzdy. Na\u0161e odborn\u00e9 tiskov\u00e9 zpr\u00e1vy najdete zde.[\/vc_column_text][vc_column_text]<a href=\"\/cz\/kontakt\/\">Kontaktujte n\u00e1s &gt;&gt;<\/a><\/p>\n<p><a href=\"\/cz\/tiskove-informace\/\">Odborn\u00e9 tiskov\u00e9 zpr\u00e1vy &gt;&gt;<\/a>[\/vc_column_text][\/vc_column][vc_column width=&#8220;1\/2&#8243;][vc_single_image image=&#8220;6956&#8243; img_size=&#8220;full&#8220;][\/vc_column][\/vc_row][vc_row el_class=&#8220;pfe-flexibel-abstand&#8220;][vc_column][vc_empty_space height=&#8220;50px&#8220;][\/vc_column][\/vc_row][vc_row][vc_column width=&#8220;1\/2&#8243;][vc_single_image image=&#8220;6954&#8243; img_size=&#8220;full&#8220;][\/vc_column][vc_column width=&#8220;1\/2&#8243;][vc_custom_heading text=&#8220;Fotografie zdarma pro v\u00e1\u0161 marketing&#8220; use_theme_fonts=&#8220;yes&#8220; el_class=&#8220;pfe-small2&#8243;][vc_column_text]Ka\u017edoro\u010dn\u011b p\u0159ipravujeme \u0161irokou \u0161k\u00e1lu vysoce kvalitn\u00edch fotografi\u00ed, na kter\u00fdch jsou v\u00e1no\u010dn\u00ed hv\u011bzdy dopln\u011bny o trendy ve v\u00e1no\u010dn\u00ed a adventn\u00ed v\u00fdzdob\u011b, projekty pro kutily, n\u00e1pady na d\u00e1rky, dekorace na st\u016fl, detailn\u00ed z\u00e1b\u011bry rostlin a mnoho dal\u0161\u00edho. Na\u0161e sn\u00edmky m\u016f\u017eete zdarma pou\u017e\u00edt k podpo\u0159e vlastn\u00edho prodeje.<\/p>\n<p>Sd\u00edlejte je na sv\u00fdch soci\u00e1ln\u00edch kan\u00e1lech a webov\u00fdch str\u00e1nk\u00e1ch, pou\u017eijte je pro vlastn\u00ed PR a komunikaci s m\u00e9dii nebo si vytvo\u0159te vlastn\u00ed materi\u00e1ly pro m\u00edsta prodeje, jako jsou plak\u00e1ty a let\u00e1ky. Objevte na\u0161i rozs\u00e1hlou fotobanku, kter\u00e1 obsahuje stovky fotografi\u00ed v nejr\u016fzn\u011bj\u0161\u00edch stylech a nab\u00edz\u00ed n\u011bco pro ka\u017ed\u00e9ho.[\/vc_column_text][vc_column_text css=&#8220;&#8220;]<a href=\"https:\/\/pelargonium-poinsettia.canto.global\/v\/sfeEN\/allfiles?viewIndex=2\" target=\"_blank\" rel=\"noopener\">Prohl\u00e9dn\u011bte si na\u0161i fotobanku &gt;&gt;<\/a>[\/vc_column_text][\/vc_column][\/vc_row][vc_row el_class=&#8220;pfe-flexibel-abstand&#8220;][vc_column][vc_empty_space height=&#8220;50px&#8220;][\/vc_column][\/vc_row][vc_row][vc_column width=&#8220;1\/2&#8243;][vc_custom_heading text=&#8220;Inspirace pro spot\u0159ebitelsk\u00fd marketing&#8220; use_theme_fonts=&#8220;yes&#8220; el_class=&#8220;pfe-small2&#8243;][vc_column_text]Pokud \u010dasto hled\u00e1te nov\u00e9 n\u00e1pady pro marketing sv\u00e9ho podnik\u00e1n\u00ed &#8211; a\u0165 u\u017e jde o obsah na soci\u00e1ln\u00edch s\u00edt\u00edch, blogy, vlastn\u00ed PR a dal\u0161\u00ed, jsme tu pro v\u00e1s. Prov\u00e1d\u00edme rozs\u00e1hl\u00e9 kampan\u011b na podporu spot\u0159ebitel\u016f pod veden\u00edm odborn\u00edk\u016f na PR po cel\u00e9 Evrop\u011b, tak pro\u010d nevyu\u017e\u00edt n\u00e1\u0161 obsah jako odrazov\u00fd m\u016fstek pro ten v\u00e1\u0161? Pod\u00edvejte se na na\u0161e blogy a tiskov\u00e9 zpr\u00e1vy pro spot\u0159ebitele, projd\u011bte si na\u0161i fotobanku a nav\u0161tivte na\u0161e str\u00e1nky na Instagramu, Pinterestu a Facebooku. N\u00e1\u0161 obsah m\u016f\u017eete kop\u00edrovat, upravovat a u\u017e\u00edvat si ho![\/vc_column_text][vc_column_text]<a href=\"https:\/\/weihnachtsstern.kinsta.cloud\/cz\/\">Nav\u0161tivte sekci pro spot\u0159ebitele &gt;&gt;<\/a>[\/vc_column_text][\/vc_column][vc_column width=&#8220;1\/2&#8243;][vc_single_image image=&#8220;6957&#8243; img_size=&#8220;full&#8220;][\/vc_column][\/vc_row][vc_row el_class=&#8220;pfe-flexibel-abstand&#8220;][vc_column][vc_empty_space height=&#8220;50px&#8220;][\/vc_column][\/vc_row][vc_row][vc_column width=&#8220;1\/2&#8243;][vc_single_image image=&#8220;5121&#8243; img_size=&#8220;full&#8220;][\/vc_column][vc_column width=&#8220;1\/2&#8243;][vc_custom_heading text=&#8220;Kontaktujte n\u00e1s a dozv\u00edte se v\u00edce&#8220; use_theme_fonts=&#8220;yes&#8220; el_class=&#8220;pfe-small2&#8243;][vc_column_text]Prod\u00e1v\u00e1te v\u00e1no\u010dn\u00ed hv\u011bzdy v zahradn\u00edm centru, kv\u011btin\u00e1\u0159stv\u00ed nebo v n\u011bjak\u00e9m maloobchod\u011b? M\u016f\u017eeme v\u00e1s podpo\u0159it. Kontaktujte n\u00e1s. T\u011b\u0161\u00edme se, a\u017e se n\u00e1m ozvete![\/vc_column_text][vc_column_text]<a href=\"\/cz\/kontakt\/\">Kontakt &gt;&gt;<\/a>[\/vc_column_text][\/vc_column][\/vc_row]<\/p><\/div><div class=\"acf-fields-container\" data-post-id=\"653\" data-canto-acf=\"true\"><\/div><style>\r\n        .acf-fields-container {\r\n            margin: 2em 0;\r\n            width: 100%;\r\n            clear: both;\r\n        }\r\n        .acf-field-image {\r\n            margin: 1.5em 0;\r\n            position: relative;\r\n        }\r\n        .acf-field-label {\r\n            margin-bottom: 1em;\r\n        }\r\n        .acf-image {\r\n            max-width: 100%;\r\n            height: auto;\r\n            display: block;\r\n            margin: 1em 0;\r\n        }\r\n    <\/style>","protected":false},"excerpt":{"rendered":"<p>[vc_row][vc_column][vc_custom_heading text=&#8220;Prod\u00e1vat v\u00e1no\u010dn\u00ed hv\u011bzdy? Pom\u016f\u017eeme v\u00e1m zv\u00fd\u0161it obrat&#8220; font_container=&#8220;tag:h2|text_align:center&#8220; use_theme_fonts=&#8220;yes&#8220; el_class=&#8220;pfe-small2&#8243; el_id=&#8220;prodat&#8220;][vc_column_text] Nab\u00edz\u00edme odborn\u00e9 prodejn\u00ed a marketingov\u00e9 poradenstv\u00ed a zdroje, jako jsou materi\u00e1ly pro prodejn\u00ed m\u00edsta, bezplatn\u00e9 profesion\u00e1ln\u00ed fotografie, psan\u00e9 materi\u00e1ly a videa &#8211; to v\u0161e v\u00e1m pom\u016f\u017ee zv\u00fd\u0161it prodej. Nev\u00e1hejte pou\u017e\u00edt n\u00e1\u0161 obsah pro sv\u016fj vlastn\u00ed marketing, abyste pos\u00edlili d\u016fv\u011bru z\u00e1kazn\u00edk\u016f a prok\u00e1zali sv\u00e9 [&hellip;]<\/p>\n","protected":false},"author":1,"featured_media":6994,"parent":0,"menu_order":0,"comment_status":"closed","ping_status":"closed","template":"template-parts\/pfe-trade.php","meta":{"_acf_changed":false,"footnotes":""},"class_list":["post-653","page","type-page","status-publish","has-post-thumbnail","hentry"],"acf":[],"_links":{"self":[{"href":"https:\/\/sfe-trade.com\/cz\/wp-json\/wp\/v2\/pages\/653","targetHints":{"allow":["GET"]}}],"collection":[{"href":"https:\/\/sfe-trade.com\/cz\/wp-json\/wp\/v2\/pages"}],"about":[{"href":"https:\/\/sfe-trade.com\/cz\/wp-json\/wp\/v2\/types\/page"}],"author":[{"embeddable":true,"href":"https:\/\/sfe-trade.com\/cz\/wp-json\/wp\/v2\/users\/1"}],"replies":[{"embeddable":true,"href":"https:\/\/sfe-trade.com\/cz\/wp-json\/wp\/v2\/comments?post=653"}],"version-history":[{"count":120,"href":"https:\/\/sfe-trade.com\/cz\/wp-json\/wp\/v2\/pages\/653\/revisions"}],"predecessor-version":[{"id":7291,"href":"https:\/\/sfe-trade.com\/cz\/wp-json\/wp\/v2\/pages\/653\/revisions\/7291"}],"wp:featuredmedia":[{"embeddable":true,"href":"https:\/\/sfe-trade.com\/cz\/wp-json\/wp\/v2\/media\/6994"}],"wp:attachment":[{"href":"https:\/\/sfe-trade.com\/cz\/wp-json\/wp\/v2\/media?parent=653"}],"curies":[{"name":"wp","href":"https:\/\/api.w.org\/{rel}","templated":true}]}}