{"id":648,"date":"2023-08-01T18:17:47","date_gmt":"2023-08-01T16:17:47","guid":{"rendered":"https:\/\/weihnachtsstern.kinsta.cloud\/cz\/?page_id=648"},"modified":"2023-08-21T13:36:19","modified_gmt":"2023-08-21T11:36:19","slug":"obchod","status":"publish","type":"page","link":"https:\/\/sfe-trade.com\/cz\/","title":{"rendered":"Obchod"},"content":{"rendered":"<div class=\"wpb-content-wrapper\"><p>[vc_row][vc_column][vc_custom_heading text=&#8220;P\u0159\u00edle\u017eitosti pro v\u0161echna odv\u011btv\u00ed pr\u016fmyslu&#8220; font_container=&#8220;tag:h2|text_align:center&#8220; use_theme_fonts=&#8220;yes&#8220; el_class=&#8220;pfe-small2&#8243; el_id=&#8220;prilezitosti&#8220;][\/vc_column][\/vc_row][vc_row][vc_column][vc_column_text]<\/p>\n<p style=\"text-align: center;\">Ve Stars for Europe c\u00edl\u00edme p\u0159\u00edmo na va\u0161e koncov\u00e9 z\u00e1kazn\u00edky a informujeme je o mnoha v\u00fdhod\u00e1ch v\u00e1no\u010dn\u00edch hv\u011bzd prost\u0159ednictv\u00edm na\u0161\u00ed rozs\u00e1hl\u00e9 spot\u0159ebitelsk\u00e9 propaga\u010dn\u00ed kampan\u011b.<\/p>\n<p style=\"text-align: center;\">T\u00edmto zp\u016fsobem neust\u00e1le inspirujeme nov\u00e9 z\u00e1kazn\u00edky a zaji\u0161\u0165ujeme dlouhodob\u00fd prodej v\u00e1no\u010dn\u00edch hv\u011bzd do budoucna.<\/p>\n<p style=\"text-align: center;\">Najdete zde v\u0161ak tak\u00e9 \u0159adu informac\u00ed, kter\u00e9 p\u0159\u00edmo podpo\u0159\u00ed va\u0161e podnik\u00e1n\u00ed, od vylep\u0161en\u00ed sortimentu p\u0159es tipy na obchodn\u00ed prezentace, rady pro \u0159\u00edzen\u00ed obchodu a\u017e po materi\u00e1ly pro prodejn\u00ed m\u00edsta, digit\u00e1ln\u00ed n\u00e1stroje a zdroje pro v\u00e1\u0161 marketing.<\/p>\n<p>[\/vc_column_text][\/vc_column][\/vc_row][vc_row][vc_column][vc_column_text][\/vc_column_text][\/vc_column][\/vc_row][vc_row gap=&#8220;30&#8243;][vc_column width=&#8220;1\/3&#8243;][vc_single_image image=&#8220;6942&#8243; img_size=&#8220;full&#8220;][vc_custom_heading text=&#8220;P\u011bstujete v\u00e1no\u010dn\u00ed hv\u011bzdy?&#8220; font_container=&#8220;tag:h3|text_align:left&#8220; use_theme_fonts=&#8220;yes&#8220; el_class=&#8220;pfe-small&#8220;][vc_column_text]Jako v\u00fdrobce jste p\u00e1te\u0159\u00ed kampan\u011b SfE: v\u0161e, co d\u011bl\u00e1me, m\u00e1 za c\u00edl zv\u00fd\u0161it va\u0161e prodeje prost\u0159ednictv\u00edm B2C i B2B marketingu. Zde naleznete n\u011bkter\u00e9 z dal\u0161\u00edch zp\u016fsob\u016f, kter\u00e9 v\u00e1m mohou pomoci.[\/vc_column_text][vc_column_text]<a href=\"https:\/\/weihnachtsstern.kinsta.cloud\/cz\/producenti\/\">Objevte p\u0159\u00edle\u017eitosti pro p\u011bstitele &gt;&gt;<\/a>[\/vc_column_text][\/vc_column][vc_column width=&#8220;1\/3&#8243;][vc_single_image image=&#8220;6965&#8243; img_size=&#8220;full&#8220;][vc_custom_heading text=&#8220;Prod\u00e1v\u00e1te v\u00e1no\u010dn\u00ed hv\u011bzdy?&#8220; font_container=&#8220;tag:h3|text_align:left&#8220; use_theme_fonts=&#8220;yes&#8220; el_class=&#8220;pfe-small&#8220;][vc_column_text]Na\u0161\u00edm c\u00edlem je povzbudit v\u00edce z\u00e1kazn\u00edk\u016f, aby si v\u00e1no\u010dn\u00ed hv\u011bzdy zamilovali a ka\u017ed\u00fd rok si jich koupili co nejv\u00edce. Nab\u00edz\u00edme \u0159adu bezplatn\u00fdch marketingov\u00fdch materi\u00e1l\u016f a zdroj\u016f, kter\u00e9 v\u00e1m pomohou zv\u00fd\u0161it prodej.[\/vc_column_text][vc_column_text]<a href=\"https:\/\/weihnachtsstern.kinsta.cloud\/cz\/maloobchodn\u00ed-prodejci\/\">Objevte p\u0159\u00edle\u017eitosti pro maloobchodn\u00edky &gt;&gt;<\/a>[\/vc_column_text][\/vc_column][vc_column width=&#8220;1\/3&#8243;][vc_single_image image=&#8220;6948&#8243; img_size=&#8220;full&#8220;][vc_custom_heading text=&#8220;Hled\u00e1te informace pro novin\u00e1\u0159e?&#8220; font_container=&#8220;tag:h3|text_align:left&#8220; use_theme_fonts=&#8220;yes&#8220; el_class=&#8220;pfe-small&#8220;][vc_column_text]Pokud jste odborn\u00fd novin\u00e1\u0159 a hled\u00e1te novinky, tiskov\u00e9 zpr\u00e1vy a fotografie bez licen\u010dn\u00edch poplatk\u016f, jste na spr\u00e1vn\u00e9m m\u00edst\u011b. V\u017edy v\u00e1m r\u00e1di poskytneme obsah, fotografie a dal\u0161\u00ed informace. Zjist\u011bte, co v\u00e1m m\u016f\u017eeme nab\u00eddnout.[\/vc_column_text][vc_column_text]<a href=\"\/tiskove-zpravy\/\">Informace pro tisk &gt;&gt;<\/a>[\/vc_column_text][\/vc_column][\/vc_row][vc_row][vc_column][vc_column_text][\/vc_column_text][\/vc_column][\/vc_row][vc_row el_class=&#8220;pfe-greenborderbox&#8220;][vc_column width=&#8220;2\/3&#8243;][vc_single_image image=&#8220;6943&#8243; img_size=&#8220;full&#8220;][\/vc_column][vc_column width=&#8220;1\/3&#8243;][vc_custom_heading text=&#8220;Jste p\u011bstitel?&#8220; use_theme_fonts=&#8220;yes&#8220; el_class=&#8220;pfe-small&#8220;][vc_column_text]Pokud zastupujete zem\u011bd\u011blskou spole\u010dnost a chcete zjistit, jak by va\u0161e podpora mohla prosp\u011bt va\u0161emu podniku i cel\u00e9mu odv\u011btv\u00ed, kontaktujte n\u00e1s.<\/p>\n<p><strong>Veden\u00ed projektu<\/strong><br \/>\nStars for Europe GbR,<br \/>\n<strong>Dr. Susanne Lux,<\/strong><br \/>\n<strong>Telephone:<\/strong> + 49 2644 981333,<br \/>\n<strong>E-mail:<\/strong> <a href=\"mailto:susanne.lux@meclux.de\">susanne.lux@meclux.de<\/a>[\/vc_column_text][\/vc_column][\/vc_row]<\/p><\/div><div class=\"acf-fields-container\" data-post-id=\"648\" data-canto-acf=\"true\"><\/div><style>\r\n        .acf-fields-container {\r\n            margin: 2em 0;\r\n            width: 100%;\r\n            clear: both;\r\n        }\r\n        .acf-field-image {\r\n            margin: 1.5em 0;\r\n            position: relative;\r\n        }\r\n        .acf-field-label {\r\n            margin-bottom: 1em;\r\n        }\r\n        .acf-image {\r\n            max-width: 100%;\r\n            height: auto;\r\n            display: block;\r\n            margin: 1em 0;\r\n        }\r\n    <\/style>","protected":false},"excerpt":{"rendered":"<p>[vc_row][vc_column][vc_custom_heading text=&#8220;P\u0159\u00edle\u017eitosti pro v\u0161echna odv\u011btv\u00ed pr\u016fmyslu&#8220; font_container=&#8220;tag:h2|text_align:center&#8220; use_theme_fonts=&#8220;yes&#8220; el_class=&#8220;pfe-small2&#8243; el_id=&#8220;prilezitosti&#8220;][\/vc_column][\/vc_row][vc_row][vc_column][vc_column_text] Ve Stars for Europe c\u00edl\u00edme p\u0159\u00edmo na va\u0161e koncov\u00e9 z\u00e1kazn\u00edky a informujeme je o mnoha v\u00fdhod\u00e1ch v\u00e1no\u010dn\u00edch hv\u011bzd prost\u0159ednictv\u00edm na\u0161\u00ed rozs\u00e1hl\u00e9 spot\u0159ebitelsk\u00e9 propaga\u010dn\u00ed kampan\u011b. T\u00edmto zp\u016fsobem neust\u00e1le inspirujeme nov\u00e9 z\u00e1kazn\u00edky a zaji\u0161\u0165ujeme dlouhodob\u00fd prodej v\u00e1no\u010dn\u00edch hv\u011bzd do budoucna. Najdete zde v\u0161ak tak\u00e9 \u0159adu informac\u00ed, kter\u00e9 [&hellip;]<\/p>\n","protected":false},"author":1,"featured_media":6941,"parent":0,"menu_order":0,"comment_status":"closed","ping_status":"closed","template":"template-parts\/pfe-trade.php","meta":{"_acf_changed":false,"footnotes":""},"class_list":["post-648","page","type-page","status-publish","has-post-thumbnail","hentry"],"acf":[],"_links":{"self":[{"href":"https:\/\/sfe-trade.com\/cz\/wp-json\/wp\/v2\/pages\/648","targetHints":{"allow":["GET"]}}],"collection":[{"href":"https:\/\/sfe-trade.com\/cz\/wp-json\/wp\/v2\/pages"}],"about":[{"href":"https:\/\/sfe-trade.com\/cz\/wp-json\/wp\/v2\/types\/page"}],"author":[{"embeddable":true,"href":"https:\/\/sfe-trade.com\/cz\/wp-json\/wp\/v2\/users\/1"}],"replies":[{"embeddable":true,"href":"https:\/\/sfe-trade.com\/cz\/wp-json\/wp\/v2\/comments?post=648"}],"version-history":[{"count":207,"href":"https:\/\/sfe-trade.com\/cz\/wp-json\/wp\/v2\/pages\/648\/revisions"}],"predecessor-version":[{"id":7084,"href":"https:\/\/sfe-trade.com\/cz\/wp-json\/wp\/v2\/pages\/648\/revisions\/7084"}],"wp:featuredmedia":[{"embeddable":true,"href":"https:\/\/sfe-trade.com\/cz\/wp-json\/wp\/v2\/media\/6941"}],"wp:attachment":[{"href":"https:\/\/sfe-trade.com\/cz\/wp-json\/wp\/v2\/media?parent=648"}],"curies":[{"name":"wp","href":"https:\/\/api.w.org\/{rel}","templated":true}]}}