{"id":487,"date":"2021-12-17T12:27:34","date_gmt":"2021-12-17T12:27:34","guid":{"rendered":"https:\/\/weihnachtsstern.kinsta.cloud\/cz\/?page_id=487"},"modified":"2024-09-23T15:45:05","modified_gmt":"2024-09-23T13:45:05","slug":"tiraz","status":"publish","type":"page","link":"https:\/\/sfe-trade.com\/cz\/tiraz\/","title":{"rendered":"Tir\u00e1\u017e"},"content":{"rendered":"<div class=\"wpb-content-wrapper\"><p>[vc_row][vc_column][vc_custom_heading text=&#8220;Ochrana dat&#8220; use_theme_fonts=&#8220;yes&#8220;][vc_column_text]Za obsah t\u011bchto webov\u00fdch str\u00e1nek ve smyslu dodr\u017een\u00ed n\u011bmeck\u00e9 legislativy odpov\u00edd\u00e1:[\/vc_column_text][vc_column_text css=&#8220;&#8220;]Stars for Europe GbR<br \/>\nc\/o Zentralverband Gartenbau<br \/>\nBornheimerstra\u00dfe 37<br \/>\n53111 Bonn<br \/>\nGermany<br \/>\nManaging Director: <span class=\"ui-provider fy b c d e f g h i j k l m n o p q r s t u v w x y z ab ac ae af ag ah ai aj ak\" dir=\"ltr\">Dr. Ulrich Sander<\/span><br \/>\nEurop\u00e4ische Projektleitung: Dr. Susanne Lux[\/vc_column_text][vc_column_text]Telefon: + 49 2644 981333<br \/>\nMail: susanne.lux(at)meclux.de[\/vc_column_text][vc_column_text]VAT-ID: DE224966758<br \/>\nTax number: 206\/5779\/0607[\/vc_column_text][vc_custom_heading text=&#8220;Pr\u00e1vn\u00ed dolo\u017eka&#8220; use_theme_fonts=&#8220;yes&#8220;][vc_column_text]Vyj\u00e1d\u0159en\u00e9 n\u00e1zory a stanoviska jsou v\u0161ak n\u00e1zory a stanovisky autor\u016f a nemus\u00ed nutn\u011b odr\u00e1\u017eet n\u00e1zory Evropsk\u00e9 unie nebo Evropsk\u00e9 v\u00fdkonn\u00e9 agentury pro v\u00fdzkum (REA). Evropsk\u00e1 unie ani org\u00e1n poskytuj\u00edc\u00ed podporu za n\u011b nenesou odpov\u011bdnost.[\/vc_column_text][\/vc_column][\/vc_row]<\/p><\/div><div class=\"acf-fields-container\" data-post-id=\"487\" data-canto-acf=\"true\"><\/div><style>\r\n        .acf-fields-container {\r\n            margin: 2em 0;\r\n            width: 100%;\r\n            clear: both;\r\n        }\r\n        .acf-field-image {\r\n            margin: 1.5em 0;\r\n            position: relative;\r\n        }\r\n        .acf-field-label {\r\n            margin-bottom: 1em;\r\n        }\r\n        .acf-image {\r\n            max-width: 100%;\r\n            height: auto;\r\n            display: block;\r\n            margin: 1em 0;\r\n        }\r\n    <\/style>","protected":false},"excerpt":{"rendered":"<p>[vc_row][vc_column][vc_custom_heading text=&#8220;Ochrana dat&#8220; use_theme_fonts=&#8220;yes&#8220;][vc_column_text]Za obsah t\u011bchto webov\u00fdch str\u00e1nek ve smyslu dodr\u017een\u00ed n\u011bmeck\u00e9 legislativy odpov\u00edd\u00e1:[\/vc_column_text][vc_column_text css=&#8220;&#8220;]Stars for Europe GbR c\/o Zentralverband Gartenbau Bornheimerstra\u00dfe 37 53111 Bonn Germany Managing Director: Dr. Ulrich Sander Europ\u00e4ische Projektleitung: Dr. Susanne Lux[\/vc_column_text][vc_column_text]Telefon: + 49 2644 981333 Mail: susanne.lux(at)meclux.de[\/vc_column_text][vc_column_text]VAT-ID: DE224966758 Tax number: 206\/5779\/0607[\/vc_column_text][vc_custom_heading text=&#8220;Pr\u00e1vn\u00ed dolo\u017eka&#8220; use_theme_fonts=&#8220;yes&#8220;][vc_column_text]Vyj\u00e1d\u0159en\u00e9 n\u00e1zory a stanoviska jsou v\u0161ak n\u00e1zory [&hellip;]<\/p>\n","protected":false},"author":1,"featured_media":0,"parent":0,"menu_order":0,"comment_status":"closed","ping_status":"closed","template":"","meta":{"_acf_changed":false,"footnotes":""},"class_list":["post-487","page","type-page","status-publish","hentry"],"acf":[],"_links":{"self":[{"href":"https:\/\/sfe-trade.com\/cz\/wp-json\/wp\/v2\/pages\/487","targetHints":{"allow":["GET"]}}],"collection":[{"href":"https:\/\/sfe-trade.com\/cz\/wp-json\/wp\/v2\/pages"}],"about":[{"href":"https:\/\/sfe-trade.com\/cz\/wp-json\/wp\/v2\/types\/page"}],"author":[{"embeddable":true,"href":"https:\/\/sfe-trade.com\/cz\/wp-json\/wp\/v2\/users\/1"}],"replies":[{"embeddable":true,"href":"https:\/\/sfe-trade.com\/cz\/wp-json\/wp\/v2\/comments?post=487"}],"version-history":[{"count":19,"href":"https:\/\/sfe-trade.com\/cz\/wp-json\/wp\/v2\/pages\/487\/revisions"}],"predecessor-version":[{"id":7207,"href":"https:\/\/sfe-trade.com\/cz\/wp-json\/wp\/v2\/pages\/487\/revisions\/7207"}],"wp:attachment":[{"href":"https:\/\/sfe-trade.com\/cz\/wp-json\/wp\/v2\/media?parent=487"}],"curies":[{"name":"wp","href":"https:\/\/api.w.org\/{rel}","templated":true}]}}