{"id":653,"date":"2021-12-27T18:24:39","date_gmt":"2021-12-27T17:24:39","guid":{"rendered":"https:\/\/christmas-star.info\/?page_id=653"},"modified":"2026-02-23T13:29:50","modified_gmt":"2026-02-23T11:29:50","slug":"%d1%82%d1%8a%d1%80%d0%b3%d0%be%d0%b2%d1%86%d0%b8-%d0%bd%d0%b0-%d0%b4%d1%80%d0%b5%d0%b1%d0%bd%d0%be","status":"publish","type":"page","link":"https:\/\/sfe-trade.com\/bg\/%d1%82%d1%8a%d1%80%d0%b3%d0%be%d0%b2%d1%86%d0%b8-%d0%bd%d0%b0-%d0%b4%d1%80%d0%b5%d0%b1%d0%bd%d0%be\/","title":{"rendered":"\u0422\u044a\u0440\u0433\u043e\u0432\u0446\u0438 \u043d\u0430 \u0434\u0440\u0435\u0431\u043d\u043e"},"content":{"rendered":"<div class=\"wpb-content-wrapper\"><p>[vc_row][vc_column][vc_custom_heading text=&#8220;\u041f\u0440\u043e\u0434\u0430\u0432\u0430\u0442\u0435 \u043f\u043e\u0438\u043d\u0441\u0435\u0442\u0438\u044f? \u041d\u0438\u0435 \u043c\u043e\u0436\u0435\u043c \u0434\u0430 \u0432\u0438 \u043f\u043e\u043c\u043e\u0433\u043d\u0435\u043c \u0434\u0430 \u0443\u0432\u0435\u043b\u0438\u0447\u0438\u0442\u0435 \u043f\u0440\u043e\u0434\u0430\u0436\u0431\u0438\u0442\u0435 \u0441\u0438&#8220; font_container=&#8220;tag:h2|text_align:center&#8220; use_theme_fonts=&#8220;yes&#8220; el_class=&#8220;pfe-small2&#8243; el_id=&#8220;\u043f\u0440\u043e\u0434\u0430\u0436\u0431\u0430&#8220;][vc_column_text]<\/p>\n<p style=\"text-align: center;\">\u041f\u0440\u0435\u0434\u043b\u0430\u0433\u0430\u043c\u0435 \u0435\u043a\u0441\u043f\u0435\u0440\u0442\u043d\u0438 \u0441\u044a\u0432\u0435\u0442\u0438 \u0437\u0430 \u043f\u0440\u043e\u0434\u0430\u0436\u0431\u0438 \u0438 \u043c\u0430\u0440\u043a\u0435\u0442\u0438\u043d\u0433, \u043a\u0430\u043a\u0442\u043e \u0438 \u043c\u0430\u0442\u0435\u0440\u0438\u0430\u043b\u0438 \u0437\u0430 \u0442\u044a\u0440\u0433\u043e\u0432\u0441\u043a\u0438\u0442\u0435 \u043e\u0431\u0435\u043a\u0442\u0438, \u0431\u0435\u0437\u043f\u043b\u0430\u0442\u043d\u0438 \u043f\u0440\u043e\u0444\u0435\u0441\u0438\u043e\u043d\u0430\u043b\u043d\u0438 \u0444\u043e\u0442\u043e\u0433\u0440\u0430\u0444\u0438\u0438, \u043f\u0438\u0441\u043c\u0435\u043d\u043e \u0441\u044a\u0434\u044a\u0440\u0436\u0430\u043d\u0438\u0435 \u0438 \u0432\u0438\u0434\u0435\u043e\u043a\u043b\u0438\u043f\u043e\u0432\u0435 &#8211; \u0432\u0441\u0438\u0447\u043a\u043e \u0442\u043e\u0432\u0430, \u0437\u0430 \u0434\u0430 \u0443\u0432\u0435\u043b\u0438\u0447\u0438\u043c \u043f\u0440\u043e\u0434\u0430\u0436\u0431\u0438\u0442\u0435 \u0432\u0438. \u041d\u0435 \u0441\u0435 \u043f\u0440\u0438\u0442\u0435\u0441\u043d\u044f\u0432\u0430\u0439\u0442\u0435 \u0434\u0430 \u0438\u0437\u043f\u043e\u043b\u0437\u0432\u0430\u0442\u0435 \u043d\u0430\u0448\u0435\u0442\u043e \u0441\u044a\u0434\u044a\u0440\u0436\u0430\u043d\u0438\u0435 \u0437\u0430 \u0441\u043e\u0431\u0441\u0442\u0432\u0435\u043d\u0438\u044f \u0441\u0438 \u043c\u0430\u0440\u043a\u0435\u0442\u0438\u043d\u0433, \u0437\u0430 \u0434\u0430 \u0437\u0430\u0442\u0432\u044a\u0440\u0434\u0438\u0442\u0435 \u043b\u043e\u044f\u043b\u043d\u043e\u0441\u0442\u0442\u0430 \u043d\u0430 \u043a\u043b\u0438\u0435\u043d\u0442\u0438\u0442\u0435 \u0438 \u0434\u0430 \u0434\u0435\u043c\u043e\u043d\u0441\u0442\u0440\u0438\u0440\u0430\u0442\u0435 \u0441\u0432\u043e\u044f \u043e\u043f\u0438\u0442 \u0432 \u043e\u0431\u043b\u0430\u0441\u0442\u0442\u0430 \u043d\u0430 \u0433\u0440\u0430\u0434\u0438\u043d\u0430\u0440\u0441\u0442\u0432\u043e\u0442\u043e.<\/p>\n<p>[\/vc_column_text][\/vc_column][\/vc_row][vc_row disable_element=&#8220;yes&#8220; el_class=&#8220;pfe-flexibel-abstand&#8220;][vc_column][vc_empty_space height=&#8220;50px&#8220;][\/vc_column][\/vc_row][vc_row disable_element=&#8220;yes&#8220;][vc_column width=&#8220;1\/2&#8243;][vc_custom_heading text=&#8220;Add impulse at point-of-sale&#8220; use_theme_fonts=&#8220;yes&#8220; el_class=&#8220;pfe-small&#8220;][vc_column_text]Capture the attention of your customers and encourage impulse purchasing right at the point-of-sale in store or online. We offer a wide range of materials from posters, banners, and care cards through to digital resources like social media posts and website headers. It\u2019s available to order, print, share, and display in store.[\/vc_column_text][vc_column_text]<a href=\"\/pos-material\">Discover POS material &gt;&gt;<\/a>[\/vc_column_text][\/vc_column][vc_column width=&#8220;1\/2&#8243;][vc_single_image image=&#8220;5122&#8243; img_size=&#8220;full&#8220;][\/vc_column][\/vc_row][vc_row el_class=&#8220;pfe-flexibel-abstand&#8220;][vc_column][vc_empty_space height=&#8220;50px&#8220;][\/vc_column][\/vc_row][vc_row][vc_column width=&#8220;1\/2&#8243;][vc_single_image image=&#8220;5176&#8243; img_size=&#8220;full&#8220;][\/vc_column][vc_column width=&#8220;1\/2&#8243;][vc_custom_heading text=&#8220;\u0412\u0438\u0434\u0435\u043e\u043a\u043b\u0438\u043f\u043e\u0432\u0435 \u0441 \u043f\u043e\u0430\u043d\u0441\u0435\u0442\u0438\u0438 \u0437\u0430 \u0432\u0430\u0448\u0438\u0442\u0435 \u043a\u043b\u0438\u0435\u043d\u0442\u0438&#8220; use_theme_fonts=&#8220;yes&#8220; el_class=&#8220;pfe-small2&#8243;][vc_column_text]\u0412 \u043d\u0430\u0448\u0438\u044f YouTube \u043a\u0430\u043d\u0430\u043b \u0449\u0435 \u043d\u0430\u043c\u0435\u0440\u0438\u0442\u0435 \u0432\u0438\u0434\u0435\u043e\u043a\u043b\u0438\u043f\u043e\u0432\u0435 \u0437\u0430 \u043f\u043e\u0438\u043d\u0441\u0435\u0442\u0438\u044f\u0442\u0430, \u0432 \u043a\u043e\u0438\u0442\u043e \u0441\u0430 \u043f\u0440\u0435\u0434\u0441\u0442\u0430\u0432\u0435\u043d\u0438 \u0441\u044a\u0432\u0435\u0442\u0438 \u0437\u0430 \u0433\u0440\u0438\u0436\u0438, \u0438\u0434\u0435\u0438 \u0437\u0430 \u0434\u0435\u043a\u043e\u0440\u0430\u0446\u0438\u044f \u0438 \u043f\u0440\u043e\u0435\u043a\u0442\u0438 &#8222;\u041d\u0430\u043f\u0440\u0430\u0432\u0438 \u0441\u0438 \u0441\u0430\u043c&#8220;. \u041c\u043e\u0436\u0435\u0442\u0435 \u0434\u0430 \u0433\u0438 \u0438\u0437\u043f\u043e\u043b\u0437\u0432\u0430\u0442\u0435 \u0437\u0430 \u043f\u0440\u0438\u0432\u043b\u0438\u0447\u0430\u043d\u0435 \u043d\u0430 \u043a\u043b\u0438\u0435\u043d\u0442\u0438 \u0438 \u043f\u043e\u0432\u0438\u0448\u0430\u0432\u0430\u043d\u0435 \u043d\u0430 \u043e\u043d\u043b\u0430\u0439\u043d \u0430\u043d\u0433\u0430\u0436\u0438\u0440\u0430\u043d\u043e\u0441\u0442\u0442\u0430, \u043a\u0430\u0442\u043e \u0433\u0438 \u0441\u043f\u043e\u0434\u0435\u043b\u044f\u0442\u0435 \u0432 \u0441\u043e\u0431\u0441\u0442\u0432\u0435\u043d\u0438\u0442\u0435 \u0441\u0438 \u0441\u043e\u0446\u0438\u0430\u043b\u043d\u0438 \u043a\u0430\u043d\u0430\u043b\u0438 \u0438 \u0434\u043e\u0440\u0438 \u0433\u0438 \u0432\u0433\u0440\u0430\u0436\u0434\u0430\u0442\u0435 \u0432 \u0443\u0435\u0431\u0441\u0430\u0439\u0442\u0430 \u0441\u0438 \u0438\u043b\u0438 \u0433\u0438 \u043f\u043e\u043a\u0430\u0437\u0432\u0430\u0442\u0435 \u0432 \u043c\u0430\u0433\u0430\u0437\u0438\u043d\u0430 &#8211; \u0441\u044a\u0437\u0434\u0430\u0432\u0430\u0439\u043a\u0438 \u0438\u043c\u043f\u0443\u043b\u0441 \u0437\u0430 \u043f\u043e\u043a\u0443\u043f\u043a\u0430.[\/vc_column_text][vc_column_text]<a href=\"https:\/\/www.youtube.com\/MyPoinsettia\">\u0412\u0438\u0436\u0442\u0435 \u0432\u0438\u0434\u0435\u0430\u0442\u0430 &gt;&gt;<\/a>[\/vc_column_text][\/vc_column][\/vc_row][vc_row el_class=&#8220;pfe-flexibel-abstand&#8220;][vc_column][vc_empty_space height=&#8220;50px&#8220;][\/vc_column][\/vc_row][vc_row][vc_column width=&#8220;1\/2&#8243;][vc_custom_heading text=&#8220;\u041d\u043e\u0432\u0438 \u0442\u044a\u0440\u0433\u043e\u0432\u0441\u043a\u0438 \u043f\u0440\u0435\u0441\u0441\u044a\u043e\u0431\u0449\u0435\u043d\u0438\u044f&#8220; use_theme_fonts=&#8220;yes&#8220; el_class=&#8220;pfe-small2&#8243;][vc_column_text]\u0418\u0437\u043f\u0440\u0430\u0449\u0430\u043c\u0435 \u0440\u0435\u0434\u043e\u0432\u043d\u0438 \u043f\u0440\u0435\u0441\u0441\u044a\u043e\u0431\u0449\u0435\u043d\u0438\u044f \u0434\u043e \u0441\u043f\u0435\u0446\u0438\u0430\u043b\u0438\u0437\u0438\u0440\u0430\u043d\u0438\u0442\u0435 \u043c\u0435\u0434\u0438\u0438, \u0432 \u043a\u043e\u0438\u0442\u043e \u0441\u043f\u043e\u0434\u0435\u043b\u044f\u043c\u0435 \u043d\u043e\u0432\u0438\u043d\u0438 \u0438 \u043e\u0444\u0435\u0440\u0442\u0438 \u0437\u0430 \u043a\u0430\u043c\u043f\u0430\u043d\u0438\u0438, \u043a\u0430\u043a\u0442\u043e \u0438 \u0441\u044a\u0432\u0435\u0442\u0438 \u043e\u0442 \u0431\u0440\u0430\u043d\u0448\u0430 \u0432 \u043e\u0431\u043b\u0430\u0441\u0442\u0442\u0430 \u043d\u0430 \u043c\u0430\u0440\u043a\u0435\u0442\u0438\u043d\u0433\u0430, \u043f\u0440\u043e\u0434\u0430\u0436\u0431\u0438\u0442\u0435 \u0438 \u0433\u0440\u0438\u0436\u0430\u0442\u0430 \u0437\u0430 \u043f\u043e\u0438\u043d\u0441\u0435\u0442\u0438\u0438\u0442\u0435. \u0412\u0438\u0436\u0442\u0435 \u043d\u0430\u0448\u0438\u0442\u0435 \u0441\u044a\u043e\u0431\u0449\u0435\u043d\u0438\u044f \u0437\u0430 \u043f\u0440\u0435\u0441\u0430\u0442\u0430 \u0442\u0443\u043a.[\/vc_column_text][vc_column_text]<a href=\"\/bg\/\u043a\u043e\u043d\u0442\u0430\u043a\u0442\/\">\u0421\u0432\u044a\u0440\u0436\u0435\u0442\u0435 \u0441\u0435 \u0441 \u043d\u0430\u0441 &gt;&gt;<\/a><\/p>\n<p><a href=\"\/bg\/\u0442\u044a\u0440\u0433\u043e\u0432\u0441\u043a\u0438-\u043d\u043e\u0432\u0438\u043d\u0438\/\">\u0422\u044a\u0440\u0433\u043e\u0432\u0441\u043a\u0438 \u043f\u0440\u0435\u0441\u0441\u044a\u043e\u0431\u0449\u0435\u043d\u0438\u044f &gt;&gt;<\/a>[\/vc_column_text][\/vc_column][vc_column width=&#8220;1\/2&#8243;][vc_single_image image=&#8220;5182&#8243; img_size=&#8220;full&#8220;][\/vc_column][\/vc_row][vc_row el_class=&#8220;pfe-flexibel-abstand&#8220;][vc_column][vc_empty_space height=&#8220;50px&#8220;][\/vc_column][\/vc_row][vc_row][vc_column width=&#8220;1\/2&#8243;][vc_single_image image=&#8220;5179&#8243; img_size=&#8220;full&#8220;][\/vc_column][vc_column width=&#8220;1\/2&#8243;][vc_custom_heading text=&#8220;\u0411\u0435\u0437\u043f\u043b\u0430\u0442\u043d\u0438 \u0441\u043d\u0438\u043c\u043a\u0438 \u0437\u0430 \u0432\u0430\u0448\u0438\u044f \u043c\u0430\u0440\u043a\u0435\u0442\u0438\u043d\u0433&#8220; use_theme_fonts=&#8220;yes&#8220; el_class=&#8220;pfe-small2&#8243;][vc_column_text]\u0412\u0441\u044f\u043a\u0430 \u0433\u043e\u0434\u0438\u043d\u0430 \u0438\u0437\u0433\u043e\u0442\u0432\u044f\u043c\u0435 \u0448\u0438\u0440\u043e\u043a\u0430 \u0433\u0430\u043c\u0430 \u043e\u0442 \u0432\u0438\u0441\u043e\u043a\u043e\u043a\u0430\u0447\u0435\u0441\u0442\u0432\u0435\u043d\u0438 \u0444\u043e\u0442\u043e\u0433\u0440\u0430\u0444\u0438\u0438, \u0432 \u043a\u043e\u0438\u0442\u043e \u043f\u043e\u0438\u043d\u0441\u0435\u0442\u0438\u0438\u0442\u0435 \u0441\u0430 \u043f\u0440\u0435\u0434\u0441\u0442\u0430\u0432\u0435\u043d\u0438 \u0441 \u0442\u0435\u043d\u0434\u0435\u043d\u0446\u0438\u0438\u0442\u0435 \u0432 \u043a\u043e\u043b\u0435\u0434\u043d\u0430\u0442\u0430 \u0434\u0435\u043a\u043e\u0440\u0430\u0446\u0438\u044f, \u043f\u0440\u043e\u0435\u043a\u0442\u0438 &#8222;\u041d\u0430\u043f\u0440\u0430\u0432\u0438 \u0441\u0438 \u0441\u0430\u043c&#8220;, \u0438\u0434\u0435\u0438 \u0437\u0430 \u043f\u043e\u0434\u0430\u0440\u044a\u0446\u0438, \u0434\u0435\u043a\u043e\u0440\u0430\u0446\u0438\u0438 \u0437\u0430 \u043c\u0430\u0441\u0430, \u0431\u043b\u0438\u0437\u043a\u0438 \u043f\u043b\u0430\u043d\u043e\u0432\u0435 \u043d\u0430 \u0440\u0430\u0441\u0442\u0435\u043d\u0438\u044f\u0442\u0430 \u0438 \u043c\u043d\u043e\u0433\u043e \u0434\u0440\u0443\u0433\u0438. \u041d\u0430\u0448\u0438\u0442\u0435 \u0438\u0437\u043e\u0431\u0440\u0430\u0436\u0435\u043d\u0438\u044f \u0441\u0430 \u0431\u0435\u0437\u043f\u043b\u0430\u0442\u043d\u0438 \u0438 \u043c\u043e\u0436\u0435\u0442\u0435 \u0434\u0430 \u0433\u0438 \u0438\u0437\u043f\u043e\u043b\u0437\u0432\u0430\u0442\u0435 \u0437\u0430 \u043f\u043e\u043f\u0443\u043b\u044f\u0440\u0438\u0437\u0438\u0440\u0430\u043d\u0435 \u043d\u0430 \u0441\u043e\u0431\u0441\u0442\u0432\u0435\u043d\u0438\u0442\u0435 \u0441\u0438 \u043f\u0440\u043e\u0434\u0430\u0436\u0431\u0438. \u0421\u043f\u043e\u0434\u0435\u043b\u044f\u0439\u0442\u0435 \u0433\u0438 \u0432 \u0441\u043e\u0446\u0438\u0430\u043b\u043d\u0438\u0442\u0435 \u0441\u0438 \u043a\u0430\u043d\u0430\u043b\u0438 \u0438 \u0443\u0435\u0431\u0441\u0430\u0439\u0442\u043e\u0432\u0435, \u0438\u0437\u043f\u043e\u043b\u0437\u0432\u0430\u0439\u0442\u0435 \u0433\u0438 \u0437\u0430 PR \u0438 \u043c\u0435\u0434\u0438\u0439\u043d\u0438 \u043a\u043e\u043c\u0443\u043d\u0438\u043a\u0430\u0446\u0438\u0438 \u0438\u043b\u0438 \u0441\u044a\u0437\u0434\u0430\u0439\u0442\u0435 \u0441\u043e\u0431\u0441\u0442\u0432\u0435\u043d\u0438 \u043c\u0430\u0442\u0435\u0440\u0438\u0430\u043b\u0438 \u0437\u0430 \u0442\u044a\u0440\u0433\u043e\u0432\u0441\u043a\u0438 \u043e\u0431\u0435\u043a\u0442\u0438 \u043a\u0430\u0442\u043e \u043f\u043b\u0430\u043a\u0430\u0442\u0438 \u0438 \u043b\u0438\u0441\u0442\u043e\u0432\u043a\u0438. \u041e\u0442\u043a\u0440\u0438\u0439\u0442\u0435 \u043d\u0430\u0448\u0430\u0442\u0430 \u0431\u043e\u0433\u0430\u0442\u0430 \u0433\u0430\u043b\u0435\u0440\u0438\u044f \u0441 \u0438\u0437\u043e\u0431\u0440\u0430\u0436\u0435\u043d\u0438\u044f, \u0432\u043a\u043b\u044e\u0447\u0432\u0430\u0449\u0430 \u0441\u0442\u043e\u0442\u0438\u0446\u0438 \u0441\u043d\u0438\u043c\u043a\u0438 \u0432 \u043d\u0430\u0439-\u0440\u0430\u0437\u043b\u0438\u0447\u043d\u0438 \u0441\u0442\u0438\u043b\u043e\u0432\u0435,\u043a\u043e\u0438\u0442\u043e \u043f\u0440\u0435\u0434\u043b\u0430\u0433\u0430\u0442 \u043f\u043e \u043d\u0435\u0449\u043e \u0437\u0430 \u0432\u0441\u0435\u043a\u0438 \u0432\u043a\u0443\u0441.[\/vc_column_text][vc_column_text css=&#8220;&#8220;]<a href=\"https:\/\/pelargonium-poinsettia.canto.global\/v\/sfeEN\/allfiles?viewIndex=2\" target=\"_blank\" rel=\"noopener\">\u0412\u0438\u0436\u0442\u0435 \u0433\u0430\u043b\u0435\u0440\u0438\u044f\u0442\u0430 \u0441\u044a\u0441 \u0441\u043d\u0438\u043c\u043a\u0438 &gt;&gt;<\/a>[\/vc_column_text][\/vc_column][\/vc_row][vc_row disable_element=&#8220;yes&#8220; el_class=&#8220;pfe-flexibel-abstand&#8220;][vc_column][vc_empty_space height=&#8220;50px&#8220;][\/vc_column][\/vc_row][vc_row disable_element=&#8220;yes&#8220;][vc_column width=&#8220;1\/2&#8243;][vc_custom_heading text=&#8220;Qualit\u00e4ts- und Pflegematerialien&#8220; use_theme_fonts=&#8220;yes&#8220; el_class=&#8220;pfe-small2&#8243;][vc_column_text]Unsere kostenlosen Pflege-Grafiken und -poster sind eine gute M\u00f6glichkeit, Ihr Personal \u00fcber den richtigen Umgang mit Weihnachtssternen im Lagerhaus, beim Transport und im Gesch\u00e4ft zu informieren, damit die Pflanzen l\u00e4nger in Top-Form bleiben. H\u00e4ngen Sie z. B. das Warnposter in Ihrem Lagerraum auf, um Ihre Mitarbeiter immer wieder aufs Neue daran zu erinnern, dass Weihnachtssterne niemals Zugluft ausgesetzt sein sollten.<\/p>\n<p><a href=\"https:\/\/christmas-star.info\/pos-material\/\">Qualit\u00e4ts und Pflegematerialen &gt;&gt;<\/a>[\/vc_column_text][\/vc_column][vc_column width=&#8220;1\/2&#8243;][vc_single_image image=&#8220;5161&#8243; img_size=&#8220;full&#8220;][\/vc_column][\/vc_row][vc_row el_class=&#8220;pfe-flexibel-abstand&#8220;][vc_column][vc_empty_space height=&#8220;50px&#8220;][\/vc_column][\/vc_row][vc_row][vc_column width=&#8220;1\/2&#8243;][vc_custom_heading text=&#8220;\u0412\u0434\u044a\u0445\u043d\u043e\u0432\u0435\u043d\u0438\u0435 \u0437\u0430 \u043c\u0430\u0440\u043a\u0435\u0442\u0438\u043d\u0433\u0430&#8220; use_theme_fonts=&#8220;yes&#8220; el_class=&#8220;pfe-small2&#8243;][vc_column_text]\u0410\u043a\u043e \u0447\u0435\u0441\u0442\u043e \u0442\u044a\u0440\u0441\u0438\u0442\u0435 \u0441\u0432\u0435\u0436\u0438 \u0438\u0434\u0435\u0438 \u0437\u0430 \u043c\u0430\u0440\u043a\u0435\u0442\u0438\u043d\u0433 \u043d\u0430 \u0431\u0438\u0437\u043d\u0435\u0441\u0430 \u0441\u0438 &#8211; \u043d\u0435\u0437\u0430\u0432\u0438\u0441\u0438\u043c\u043e \u0434\u0430\u043b\u0438 \u0441\u0442\u0430\u0432\u0430 \u0432\u044a\u043f\u0440\u043e\u0441 \u0437\u0430 \u0441\u044a\u0434\u044a\u0440\u0436\u0430\u043d\u0438\u0435 \u0432 \u0441\u043e\u0446\u0438\u0430\u043b\u043d\u0438\u0442\u0435 \u043c\u0435\u0434\u0438\u0438, \u0431\u043b\u043e\u0433\u043e\u0432\u0435, \u0441\u043e\u0431\u0441\u0442\u0432\u0435\u043d PR \u0438 \u0434\u0440\u0443\u0433\u0438, \u043d\u0438\u0435 \u0441\u043c\u0435 \u0442\u0443\u043a, \u0437\u0430 \u0434\u0430 \u0432\u0438 \u043f\u043e\u043c\u043e\u0433\u043d\u0435\u043c. \u041f\u0440\u043e\u0432\u0435\u0436\u0434\u0430\u043c\u0435 \u043c\u0430\u0449\u0430\u0431\u043d\u0430 \u043a\u0430\u043c\u043f\u0430\u043d\u0438\u044f \u0437\u0430 \u043d\u0430\u0441\u044a\u0440\u0447\u0430\u0432\u0430\u043d\u0435 \u043d\u0430 \u043f\u043e\u0442\u0440\u0435\u0431\u0438\u0442\u0435\u043b\u0438\u0442\u0435, \u0440\u044a\u043a\u043e\u0432\u043e\u0434\u0435\u043d\u0430 \u043e\u0442 PR \u0435\u043a\u0441\u043f\u0435\u0440\u0442\u0438 \u0432 \u0446\u044f\u043b\u0430 \u0415\u0432\u0440\u043e\u043f\u0430, \u0442\u0430\u043a\u0430 \u0447\u0435 \u0437\u0430\u0449\u043e \u0434\u0430 \u043d\u0435 \u0438\u0437\u043f\u043e\u043b\u0437\u0432\u0430\u0442\u0435 \u043d\u0430\u0448\u0435\u0442\u043e \u0441\u044a\u0434\u044a\u0440\u0436\u0430\u043d\u0438\u0435 \u043a\u0430\u0442\u043e \u043e\u0442\u043f\u0440\u0430\u0432\u043d\u0430 \u0442\u043e\u0447\u043a\u0430 \u0437\u0430 \u0432\u0430\u0448\u0435\u0442\u043e \u0441\u043e\u0431\u0441\u0442\u0432\u0435\u043d\u043e? \u0420\u0430\u0437\u0433\u043b\u0435\u0434\u0430\u0439\u0442\u0435 \u043d\u0430\u0448\u0438\u0442\u0435 \u0431\u043b\u043e\u0433\u043e\u0432\u0435 \u0438 \u043f\u0440\u0435\u0441\u0441\u044a\u043e\u0431\u0449\u0435\u043d\u0438\u044f \u0437\u0430 \u043f\u043e\u0442\u0440\u0435\u0431\u0438\u0442\u0435\u043b\u0438\u0442\u0435, \u0433\u0430\u043b\u0435\u0440\u0438\u044f\u0442\u0430 \u0441 \u0438\u0437\u043e\u0431\u0440\u0430\u0436\u0435\u043d\u0438\u044f \u0438 \u043f\u043e\u0441\u0435\u0442\u0435\u0442\u0435 \u043d\u0430\u0448\u0438\u0442\u0435 \u0441\u0442\u0440\u0430\u043d\u0438\u0446\u0438 \u0432 Instagram, Pinterest \u0438 Facebook. \u041c\u043e\u0436\u0435\u0442\u0435 \u0434\u0430 \u043a\u043e\u043f\u0438\u0440\u0430\u0442\u0435, \u0430\u0434\u0430\u043f\u0442\u0438\u0440\u0430\u0442\u0435 \u0438 \u0434\u0430 \u0441\u0435 \u043d\u0430\u0441\u043b\u0430\u0436\u0434\u0430\u0432\u0430\u0442\u0435 \u043d\u0430 \u043d\u0430\u0448\u0435\u0442\u043e \u0441\u044a\u0434\u044a\u0440\u0436\u0430\u043d\u0438\u0435![\/vc_column_text][vc_column_text]<a href=\"https:\/\/christmas-star.info\/\">\u041f\u043e\u0441\u0435\u0442\u0435\u0442\u0435 \u0440\u0430\u0437\u0434\u0435\u043b\u0430 \u0437\u0430 \u043f\u043e\u0442\u0440\u0435\u0431\u0438\u0442\u0435\u043b\u0438 &gt;&gt;<\/a>[\/vc_column_text][\/vc_column][vc_column width=&#8220;1\/2&#8243;][vc_single_image image=&#8220;5183&#8243; img_size=&#8220;full&#8220;][\/vc_column][\/vc_row][vc_row el_class=&#8220;pfe-flexibel-abstand&#8220;][vc_column][vc_empty_space height=&#8220;50px&#8220;][\/vc_column][\/vc_row][vc_row][vc_column width=&#8220;1\/2&#8243;][vc_single_image image=&#8220;5121&#8243; img_size=&#8220;full&#8220;][\/vc_column][vc_column width=&#8220;1\/2&#8243;][vc_custom_heading text=&#8220;\u0421\u0432\u044a\u0440\u0436\u0435\u0442\u0435 \u0441\u0435 \u0441 \u043d\u0430\u0441, \u0437\u0430 \u0434\u0430 \u043d\u0430\u0443\u0447\u0438\u0442\u0435 \u043f\u043e\u0432\u0435\u0447\u0435&#8220; use_theme_fonts=&#8220;yes&#8220; el_class=&#8220;pfe-small2&#8243;][vc_column_text]\u041f\u0440\u043e\u0434\u0430\u0432\u0430\u0442\u0435 \u043f\u043e\u0438\u043d\u0441\u0435\u0442\u0438\u044f \u0432 \u0433\u0440\u0430\u0434\u0438\u043d\u0441\u043a\u0438 \u0446\u0435\u043d\u0442\u044a\u0440, \u043c\u0430\u0433\u0430\u0437\u0438\u043d \u0437\u0430 \u0446\u0432\u0435\u0442\u044f \u0438\u043b\u0438 \u0434\u0440\u0443\u0433 \u0432\u0438\u0434 \u043e\u0431\u0435\u043a\u0442 \u0437\u0430 \u0442\u044a\u0440\u0433\u043e\u0432\u0438\u044f \u043d\u0430 \u0434\u0440\u0435\u0431\u043d\u043e? \u041d\u0438\u0435 \u043c\u043e\u0436\u0435\u043c \u0434\u0430 \u0432\u0438 \u043f\u043e\u043c\u043e\u0433\u043d\u0435\u043c. \u0421\u0432\u044a\u0440\u0436\u0435\u0442\u0435 \u0441\u0435 \u0441 \u043d\u0430\u0441. \u041e\u0447\u0430\u043a\u0432\u0430\u043c\u0435 \u0432\u0438![\/vc_column_text][vc_column_text]<a href=\"http:\/\/bg\/\u043a\u043e\u043d\u0442\u0430\u043a\u0442\/\">\u041a\u043e\u043d\u0442\u0430\u043a\u0442&gt;&gt;<\/a>[\/vc_column_text][\/vc_column][\/vc_row]<\/p><\/div><div class=\"acf-fields-container\" data-post-id=\"653\" data-canto-acf=\"true\"><\/div><style>\r\n        .acf-fields-container {\r\n            margin: 2em 0;\r\n            width: 100%;\r\n            clear: both;\r\n        }\r\n        .acf-field-image {\r\n            margin: 1.5em 0;\r\n            position: relative;\r\n        }\r\n        .acf-field-label {\r\n            margin-bottom: 1em;\r\n        }\r\n        .acf-image {\r\n            max-width: 100%;\r\n            height: auto;\r\n            display: block;\r\n            margin: 1em 0;\r\n        }\r\n    <\/style>","protected":false},"excerpt":{"rendered":"<p>[vc_row][vc_column][vc_custom_heading text=&#8220;\u041f\u0440\u043e\u0434\u0430\u0432\u0430\u0442\u0435 \u043f\u043e\u0438\u043d\u0441\u0435\u0442\u0438\u044f? \u041d\u0438\u0435 \u043c\u043e\u0436\u0435\u043c \u0434\u0430 \u0432\u0438 \u043f\u043e\u043c\u043e\u0433\u043d\u0435\u043c \u0434\u0430 \u0443\u0432\u0435\u043b\u0438\u0447\u0438\u0442\u0435 \u043f\u0440\u043e\u0434\u0430\u0436\u0431\u0438\u0442\u0435 \u0441\u0438&#8220; font_container=&#8220;tag:h2|text_align:center&#8220; use_theme_fonts=&#8220;yes&#8220; el_class=&#8220;pfe-small2&#8243; el_id=&#8220;\u043f\u0440\u043e\u0434\u0430\u0436\u0431\u0430&#8220;][vc_column_text] \u041f\u0440\u0435\u0434\u043b\u0430\u0433\u0430\u043c\u0435 \u0435\u043a\u0441\u043f\u0435\u0440\u0442\u043d\u0438 \u0441\u044a\u0432\u0435\u0442\u0438 \u0437\u0430 \u043f\u0440\u043e\u0434\u0430\u0436\u0431\u0438 \u0438 \u043c\u0430\u0440\u043a\u0435\u0442\u0438\u043d\u0433, \u043a\u0430\u043a\u0442\u043e \u0438 \u043c\u0430\u0442\u0435\u0440\u0438\u0430\u043b\u0438 \u0437\u0430 \u0442\u044a\u0440\u0433\u043e\u0432\u0441\u043a\u0438\u0442\u0435 \u043e\u0431\u0435\u043a\u0442\u0438, \u0431\u0435\u0437\u043f\u043b\u0430\u0442\u043d\u0438 \u043f\u0440\u043e\u0444\u0435\u0441\u0438\u043e\u043d\u0430\u043b\u043d\u0438 \u0444\u043e\u0442\u043e\u0433\u0440\u0430\u0444\u0438\u0438, \u043f\u0438\u0441\u043c\u0435\u043d\u043e \u0441\u044a\u0434\u044a\u0440\u0436\u0430\u043d\u0438\u0435 \u0438 \u0432\u0438\u0434\u0435\u043e\u043a\u043b\u0438\u043f\u043e\u0432\u0435 &#8211; \u0432\u0441\u0438\u0447\u043a\u043e \u0442\u043e\u0432\u0430, \u0437\u0430 \u0434\u0430 \u0443\u0432\u0435\u043b\u0438\u0447\u0438\u043c \u043f\u0440\u043e\u0434\u0430\u0436\u0431\u0438\u0442\u0435 \u0432\u0438. \u041d\u0435 \u0441\u0435 \u043f\u0440\u0438\u0442\u0435\u0441\u043d\u044f\u0432\u0430\u0439\u0442\u0435 \u0434\u0430 \u0438\u0437\u043f\u043e\u043b\u0437\u0432\u0430\u0442\u0435 \u043d\u0430\u0448\u0435\u0442\u043e \u0441\u044a\u0434\u044a\u0440\u0436\u0430\u043d\u0438\u0435 \u0437\u0430 \u0441\u043e\u0431\u0441\u0442\u0432\u0435\u043d\u0438\u044f \u0441\u0438 \u043c\u0430\u0440\u043a\u0435\u0442\u0438\u043d\u0433, [&hellip;]<\/p>\n","protected":false},"author":1,"featured_media":4377,"parent":0,"menu_order":0,"comment_status":"closed","ping_status":"closed","template":"template-parts\/pfe-trade.php","meta":{"_acf_changed":false,"footnotes":""},"class_list":["post-653","page","type-page","status-publish","has-post-thumbnail","hentry"],"acf":[],"_links":{"self":[{"href":"https:\/\/sfe-trade.com\/bg\/wp-json\/wp\/v2\/pages\/653","targetHints":{"allow":["GET"]}}],"collection":[{"href":"https:\/\/sfe-trade.com\/bg\/wp-json\/wp\/v2\/pages"}],"about":[{"href":"https:\/\/sfe-trade.com\/bg\/wp-json\/wp\/v2\/types\/page"}],"author":[{"embeddable":true,"href":"https:\/\/sfe-trade.com\/bg\/wp-json\/wp\/v2\/users\/1"}],"replies":[{"embeddable":true,"href":"https:\/\/sfe-trade.com\/bg\/wp-json\/wp\/v2\/comments?post=653"}],"version-history":[{"count":122,"href":"https:\/\/sfe-trade.com\/bg\/wp-json\/wp\/v2\/pages\/653\/revisions"}],"predecessor-version":[{"id":7337,"href":"https:\/\/sfe-trade.com\/bg\/wp-json\/wp\/v2\/pages\/653\/revisions\/7337"}],"wp:featuredmedia":[{"embeddable":true,"href":"https:\/\/sfe-trade.com\/bg\/wp-json\/wp\/v2\/media\/4377"}],"wp:attachment":[{"href":"https:\/\/sfe-trade.com\/bg\/wp-json\/wp\/v2\/media?parent=653"}],"curies":[{"name":"wp","href":"https:\/\/api.w.org\/{rel}","templated":true}]}}